{"id":44281,"date":"2023-07-17T18:47:58","date_gmt":"2023-07-17T16:47:58","guid":{"rendered":"https:\/\/cyclingceramic.com\/bottom-brackets\/"},"modified":"2025-11-20T15:09:08","modified_gmt":"2025-11-20T14:09:08","slug":"cajas-de-pedalier","status":"publish","type":"page","link":"https:\/\/cyclingceramic.com\/es\/bottom-brackets\/","title":{"rendered":"Caja pedalier"},"content":{"rendered":"<div data-elementor-type=\"wp-page\" data-elementor-id=\"44281\" class=\"elementor elementor-44281\" data-elementor-post-type=\"page\">\n\t\t\t\t<div class=\"elementor-element elementor-element-0e1f8cf e-flex e-con-boxed e-con e-parent\" data-id=\"0e1f8cf\" data-element_type=\"container\" data-e-type=\"container\">\n\t\t\t\t\t<div class=\"e-con-inner\">\n\t\t<div class=\"elementor-element elementor-element-99633c8 e-con-full e-flex e-con e-child\" data-id=\"99633c8\" data-element_type=\"container\" data-e-type=\"container\" data-settings=\"{&quot;background_background&quot;:&quot;classic&quot;}\">\n\t\t\t\t<\/div>\n\t\t\t\t<div class=\"elementor-element elementor-element-b49ffd9 elementor-widget elementor-widget-spacer\" data-id=\"b49ffd9\" data-element_type=\"widget\" data-e-type=\"widget\" data-widget_type=\"spacer.default\">\n\t\t\t\t\t\t\t<div class=\"elementor-spacer\">\n\t\t\t<div class=\"elementor-spacer-inner\"><\/div>\n\t\t<\/div>\n\t\t\t\t\t\t<\/div>\n\t\t\t\t<div class=\"elementor-element elementor-element-1792ba4 elementor-widget elementor-widget-heading\" data-id=\"1792ba4\" data-element_type=\"widget\" data-e-type=\"widget\" data-widget_type=\"heading.default\">\n\t\t\t\t\t<h2 class=\"elementor-heading-title elementor-size-default\">Cajas de pedalier CyclingCeramic: la clave de tu rendimiento<\/h2>\t\t\t\t<\/div>\n\t\t\t\t\t<\/div>\n\t\t\t\t<\/div>\n\t\t<div class=\"elementor-element elementor-element-064df3f e-flex e-con-boxed e-con e-parent\" data-id=\"064df3f\" data-element_type=\"container\" data-e-type=\"container\">\n\t\t\t\t\t<div class=\"e-con-inner\">\n\t\t\t\t<div class=\"elementor-element elementor-element-62a6cff elementor-widget elementor-widget-spacer\" data-id=\"62a6cff\" data-element_type=\"widget\" data-e-type=\"widget\" data-widget_type=\"spacer.default\">\n\t\t\t\t\t\t\t<div class=\"elementor-spacer\">\n\t\t\t<div class=\"elementor-spacer-inner\"><\/div>\n\t\t<\/div>\n\t\t\t\t\t\t<\/div>\n\t\t\t\t<div class=\"elementor-element elementor-element-9aa737c elementor-widget elementor-widget-text-editor\" data-id=\"9aa737c\" data-element_type=\"widget\" data-e-type=\"widget\" data-widget_type=\"text-editor.default\">\n\t\t\t\t\t\t\t\t\t<p>Las cajas de pedalier suelen pasar desapercibidas, pero desempe\u00f1an un papel crucial en el rendimiento de tu bicicleta. En CyclingCeramic entendemos la importancia de este componente, y por eso hemos desarrollado cajas de pedalier de alta calidad que responden a las exigencias de los ciclistas m\u00e1s demandantes.<\/p>\t\t\t\t\t\t\t\t<\/div>\n\t\t\t\t\t<\/div>\n\t\t\t\t<\/div>\n\t\t<div class=\"elementor-element elementor-element-9039454 e-flex e-con-boxed e-con e-parent\" data-id=\"9039454\" data-element_type=\"container\" data-e-type=\"container\">\n\t\t\t\t\t<div class=\"e-con-inner\">\n\t\t\t\t<div class=\"elementor-element elementor-element-c39c98f elementor-widget elementor-widget-heading\" data-id=\"c39c98f\" data-element_type=\"widget\" data-e-type=\"widget\" data-widget_type=\"heading.default\">\n\t\t\t\t\t<h3 class=\"elementor-heading-title elementor-size-default\">\u00bfPor qu\u00e9 elegir las cajas de pedalier CyclingCeramic?<\/h3>\t\t\t\t<\/div>\n\t\t\t\t\t<\/div>\n\t\t\t\t<\/div>\n\t\t<div class=\"elementor-element elementor-element-7579dab e-flex e-con-boxed e-con e-parent\" data-id=\"7579dab\" data-element_type=\"container\" data-e-type=\"container\">\n\t\t\t\t\t<div class=\"e-con-inner\">\n\t\t\t\t<div class=\"elementor-element elementor-element-2c77039 elementor-widget elementor-widget-text-editor\" data-id=\"2c77039\" data-element_type=\"widget\" data-e-type=\"widget\" data-widget_type=\"text-editor.default\">\n\t\t\t\t\t\t\t\t\t<ul><li><p><strong>Rendimiento superior:<\/strong>Nuestros pedaliers est\u00e1n dise\u00f1ados para ofrecer un rendimiento inigualable gracias a nuestros avanzados rodamientos cer\u00e1micos. Estos rodamientos reducen significativamente la fricci\u00f3n, lo que se traduce en una transmisi\u00f3n de potencia m\u00e1s eficiente y un rendimiento mejorado.<\/p><\/li><li><p><strong>Resistencia y durabilidad<\/strong>: Las cajas de pedalier CyclingCeramic est\u00e1n hechas para durar. Fabricadas con materiales de alta calidad, resisten las exigencias del uso diario y se mantienen fiables incluso en condiciones dif\u00edciles.<\/p><\/li><li><p><strong>Fricci\u00f3n reducida<\/strong>La fricci\u00f3n es el enemigo del rendimiento. Nuestros pedaliers est\u00e1n dise\u00f1ados con precisi\u00f3n para minimizarla, permiti\u00e9ndote pedalear con mayor eficiencia y ganar velocidad. Hemos sometido nuestros pedaliers a pruebas rigurosas, incluido el test de Friction Facts, que mide la fricci\u00f3n de los rodamientos en condiciones reales de uso. Los resultados hablan por s\u00ed solos: nuestros rodamientos cer\u00e1micos se sit\u00faan entre los mejores del mundo en cuanto a reducci\u00f3n de fricci\u00f3n.<\/p><\/li><\/ul>\t\t\t\t\t\t\t\t<\/div>\n\t\t\t\t\t<\/div>\n\t\t\t\t<\/div>\n\t\t<div class=\"elementor-element elementor-element-a65578f e-flex e-con-boxed e-con e-parent\" data-id=\"a65578f\" data-element_type=\"container\" data-e-type=\"container\">\n\t\t\t\t\t<div class=\"e-con-inner\">\n\t\t\t\t<div class=\"elementor-element elementor-element-ccf8e8d elementor-widget elementor-widget-spacer\" data-id=\"ccf8e8d\" data-element_type=\"widget\" data-e-type=\"widget\" data-widget_type=\"spacer.default\">\n\t\t\t\t\t\t\t<div class=\"elementor-spacer\">\n\t\t\t<div class=\"elementor-spacer-inner\"><\/div>\n\t\t<\/div>\n\t\t\t\t\t\t<\/div>\n\t\t\t\t<div class=\"elementor-element elementor-element-9525cb6 elementor-position-left elementor-vertical-align-top elementor-widget elementor-widget-image-box\" data-id=\"9525cb6\" data-element_type=\"widget\" data-e-type=\"widget\" data-widget_type=\"image-box.default\">\n\t\t\t\t\t<div class=\"elementor-image-box-wrapper\"><figure class=\"elementor-image-box-img\"><img decoding=\"async\" width=\"426\" height=\"292\" src=\"https:\/\/cyclingceramic.com\/wp-content\/uploads\/2023\/09\/Capture-decran-2023-09-18-a-14.18.53.png\" class=\"attachment-full size-full wp-image-46510\" alt=\"\" srcset=\"https:\/\/cyclingceramic.com\/wp-content\/uploads\/2023\/09\/Capture-decran-2023-09-18-a-14.18.53.png 426w, https:\/\/cyclingceramic.com\/wp-content\/uploads\/2023\/09\/Capture-decran-2023-09-18-a-14.18.53-18x12.png 18w, https:\/\/cyclingceramic.com\/wp-content\/uploads\/2023\/09\/Capture-decran-2023-09-18-a-14.18.53-300x206.png 300w\" sizes=\"(max-width: 426px) 100vw, 426px\" \/><\/figure><div class=\"elementor-image-box-content\"><h3 class=\"elementor-image-box-title\">Pruebas de fricci\u00f3n<\/h3><p class=\"elementor-image-box-description\">Nuestros pedaliers CyclingCeramic est\u00e1n dise\u00f1ados para ofrecer un rendimiento inigualable. \u00bfC\u00f3mo lo logramos? Gracias a nuestros avanzados rodamientos cer\u00e1micos, que reducen significativamente la fricci\u00f3n. Estos rodamientos han sido sometidos a pruebas rigurosas, incluido el test de fricci\u00f3n FACTS (Friction Facts), para garantizar su calidad excepcional.<\/br><\/br>\n\nEl test de fricci\u00f3n FACTS es una de las pruebas m\u00e1s completas y exigentes de la industria del ciclismo. Mide la fricci\u00f3n de los rodamientos de pedalier en condiciones reales de uso, simulando la potencia que aplicas al pedalear. Los resultados hablan por s\u00ed solos: nuestros rodamientos cer\u00e1micos se sit\u00faan entre los mejores del mundo en t\u00e9rminos de reducci\u00f3n de fricci\u00f3n. <\/br><\/br>\n\nCuando cada pedalada cuenta, nuestra tecnolog\u00eda de vanguardia te ofrece la ventaja que necesitas. Puedes confiar en CyclingCeramic para proporcionarte productos de la m\u00e1s alta calidad, respaldados por rigurosas pruebas de rendimiento.<\/p><\/div><\/div>\t\t\t\t<\/div>\n\t\t\t\t<div class=\"elementor-element elementor-element-e099ea3 elementor-widget elementor-widget-spacer\" data-id=\"e099ea3\" data-element_type=\"widget\" data-e-type=\"widget\" data-widget_type=\"spacer.default\">\n\t\t\t\t\t\t\t<div class=\"elementor-spacer\">\n\t\t\t<div class=\"elementor-spacer-inner\"><\/div>\n\t\t<\/div>\n\t\t\t\t\t\t<\/div>\n\t\t\t\t\t<\/div>\n\t\t\t\t<\/div>\n\t\t<div class=\"elementor-element elementor-element-2138c8b e-flex e-con-boxed e-con e-parent\" data-id=\"2138c8b\" data-element_type=\"container\" data-e-type=\"container\">\n\t\t\t\t\t<div class=\"e-con-inner\">\n\t\t\t\t<div class=\"elementor-element elementor-element-c10355e elementor-widget elementor-widget-heading\" data-id=\"c10355e\" data-element_type=\"widget\" data-e-type=\"widget\" data-widget_type=\"heading.default\">\n\t\t\t\t\t<h3 class=\"elementor-heading-title elementor-size-default\">Nuestra gama de cajas de pedalier<\/h3>\t\t\t\t<\/div>\n\t\t\t\t\t<\/div>\n\t\t\t\t<\/div>\n\t\t<div class=\"elementor-element elementor-element-4d71d70 e-flex e-con-boxed e-con e-parent\" data-id=\"4d71d70\" data-element_type=\"container\" data-e-type=\"container\">\n\t\t\t\t\t<div class=\"e-con-inner\">\n\t\t\t\t<div class=\"elementor-element elementor-element-0e40a14 elementor-widget elementor-widget-text-editor\" data-id=\"0e40a14\" data-element_type=\"widget\" data-e-type=\"widget\" data-widget_type=\"text-editor.default\">\n\t\t\t\t\t\t\t\t\t<p>En CyclingCeramic entendemos que cada ciclista tiene necesidades \u00fanicas. Por eso ofrecemos varias gamas de cajas de pedalier para responder a tus requisitos espec\u00edficos:<\/p><ul><li><p><strong>Carretera<\/strong>Si eres amante del ciclismo de carretera, nuestras cajas de pedalier para carretera est\u00e1n dise\u00f1adas para ofrecer un rendimiento \u00f3ptimo, tanto si compites como si sales a rodar por placer.<\/p><\/li><li><p><strong>Triatl\u00f3n<\/strong>: Los triatletas tienen necesidades espec\u00edficas, y nuestras cajas de pedalier para triatl\u00f3n est\u00e1n dise\u00f1adas para darte ventaja en las pruebas contrarreloj.<\/p><\/li><li><p><strong>BTT<\/strong>Los apasionados del MTB encontrar\u00e1n cajas de pedalier adaptadas a sus necesidades, dise\u00f1adas para soportar terrenos dif\u00edciles y condiciones extremas.<\/p><\/li><\/ul>\t\t\t\t\t\t\t\t<\/div>\n\t\t\t\t\t<\/div>\n\t\t\t\t<\/div>\n\t\t<div class=\"elementor-element elementor-element-ac02953 e-flex e-con-boxed e-con e-parent\" data-id=\"ac02953\" data-element_type=\"container\" data-e-type=\"container\">\n\t\t\t\t\t<div class=\"e-con-inner\">\n\t\t\t\t<div class=\"elementor-element elementor-element-ab7b961 elementor-widget elementor-widget-spacer\" data-id=\"ab7b961\" data-element_type=\"widget\" data-e-type=\"widget\" data-widget_type=\"spacer.default\">\n\t\t\t\t\t\t\t<div class=\"elementor-spacer\">\n\t\t\t<div class=\"elementor-spacer-inner\"><\/div>\n\t\t<\/div>\n\t\t\t\t\t\t<\/div>\n\t\t\t\t<div class=\"elementor-element elementor-element-f224710 elementor-widget elementor-widget-heading\" data-id=\"f224710\" data-element_type=\"widget\" data-e-type=\"widget\" data-widget_type=\"heading.default\">\n\t\t\t\t\t<h3 class=\"elementor-heading-title elementor-size-default\">Conf\u00eda en CyclingCeramic para tu caja de pedalier<\/h3>\t\t\t\t<\/div>\n\t\t\t\t\t<\/div>\n\t\t\t\t<\/div>\n\t\t<div class=\"elementor-element elementor-element-5d50a94 e-flex e-con-boxed e-con e-parent\" data-id=\"5d50a94\" data-element_type=\"container\" data-e-type=\"container\">\n\t\t\t\t\t<div class=\"e-con-inner\">\n\t\t\t\t<div class=\"elementor-element elementor-element-8408e76 elementor-widget elementor-widget-text-editor\" data-id=\"8408e76\" data-element_type=\"widget\" data-e-type=\"widget\" data-widget_type=\"text-editor.default\">\n\t\t\t\t\t\t\t\t\t<p>Sea cual sea tu disciplina, puedes confiar en CyclingCeramic para ofrecerte cajas de pedalier de la m\u00e1s alta calidad. Nuestro compromiso con el rendimiento, la durabilidad y la reducci\u00f3n de fricci\u00f3n nos convierte en la elecci\u00f3n ideal para los ciclistas m\u00e1s exigentes.<\/p><p>Descubre c\u00f3mo nuestras cajas de pedalier pueden mejorar tu experiencia sobre la bicicleta visitando nuestro sitio web o contact\u00e1ndonos para recibir asesoramiento experto.<\/p>\t\t\t\t\t\t\t\t<\/div>\n\t\t\t\t\t<\/div>\n\t\t\t\t<\/div>\n\t\t<div class=\"elementor-element elementor-element-a2119f4 e-flex e-con-boxed e-con e-parent\" data-id=\"a2119f4\" data-element_type=\"container\" data-e-type=\"container\">\n\t\t\t\t\t<div class=\"e-con-inner\">\n\t\t\t\t<div class=\"elementor-element elementor-element-032499b elementor-widget elementor-widget-image\" data-id=\"032499b\" data-element_type=\"widget\" data-e-type=\"widget\" data-widget_type=\"image.default\">\n\t\t\t\t\t\t\t\t\t\t\t\t\t\t\t<img decoding=\"async\" width=\"2048\" height=\"1152\" src=\"https:\/\/cyclingceramic.com\/wp-content\/uploads\/2023\/08\/1_2.20.2-scaled.jpg\" class=\"attachment-full size-full wp-image-45843\" alt=\"\" srcset=\"https:\/\/cyclingceramic.com\/wp-content\/uploads\/2023\/08\/1_2.20.2-scaled.jpg 2048w, https:\/\/cyclingceramic.com\/wp-content\/uploads\/2023\/08\/1_2.20.2-scaled-600x338.jpg 600w, https:\/\/cyclingceramic.com\/wp-content\/uploads\/2023\/08\/1_2.20.2-scaled-18x10.jpg 18w, https:\/\/cyclingceramic.com\/wp-content\/uploads\/2023\/08\/1_2.20.2-300x169.jpg 300w, https:\/\/cyclingceramic.com\/wp-content\/uploads\/2023\/08\/1_2.20.2-768x432.jpg 768w, https:\/\/cyclingceramic.com\/wp-content\/uploads\/2023\/08\/1_2.20.2-1024x576.jpg 1024w, https:\/\/cyclingceramic.com\/wp-content\/uploads\/2023\/08\/1_2.20.2-1536x864.jpg 1536w\" sizes=\"(max-width: 2048px) 100vw, 2048px\" \/>\t\t\t\t\t\t\t\t\t\t\t\t\t\t\t<\/div>\n\t\t\t\t\t<\/div>\n\t\t\t\t<\/div>\n\t\t\t\t<\/div>","protected":false},"excerpt":{"rendered":"<p>CyclingCeramic Bottom Brackets: The Key to Your Performance Bottom brackets are often overlooked, but they play a crucial role in [&hellip;]<\/p>\n","protected":false},"author":407,"featured_media":0,"parent":0,"menu_order":0,"comment_status":"closed","ping_status":"closed","template":"","meta":{"_acf_changed":false,"site-sidebar-layout":"default","site-content-layout":"","ast-site-content-layout":"default","site-content-style":"default","site-sidebar-style":"default","ast-global-header-display":"","ast-banner-title-visibility":"","ast-main-header-display":"","ast-hfb-above-header-display":"","ast-hfb-below-header-display":"","ast-hfb-mobile-header-display":"","site-post-title":"","ast-breadcrumbs-content":"","ast-featured-img":"","footer-sml-layout":"","ast-disable-related-posts":"","theme-transparent-header-meta":"","adv-header-id-meta":"","stick-header-meta":"","header-above-stick-meta":"","header-main-stick-meta":"","header-below-stick-meta":"","astra-migrate-meta-layouts":"default","ast-page-background-enabled":"default","ast-page-background-meta":{"desktop":{"background-color":"var(--ast-global-color-4)","background-image":"","background-repeat":"repeat","background-position":"center center","background-size":"auto","background-attachment":"scroll","background-type":"","background-media":"","overlay-type":"","overlay-color":"","overlay-opacity":"","overlay-gradient":""},"tablet":{"background-color":"","background-image":"","background-repeat":"repeat","background-position":"center center","background-size":"auto","background-attachment":"scroll","background-type":"","background-media":"","overlay-type":"","overlay-color":"","overlay-opacity":"","overlay-gradient":""},"mobile":{"background-color":"","background-image":"","background-repeat":"repeat","background-position":"center center","background-size":"auto","background-attachment":"scroll","background-type":"","background-media":"","overlay-type":"","overlay-color":"","overlay-opacity":"","overlay-gradient":""}},"ast-content-background-meta":{"desktop":{"background-color":"var(--ast-global-color-5)","background-image":"","background-repeat":"repeat","background-position":"center center","background-size":"auto","background-attachment":"scroll","background-type":"","background-media":"","overlay-type":"","overlay-color":"","overlay-opacity":"","overlay-gradient":""},"tablet":{"background-color":"var(--ast-global-color-5)","background-image":"","background-repeat":"repeat","background-position":"center center","background-size":"auto","background-attachment":"scroll","background-type":"","background-media":"","overlay-type":"","overlay-color":"","overlay-opacity":"","overlay-gradient":""},"mobile":{"background-color":"var(--ast-global-color-5)","background-image":"","background-repeat":"repeat","background-position":"center center","background-size":"auto","background-attachment":"scroll","background-type":"","background-media":"","overlay-type":"","overlay-color":"","overlay-opacity":"","overlay-gradient":""}},"footnotes":""},"class_list":["post-44281","page","type-page","status-publish","hentry"],"acf":[],"_links":{"self":[{"href":"https:\/\/cyclingceramic.com\/es\/wp-json\/wp\/v2\/pages\/44281","targetHints":{"allow":["GET"]}}],"collection":[{"href":"https:\/\/cyclingceramic.com\/es\/wp-json\/wp\/v2\/pages"}],"about":[{"href":"https:\/\/cyclingceramic.com\/es\/wp-json\/wp\/v2\/types\/page"}],"author":[{"embeddable":true,"href":"https:\/\/cyclingceramic.com\/es\/wp-json\/wp\/v2\/users\/407"}],"replies":[{"embeddable":true,"href":"https:\/\/cyclingceramic.com\/es\/wp-json\/wp\/v2\/comments?post=44281"}],"version-history":[{"count":0,"href":"https:\/\/cyclingceramic.com\/es\/wp-json\/wp\/v2\/pages\/44281\/revisions"}],"wp:attachment":[{"href":"https:\/\/cyclingceramic.com\/es\/wp-json\/wp\/v2\/media?parent=44281"}],"curies":[{"name":"wp","href":"https:\/\/api.w.org\/{rel}","templated":true}]}}