{"id":48787,"date":"2024-02-23T17:40:27","date_gmt":"2024-02-23T16:40:27","guid":{"rendered":"https:\/\/cyclingceramic.com\/?page_id=48787"},"modified":"2024-02-25T22:29:17","modified_gmt":"2024-02-25T21:29:17","slug":"como-instalar-tu-cera","status":"publish","type":"page","link":"https:\/\/cyclingceramic.com\/es\/support\/how-to-install-your-wax\/","title":{"rendered":"C\u00f3mo Instalar Tu WAX"},"content":{"rendered":"<div data-elementor-type=\"wp-page\" data-elementor-id=\"48787\" class=\"elementor elementor-48787\" data-elementor-post-type=\"page\">\n\t\t\t\t<div class=\"elementor-element elementor-element-36119a52 e-flex e-con-boxed e-con e-parent\" data-id=\"36119a52\" data-element_type=\"container\" data-e-type=\"container\" data-settings=\"{&quot;background_background&quot;:&quot;classic&quot;}\">\n\t\t\t\t\t<div class=\"e-con-inner\">\n\t\t\t\t<div class=\"elementor-element elementor-element-7ffb0b37 elementor-widget elementor-widget-heading\" data-id=\"7ffb0b37\" data-element_type=\"widget\" data-e-type=\"widget\" data-widget_type=\"heading.default\">\n\t\t\t\t\t<h1 class=\"elementor-heading-title elementor-size-default\">C\u00f3mo usar el WAX de CyclingCeramic<\/h1>\t\t\t\t<\/div>\n\t\t\t\t<div class=\"elementor-element elementor-element-8f3f22d elementor-widget elementor-widget-woocommerce-breadcrumb\" data-id=\"8f3f22d\" data-element_type=\"widget\" data-e-type=\"widget\" data-widget_type=\"woocommerce-breadcrumb.default\">\n\t\t\t\t\t<nav class=\"woocommerce-breadcrumb\" aria-label=\"Breadcrumb\" data-no-translation=\"\" data-trp-gettext=\"\">Inicio<\/nav>\t\t\t\t<\/div>\n\t\t\t\t\t<\/div>\n\t\t\t\t<\/div>\n\t\t<div class=\"elementor-element elementor-element-38fcc33b e-flex e-con-boxed e-con e-parent\" data-id=\"38fcc33b\" data-element_type=\"container\" data-e-type=\"container\">\n\t\t\t\t\t<div class=\"e-con-inner\">\n\t\t\t\t<div class=\"elementor-element elementor-element-77d028f1 elementor-widget elementor-widget-heading\" data-id=\"77d028f1\" data-element_type=\"widget\" data-e-type=\"widget\" data-widget_type=\"heading.default\">\n\t\t\t\t\t<h2 class=\"elementor-heading-title elementor-size-default\">Dominando el Mantenimiento de Bicicletas: Una gu\u00eda para usar cera CyclingCeramic para un rendimiento \u00f3ptimo de la cadena<\/h2>\t\t\t\t<\/div>\n\t\t\t\t<div class=\"elementor-element elementor-element-7303f16a elementor-widget elementor-widget-text-editor\" data-id=\"7303f16a\" data-element_type=\"widget\" data-e-type=\"widget\" data-widget_type=\"text-editor.default\">\n\t\t\t\t\t\t\t\t\t<p>Mantener la cadena de tu bicicleta es esencial para asegurar un pedaleo suave y prolongar la vida \u00fatil de tu bicicleta. Entre los diversos m\u00e9todos de mantenimiento, el uso de cera para lubricar la cadena est\u00e1 ganando popularidad por sus numerosos beneficios. A diferencia de los lubricantes tradicionales a base de aceite, la cera proporciona una soluci\u00f3n limpia y duradera que repele la suciedad y el polvo, al tiempo que reduce el desgaste y la fricci\u00f3n. En esta gu\u00eda, exploraremos los pasos para aplicar cera a la cadena de la bicicleta, sus ventajas sobre los lubricantes convencionales y consejos para mantener tu cadena en perfecto estado de funcionamiento. \u00a1Prep\u00e1rate para descubrir una nueva forma eficaz de mantener tu bicicleta con cera!<\/p>\t\t\t\t\t\t\t\t<\/div>\n\t\t\t\t\t<\/div>\n\t\t\t\t<\/div>\n\t\t<div class=\"elementor-element elementor-element-ec4501b e-flex e-con-boxed e-con e-parent\" data-id=\"ec4501b\" data-element_type=\"container\" data-e-type=\"container\">\n\t\t\t\t\t<div class=\"e-con-inner\">\n\t\t\t\t<div class=\"elementor-element elementor-element-b6e14eb e-n-tabs-mobile elementor-widget elementor-widget-n-tabs\" data-id=\"b6e14eb\" data-element_type=\"widget\" data-e-type=\"widget\" data-widget_type=\"nested-tabs.default\">\n\t\t\t\t\t\t\t<div class=\"e-n-tabs\" data-widget-number=\"191763691\" aria-label=\"Onglets. Ouvrez des \u00e9l\u00e9ments avec Entrer ou Espace, fermez-les avec Echape et naviguez \u00e0 l&#039;aide des touches fl\u00e9ch\u00e9es.\" data-no-translation-aria-label=\"\">\n\t\t\t<div class=\"e-n-tabs-heading\" role=\"tablist\">\n\t\t\t\t\t<button id=\"e-n-tab-title-1917636911\" data-tab-title-id=\"e-n-tab-title-1917636911\" class=\"e-n-tab-title\" aria-selected=\"true\" data-tab-index=\"1\" role=\"tab\" tabindex=\"0\" aria-controls=\"e-n-tab-content-1917636911\" style=\"--n-tabs-title-order: 1;\">\n\t\t\t\t\t\t<span class=\"e-n-tab-title-text\">\n\t\t\t\tC\u00f3mo funciona el kit de cera de inicio CyclingCeramic\t\t\t<\/span>\n\t\t<\/button>\n\t\t\t\t<button id=\"e-n-tab-title-1917636912\" data-tab-title-id=\"e-n-tab-title-1917636912\" class=\"e-n-tab-title\" aria-selected=\"false\" data-tab-index=\"2\" role=\"tab\" tabindex=\"-1\" aria-controls=\"e-n-tab-content-1917636912\" style=\"--n-tabs-title-order: 2;\">\n\t\t\t\t\t\t<span class=\"e-n-tab-title-text\">\n\t\t\t\tC\u00f3mo volver a encerar \t\t\t<\/span>\n\t\t<\/button>\n\t\t\t\t\t<\/div>\n\t\t\t<div class=\"e-n-tabs-content\">\n\t\t\t\t<div id=\"e-n-tab-content-1917636911\" role=\"tabpanel\" aria-labelledby=\"e-n-tab-title-1917636911\" data-tab-index=\"1\" style=\"--n-tabs-title-order: 1;\" class=\"e-active elementor-element elementor-element-62f29ac1 e-con-full e-flex e-con e-child\" data-id=\"62f29ac1\" data-element_type=\"container\" data-e-type=\"container\">\n\t\t\t\t<div class=\"elementor-element elementor-element-6d0b7272 elementor-widget elementor-widget-text-editor\" data-id=\"6d0b7272\" data-element_type=\"widget\" data-e-type=\"widget\" data-widget_type=\"text-editor.default\">\n\t\t\t\t\t\t\t\t\t<p><strong>Preparaci\u00f3n de cadena:<\/strong><\/p><ul><li>Comience quitando la cadena de la bicicleta o usando una cadena completamente nueva.<\/li><li>Limpia la cadena a fondo con un disolvente como aguarr\u00e1s o desengrasante mineral. Sumerge la cadena completamente en el disolvente durante 20-60 minutos usando la bolsa de polietileno que se proporciona con la cera (aseg\u00farate de usar guantes).<\/li><li>Agita la bolsa con la cadena durante 2 minutos antes de quitarla y dejar que se seque completamente durante 10-12 horas. Opcionalmente, enjuaga la cadena con alcohol% al 98 % para eliminar cualquier residuo restante.<\/li><li>La limpieza con solventes solo es necesaria para la limpieza inicial con el fin de eliminar aceites.<\/li><\/ul><p><strong>Proceso de solicitud:<\/strong><\/p><p class=\"translation-block\"><br>1. Si la cadena se ensucia, l\u00edmpiela vertiendo agua caliente sobre ella y dej\u00e1ndola secar. Este m\u00e9todo evita la contaminaci\u00f3n de la cera en la crockpot, prolongando su utilidad.<br>2. Derrita la cera CyclingCeramic en una crockpot (olla de cocci\u00f3n lenta) a fuego medio hasta que la cera est\u00e9 completamente derretida. La cera se derrite a unos 70\u00b0C (160\u00b0F), pero cali\u00e9ntela a unos 90\u00b0C (194\u00b0F).<br>3. Sumerja completamente la cadena en la cera derretida y espere a que la cera acumulada en la cadena se derrita de nuevo (m\u00ednimo 10-15 minutos - \u00a1IMPORTANTE!). Utilice un cable met\u00e1lico para enhebrar ambos extremos de la cadena para facilitar la inmersi\u00f3n.<br>4. Agite suavemente la cadena en la cera l\u00edquida (utilizando el cable met\u00e1lico) durante unos 3-5 minutos para asegurarse de que la cera penetra en los pasadores. Doble los eslabones para facilitar la penetraci\u00f3n de la cera.<br>5. Retire la cadena, cu\u00e9lguela y limpie suavemente el exceso de cera del lateral de los eslabones de la cadena. Deje que se enfr\u00ede durante aproximadamente 40 minutos.<br>6. Una vez enfriada a temperatura ambiente, sujete la cadena con una mano y p\u00e1sela entre los dedos de la otra para asegurar su suavidad (como se muestra en nuestro v\u00eddeo).<\/p><p><strong>Soluci\u00f3n de problemas<\/strong><\/p><ul><li>Si la cadena chirr\u00eda despu\u00e9s de unas horas de rodaje en seco, indica una falta de cera debido a un encerado inadecuado. Aseg\u00farese de que la temperatura de la cera es la correcta y espere al menos 10-15 minutos despu\u00e9s de sumergir la cadena antes de sacudirla.<\/li><li>Si la cera se desprende durante las sesiones de rodillo, sugiere que la cadena no se limpi\u00f3 correctamente despu\u00e9s de colgarla para que se secara. Aseg\u00farate de que la temperatura de encerado sea la correcta y limpia el exterior de la cadena con una toalla de papel antes de enfriarla.<\/li><\/ul><p><strong>Advertencia:<\/strong><\/p><ul><li>Siempre use ropa protectora apropiada, guantes y gafas de seguridad cuando trabaje con cera caliente.<\/li><li>Nunca dejes una olla de cocci\u00f3n lenta funcionando sin supervisi\u00f3n. Despu\u00e9s de usarla, apaga la olla de cocci\u00f3n lenta y aseg\u00farate de que la cera derretida no sea accesible para ni\u00f1os o personas no autorizadas.<\/li><li>Utilice \u00fanicamente una olla de cocci\u00f3n lenta (slow cooker) para derretir la cera; nunca utilice un horno, microondas o cocina.<\/li><li>No exceda una temperatura de 100 \u00b0C (212 \u00b0F) y evite exponer la cera a llamas descubiertas. Mantenga la cera alejada de los ni\u00f1os y \u00fasela en un espacio bien ventilado.<\/li><\/ul>\t\t\t\t\t\t\t\t<\/div>\n\t\t\t\t<div class=\"elementor-element elementor-element-687532d6 elementor-widget elementor-widget-video\" data-id=\"687532d6\" data-element_type=\"widget\" data-e-type=\"widget\" data-settings=\"{&quot;youtube_url&quot;:&quot;https:\\\/\\\/youtu.be\\\/WDyBMRfkzf4&quot;,&quot;video_type&quot;:&quot;youtube&quot;,&quot;controls&quot;:&quot;yes&quot;}\" data-widget_type=\"video.default\">\n\t\t\t\t\t\t\t<div class=\"elementor-wrapper elementor-open-inline\">\n\t\t\t<div class=\"elementor-video\"><\/div>\t\t<\/div>\n\t\t\t\t\t\t<\/div>\n\t\t\t\t<\/div>\n\t\t<div id=\"e-n-tab-content-1917636912\" role=\"tabpanel\" aria-labelledby=\"e-n-tab-title-1917636912\" data-tab-index=\"2\" style=\"--n-tabs-title-order: 2;\" class=\"elementor-element elementor-element-228435ce e-con-full e-flex e-con e-child\" data-id=\"228435ce\" data-element_type=\"container\" data-e-type=\"container\">\n\t\t\t\t<div class=\"elementor-element elementor-element-21be8cf5 elementor-widget elementor-widget-text-editor\" data-id=\"21be8cf5\" data-element_type=\"widget\" data-e-type=\"widget\" data-widget_type=\"text-editor.default\">\n\t\t\t\t\t\t\t\t\t<p class=\"cvGsUA direction-ltr align-center para-style-body\"><span class=\"OYPEnA text-decoration-none text-strikethrough-none\">El recubrimiento de cera CyclingCeramic durar\u00e1 en la cadena aproximadamente 600 km (370 mi) en condiciones de carretera secas. La longevidad del recubrimiento se reducir\u00e1 en condiciones polvorientas\/todoterreno. <\/span><span class=\"OYPEnA text-decoration-none text-strikethrough-none\">Cuando la cadena empiece a sonar seca, es hora de volver a lubricar.<\/span><span class=\"OYPEnA text-decoration-none text-strikethrough-none\">. <\/span><strong><span class=\"OYPEnA text-decoration-none text-strikethrough-none\">Al circular con lluvia\/condiciones h\u00famedas, la cadena debe ser recalentada despu\u00e9s de cada trayecto.<\/span><\/strong><span class=\"OYPEnA text-decoration-none text-strikethrough-none\"> Esto es inherente a todas las ceras de fusi\u00f3n en caliente, sin importar la marca, y no se puede evitar.<\/span><\/p>\t\t\t\t\t\t\t\t<\/div>\n\t\t\t\t<div class=\"elementor-element elementor-element-6e57f3c0 elementor-widget elementor-widget-video\" data-id=\"6e57f3c0\" data-element_type=\"widget\" data-e-type=\"widget\" data-settings=\"{&quot;youtube_url&quot;:&quot;https:\\\/\\\/youtu.be\\\/PvqxuHbnoSE&quot;,&quot;video_type&quot;:&quot;youtube&quot;,&quot;controls&quot;:&quot;yes&quot;}\" data-widget_type=\"video.default\">\n\t\t\t\t\t\t\t<div class=\"elementor-wrapper elementor-open-inline\">\n\t\t\t<div class=\"elementor-video\"><\/div>\t\t<\/div>\n\t\t\t\t\t\t<\/div>\n\t\t\t\t<\/div>\n\t\t\t\t\t<\/div>\n\t\t<\/div>\n\t\t\t\t\t\t<\/div>\n\t\t\t\t\t<\/div>\n\t\t\t\t<\/div>\n\t\t\t\t<\/div>","protected":false},"excerpt":{"rendered":"<p>How to use the CyclingCeramic WAX Mastering Bike Maintenance : A guide to Using CyclingCeramic Wax for Optimal Chain Performance [&hellip;]<\/p>\n","protected":false},"author":76,"featured_media":48611,"parent":44230,"menu_order":0,"comment_status":"closed","ping_status":"closed","template":"","meta":{"_acf_changed":false,"site-sidebar-layout":"default","site-content-layout":"","ast-site-content-layout":"default","site-content-style":"default","site-sidebar-style":"default","ast-global-header-display":"","ast-banner-title-visibility":"","ast-main-header-display":"","ast-hfb-above-header-display":"","ast-hfb-below-header-display":"","ast-hfb-mobile-header-display":"","site-post-title":"","ast-breadcrumbs-content":"","ast-featured-img":"","footer-sml-layout":"","ast-disable-related-posts":"","theme-transparent-header-meta":"","adv-header-id-meta":"","stick-header-meta":"","header-above-stick-meta":"","header-main-stick-meta":"","header-below-stick-meta":"","astra-migrate-meta-layouts":"default","ast-page-background-enabled":"default","ast-page-background-meta":{"desktop":{"background-color":"var(--ast-global-color-4)","background-image":"","background-repeat":"repeat","background-position":"center center","background-size":"auto","background-attachment":"scroll","background-type":"","background-media":"","overlay-type":"","overlay-color":"","overlay-opacity":"","overlay-gradient":""},"tablet":{"background-color":"","background-image":"","background-repeat":"repeat","background-position":"center center","background-size":"auto","background-attachment":"scroll","background-type":"","background-media":"","overlay-type":"","overlay-color":"","overlay-opacity":"","overlay-gradient":""},"mobile":{"background-color":"","background-image":"","background-repeat":"repeat","background-position":"center center","background-size":"auto","background-attachment":"scroll","background-type":"","background-media":"","overlay-type":"","overlay-color":"","overlay-opacity":"","overlay-gradient":""}},"ast-content-background-meta":{"desktop":{"background-color":"var(--ast-global-color-5)","background-image":"","background-repeat":"repeat","background-position":"center center","background-size":"auto","background-attachment":"scroll","background-type":"","background-media":"","overlay-type":"","overlay-color":"","overlay-opacity":"","overlay-gradient":""},"tablet":{"background-color":"var(--ast-global-color-5)","background-image":"","background-repeat":"repeat","background-position":"center center","background-size":"auto","background-attachment":"scroll","background-type":"","background-media":"","overlay-type":"","overlay-color":"","overlay-opacity":"","overlay-gradient":""},"mobile":{"background-color":"var(--ast-global-color-5)","background-image":"","background-repeat":"repeat","background-position":"center center","background-size":"auto","background-attachment":"scroll","background-type":"","background-media":"","overlay-type":"","overlay-color":"","overlay-opacity":"","overlay-gradient":""}},"footnotes":""},"class_list":["post-48787","page","type-page","status-publish","has-post-thumbnail","hentry"],"acf":[],"_links":{"self":[{"href":"https:\/\/cyclingceramic.com\/es\/wp-json\/wp\/v2\/pages\/48787","targetHints":{"allow":["GET"]}}],"collection":[{"href":"https:\/\/cyclingceramic.com\/es\/wp-json\/wp\/v2\/pages"}],"about":[{"href":"https:\/\/cyclingceramic.com\/es\/wp-json\/wp\/v2\/types\/page"}],"author":[{"embeddable":true,"href":"https:\/\/cyclingceramic.com\/es\/wp-json\/wp\/v2\/users\/76"}],"replies":[{"embeddable":true,"href":"https:\/\/cyclingceramic.com\/es\/wp-json\/wp\/v2\/comments?post=48787"}],"version-history":[{"count":0,"href":"https:\/\/cyclingceramic.com\/es\/wp-json\/wp\/v2\/pages\/48787\/revisions"}],"up":[{"embeddable":true,"href":"https:\/\/cyclingceramic.com\/es\/wp-json\/wp\/v2\/pages\/44230"}],"wp:featuredmedia":[{"embeddable":true,"href":"https:\/\/cyclingceramic.com\/es\/wp-json\/wp\/v2\/media\/48611"}],"wp:attachment":[{"href":"https:\/\/cyclingceramic.com\/es\/wp-json\/wp\/v2\/media?parent=48787"}],"curies":[{"name":"wp","href":"https:\/\/api.w.org\/{rel}","templated":true}]}}