{"id":48951,"date":"2024-02-28T15:47:22","date_gmt":"2024-02-28T14:47:22","guid":{"rendered":"https:\/\/cyclingceramic.com\/?page_id=48951"},"modified":"2026-01-08T15:35:21","modified_gmt":"2026-01-08T14:35:21","slug":"cera-3","status":"publish","type":"page","link":"https:\/\/cyclingceramic.com\/es\/wax-3\/","title":{"rendered":"CERA"},"content":{"rendered":"<figure class=\"wp-block-image\"><img decoding=\"async\" src=\"https:\/\/cyclingceramic.com\/wp-content\/uploads\/2024\/02\/WAX-REVOLUTION.gif\" alt=\"encerra tu cadena de bicicleta con cyclingceramic\"\/><\/figure>\n\n\n\n<p><\/p>\n\n\n\n<p>El mantenimiento regular de la cadena de su bicicleta es crucial para garantizar un rendimiento \u00f3ptimo, reducir el desgaste de los componentes y prolongar su vida \u00fatil. Con esto en mente, presentamos una soluci\u00f3n innovadora: la cera. Esta alternativa moderna a los lubricantes tradicionales ofrece multitud de ventajas para mantener su transmisi\u00f3n en perfecto estado. Hemos conservado el ADN de CyclingCeramic en este nuevo producto, es decir, Made in France y a un precio asequible.<br><em><strong>H\u00e9lo\u00efse Proust \u2013 CEO de CyclingCeramic<\/strong><\/em><\/p>\n\n\n\n<p>Cera<\/p>\n\n\n\n<h2 class=\"wp-block-heading\">Ventajas<\/h2>\n\n\n\n<h3 class=\"wp-block-heading\">Resistente al agua y la suciedad<\/h3>\n\n\n\n<p>La cera crea una barrera protectora en tu cadena, repeliendo eficazmente el agua y la suciedad. As\u00ed, tu transmisi\u00f3n se mantiene limpia y funcional incluso en condiciones dif\u00edciles.<\/p>\n\n\n\n<h3 class=\"wp-block-heading\">Reducci\u00f3n de la Fricci\u00f3n<\/h3>\n\n\n\n<p>Al reducir la fricci\u00f3n entre los eslabones de la cadena y los pi\u00f1ones, la cera mejora la eficiencia de la transmisi\u00f3n de potencia y, al mismo tiempo, reduce el desgaste de los componentes.<\/p>\n\n\n\n<h3 class=\"wp-block-heading\">Limpieza de la transmisi\u00f3n<\/h3>\n\n\n\n<p>A diferencia de los lubricantes tradicionales, la cera no deja residuos pegajosos. Por lo tanto, la cadena y los componentes permanecen limpios por m\u00e1s tiempo, lo que reduce la necesidad de una limpieza frecuente.<\/p>\n\n\n\n<h3 class=\"wp-block-heading\">Ecol\u00f3gico<\/h3>\n\n\n\n<p>La cera es una opci\u00f3n ecol\u00f3gica que no contiene solventes da\u00f1inos. Puedes mantener tu bicicleta respetando el medio ambiente.<br><img decoding=\"async\" src=\"https:\/\/cyclingceramic.com\/wp-content\/uploads\/2024\/02\/bicycle.gif\" alt=\"\" width=\"600\" height=\"600\"><\/p>\n\n\n\n<h2 class=\"wp-block-heading\">Aplicaci\u00f3n<\/h2>\n\n\n\n<p>&nbsp;<\/p>\n\n\n\n<h3 class=\"wp-block-heading\">Instrucciones paso a paso<\/h3>\n\n\n\n<p>Para aplicar la cera, comience por limpiar cuidadosamente su cadena con un desengrasante. A continuaci\u00f3n, caliente suavemente la cera y apl\u00edquela de manera uniforme sobre la cadena. D\u00e9jela secar completamente antes de salir a rodar.<\/p>\n\n\n\n<p>&nbsp;<\/p>\n\n\n\n<h3 class=\"wp-block-heading\">Consejo para un mantenimiento exitoso<\/h3>\n\n\n\n<p>Para mantener su cadena en perfectas condiciones, recomendamos una aplicaci\u00f3n regular de cera, en funci\u00f3n de su kilometraje y las condiciones de conducci\u00f3n. Est\u00e9 atento a los signos de desgaste y sequedad, y vuelva a aplicar la cera seg\u00fan sea necesario.<\/p>\n\n\n\n<p><a href=\"\/fr\/support\/comment-utiliser-votre-cire-cyclingceramic\/\"><br>C\u00f3mo utilizar su cera CyclingCeramic<br><\/a><\/p>\n\n\n\n<p>\u201cEn resumen, la cera es una soluci\u00f3n innovadora y eficaz para el mantenimiento de la cadena de tu bicicleta. Con sus numerosas ventajas, te permite disfrutar de una transmisi\u00f3n de alto rendimiento, duradera y limpia. Pru\u00e9bala hoy mismo y descubre la diferencia que puede aportar a tu experiencia ciclista.\u201d<\/p>","protected":false},"excerpt":{"rendered":"<p>&#8220;L&#8217;entretien r\u00e9gulier de la cha\u00eene de votre v\u00e9lo est crucial pour garantir des performances optimales, r\u00e9duire l&#8217;usure des composants et [&hellip;]<\/p>\n","protected":false},"author":76,"featured_media":0,"parent":0,"menu_order":0,"comment_status":"closed","ping_status":"closed","template":"","meta":{"_acf_changed":false,"site-sidebar-layout":"default","site-content-layout":"","ast-site-content-layout":"default","site-content-style":"default","site-sidebar-style":"default","ast-global-header-display":"","ast-banner-title-visibility":"","ast-main-header-display":"","ast-hfb-above-header-display":"","ast-hfb-below-header-display":"","ast-hfb-mobile-header-display":"","site-post-title":"","ast-breadcrumbs-content":"","ast-featured-img":"","footer-sml-layout":"","ast-disable-related-posts":"","theme-transparent-header-meta":"","adv-header-id-meta":"","stick-header-meta":"","header-above-stick-meta":"","header-main-stick-meta":"","header-below-stick-meta":"","astra-migrate-meta-layouts":"default","ast-page-background-enabled":"default","ast-page-background-meta":{"desktop":{"background-color":"var(--ast-global-color-4)","background-image":"","background-repeat":"repeat","background-position":"center center","background-size":"auto","background-attachment":"scroll","background-type":"","background-media":"","overlay-type":"","overlay-color":"","overlay-opacity":"","overlay-gradient":""},"tablet":{"background-color":"","background-image":"","background-repeat":"repeat","background-position":"center center","background-size":"auto","background-attachment":"scroll","background-type":"","background-media":"","overlay-type":"","overlay-color":"","overlay-opacity":"","overlay-gradient":""},"mobile":{"background-color":"","background-image":"","background-repeat":"repeat","background-position":"center center","background-size":"auto","background-attachment":"scroll","background-type":"","background-media":"","overlay-type":"","overlay-color":"","overlay-opacity":"","overlay-gradient":""}},"ast-content-background-meta":{"desktop":{"background-color":"var(--ast-global-color-5)","background-image":"","background-repeat":"repeat","background-position":"center center","background-size":"auto","background-attachment":"scroll","background-type":"","background-media":"","overlay-type":"","overlay-color":"","overlay-opacity":"","overlay-gradient":""},"tablet":{"background-color":"var(--ast-global-color-5)","background-image":"","background-repeat":"repeat","background-position":"center center","background-size":"auto","background-attachment":"scroll","background-type":"","background-media":"","overlay-type":"","overlay-color":"","overlay-opacity":"","overlay-gradient":""},"mobile":{"background-color":"var(--ast-global-color-5)","background-image":"","background-repeat":"repeat","background-position":"center center","background-size":"auto","background-attachment":"scroll","background-type":"","background-media":"","overlay-type":"","overlay-color":"","overlay-opacity":"","overlay-gradient":""}},"footnotes":""},"class_list":["post-48951","page","type-page","status-publish","hentry"],"acf":[],"_links":{"self":[{"href":"https:\/\/cyclingceramic.com\/es\/wp-json\/wp\/v2\/pages\/48951","targetHints":{"allow":["GET"]}}],"collection":[{"href":"https:\/\/cyclingceramic.com\/es\/wp-json\/wp\/v2\/pages"}],"about":[{"href":"https:\/\/cyclingceramic.com\/es\/wp-json\/wp\/v2\/types\/page"}],"author":[{"embeddable":true,"href":"https:\/\/cyclingceramic.com\/es\/wp-json\/wp\/v2\/users\/76"}],"replies":[{"embeddable":true,"href":"https:\/\/cyclingceramic.com\/es\/wp-json\/wp\/v2\/comments?post=48951"}],"version-history":[{"count":0,"href":"https:\/\/cyclingceramic.com\/es\/wp-json\/wp\/v2\/pages\/48951\/revisions"}],"wp:attachment":[{"href":"https:\/\/cyclingceramic.com\/es\/wp-json\/wp\/v2\/media?parent=48951"}],"curies":[{"name":"wp","href":"https:\/\/api.w.org\/{rel}","templated":true}]}}