{"id":60438,"date":"2026-01-05T15:50:58","date_gmt":"2026-01-05T14:50:58","guid":{"rendered":"https:\/\/cyclingceramic.com\/?page_id=60438"},"modified":"2026-01-12T12:03:45","modified_gmt":"2026-01-12T11:03:45","slug":"cera-de-examen-de-laboratorio","status":"publish","type":"page","link":"https:\/\/cyclingceramic.com\/es\/lab-test-wax\/","title":{"rendered":"L\u00e1tex de prueba"},"content":{"rendered":"<div data-elementor-type=\"wp-page\" data-elementor-id=\"60438\" class=\"elementor elementor-60438\" data-elementor-post-type=\"page\">\n\t\t\t\t<div class=\"elementor-element elementor-element-639b365 e-flex e-con-boxed e-con e-parent\" data-id=\"639b365\" data-element_type=\"container\" data-e-type=\"container\" data-settings=\"{&quot;background_background&quot;:&quot;classic&quot;}\">\n\t\t\t\t\t<div class=\"e-con-inner\">\n\t\t\t\t<div class=\"elementor-element elementor-element-80d54fa elementor-widget elementor-widget-heading\" data-id=\"80d54fa\" data-element_type=\"widget\" data-e-type=\"widget\" data-widget_type=\"heading.default\">\n\t\t\t\t\t<h1 class=\"elementor-heading-title elementor-size-default\">Pruebas de laboratorio<\/h1>\t\t\t\t<\/div>\n\t\t\t\t\t<\/div>\n\t\t\t\t<\/div>\n\t\t<div class=\"elementor-element elementor-element-ee42e7c e-flex e-con-boxed e-con e-parent\" data-id=\"ee42e7c\" data-element_type=\"container\" data-e-type=\"container\">\n\t\t\t\t\t<div class=\"e-con-inner\">\n\t\t\t\t<div class=\"elementor-element elementor-element-a5c75b4 elementor-widget__width-initial elementor-widget elementor-widget-heading\" data-id=\"a5c75b4\" data-element_type=\"widget\" data-e-type=\"widget\" data-widget_type=\"heading.default\">\n\t\t\t\t\t<h2 class=\"elementor-heading-title elementor-size-default\">Validaci\u00f3n de rendimiento<\/h2>\t\t\t\t<\/div>\n\t\t\t\t<div class=\"elementor-element elementor-element-c2ed5b9 elementor-widget__width-initial elementor-widget elementor-widget-text-editor\" data-id=\"c2ed5b9\" data-element_type=\"widget\" data-e-type=\"widget\" data-widget_type=\"text-editor.default\">\n\t\t\t\t\t\t\t\t\t<p data-start=\"265\" data-end=\"597\">Para validar los est\u00e1ndares de rendimiento y durabilidad que establecimos, nuestros lubricantes a base de cera se sometieron a pruebas exhaustivas en nuestro laboratorio de pruebas interno. Tanto nuestro <strong data-start=\"422\" data-end=\"443\">Cera para Carretera (l\u00edquida)<\/strong> y <strong data-start=\"448\" data-end=\"464\">Cera caliente derretida<\/strong> fueron evaluados contra un <strong data-start=\"490\" data-end=\"542\">lubricante de cadena Shimano aplicado de f\u00e1brica est\u00e1ndar<\/strong>, proporcionando una l\u00ednea de base clara para la comparaci\u00f3n en el mundo real.<\/p><p data-start=\"599\" data-end=\"1015\">El entorno de prueba fue dise\u00f1ado para replicar la conducci\u00f3n de larga distancia en condiciones exigentes. Las cadenas se montaron en un tren de transmisi\u00f3n automatizado capaz de mantener una constante <strong data-start=\"775\" data-end=\"788\">250 vatios<\/strong> a una velocidad de <strong data-start=\"803\" data-end=\"814\">56 km\/h<\/strong>, sin fluctuaciones de potencia. Durante la prueba, una mezcla controlada de <strong data-start=\"888\" data-end=\"906\">agua y tierra<\/strong> se aplic\u00f3 de forma continua a la transmisi\u00f3n, simulando un uso prolongado en condiciones mixtas y contaminadas.<\/p><p data-start=\"1017\" data-end=\"1363\">Cada sistema de lubricaci\u00f3n fue probado durante <strong data-start=\"1057\" data-end=\"1109\">sesiones repetidas equivalentes a 300 km de recorrido<\/strong>. Al final de cada sesi\u00f3n, se med\u00eda la p\u00e9rdida de potencia para evaluar la degradaci\u00f3n del lubricante, la resistencia a la contaminaci\u00f3n y el lavado. Este enfoque de larga duraci\u00f3n nos permiti\u00f3 evaluar no solo el rendimiento inicial, sino tambi\u00e9n la consistencia y la durabilidad a lo largo del tiempo.<\/p><p data-start=\"1365\" data-end=\"1828\">Los resultados demuestran claramente las ventajas de la lubricaci\u00f3n a base de cera. Mientras que el lubricante Shimano aplicado de f\u00e1brica mostr\u00f3 un aumento progresivo en la p\u00e9rdida de potencia a medida que se acumulaba la contaminaci\u00f3n, tanto nuestra Cera de Carretera como la Cera de Fusi\u00f3n en Caliente mantuvieron un perfil de p\u00e9rdida de potencia significativamente m\u00e1s estable en sucesivas sesiones de prueba de 300 km. Esto confirma una eficiencia sostenida de la transmisi\u00f3n, una resistencia superior al agua y la suciedad, y un rendimiento duradero en distancias prolongadas.<\/p>\t\t\t\t\t\t\t\t<\/div>\n\t\t\t\t<div class=\"elementor-element elementor-element-ea0411c elementor-widget__width-initial elementor-widget elementor-widget-image\" data-id=\"ea0411c\" data-element_type=\"widget\" data-e-type=\"widget\" data-widget_type=\"image.default\">\n\t\t\t\t\t\t\t\t\t\t\t\t\t\t\t<img decoding=\"async\" width=\"900\" height=\"700\" src=\"https:\/\/cyclingceramic.com\/wp-content\/uploads\/2026\/01\/lubricant_longevity_black_700px.png\" class=\"attachment-large size-large wp-image-60357\" alt=\"\" srcset=\"https:\/\/cyclingceramic.com\/wp-content\/uploads\/2026\/01\/lubricant_longevity_black_700px.png 900w, https:\/\/cyclingceramic.com\/wp-content\/uploads\/2026\/01\/lubricant_longevity_black_700px-300x233.png 300w, https:\/\/cyclingceramic.com\/wp-content\/uploads\/2026\/01\/lubricant_longevity_black_700px-768x597.png 768w, https:\/\/cyclingceramic.com\/wp-content\/uploads\/2026\/01\/lubricant_longevity_black_700px-15x12.png 15w, https:\/\/cyclingceramic.com\/wp-content\/uploads\/2026\/01\/lubricant_longevity_black_700px-600x467.png 600w\" sizes=\"(max-width: 900px) 100vw, 900px\" \/>\t\t\t\t\t\t\t\t\t\t\t\t\t\t\t<\/div>\n\t\t\t\t\t<\/div>\n\t\t\t\t<\/div>\n\t\t<div class=\"elementor-element elementor-element-9274e65 e-flex e-con-boxed e-con e-parent\" data-id=\"9274e65\" data-element_type=\"container\" data-e-type=\"container\">\n\t\t\t\t\t<div class=\"e-con-inner\">\n\t\t\t\t<div class=\"elementor-element elementor-element-b19ef64 elementor-widget__width-initial elementor-widget elementor-widget-heading\" data-id=\"b19ef64\" data-element_type=\"widget\" data-e-type=\"widget\" data-widget_type=\"heading.default\">\n\t\t\t\t\t<h2 class=\"elementor-heading-title elementor-size-default\">Comprender la progresi\u00f3n del desgaste de la cadena<\/h2>\t\t\t\t<\/div>\n\t\t\t\t<div class=\"elementor-element elementor-element-6d570e5 elementor-widget__width-initial elementor-widget elementor-widget-text-editor\" data-id=\"6d570e5\" data-element_type=\"widget\" data-e-type=\"widget\" data-widget_type=\"text-editor.default\">\n\t\t\t\t\t\t\t\t\t<p data-start=\"609\" data-end=\"803\">Este gr\u00e1fico ilustra el <strong data-start=\"636\" data-end=\"679\">progresi\u00f3n del desgaste de la cadena a lo largo de la distancia<\/strong> para diferentes tecnolog\u00edas de lubricaci\u00f3n, basadas en una sola aplicaci\u00f3n y uso continuo en condiciones de conducci\u00f3n exigentes.<\/p><p data-start=\"805\" data-end=\"1082\">El desgaste de la cadena no evoluciona de forma lineal. A medida que la pel\u00edcula lubricante se degrada, la fricci\u00f3n y la contaminaci\u00f3n aumentan, lo que provoca un <strong data-start=\"938\" data-end=\"964\">fase de desgaste acelerado<\/strong>. La curvatura de cada l\u00ednea refleja cu\u00e1n bien un lubricante es capaz de <strong data-start=\"1034\" data-end=\"1081\">mantener una pel\u00edcula protectora estable a lo largo del tiempo<\/strong>.<\/p><hr data-start=\"1084\" data-end=\"1087\" \/><h3 data-start=\"1089\" data-end=\"1117\">Cera caliente (CyclingCeramic)<\/h3><p data-start=\"1119\" data-end=\"1332\">La lubricaci\u00f3n con cera caliente muestra el <strong data-start=\"1149\" data-end=\"1193\">progresi\u00f3n de desgaste m\u00e1s lenta y estable<\/strong>.<br data-start=\"1194\" data-end=\"1197\" \/>La cera crea una pel\u00edcula seca y s\u00f3lida que resiste la contaminaci\u00f3n y limita la entrada de part\u00edculas abrasivas en los puntos de articulaci\u00f3n de la cadena.<\/p><p data-start=\"1334\" data-end=\"1346\">Como resultado:<\/p><ul data-start=\"1347\" data-end=\"1487\"><li data-start=\"1347\" data-end=\"1374\"><p data-start=\"1349\" data-end=\"1374\">el desgaste aumenta gradualmente,<\/p><\/li><li data-start=\"1375\" data-end=\"1411\"><p data-start=\"1377\" data-end=\"1411\">la fase de aceleraci\u00f3n se retrasa,<\/p><\/li><li data-start=\"1412\" data-end=\"1487\"><p data-start=\"1414\" data-end=\"1487\">la cadena permanece por debajo del l\u00edmite de desgaste recomendado para una mayor distancia.<\/p><\/li><\/ul><p data-start=\"1489\" data-end=\"1563\">Esto convierte a los sistemas de cera caliente en el referente para la m\u00e1xima durabilidad del tren motriz.<\/p><hr data-start=\"1565\" data-end=\"1568\" \/><h3 data-start=\"1570\" data-end=\"1591\">Cera l\u00edquida (CARRETERA)<\/h3><p data-start=\"1593\" data-end=\"1711\">La cera l\u00edquida sigue un <strong data-start=\"1614\" data-end=\"1646\">trayectoria de desgaste muy similar<\/strong>, con una fase de aceleraci\u00f3n ligeramente m\u00e1s temprana en comparaci\u00f3n con la cera caliente.<\/p><p data-start=\"1713\" data-end=\"1736\">Este comportamiento refleja:<\/p><ul data-start=\"1737\" data-end=\"1892\"><li data-start=\"1737\" data-end=\"1771\"><p data-start=\"1739\" data-end=\"1771\">Buena penetraci\u00f3n en la cadena,<\/p><\/li><li data-start=\"1772\" data-end=\"1813\"><p data-start=\"1774\" data-end=\"1813\">solidificaci\u00f3n parcial de la pel\u00edcula de cera,<\/p><\/li><li data-start=\"1814\" data-end=\"1892\"><p data-start=\"1816\" data-end=\"1892\">menor resistencia a la contaminaci\u00f3n extrema en distancias muy largas.<\/p><\/li><\/ul><p data-start=\"1894\" data-end=\"2035\">En el uso pr\u00e1ctico, la cera l\u00edquida ofrece un <strong data-start=\"1932\" data-end=\"1971\">alto nivel de protecci\u00f3n de la transmisi\u00f3n<\/strong>, mientras que es m\u00e1s f\u00e1cil de aplicar y mantener que los sistemas de cera caliente.<\/p><hr data-start=\"2037\" data-end=\"2040\" \/><h3 data-start=\"2042\" data-end=\"2076\">Lubricante est\u00e1ndar (a base de aceite)<\/h3><p data-start=\"2078\" data-end=\"2160\">El lubricante est\u00e1ndar muestra un <strong data-start=\"2109\" data-end=\"2159\">curvatura r\u00e1pida y aceleraci\u00f3n temprana del desgaste<\/strong>.<\/p><p data-start=\"2162\" data-end=\"2191\">Los lubricantes a base de aceite tienden a:<\/p><ul data-start=\"2192\" data-end=\"2348\"><li data-start=\"2192\" data-end=\"2230\"><p data-start=\"2194\" data-end=\"2230\">atraen polvo y part\u00edculas abrasivas,<\/p><\/li><li data-start=\"2231\" data-end=\"2271\"><p data-start=\"2233\" data-end=\"2271\">retener la contaminaci\u00f3n dentro de la cadena,<\/p><\/li><li data-start=\"2272\" data-end=\"2348\"><p data-start=\"2274\" data-end=\"2348\">pierden sus propiedades protectoras m\u00e1s r\u00e1pidamente en condiciones del mundo real.<\/p><\/li><\/ul><p data-start=\"2350\" data-end=\"2442\">Esto lleva a un cruce temprano del l\u00edmite de desgaste recomendado y a un mayor desgaste de la transmisi\u00f3n.<\/p><hr data-start=\"2444\" data-end=\"2447\" \/><h3 data-start=\"2449\" data-end=\"2465\">Lecci\u00f3n clave<\/h3><ul data-start=\"2467\" data-end=\"2671\"><li data-start=\"2467\" data-end=\"2534\"><p data-start=\"2469\" data-end=\"2534\">Los lubricantes a base de cera significativamente <strong data-start=\"2504\" data-end=\"2534\">ralentizar el desgaste<\/strong><\/p><\/li><li data-start=\"2535\" data-end=\"2609\"><p data-start=\"2537\" data-end=\"2609\">Cera l\u00edquida proporciona <strong data-start=\"2557\" data-end=\"2585\">cerca de rendimiento con cera caliente<\/strong> con usabilidad mejorada<\/p><\/li><li data-start=\"2610\" data-end=\"2671\"><p data-start=\"2612\" data-end=\"2671\">Los lubricantes est\u00e1ndar alcanzan niveles cr\u00edticos de desgaste mucho antes<\/p><\/li><\/ul><p data-start=\"2673\" data-end=\"2814\">Esta comparaci\u00f3n pone de relieve c\u00f3mo la tecnolog\u00eda de lubricaci\u00f3n impacta directamente <strong data-start=\"2744\" data-end=\"2803\">eficiencia, durabilidad y costos de mantenimiento de la transmisi\u00f3n<\/strong> con el tiempo.<\/p>\t\t\t\t\t\t\t\t<\/div>\n\t\t\t\t<div class=\"elementor-element elementor-element-d86988d elementor-widget__width-initial elementor-widget elementor-widget-image\" data-id=\"d86988d\" data-element_type=\"widget\" data-e-type=\"widget\" data-widget_type=\"image.default\">\n\t\t\t\t\t\t\t\t\t\t\t\t\t\t\t<img decoding=\"async\" width=\"1024\" height=\"796\" src=\"https:\/\/cyclingceramic.com\/wp-content\/uploads\/2026\/01\/wear_progression_curved_black_EN-1024x796.png\" class=\"attachment-large size-large wp-image-60441\" alt=\"\" srcset=\"https:\/\/cyclingceramic.com\/wp-content\/uploads\/2026\/01\/wear_progression_curved_black_EN-1024x796.png 1024w, https:\/\/cyclingceramic.com\/wp-content\/uploads\/2026\/01\/wear_progression_curved_black_EN-300x233.png 300w, https:\/\/cyclingceramic.com\/wp-content\/uploads\/2026\/01\/wear_progression_curved_black_EN-768x597.png 768w, https:\/\/cyclingceramic.com\/wp-content\/uploads\/2026\/01\/wear_progression_curved_black_EN-1536x1195.png 1536w, https:\/\/cyclingceramic.com\/wp-content\/uploads\/2026\/01\/wear_progression_curved_black_EN-2048x1593.png 2048w, https:\/\/cyclingceramic.com\/wp-content\/uploads\/2026\/01\/wear_progression_curved_black_EN-15x12.png 15w, https:\/\/cyclingceramic.com\/wp-content\/uploads\/2026\/01\/wear_progression_curved_black_EN-600x467.png 600w\" sizes=\"(max-width: 1024px) 100vw, 1024px\" \/>\t\t\t\t\t\t\t\t\t\t\t\t\t\t\t<\/div>\n\t\t\t\t\t<\/div>\n\t\t\t\t<\/div>\n\t\t<div class=\"elementor-element elementor-element-84757ca e-flex e-con-boxed e-con e-parent\" data-id=\"84757ca\" data-element_type=\"container\" data-e-type=\"container\">\n\t\t\t\t\t<div class=\"e-con-inner\">\n\t\t\t\t<div class=\"elementor-element elementor-element-8d7e9a9 elementor-widget__width-initial elementor-widget elementor-widget-heading\" data-id=\"8d7e9a9\" data-element_type=\"widget\" data-e-type=\"widget\" data-widget_type=\"heading.default\">\n\t\t\t\t\t<h2 class=\"elementor-heading-title elementor-size-default\">Protocolo de Contaminaci\u00f3n Controlada<\/h2>\t\t\t\t<\/div>\n\t\t\t\t<div class=\"elementor-element elementor-element-35fd5f8 elementor-widget__width-initial elementor-widget elementor-widget-text-editor\" data-id=\"35fd5f8\" data-element_type=\"widget\" data-e-type=\"widget\" data-widget_type=\"text-editor.default\">\n\t\t\t\t\t\t\t\t\t<p data-start=\"247\" data-end=\"595\">Para garantizar pruebas repetibles y realistas, la contaminaci\u00f3n se aplic\u00f3 utilizando <strong data-start=\"325\" data-end=\"352\">sistema de pulverizaci\u00f3n controlado<\/strong> dise\u00f1ada para replicar la exposici\u00f3n en el mundo real en lugar de eventos de salpicadura aislados. Una mezcla calibrada de <strong data-start=\"455\" data-end=\"490\">agua y suciedad de part\u00edculas finas <\/strong>se roci\u00f3 continua y uniformemente directamente sobre la cadena y la transmisi\u00f3n durante cada sesi\u00f3n de prueba.<\/p><p data-start=\"597\" data-end=\"965\">El patr\u00f3n de pulverizaci\u00f3n y el caudal se regularon cuidadosamente para simular la conducci\u00f3n sostenida en condiciones variables, como carreteras mojadas, secciones de grava y superficies con escombros. Este enfoque garantiz\u00f3 que la contaminaci\u00f3n no solo llegara a las plaquitas exteriores de la cadena, sino que tambi\u00e9n penetrara <strong data-start=\"871\" data-end=\"916\">profundamente en los rodillos y las interfaces de enlace<\/strong>, donde el rendimiento de la lubricaci\u00f3n es m\u00e1s cr\u00edtico.<\/p><p data-start=\"967\" data-end=\"1223\">La contaminaci\u00f3n se aplic\u00f3 a intervalos y \u00e1ngulos constantes para mantener una exposici\u00f3n uniforme en todas las pruebas. Esto elimin\u00f3 la variabilidad entre sesiones y permiti\u00f3 una comparaci\u00f3n directa entre diferentes sistemas de lubricaci\u00f3n en condiciones id\u00e9nticas.<\/p><p data-start=\"1225\" data-end=\"1601\">Al emplear una contaminaci\u00f3n continua y controlada en lugar de la inmersi\u00f3n intermitente, la prueba refleja con mayor precisi\u00f3n los efectos acumulativos del agua y la suciedad que se encuentran durante la conducci\u00f3n de larga distancia. Esta metodolog\u00eda proporciona una indicaci\u00f3n fiable de la eficacia con la que cada lubricante resiste el lavado, mantiene la integridad de la pel\u00edcula y protege la transmisi\u00f3n en distancias prolongadas.<\/p>\t\t\t\t\t\t\t\t<\/div>\n\t\t\t\t\t<\/div>\n\t\t\t\t<\/div>\n\t\t\t\t<\/div>","protected":false},"excerpt":{"rendered":"<p>Lab Test Performance Validation To validate the performance and durability standards we set, our wax-based lubricants were subjected to extensive [&hellip;]<\/p>\n","protected":false},"author":76,"featured_media":0,"parent":0,"menu_order":0,"comment_status":"closed","ping_status":"closed","template":"","meta":{"_acf_changed":false,"site-sidebar-layout":"no-sidebar","site-content-layout":"","ast-site-content-layout":"full-width-container","site-content-style":"default","site-sidebar-style":"default","ast-global-header-display":"","ast-banner-title-visibility":"","ast-main-header-display":"","ast-hfb-above-header-display":"","ast-hfb-below-header-display":"","ast-hfb-mobile-header-display":"","site-post-title":"","ast-breadcrumbs-content":"","ast-featured-img":"disabled","footer-sml-layout":"","ast-disable-related-posts":"","theme-transparent-header-meta":"","adv-header-id-meta":"","stick-header-meta":"","header-above-stick-meta":"","header-main-stick-meta":"","header-below-stick-meta":"","astra-migrate-meta-layouts":"default","ast-page-background-enabled":"default","ast-page-background-meta":{"desktop":{"background-color":"var(--ast-global-color-4)","background-image":"","background-repeat":"repeat","background-position":"center center","background-size":"auto","background-attachment":"scroll","background-type":"","background-media":"","overlay-type":"","overlay-color":"","overlay-opacity":"","overlay-gradient":""},"tablet":{"background-color":"","background-image":"","background-repeat":"repeat","background-position":"center center","background-size":"auto","background-attachment":"scroll","background-type":"","background-media":"","overlay-type":"","overlay-color":"","overlay-opacity":"","overlay-gradient":""},"mobile":{"background-color":"","background-image":"","background-repeat":"repeat","background-position":"center center","background-size":"auto","background-attachment":"scroll","background-type":"","background-media":"","overlay-type":"","overlay-color":"","overlay-opacity":"","overlay-gradient":""}},"ast-content-background-meta":{"desktop":{"background-color":"var(--ast-global-color-5)","background-image":"","background-repeat":"repeat","background-position":"center center","background-size":"auto","background-attachment":"scroll","background-type":"","background-media":"","overlay-type":"","overlay-color":"","overlay-opacity":"","overlay-gradient":""},"tablet":{"background-color":"var(--ast-global-color-5)","background-image":"","background-repeat":"repeat","background-position":"center center","background-size":"auto","background-attachment":"scroll","background-type":"","background-media":"","overlay-type":"","overlay-color":"","overlay-opacity":"","overlay-gradient":""},"mobile":{"background-color":"var(--ast-global-color-5)","background-image":"","background-repeat":"repeat","background-position":"center center","background-size":"auto","background-attachment":"scroll","background-type":"","background-media":"","overlay-type":"","overlay-color":"","overlay-opacity":"","overlay-gradient":""}},"footnotes":""},"class_list":["post-60438","page","type-page","status-publish","hentry"],"acf":[],"_links":{"self":[{"href":"https:\/\/cyclingceramic.com\/es\/wp-json\/wp\/v2\/pages\/60438","targetHints":{"allow":["GET"]}}],"collection":[{"href":"https:\/\/cyclingceramic.com\/es\/wp-json\/wp\/v2\/pages"}],"about":[{"href":"https:\/\/cyclingceramic.com\/es\/wp-json\/wp\/v2\/types\/page"}],"author":[{"embeddable":true,"href":"https:\/\/cyclingceramic.com\/es\/wp-json\/wp\/v2\/users\/76"}],"replies":[{"embeddable":true,"href":"https:\/\/cyclingceramic.com\/es\/wp-json\/wp\/v2\/comments?post=60438"}],"version-history":[{"count":0,"href":"https:\/\/cyclingceramic.com\/es\/wp-json\/wp\/v2\/pages\/60438\/revisions"}],"wp:attachment":[{"href":"https:\/\/cyclingceramic.com\/es\/wp-json\/wp\/v2\/media?parent=60438"}],"curies":[{"name":"wp","href":"https:\/\/api.w.org\/{rel}","templated":true}]}}