{"id":62510,"date":"2026-05-06T10:30:47","date_gmt":"2026-05-06T08:30:47","guid":{"rendered":"https:\/\/cyclingceramic.com\/?page_id=62510"},"modified":"2026-05-06T10:32:30","modified_gmt":"2026-05-06T08:32:30","slug":"b2b-terms-and-conditions","status":"publish","type":"page","link":"https:\/\/cyclingceramic.com\/es\/b2b-terms-and-conditions\/","title":{"rendered":"T\u00e9rminos y Condiciones B2B"},"content":{"rendered":"<div data-elementor-type=\"wp-page\" data-elementor-id=\"62510\" class=\"elementor elementor-62510\" data-elementor-post-type=\"page\">\n\t\t\t\t<div class=\"elementor-element elementor-element-24840c9 e-flex e-con-boxed e-con e-parent\" data-id=\"24840c9\" data-element_type=\"container\" data-e-type=\"container\">\n\t\t\t\t\t<div class=\"e-con-inner\">\n\t\t\t\t<div class=\"elementor-element elementor-element-1c8ff8a elementor-widget elementor-widget-heading\" data-id=\"1c8ff8a\" data-element_type=\"widget\" data-e-type=\"widget\" data-widget_type=\"heading.default\">\n\t\t\t\t\t<h2 class=\"elementor-heading-title elementor-size-default\">T\u00e9rminos y Condiciones Generales B2B\n<\/h2>\t\t\t\t<\/div>\n\t\t\t\t<div class=\"elementor-element elementor-element-a1fb45a elementor-widget elementor-widget-text-editor\" data-id=\"a1fb45a\" data-element_type=\"widget\" data-e-type=\"widget\" data-widget_type=\"text-editor.default\">\n\t\t\t\t\t\t\t\t\t<p data-start=\"0\" data-end=\"109\"><strong data-start=\"39\" data-end=\"109\">T\u00e9rminos y Condiciones Generales para Pedidos Realizados con CyclingCeramic<\/strong><\/p><p data-start=\"111\" data-end=\"205\">Los presentes T\u00e9rminos y Condiciones Generales se aplican a todos los pedidos B2B realizados a CyclingCeramic.<\/p><p data-start=\"207\" data-end=\"325\"><strong data-start=\"207\" data-end=\"229\">1. Colocaci\u00f3n de orden<\/strong><br data-start=\"229\" data-end=\"232\" \/>A los efectos de los presentes T\u00e9rminos y Condiciones Generales, CyclingCeramic se denominar\u00e1 \u201cCC\u201d.<\/p><p data-start=\"327\" data-end=\"528\"><strong data-start=\"327\" data-end=\"352\">2. Compromiso del comprador<\/strong><br data-start=\"352\" data-end=\"355\" \/>Al realizar un pedido, el comprador presenta a CC una oferta firme para comprar productos. Los pedidos pueden realizarse por escrito, verbalmente, por tel\u00e9fono o directamente con los representantes de CC.<\/p><p data-start=\"530\" data-end=\"775\"><strong data-start=\"530\" data-end=\"555\">3. Confirmaci\u00f3n del pedido<\/strong><br data-start=\"555\" data-end=\"558\" \/>Toda orden estar\u00e1 sujeta a una confirmaci\u00f3n de orden emitida por CC. Si alg\u00fan detalle indicado en la confirmaci\u00f3n de orden difiere de la solicitud inicial del comprador, el comprador deber\u00e1 notificar a CC por escrito dentro de las 48 horas h\u00e1biles.<\/p><p data-start=\"777\" data-end=\"872\"><strong data-start=\"777\" data-end=\"816\">4. Modificaci\u00f3n y reducci\u00f3n de pedido<\/strong><br data-start=\"816\" data-end=\"819\" \/>Los pedidos pueden reducirse en las siguientes condiciones:<\/p><p data-start=\"874\" data-end=\"983\">Hasta 60 d\u00edas antes de la fecha de env\u00edo acordada: el pedido puede reducirse en hasta un 30 % de la cantidad inicial.<\/p><p data-start=\"985\" data-end=\"1103\">Entre 59 y 30 d\u00edas antes de la fecha de env\u00edo acordada: el pedido podr\u00e1 reducirse en un m\u00e1ximo del 151 % de la cantidad inicial.<\/p><p data-start=\"1105\" data-end=\"1205\">A partir del d\u00eda 29 anterior a la fecha de env\u00edo acordada: no se admitir\u00e1n reducciones ni cancelaciones.<\/p><p data-start=\"1207\" data-end=\"1382\"><strong data-start=\"1207\" data-end=\"1228\">5. Aumento de pedido<\/strong><br data-start=\"1228\" data-end=\"1231\" \/>Cualquier solicitud para aumentar la cantidad pedida deber\u00e1 estar sujeta a una nueva confirmaci\u00f3n de pedido emitida por CC, que cubra espec\u00edficamente las cantidades adicionales.<\/p><p data-start=\"1384\" data-end=\"1750\"><strong data-start=\"1384\" data-end=\"1428\">6. Productos hechos a medida o fuera de cat\u00e1logo<\/strong><br data-start=\"1428\" data-end=\"1431\" \/>Los productos personalizados o hechos a medida, es decir, que no forman parte de nuestra gama de productos est\u00e1ndar, quedan estrictamente excluidos de las condiciones de cancelaci\u00f3n o reducci\u00f3n establecidas en el art\u00edculo 4. Las cantidades pedidas para este tipo de producto no podr\u00e1n ser modificadas ni canceladas una vez emitida la confirmaci\u00f3n del pedido.<\/p><p data-start=\"1752\" data-end=\"2019\" data-is-last-node=\"\" data-is-only-node=\"\"><strong data-start=\"1752\" data-end=\"1800\">7. Modificaci\u00f3n de los plazos de entrega o pago<\/strong><br data-start=\"1800\" data-end=\"1803\" \/>Cualquier solicitud para modificar los cronogramas de entrega o las fechas l\u00edmite de pago ser\u00e1 revisada previa solicitud, siempre que dicha solicitud se presente por escrito al menos 30 d\u00edas antes de la fecha de env\u00edo programada inicialmente.<\/p>\t\t\t\t\t\t\t\t<\/div>\n\t\t\t\t\t<\/div>\n\t\t\t\t<\/div>\n\t\t\t\t<\/div>","protected":false},"excerpt":{"rendered":"<p>B2B General Terms and Conditions General Terms and Conditions for Orders Placed with CyclingCeramic The following General Terms and Conditions [&hellip;]<\/p>\n","protected":false},"author":1065,"featured_media":0,"parent":0,"menu_order":0,"comment_status":"closed","ping_status":"closed","template":"","meta":{"_acf_changed":false,"site-sidebar-layout":"no-sidebar","site-content-layout":"","ast-site-content-layout":"full-width-container","site-content-style":"default","site-sidebar-style":"default","ast-global-header-display":"","ast-banner-title-visibility":"","ast-main-header-display":"","ast-hfb-above-header-display":"","ast-hfb-below-header-display":"","ast-hfb-mobile-header-display":"","site-post-title":"","ast-breadcrumbs-content":"","ast-featured-img":"disabled","footer-sml-layout":"","ast-disable-related-posts":"","theme-transparent-header-meta":"","adv-header-id-meta":"","stick-header-meta":"","header-above-stick-meta":"","header-main-stick-meta":"","header-below-stick-meta":"","astra-migrate-meta-layouts":"default","ast-page-background-enabled":"default","ast-page-background-meta":{"desktop":{"background-color":"var(--ast-global-color-4)","background-image":"","background-repeat":"repeat","background-position":"center center","background-size":"auto","background-attachment":"scroll","background-type":"","background-media":"","overlay-type":"","overlay-color":"","overlay-opacity":"","overlay-gradient":""},"tablet":{"background-color":"","background-image":"","background-repeat":"repeat","background-position":"center center","background-size":"auto","background-attachment":"scroll","background-type":"","background-media":"","overlay-type":"","overlay-color":"","overlay-opacity":"","overlay-gradient":""},"mobile":{"background-color":"","background-image":"","background-repeat":"repeat","background-position":"center center","background-size":"auto","background-attachment":"scroll","background-type":"","background-media":"","overlay-type":"","overlay-color":"","overlay-opacity":"","overlay-gradient":""}},"ast-content-background-meta":{"desktop":{"background-color":"var(--ast-global-color-5)","background-image":"","background-repeat":"repeat","background-position":"center center","background-size":"auto","background-attachment":"scroll","background-type":"","background-media":"","overlay-type":"","overlay-color":"","overlay-opacity":"","overlay-gradient":""},"tablet":{"background-color":"var(--ast-global-color-5)","background-image":"","background-repeat":"repeat","background-position":"center center","background-size":"auto","background-attachment":"scroll","background-type":"","background-media":"","overlay-type":"","overlay-color":"","overlay-opacity":"","overlay-gradient":""},"mobile":{"background-color":"var(--ast-global-color-5)","background-image":"","background-repeat":"repeat","background-position":"center center","background-size":"auto","background-attachment":"scroll","background-type":"","background-media":"","overlay-type":"","overlay-color":"","overlay-opacity":"","overlay-gradient":""}},"footnotes":""},"class_list":["post-62510","page","type-page","status-publish","hentry"],"acf":[],"_links":{"self":[{"href":"https:\/\/cyclingceramic.com\/es\/wp-json\/wp\/v2\/pages\/62510","targetHints":{"allow":["GET"]}}],"collection":[{"href":"https:\/\/cyclingceramic.com\/es\/wp-json\/wp\/v2\/pages"}],"about":[{"href":"https:\/\/cyclingceramic.com\/es\/wp-json\/wp\/v2\/types\/page"}],"author":[{"embeddable":true,"href":"https:\/\/cyclingceramic.com\/es\/wp-json\/wp\/v2\/users\/1065"}],"replies":[{"embeddable":true,"href":"https:\/\/cyclingceramic.com\/es\/wp-json\/wp\/v2\/comments?post=62510"}],"version-history":[{"count":3,"href":"https:\/\/cyclingceramic.com\/es\/wp-json\/wp\/v2\/pages\/62510\/revisions"}],"predecessor-version":[{"id":62514,"href":"https:\/\/cyclingceramic.com\/es\/wp-json\/wp\/v2\/pages\/62510\/revisions\/62514"}],"wp:attachment":[{"href":"https:\/\/cyclingceramic.com\/es\/wp-json\/wp\/v2\/media?parent=62510"}],"curies":[{"name":"wp","href":"https:\/\/api.w.org\/{rel}","templated":true}]}}