{"id":1604,"date":"2020-02-21T20:43:06","date_gmt":"2020-02-21T19:43:06","guid":{"rendered":"https:\/\/cyclingceramic.com\/?post_type=product&#038;p=1604"},"modified":"2026-04-14T10:49:43","modified_gmt":"2026-04-14T08:49:43","slug":"rodamiento-ceramico-607","status":"publish","type":"product","link":"https:\/\/cyclingceramic.com\/es\/shop\/ceramic-bearing-607\/","title":{"rendered":"Rodamiento cer\u00e1mico 607"},"content":{"rendered":"<p>Todas las bolas CyclingCeramic est\u00e1n meticulosamente dise\u00f1adas en Alemania. Cada bola de nitruro de silicio (Si3n4) de grado 3 de CyclingCeramic se combina con precisi\u00f3n (en micras) con pistas en acero endurecido con un surco perfectamente pulido. Cada componente se fabrica cuidadosamente en Suiza.<\/p>\n<p>Estas bolas est\u00e1n sujetas por una jaula de poliamida reforzada. Cada rodamiento est\u00e1 optimizado con la opci\u00f3n de elegir la grasa seg\u00fan su uso para minimizar la fricci\u00f3n y prolongar la vida \u00fatil del rodamiento. Las juntas sin contacto garantizan una protecci\u00f3n completa contra la suciedad y la humedad. CiclismoLos rodamientos cer\u00e1micos son vers\u00e1tiles, adecuados para varias disciplinas ciclistas: carretera, grava, contrarreloj, triatl\u00f3n, pista, ciclocross y ciclismo de monta\u00f1a. Ofrecen ventajas como una fricci\u00f3n notablemente baja, una mejor transferencia de potencia y una mayor vida \u00fatil de los rodamientos.<\/p>\n<p>A lo largo del proceso de ensamblaje, inspeccionamos meticulosamente cada rodamiento a mano para garantizar una combinaci\u00f3n perfecta de componentes. Las bolas CyclingCeramic superan a los rodamientos de acero est\u00e1ndar utilizados en la industria de la bicicleta, siendo m\u00e1s suaves, duros y ligeros. En comparaci\u00f3n con otras bolas cer\u00e1micas de la industria, las bolas CyclingCeramic tambi\u00e9n son m\u00e1s duras, soportan cargas m\u00e1s altas y son m\u00e1s suaves, superando a menudo a las de fabricaci\u00f3n asi\u00e1tica.<\/p>","protected":false},"excerpt":{"rendered":"<p>Descubra la excelencia de nuestro rodamiento cer\u00e1mico 607 para bicicletas, dise\u00f1ado para los entusiastas que buscan un rendimiento de primera categor\u00eda. Vendido individualmente, este rodamiento ofrece una combinaci\u00f3n de dise\u00f1o ligero y durabilidad con sus bolas de cer\u00e1mica de alta calidad. Eleve su experiencia ciclista eligiendo la incomparable precisi\u00f3n y suavidad de nuestro rodamiento en cada revoluci\u00f3n.<\/p>","protected":false},"featured_media":61491,"comment_status":"closed","ping_status":"closed","template":"","meta":{"_acf_changed":false,"site-sidebar-layout":"default","site-content-layout":"","ast-site-content-layout":"default","site-content-style":"default","site-sidebar-style":"default","ast-global-header-display":"","ast-banner-title-visibility":"","ast-main-header-display":"","ast-hfb-above-header-display":"","ast-hfb-below-header-display":"","ast-hfb-mobile-header-display":"","site-post-title":"","ast-breadcrumbs-content":"","ast-featured-img":"","footer-sml-layout":"","ast-disable-related-posts":"","theme-transparent-header-meta":"default","adv-header-id-meta":"","stick-header-meta":"default","header-above-stick-meta":"","header-main-stick-meta":"","header-below-stick-meta":"","astra-migrate-meta-layouts":"set","ast-page-background-enabled":"default","ast-page-background-meta":{"desktop":{"background-color":"var(--ast-global-color-4)","background-image":"","background-repeat":"repeat","background-position":"center center","background-size":"auto","background-attachment":"scroll","background-type":"","background-media":"","overlay-type":"","overlay-color":"","overlay-opacity":"","overlay-gradient":""},"tablet":{"background-color":"","background-image":"","background-repeat":"repeat","background-position":"center center","background-size":"auto","background-attachment":"scroll","background-type":"","background-media":"","overlay-type":"","overlay-color":"","overlay-opacity":"","overlay-gradient":""},"mobile":{"background-color":"","background-image":"","background-repeat":"repeat","background-position":"center center","background-size":"auto","background-attachment":"scroll","background-type":"","background-media":"","overlay-type":"","overlay-color":"","overlay-opacity":"","overlay-gradient":""}},"ast-content-background-meta":{"desktop":{"background-color":"var(--ast-global-color-5)","background-image":"","background-repeat":"repeat","background-position":"center center","background-size":"auto","background-attachment":"scroll","background-type":"","background-media":"","overlay-type":"","overlay-color":"","overlay-opacity":"","overlay-gradient":""},"tablet":{"background-color":"var(--ast-global-color-5)","background-image":"","background-repeat":"repeat","background-position":"center center","background-size":"auto","background-attachment":"scroll","background-type":"","background-media":"","overlay-type":"","overlay-color":"","overlay-opacity":"","overlay-gradient":""},"mobile":{"background-color":"var(--ast-global-color-5)","background-image":"","background-repeat":"repeat","background-position":"center center","background-size":"auto","background-attachment":"scroll","background-type":"","background-media":"","overlay-type":"","overlay-color":"","overlay-opacity":"","overlay-gradient":""}}},"product_brand":[],"product_cat":[25],"product_tag":[],"class_list":{"0":"post-1604","1":"product","2":"type-product","3":"status-publish","4":"has-post-thumbnail","6":"product_cat-single-bearings","7":"desktop-align-center","8":"tablet-align-center","9":"mobile-align-left","10":"ast-product-gallery-layout-horizontal-slider","11":"ast-product-gallery-with-no-image","12":"ast-qv-on-image","14":"first","15":"instock","16":"taxable","17":"shipping-taxable","18":"purchasable","19":"product-type-simple"},"acf":[],"_links":{"self":[{"href":"https:\/\/cyclingceramic.com\/es\/wp-json\/wp\/v2\/product\/1604","targetHints":{"allow":["GET"]}}],"collection":[{"href":"https:\/\/cyclingceramic.com\/es\/wp-json\/wp\/v2\/product"}],"about":[{"href":"https:\/\/cyclingceramic.com\/es\/wp-json\/wp\/v2\/types\/product"}],"replies":[{"embeddable":true,"href":"https:\/\/cyclingceramic.com\/es\/wp-json\/wp\/v2\/comments?post=1604"}],"wp:featuredmedia":[{"embeddable":true,"href":"https:\/\/cyclingceramic.com\/es\/wp-json\/wp\/v2\/media\/61491"}],"wp:attachment":[{"href":"https:\/\/cyclingceramic.com\/es\/wp-json\/wp\/v2\/media?parent=1604"}],"wp:term":[{"taxonomy":"product_brand","embeddable":true,"href":"https:\/\/cyclingceramic.com\/es\/wp-json\/wp\/v2\/product_brand?post=1604"},{"taxonomy":"product_cat","embeddable":true,"href":"https:\/\/cyclingceramic.com\/es\/wp-json\/wp\/v2\/product_cat?post=1604"},{"taxonomy":"product_tag","embeddable":true,"href":"https:\/\/cyclingceramic.com\/es\/wp-json\/wp\/v2\/product_tag?post=1604"}],"curies":[{"name":"wp","href":"https:\/\/api.w.org\/{rel}","templated":true}]}}