{"id":1613,"date":"2020-02-21T21:08:43","date_gmt":"2020-02-21T20:08:43","guid":{"rendered":"https:\/\/cyclingceramic.com\/?post_type=product&#038;p=1613"},"modified":"2026-03-03T13:48:15","modified_gmt":"2026-03-03T12:48:15","slug":"ceramic-bearing-61801","status":"publish","type":"product","link":"https:\/\/cyclingceramic.com\/es\/shop\/ceramic-bearing-61801\/","title":{"rendered":"Rodamiento cer\u00e1mico 61801"},"content":{"rendered":"<p>All CyclingCeramic balls are meticulously designed in Germany. Each grade 3 Silicon Nitride (Si3n4) ball from CyclingCeramic is precisely matched (within microns) with raceways in hardened steel featuring a perfectly polished groove. Each component is carefully manufactured in Switzerland.<\/p>\n<p>Estas bolas est\u00e1n sujetas por una jaula de poliamida reforzada. Cada rodamiento est\u00e1 optimizado con la opci\u00f3n de elegir la grasa seg\u00fan su uso para minimizar la fricci\u00f3n y prolongar la vida \u00fatil del rodamiento. Las juntas sin contacto garantizan una protecci\u00f3n completa contra la suciedad y la humedad. CiclismoLos rodamientos cer\u00e1micos son vers\u00e1tiles, adecuados para varias disciplinas ciclistas: carretera, grava, contrarreloj, triatl\u00f3n, pista, ciclocross y ciclismo de monta\u00f1a. Ofrecen ventajas como una fricci\u00f3n notablemente baja, una mejor transferencia de potencia y una mayor vida \u00fatil de los rodamientos.<\/p>\n<p>Throughout the assembly process, we meticulously inspect each bearing by hand to ensure a perfect match of components. CyclingCeramic balls outperform standard steel bearings used in the bike industry, being smoother, harder, and lighter. Compared to other ceramic balls in the industry, CyclingCeramic balls are also harder, withstand higher loads, and are smoother, often surpassing those of Asian manufacture.<\/p>","protected":false},"excerpt":{"rendered":"<p>Discover the excellence of our 6801 Ceramic Bike Bearing, designed for enthusiasts seeking top-notch performance. Sold individually, this bearing offers a combination of lightweight design and durability with its high-quality ceramic balls. Elevate your cycling experience by choosing the unparalleled precision and smoothness of our bearing with each revolution.<\/p>","protected":false},"featured_media":61504,"comment_status":"closed","ping_status":"closed","template":"","meta":{"_acf_changed":false,"site-sidebar-layout":"default","site-content-layout":"","ast-site-content-layout":"default","site-content-style":"default","site-sidebar-style":"default","ast-global-header-display":"","ast-banner-title-visibility":"","ast-main-header-display":"","ast-hfb-above-header-display":"","ast-hfb-below-header-display":"","ast-hfb-mobile-header-display":"","site-post-title":"","ast-breadcrumbs-content":"","ast-featured-img":"","footer-sml-layout":"","ast-disable-related-posts":"","theme-transparent-header-meta":"default","adv-header-id-meta":"","stick-header-meta":"default","header-above-stick-meta":"","header-main-stick-meta":"","header-below-stick-meta":"","astra-migrate-meta-layouts":"set","ast-page-background-enabled":"default","ast-page-background-meta":{"desktop":{"background-color":"var(--ast-global-color-4)","background-image":"","background-repeat":"repeat","background-position":"center center","background-size":"auto","background-attachment":"scroll","background-type":"","background-media":"","overlay-type":"","overlay-color":"","overlay-opacity":"","overlay-gradient":""},"tablet":{"background-color":"","background-image":"","background-repeat":"repeat","background-position":"center center","background-size":"auto","background-attachment":"scroll","background-type":"","background-media":"","overlay-type":"","overlay-color":"","overlay-opacity":"","overlay-gradient":""},"mobile":{"background-color":"","background-image":"","background-repeat":"repeat","background-position":"center center","background-size":"auto","background-attachment":"scroll","background-type":"","background-media":"","overlay-type":"","overlay-color":"","overlay-opacity":"","overlay-gradient":""}},"ast-content-background-meta":{"desktop":{"background-color":"var(--ast-global-color-5)","background-image":"","background-repeat":"repeat","background-position":"center center","background-size":"auto","background-attachment":"scroll","background-type":"","background-media":"","overlay-type":"","overlay-color":"","overlay-opacity":"","overlay-gradient":""},"tablet":{"background-color":"var(--ast-global-color-5)","background-image":"","background-repeat":"repeat","background-position":"center center","background-size":"auto","background-attachment":"scroll","background-type":"","background-media":"","overlay-type":"","overlay-color":"","overlay-opacity":"","overlay-gradient":""},"mobile":{"background-color":"var(--ast-global-color-5)","background-image":"","background-repeat":"repeat","background-position":"center center","background-size":"auto","background-attachment":"scroll","background-type":"","background-media":"","overlay-type":"","overlay-color":"","overlay-opacity":"","overlay-gradient":""}}},"product_brand":[],"product_cat":[25],"product_tag":[],"class_list":{"0":"post-1613","1":"product","2":"type-product","3":"status-publish","4":"has-post-thumbnail","6":"product_cat-single-bearings","7":"desktop-align-center","8":"tablet-align-center","9":"mobile-align-left","10":"ast-product-gallery-layout-horizontal-slider","11":"ast-product-gallery-with-no-image","12":"ast-qv-on-image","14":"first","15":"instock","16":"taxable","17":"shipping-taxable","18":"purchasable","19":"product-type-simple"},"acf":[],"_links":{"self":[{"href":"https:\/\/cyclingceramic.com\/es\/wp-json\/wp\/v2\/product\/1613","targetHints":{"allow":["GET"]}}],"collection":[{"href":"https:\/\/cyclingceramic.com\/es\/wp-json\/wp\/v2\/product"}],"about":[{"href":"https:\/\/cyclingceramic.com\/es\/wp-json\/wp\/v2\/types\/product"}],"replies":[{"embeddable":true,"href":"https:\/\/cyclingceramic.com\/es\/wp-json\/wp\/v2\/comments?post=1613"}],"wp:featuredmedia":[{"embeddable":true,"href":"https:\/\/cyclingceramic.com\/es\/wp-json\/wp\/v2\/media\/61504"}],"wp:attachment":[{"href":"https:\/\/cyclingceramic.com\/es\/wp-json\/wp\/v2\/media?parent=1613"}],"wp:term":[{"taxonomy":"product_brand","embeddable":true,"href":"https:\/\/cyclingceramic.com\/es\/wp-json\/wp\/v2\/product_brand?post=1613"},{"taxonomy":"product_cat","embeddable":true,"href":"https:\/\/cyclingceramic.com\/es\/wp-json\/wp\/v2\/product_cat?post=1613"},{"taxonomy":"product_tag","embeddable":true,"href":"https:\/\/cyclingceramic.com\/es\/wp-json\/wp\/v2\/product_tag?post=1613"}],"curies":[{"name":"wp","href":"https:\/\/api.w.org\/{rel}","templated":true}]}}