{"id":1649,"date":"2020-02-21T22:06:03","date_gmt":"2020-02-21T21:06:03","guid":{"rendered":"https:\/\/cyclingceramic.com\/?post_type=product&#038;p=1649"},"modified":"2026-04-28T08:27:32","modified_gmt":"2026-04-28T06:27:32","slug":"cadena-de-competicion-shimano-11v","status":"publish","type":"product","link":"https:\/\/cyclingceramic.com\/es\/shop\/racing-chain-shimano-11s\/","title":{"rendered":"CyclingCeramic Race Cadena Encerada - 11s - Shimano \/ Sram \/ Campagnolo"},"content":{"rendered":"<ol>\n<li>Tecnolog\u00eda y Aditivos de Cera: Elaborada con cera de alta calidad y enriquecida con varios aditivos, la cadena CyclingCeramic proporciona una durabilidad excepcional al tiempo que reduce la fricci\u00f3n para una transmisi\u00f3n de potencia \u00f3ptima.<\/li>\n<li>Rendimiento \u00f3ptimo en 11 velocidades: Dise\u00f1ado espec\u00edficamente para <strong>Shimano Sram Campagnolo 11 velocidades<\/strong>, esta cadena garantiza una compatibilidad perfecta y un rendimiento \u00f3ptimo en todo tipo de terrenos.<\/li>\n<li>Ahorro de energ\u00eda: Reduce la fricci\u00f3n y mejora la eficiencia de tu transmisi\u00f3n. Las cadenas CyclingCeramic ofrecen un ahorro de energ\u00eda significativo, ahorrando entre 5 y 7 vatios en comparaci\u00f3n con los lubricantes convencionales.<\/li>\n<li>Paseo Silencioso: Disfruta de una experiencia de conducci\u00f3n m\u00e1s silenciosa con el dise\u00f1o avanzado de la cadena, que proporciona un rendimiento suave sin comprometer el ruido.<\/li>\n<li>Durabilidad excepcional: Con una mayor resistencia al desgaste, esta cadena ofrece una durabilidad excepcional, asegurando un rendimiento constante durante una impresionante distancia de 600 km.<\/li>\n<li>Mejor Limpieza: Menos suciedad significa adi\u00f3s a las cadenas negras y sucias. La cadena CyclingCeramic ofrece una limpieza mejorada, minimizando el mantenimiento y extendiendo la vida \u00fatil de la transmisi\u00f3n.<\/li>\n<li>Compatibilidad Shimano Garantizada: Con especial atenci\u00f3n a la compatibilidad, esta cadena se integra perfectamente con <strong>Shimano Sram Campagnolo 11 velocidades<\/strong> sistemas, proporcionando una soluci\u00f3n fiable para ciclistas exigentes.<\/li>\n<\/ol>\n<p>Elija calidad, rendimiento y fiabilidad con la cadena de carreras CyclingCeramic para <strong>Shimano Sram Campagnolo 11 velocidades<\/strong>. Transforma tu experiencia ciclista con una transmisi\u00f3n de vanguardia dise\u00f1ada para superar tus expectativas en cada kil\u00f3metro.<\/p>","protected":false},"excerpt":{"rendered":"<p>Experimente la excelencia en transmisi\u00f3n con la Cadena de Carreras CyclingCeramic, dise\u00f1ada espec\u00edficamente para <strong>Sistemas Shimano de 11 velocidades<\/strong>. Esta cadena ofrece una fusi\u00f3n perfecta de tecnolog\u00eda avanzada y compatibilidad precisa para satisfacer las exigentes necesidades de los ciclistas apasionados.<\/p>","protected":false},"featured_media":54600,"comment_status":"open","ping_status":"closed","template":"","meta":{"_acf_changed":false,"site-sidebar-layout":"default","site-content-layout":"","ast-site-content-layout":"default","site-content-style":"default","site-sidebar-style":"default","ast-global-header-display":"","ast-banner-title-visibility":"","ast-main-header-display":"","ast-hfb-above-header-display":"","ast-hfb-below-header-display":"","ast-hfb-mobile-header-display":"","site-post-title":"","ast-breadcrumbs-content":"","ast-featured-img":"","footer-sml-layout":"","ast-disable-related-posts":"","theme-transparent-header-meta":"default","adv-header-id-meta":"","stick-header-meta":"default","header-above-stick-meta":"","header-main-stick-meta":"","header-below-stick-meta":"","astra-migrate-meta-layouts":"set","ast-page-background-enabled":"default","ast-page-background-meta":{"desktop":{"background-color":"var(--ast-global-color-4)","background-image":"","background-repeat":"repeat","background-position":"center center","background-size":"auto","background-attachment":"scroll","background-type":"","background-media":"","overlay-type":"","overlay-color":"","overlay-opacity":"","overlay-gradient":""},"tablet":{"background-color":"","background-image":"","background-repeat":"repeat","background-position":"center center","background-size":"auto","background-attachment":"scroll","background-type":"","background-media":"","overlay-type":"","overlay-color":"","overlay-opacity":"","overlay-gradient":""},"mobile":{"background-color":"","background-image":"","background-repeat":"repeat","background-position":"center center","background-size":"auto","background-attachment":"scroll","background-type":"","background-media":"","overlay-type":"","overlay-color":"","overlay-opacity":"","overlay-gradient":""}},"ast-content-background-meta":{"desktop":{"background-color":"var(--ast-global-color-5)","background-image":"","background-repeat":"repeat","background-position":"center center","background-size":"auto","background-attachment":"scroll","background-type":"","background-media":"","overlay-type":"","overlay-color":"","overlay-opacity":"","overlay-gradient":""},"tablet":{"background-color":"var(--ast-global-color-5)","background-image":"","background-repeat":"repeat","background-position":"center center","background-size":"auto","background-attachment":"scroll","background-type":"","background-media":"","overlay-type":"","overlay-color":"","overlay-opacity":"","overlay-gradient":""},"mobile":{"background-color":"var(--ast-global-color-5)","background-image":"","background-repeat":"repeat","background-position":"center center","background-size":"auto","background-attachment":"scroll","background-type":"","background-media":"","overlay-type":"","overlay-color":"","overlay-opacity":"","overlay-gradient":""}}},"product_brand":[],"product_cat":[160],"product_tag":[],"class_list":{"0":"post-1649","1":"product","2":"type-product","3":"status-publish","4":"has-post-thumbnail","6":"product_cat-chains","7":"pa_compatibility-campagnolo","8":"pa_compatibility-shimano","9":"pa_compatibility-sram","10":"pa_speed-1167","11":"desktop-align-center","12":"tablet-align-center","13":"mobile-align-left","14":"ast-product-gallery-layout-horizontal-slider","15":"ast-product-gallery-with-no-image","16":"ast-qv-on-image","18":"first","19":"instock","20":"taxable","21":"shipping-taxable","22":"purchasable","23":"product-type-simple"},"acf":[],"_links":{"self":[{"href":"https:\/\/cyclingceramic.com\/es\/wp-json\/wp\/v2\/product\/1649","targetHints":{"allow":["GET"]}}],"collection":[{"href":"https:\/\/cyclingceramic.com\/es\/wp-json\/wp\/v2\/product"}],"about":[{"href":"https:\/\/cyclingceramic.com\/es\/wp-json\/wp\/v2\/types\/product"}],"replies":[{"embeddable":true,"href":"https:\/\/cyclingceramic.com\/es\/wp-json\/wp\/v2\/comments?post=1649"}],"wp:featuredmedia":[{"embeddable":true,"href":"https:\/\/cyclingceramic.com\/es\/wp-json\/wp\/v2\/media\/54600"}],"wp:attachment":[{"href":"https:\/\/cyclingceramic.com\/es\/wp-json\/wp\/v2\/media?parent=1649"}],"wp:term":[{"taxonomy":"product_brand","embeddable":true,"href":"https:\/\/cyclingceramic.com\/es\/wp-json\/wp\/v2\/product_brand?post=1649"},{"taxonomy":"product_cat","embeddable":true,"href":"https:\/\/cyclingceramic.com\/es\/wp-json\/wp\/v2\/product_cat?post=1649"},{"taxonomy":"product_tag","embeddable":true,"href":"https:\/\/cyclingceramic.com\/es\/wp-json\/wp\/v2\/product_tag?post=1649"}],"curies":[{"name":"wp","href":"https:\/\/api.w.org\/{rel}","templated":true}]}}