{"id":1860,"date":"2020-02-22T01:03:35","date_gmt":"2020-02-22T00:03:35","guid":{"rendered":"https:\/\/cyclingceramic.com\/product\/aivee-3\/"},"modified":"2026-04-14T10:48:14","modified_gmt":"2026-04-14T08:48:14","slug":"kit-de-rodamiento-de-rueda-aivee-3","status":"publish","type":"product","link":"https:\/\/cyclingceramic.com\/es\/shop\/wheel-bearing-kit-aivee-3\/","title":{"rendered":"Kit de rodamiento de rueda Aivee 3"},"content":{"rendered":"<p>Elige el kit de rodamientos de cer\u00e1mica CyclingCeramic Aivee 3 y potencia a\u00fan m\u00e1s tus bujes Aivee. Los rodamientos cer\u00e1micos reducen las fricciones, mejoran la durabilidad de los rodamientos y aumentan el rendimiento de tus ruedas.<\/p>\n<p>Seg\u00fan un estudio realizado sobre nuestros productos, la fricci\u00f3n en nuestro kit de rodamientos de rueda es pr\u00e1cticamente inexistente, en otras palabras, se pedalea m\u00e1s r\u00e1pido por el mismo esfuerzo realizado. La extrema dureza de las bolas CyclingCeramic se traduce en una vida \u00fatil de 4 a 5 veces superior a la de los rodamientos de acero est\u00e1ndar. Nuestra grasa especial mantiene sus rodamientos herm\u00e9ticos y los protege contra elementos externos que pueden dificultar su correcto funcionamiento.<\/p>","protected":false},"excerpt":{"rendered":"<p>Elige el kit de rodamientos de cer\u00e1mica CyclingCeramic Aivee 3 y potencia a\u00fan m\u00e1s tus bujes Aivee. Los rodamientos cer\u00e1micos reducen las fricciones, mejoran la durabilidad de los rodamientos y aumentan el rendimiento de tus ruedas.<\/p>\n<p>Seg\u00fan un estudio realizado sobre nuestros productos, la fricci\u00f3n en nuestro kit de rodamientos de rueda es pr\u00e1cticamente inexistente, en otras palabras, se pedalea m\u00e1s r\u00e1pido por el mismo esfuerzo realizado. La extrema dureza de las bolas CyclingCeramic se traduce en una vida \u00fatil de 4 a 5 veces superior a la de los rodamientos de acero est\u00e1ndar. Nuestra grasa especial mantiene sus rodamientos herm\u00e9ticos y los protege contra elementos externos que pueden dificultar su correcto funcionamiento.<\/p>","protected":false},"featured_media":61118,"comment_status":"closed","ping_status":"closed","template":"","meta":{"_acf_changed":false,"site-sidebar-layout":"default","site-content-layout":"","ast-site-content-layout":"default","site-content-style":"default","site-sidebar-style":"default","ast-global-header-display":"","ast-banner-title-visibility":"","ast-main-header-display":"","ast-hfb-above-header-display":"","ast-hfb-below-header-display":"","ast-hfb-mobile-header-display":"","site-post-title":"","ast-breadcrumbs-content":"","ast-featured-img":"","footer-sml-layout":"","ast-disable-related-posts":"","theme-transparent-header-meta":"default","adv-header-id-meta":"","stick-header-meta":"default","header-above-stick-meta":"","header-main-stick-meta":"","header-below-stick-meta":"","astra-migrate-meta-layouts":"set","ast-page-background-enabled":"default","ast-page-background-meta":{"desktop":{"background-color":"var(--ast-global-color-4)","background-image":"","background-repeat":"repeat","background-position":"center center","background-size":"auto","background-attachment":"scroll","background-type":"","background-media":"","overlay-type":"","overlay-color":"","overlay-opacity":"","overlay-gradient":""},"tablet":{"background-color":"","background-image":"","background-repeat":"repeat","background-position":"center center","background-size":"auto","background-attachment":"scroll","background-type":"","background-media":"","overlay-type":"","overlay-color":"","overlay-opacity":"","overlay-gradient":""},"mobile":{"background-color":"","background-image":"","background-repeat":"repeat","background-position":"center center","background-size":"auto","background-attachment":"scroll","background-type":"","background-media":"","overlay-type":"","overlay-color":"","overlay-opacity":"","overlay-gradient":""}},"ast-content-background-meta":{"desktop":{"background-color":"var(--ast-global-color-5)","background-image":"","background-repeat":"repeat","background-position":"center center","background-size":"auto","background-attachment":"scroll","background-type":"","background-media":"","overlay-type":"","overlay-color":"","overlay-opacity":"","overlay-gradient":""},"tablet":{"background-color":"var(--ast-global-color-5)","background-image":"","background-repeat":"repeat","background-position":"center center","background-size":"auto","background-attachment":"scroll","background-type":"","background-media":"","overlay-type":"","overlay-color":"","overlay-opacity":"","overlay-gradient":""},"mobile":{"background-color":"var(--ast-global-color-5)","background-image":"","background-repeat":"repeat","background-position":"center center","background-size":"auto","background-attachment":"scroll","background-type":"","background-media":"","overlay-type":"","overlay-color":"","overlay-opacity":"","overlay-gradient":""}}},"product_brand":[],"product_cat":[120],"product_tag":[],"class_list":{"0":"post-1860","1":"product","2":"type-product","3":"status-publish","4":"has-post-thumbnail","6":"product_cat-wheel-bearing-kits","7":"pa_brand-aivee","8":"pa_usage-road","9":"desktop-align-center","10":"tablet-align-center","11":"mobile-align-left","12":"ast-product-gallery-layout-horizontal-slider","13":"ast-qv-on-image","15":"first","16":"instock","17":"taxable","18":"shipping-taxable","19":"purchasable","20":"product-type-simple"},"acf":[],"_links":{"self":[{"href":"https:\/\/cyclingceramic.com\/es\/wp-json\/wp\/v2\/product\/1860","targetHints":{"allow":["GET"]}}],"collection":[{"href":"https:\/\/cyclingceramic.com\/es\/wp-json\/wp\/v2\/product"}],"about":[{"href":"https:\/\/cyclingceramic.com\/es\/wp-json\/wp\/v2\/types\/product"}],"replies":[{"embeddable":true,"href":"https:\/\/cyclingceramic.com\/es\/wp-json\/wp\/v2\/comments?post=1860"}],"wp:featuredmedia":[{"embeddable":true,"href":"https:\/\/cyclingceramic.com\/es\/wp-json\/wp\/v2\/media\/61118"}],"wp:attachment":[{"href":"https:\/\/cyclingceramic.com\/es\/wp-json\/wp\/v2\/media?parent=1860"}],"wp:term":[{"taxonomy":"product_brand","embeddable":true,"href":"https:\/\/cyclingceramic.com\/es\/wp-json\/wp\/v2\/product_brand?post=1860"},{"taxonomy":"product_cat","embeddable":true,"href":"https:\/\/cyclingceramic.com\/es\/wp-json\/wp\/v2\/product_cat?post=1860"},{"taxonomy":"product_tag","embeddable":true,"href":"https:\/\/cyclingceramic.com\/es\/wp-json\/wp\/v2\/product_tag?post=1860"}],"curies":[{"name":"wp","href":"https:\/\/api.w.org\/{rel}","templated":true}]}}