{"id":1967,"date":"2020-02-23T10:38:16","date_gmt":"2020-02-23T09:38:16","guid":{"rendered":"https:\/\/cyclingceramic.com\/product\/bb30\/"},"modified":"2026-04-14T10:48:04","modified_gmt":"2026-04-14T08:48:04","slug":"kit-de-rodamientos-para-pedalier-bb30","status":"publish","type":"product","link":"https:\/\/cyclingceramic.com\/es\/shop\/bottom-bracket-bb30-bearing-kit\/","title":{"rendered":"Rodamientos BB30"},"content":{"rendered":"<ol>\n<li><strong>Compatibilidad precisa<\/strong> La <strong>BB 30\u00a0<\/strong> Los ejes de pedalier est\u00e1n meticulosamente dise\u00f1ados para encajar perfectamente <strong>BB30<\/strong> sistemas de biela, garantizando un ajuste preciso y un rendimiento \u00f3ptimo.<\/li>\n<li><strong>Mejora de la Eficiencia<\/strong> Los rodamientos de alta calidad reducen la fricci\u00f3n y mejoran la eficiencia de tu pedalier, permiti\u00e9ndote transferir potencia a los pedales de manera m\u00e1s efectiva y maximizar tu rendimiento ciclista.<\/li>\n<li><strong>Durabilidad para el Largo Recorrido:<\/strong> Construidos para resistir las exigencias del ciclismo intensivo, estos rodamientos utilizan materiales de alta calidad y una construcci\u00f3n robusta para ofrecer una durabilidad excepcional en largas distancias.<\/li>\n<li><strong>Confort Mejorado<\/strong> Al minimizar las vibraciones y la fricci\u00f3n, el <strong>BB 30 <\/strong>Los rodamientos ofrecen una sensaci\u00f3n de pedaleo m\u00e1s suave y c\u00f3moda, permiti\u00e9ndote disfrutar de tus paseos con menor fatiga.<\/li>\n<li><strong>Instalaci\u00f3n sencilla<\/strong> Dise\u00f1ados para una instalaci\u00f3n sencilla y eficiente, estos rodamientos ofrecen una actualizaci\u00f3n conveniente para sus <strong>BB 30\u00a0<\/strong> sistema de biela.<\/li>\n<li><strong>Mejora tu pedaleo:<\/strong> Optimiza tu rendimiento ciclista con el <strong>BB30<\/strong> Eje de pedalier. Experimenta una mejor transmisi\u00f3n de potencia, una conducci\u00f3n m\u00e1s suave y una mayor durabilidad para superar tus l\u00edmites tanto en carreteras como en senderos.<\/li>\n<\/ol>\n<p>Actualiza tu <strong>BB30<\/strong> sistema de biela con Rodamientos CyclingCeramic y desbloquea una nueva dimensi\u00f3n de rendimiento ciclista.<\/p>\n<p>&nbsp;<\/p>","protected":false},"excerpt":{"rendered":"<p>La <strong>BB30<\/strong> ofrece la mejor transferencia de potencia y durabilidad del mercado. Cada rodamiento se monta a mano en nuestro taller en Francia para garantizar la mejor precisi\u00f3n de montaje y calidad. El resultado: los equipos profesionales del pelot\u00f3n, as\u00ed como los mejores triatletas del mundo, utilizan nuestros rodamientos, \u00a1y t\u00fa tambi\u00e9n puedes hacerlo!<\/p>","protected":false},"featured_media":61891,"comment_status":"open","ping_status":"closed","template":"","meta":{"_acf_changed":false,"site-sidebar-layout":"default","site-content-layout":"","ast-site-content-layout":"default","site-content-style":"default","site-sidebar-style":"default","ast-global-header-display":"","ast-banner-title-visibility":"","ast-main-header-display":"","ast-hfb-above-header-display":"","ast-hfb-below-header-display":"","ast-hfb-mobile-header-display":"","site-post-title":"","ast-breadcrumbs-content":"","ast-featured-img":"","footer-sml-layout":"","ast-disable-related-posts":"","theme-transparent-header-meta":"default","adv-header-id-meta":"","stick-header-meta":"default","header-above-stick-meta":"","header-main-stick-meta":"","header-below-stick-meta":"","astra-migrate-meta-layouts":"set","ast-page-background-enabled":"default","ast-page-background-meta":{"desktop":{"background-color":"var(--ast-global-color-4)","background-image":"","background-repeat":"repeat","background-position":"center center","background-size":"auto","background-attachment":"scroll","background-type":"","background-media":"","overlay-type":"","overlay-color":"","overlay-opacity":"","overlay-gradient":""},"tablet":{"background-color":"","background-image":"","background-repeat":"repeat","background-position":"center center","background-size":"auto","background-attachment":"scroll","background-type":"","background-media":"","overlay-type":"","overlay-color":"","overlay-opacity":"","overlay-gradient":""},"mobile":{"background-color":"","background-image":"","background-repeat":"repeat","background-position":"center center","background-size":"auto","background-attachment":"scroll","background-type":"","background-media":"","overlay-type":"","overlay-color":"","overlay-opacity":"","overlay-gradient":""}},"ast-content-background-meta":{"desktop":{"background-color":"var(--ast-global-color-5)","background-image":"","background-repeat":"repeat","background-position":"center center","background-size":"auto","background-attachment":"scroll","background-type":"","background-media":"","overlay-type":"","overlay-color":"","overlay-opacity":"","overlay-gradient":""},"tablet":{"background-color":"var(--ast-global-color-5)","background-image":"","background-repeat":"repeat","background-position":"center center","background-size":"auto","background-attachment":"scroll","background-type":"","background-media":"","overlay-type":"","overlay-color":"","overlay-opacity":"","overlay-gradient":""},"mobile":{"background-color":"var(--ast-global-color-5)","background-image":"","background-repeat":"repeat","background-position":"center center","background-size":"auto","background-attachment":"scroll","background-type":"","background-media":"","overlay-type":"","overlay-color":"","overlay-opacity":"","overlay-gradient":""}}},"product_brand":[],"product_cat":[192],"product_tag":[],"class_list":{"0":"post-1967","1":"product","2":"type-product","3":"status-publish","4":"has-post-thumbnail","6":"product_cat-bottom-brackets","7":"pa_compatibility-bb30","8":"desktop-align-center","9":"tablet-align-center","10":"mobile-align-left","11":"ast-product-gallery-layout-horizontal-slider","12":"ast-product-gallery-with-no-image","13":"ast-qv-on-image","15":"first","16":"instock","17":"taxable","18":"shipping-taxable","19":"purchasable","20":"product-type-simple"},"acf":[],"_links":{"self":[{"href":"https:\/\/cyclingceramic.com\/es\/wp-json\/wp\/v2\/product\/1967","targetHints":{"allow":["GET"]}}],"collection":[{"href":"https:\/\/cyclingceramic.com\/es\/wp-json\/wp\/v2\/product"}],"about":[{"href":"https:\/\/cyclingceramic.com\/es\/wp-json\/wp\/v2\/types\/product"}],"replies":[{"embeddable":true,"href":"https:\/\/cyclingceramic.com\/es\/wp-json\/wp\/v2\/comments?post=1967"}],"wp:featuredmedia":[{"embeddable":true,"href":"https:\/\/cyclingceramic.com\/es\/wp-json\/wp\/v2\/media\/61891"}],"wp:attachment":[{"href":"https:\/\/cyclingceramic.com\/es\/wp-json\/wp\/v2\/media?parent=1967"}],"wp:term":[{"taxonomy":"product_brand","embeddable":true,"href":"https:\/\/cyclingceramic.com\/es\/wp-json\/wp\/v2\/product_brand?post=1967"},{"taxonomy":"product_cat","embeddable":true,"href":"https:\/\/cyclingceramic.com\/es\/wp-json\/wp\/v2\/product_cat?post=1967"},{"taxonomy":"product_tag","embeddable":true,"href":"https:\/\/cyclingceramic.com\/es\/wp-json\/wp\/v2\/product_tag?post=1967"}],"curies":[{"name":"wp","href":"https:\/\/api.w.org\/{rel}","templated":true}]}}