{"id":1986,"date":"2020-02-23T13:44:57","date_gmt":"2020-02-23T12:44:57","guid":{"rendered":"https:\/\/cyclingceramic.com\/product\/bb86-sram-gxp\/"},"modified":"2026-04-27T09:40:22","modified_gmt":"2026-04-27T07:40:22","slug":"eje-de-pedalier-bb86-sram-gxp","status":"publish","type":"product","link":"https:\/\/cyclingceramic.com\/es\/shop\/bottom-bracket-bb86-sram-gxp\/","title":{"rendered":"BB86 Sram GXP - (24x22mm) - Eje de pedalier"},"content":{"rendered":"<ol>\n<li><strong>Compatibilidad precisa<\/strong> La <strong>BB86<\/strong><strong> \u2013 SRAM GXP<\/strong> Los ejes de pedalier est\u00e1n meticulosamente dise\u00f1ados para encajar perfectamente\u00a0<strong>SRAM GXP<\/strong> sistemas de biela, garantizando un ajuste preciso y un rendimiento \u00f3ptimo.<\/li>\n<li><strong>Mejora de la Eficiencia<\/strong> Los rodamientos de alta calidad reducen la fricci\u00f3n y mejoran la eficiencia de tu pedalier, permiti\u00e9ndote transferir potencia a los pedales de manera m\u00e1s efectiva y maximizar tu rendimiento ciclista.<\/li>\n<li><strong>Durabilidad para el Largo Recorrido:<\/strong> Construidos para resistir las exigencias del ciclismo intensivo, estos rodamientos utilizan materiales de alta calidad y una construcci\u00f3n robusta para ofrecer una durabilidad excepcional en largas distancias.<\/li>\n<li><strong>Confort Mejorado<\/strong> Al minimizar las vibraciones y la fricci\u00f3n, el\u00a0<strong>BB86 \u2013 SRAM GXP<\/strong> Los rodamientos ofrecen una sensaci\u00f3n de pedaleo m\u00e1s suave y c\u00f3moda, permiti\u00e9ndote disfrutar de tus paseos con menor fatiga.<\/li>\n<li><strong>Instalaci\u00f3n sencilla<\/strong> Dise\u00f1ados para una instalaci\u00f3n sencilla y eficiente, estos rodamientos ofrecen una actualizaci\u00f3n conveniente para sus\u00a0<strong>BB86 \u2013 SRAM GXP<\/strong> sistema de biela.<\/li>\n<li><strong>Mejora tu pedaleo:<\/strong> Optimiza tu rendimiento ciclista con el\u00a0<strong>SRAM GXP<\/strong> Eje de pedalier. Experimenta una mejor transmisi\u00f3n de potencia, una conducci\u00f3n m\u00e1s suave y una mayor durabilidad para superar tus l\u00edmites tanto en carreteras como en senderos.<\/li>\n<\/ol>\n<p>Actualiza tu\u00a0<strong>SRAM GXP<\/strong> sistema de biela con Rodamientos CyclingCeramic y desbloquea una nueva dimensi\u00f3n de rendimiento ciclista.<\/p>\n<p>&nbsp;<\/p>","protected":false},"excerpt":{"rendered":"<p>El eje de pedalier <strong>BB86 Sram GXP<\/strong> combinado con nuestros rodamientos cer\u00e1micos CyclingCeramic garantiza un sistema fiable y de baja fricci\u00f3n para un alto rendimiento. El montaje en nuestros talleres garantiza un control de calidad as\u00ed como la perfecta adaptaci\u00f3n entre la caja y los rodamientos cer\u00e1micos de alta calidad. <strong>BB86<\/strong> es compatible con <strong>Bielas SRAM GXP 24 \/ 22 mm<\/strong>.<\/p>","protected":false},"featured_media":55248,"comment_status":"open","ping_status":"closed","template":"","meta":{"_acf_changed":false,"site-sidebar-layout":"default","site-content-layout":"","ast-site-content-layout":"default","site-content-style":"default","site-sidebar-style":"default","ast-global-header-display":"","ast-banner-title-visibility":"","ast-main-header-display":"","ast-hfb-above-header-display":"","ast-hfb-below-header-display":"","ast-hfb-mobile-header-display":"","site-post-title":"","ast-breadcrumbs-content":"","ast-featured-img":"","footer-sml-layout":"","ast-disable-related-posts":"","theme-transparent-header-meta":"default","adv-header-id-meta":"","stick-header-meta":"default","header-above-stick-meta":"","header-main-stick-meta":"","header-below-stick-meta":"","astra-migrate-meta-layouts":"set","ast-page-background-enabled":"default","ast-page-background-meta":{"desktop":{"background-color":"var(--ast-global-color-4)","background-image":"","background-repeat":"repeat","background-position":"center center","background-size":"auto","background-attachment":"scroll","background-type":"","background-media":"","overlay-type":"","overlay-color":"","overlay-opacity":"","overlay-gradient":""},"tablet":{"background-color":"","background-image":"","background-repeat":"repeat","background-position":"center center","background-size":"auto","background-attachment":"scroll","background-type":"","background-media":"","overlay-type":"","overlay-color":"","overlay-opacity":"","overlay-gradient":""},"mobile":{"background-color":"","background-image":"","background-repeat":"repeat","background-position":"center center","background-size":"auto","background-attachment":"scroll","background-type":"","background-media":"","overlay-type":"","overlay-color":"","overlay-opacity":"","overlay-gradient":""}},"ast-content-background-meta":{"desktop":{"background-color":"var(--ast-global-color-5)","background-image":"","background-repeat":"repeat","background-position":"center center","background-size":"auto","background-attachment":"scroll","background-type":"","background-media":"","overlay-type":"","overlay-color":"","overlay-opacity":"","overlay-gradient":""},"tablet":{"background-color":"var(--ast-global-color-5)","background-image":"","background-repeat":"repeat","background-position":"center center","background-size":"auto","background-attachment":"scroll","background-type":"","background-media":"","overlay-type":"","overlay-color":"","overlay-opacity":"","overlay-gradient":""},"mobile":{"background-color":"var(--ast-global-color-5)","background-image":"","background-repeat":"repeat","background-position":"center center","background-size":"auto","background-attachment":"scroll","background-type":"","background-media":"","overlay-type":"","overlay-color":"","overlay-opacity":"","overlay-gradient":""}}},"product_brand":[],"product_cat":[192],"product_tag":[],"class_list":{"0":"post-1986","1":"product","2":"type-product","3":"status-publish","4":"has-post-thumbnail","6":"product_cat-bottom-brackets","7":"pa_colour-black","8":"pa_colour-red","9":"pa_compatibility-sram-gxp","10":"desktop-align-center","11":"tablet-align-center","12":"mobile-align-left","13":"ast-product-gallery-layout-horizontal-slider","14":"ast-product-gallery-with-no-image","15":"ast-product-single-variable","16":"ast-qv-on-image","18":"first","19":"instock","20":"taxable","21":"shipping-taxable","22":"purchasable","23":"product-type-variable","24":"has-default-attributes"},"acf":[],"_links":{"self":[{"href":"https:\/\/cyclingceramic.com\/es\/wp-json\/wp\/v2\/product\/1986","targetHints":{"allow":["GET"]}}],"collection":[{"href":"https:\/\/cyclingceramic.com\/es\/wp-json\/wp\/v2\/product"}],"about":[{"href":"https:\/\/cyclingceramic.com\/es\/wp-json\/wp\/v2\/types\/product"}],"replies":[{"embeddable":true,"href":"https:\/\/cyclingceramic.com\/es\/wp-json\/wp\/v2\/comments?post=1986"}],"wp:featuredmedia":[{"embeddable":true,"href":"https:\/\/cyclingceramic.com\/es\/wp-json\/wp\/v2\/media\/55248"}],"wp:attachment":[{"href":"https:\/\/cyclingceramic.com\/es\/wp-json\/wp\/v2\/media?parent=1986"}],"wp:term":[{"taxonomy":"product_brand","embeddable":true,"href":"https:\/\/cyclingceramic.com\/es\/wp-json\/wp\/v2\/product_brand?post=1986"},{"taxonomy":"product_cat","embeddable":true,"href":"https:\/\/cyclingceramic.com\/es\/wp-json\/wp\/v2\/product_cat?post=1986"},{"taxonomy":"product_tag","embeddable":true,"href":"https:\/\/cyclingceramic.com\/es\/wp-json\/wp\/v2\/product_tag?post=1986"}],"curies":[{"name":"wp","href":"https:\/\/api.w.org\/{rel}","templated":true}]}}