{"id":31484,"date":"2020-09-24T06:57:09","date_gmt":"2020-09-24T04:57:09","guid":{"rendered":"https:\/\/cyclingceramic.com\/?post_type=product&#038;p=31484"},"modified":"2026-04-24T08:46:19","modified_gmt":"2026-04-24T06:46:19","slug":"jaula-de-desviador-sobredimensionada-sram-mecanica","status":"publish","type":"product","link":"https:\/\/cyclingceramic.com\/es\/shop\/oversized-derailleur-cage-sram-mechanical\/","title":{"rendered":"Sram Mech (only) - RIVAL \/ FORCE \/ RED - Oversized Derailleur Cage - 16\/16T"},"content":{"rendered":"<ol>\n<li><strong>Poleas de Aluminio y Placas de Carbono:<\/strong> CyclingCeramic Oversized Pulleys are equipped with precision-machined aluminum pulleys, combined with lightweight and durable carbon plates. This material combination ensures a significant weight reduction while providing superior strength, perfectly suited for road requirements. Their sleek and aerodynamic design enhances the overall aerodynamics of your transmission, helping you gain speed and efficiency.<\/li>\n<li><strong>Tecnolog\u00eda de rodamientos cer\u00e1micos:<\/strong> Los rodamientos cer\u00e1micos de las roldanas sobredimensionadas de CyclingCeramic est\u00e1n espec\u00edficamente dise\u00f1ados para <strong>Sram mecanical 11 speed<\/strong> cambios. Con estos rodamientos de alta calidad, te beneficias de una notable reducci\u00f3n de la fricci\u00f3n durante los cambios de marcha, lo que se traduce en una transmisi\u00f3n m\u00e1s suave y un ahorro de energ\u00eda perceptible. Disfruta de una experiencia de pedaleo m\u00e1s eficiente, optimizando tu rendimiento en subidas y sprints.<\/li>\n<li><strong>Probado por Frictions Facts:<\/strong> Los desviadores con rodamientos CyclingCeramic Pulleys han sido sometidos a rigurosas pruebas por Frictions Facts, un laboratorio independiente especializado en el an\u00e1lisis de la fricci\u00f3n y la eficiencia de la transmisi\u00f3n en el ciclismo. Los resultados de las pruebas han confirmado que los rodamientos cer\u00e1micos de CyclingCeramic se encuentran entre los m\u00e1s r\u00e1pidos del mercado, con una fricci\u00f3n medida de s\u00f3lo <strong>0,033w<\/strong>. Este rendimiento excepcional garantiza una transmisi\u00f3n ultrarr\u00e1pida, permiti\u00e9ndote ganar velocidad y precisi\u00f3n durante tus salidas.<\/li>\n<\/ol>\n<p><strong>Compatibilidad<\/strong> Las poleas sobredimensionadas CyclingCeramic son perfectamente compatibles con\u00a0<strong>Sram mecanical 11 speed<\/strong> desviadores, ofreci\u00e9ndole una soluci\u00f3n a medida para mejorar el rendimiento de su transmisi\u00f3n.<\/p>\n<p>Dar tu\u00a0<strong>Sram mecanical 11 speed<\/strong> adel\u00e1ntate a la competencia con las Poleas Oversized de CyclingCeramic. Experimenta una transmisi\u00f3n suave, una mejor respuesta y una mayor durabilidad durante tus paseos en bicicleta. \u00a1Elige la excelencia y supera tus l\u00edmites con CyclingCeramic!<\/p>\n<p><strong>Compatible with Sram mecanical 11 speed<br \/>\n<\/strong><\/p>\n<p>It is recommanded to mount a new chain and add 2 to 4 links more<\/p>","protected":false},"excerpt":{"rendered":"<p>Las poleas CyclingCeramic Oversized han sido especialmente dise\u00f1adas para ofrecer una mejora excepcional en el rendimiento y la eficiencia de su\u00a0<strong>SRAM MEC\u00c1NICO 11 velocidades, RED, FORCE, RIVAL<\/strong> desviador. Fabricadas con materiales de alta calidad y equipadas con tecnolog\u00eda avanzada, estas poleas son la elecci\u00f3n perfecta para ciclistas exigentes que buscan liberar todo el potencial de su\u00a0<strong>SRAM MEC\u00c1NICO 11 velocidades, RED, FORCE, RIVAL<\/strong> transmisi\u00f3n.<\/p>","protected":false},"featured_media":55394,"comment_status":"open","ping_status":"closed","template":"","meta":{"_acf_changed":false,"site-sidebar-layout":"default","site-content-layout":"","ast-site-content-layout":"default","site-content-style":"default","site-sidebar-style":"default","ast-global-header-display":"","ast-banner-title-visibility":"","ast-main-header-display":"","ast-hfb-above-header-display":"","ast-hfb-below-header-display":"","ast-hfb-mobile-header-display":"","site-post-title":"","ast-breadcrumbs-content":"","ast-featured-img":"","footer-sml-layout":"","ast-disable-related-posts":"","theme-transparent-header-meta":"default","adv-header-id-meta":"","stick-header-meta":"default","header-above-stick-meta":"","header-main-stick-meta":"","header-below-stick-meta":"","astra-migrate-meta-layouts":"set","ast-page-background-enabled":"default","ast-page-background-meta":{"desktop":{"background-color":"var(--ast-global-color-4)","background-image":"","background-repeat":"repeat","background-position":"center center","background-size":"auto","background-attachment":"scroll","background-type":"","background-media":"","overlay-type":"","overlay-color":"","overlay-opacity":"","overlay-gradient":""},"tablet":{"background-color":"","background-image":"","background-repeat":"repeat","background-position":"center center","background-size":"auto","background-attachment":"scroll","background-type":"","background-media":"","overlay-type":"","overlay-color":"","overlay-opacity":"","overlay-gradient":""},"mobile":{"background-color":"","background-image":"","background-repeat":"repeat","background-position":"center center","background-size":"auto","background-attachment":"scroll","background-type":"","background-media":"","overlay-type":"","overlay-color":"","overlay-opacity":"","overlay-gradient":""}},"ast-content-background-meta":{"desktop":{"background-color":"var(--ast-global-color-5)","background-image":"","background-repeat":"repeat","background-position":"center center","background-size":"auto","background-attachment":"scroll","background-type":"","background-media":"","overlay-type":"","overlay-color":"","overlay-opacity":"","overlay-gradient":""},"tablet":{"background-color":"var(--ast-global-color-5)","background-image":"","background-repeat":"repeat","background-position":"center center","background-size":"auto","background-attachment":"scroll","background-type":"","background-media":"","overlay-type":"","overlay-color":"","overlay-opacity":"","overlay-gradient":""},"mobile":{"background-color":"var(--ast-global-color-5)","background-image":"","background-repeat":"repeat","background-position":"center center","background-size":"auto","background-attachment":"scroll","background-type":"","background-media":"","overlay-type":"","overlay-color":"","overlay-opacity":"","overlay-gradient":""}}},"product_brand":[],"product_cat":[167],"product_tag":[],"class_list":{"0":"post-31484","1":"product","2":"type-product","3":"status-publish","4":"has-post-thumbnail","6":"product_cat-oversized-derailleur-cages","7":"pa_colour-black","8":"pa_colour-blue","9":"pa_colour-gold","10":"pa_colour-red","11":"pa_compatibility-sram","12":"pa_speed-1167","13":"pa_usage-road","14":"desktop-align-center","15":"tablet-align-center","16":"mobile-align-left","17":"ast-product-gallery-layout-horizontal-slider","18":"ast-product-gallery-with-no-image","19":"ast-product-single-variable","20":"ast-qv-on-image","22":"first","23":"instock","24":"taxable","25":"shipping-taxable","26":"purchasable","27":"product-type-variable","28":"has-default-attributes"},"acf":[],"_links":{"self":[{"href":"https:\/\/cyclingceramic.com\/es\/wp-json\/wp\/v2\/product\/31484","targetHints":{"allow":["GET"]}}],"collection":[{"href":"https:\/\/cyclingceramic.com\/es\/wp-json\/wp\/v2\/product"}],"about":[{"href":"https:\/\/cyclingceramic.com\/es\/wp-json\/wp\/v2\/types\/product"}],"replies":[{"embeddable":true,"href":"https:\/\/cyclingceramic.com\/es\/wp-json\/wp\/v2\/comments?post=31484"}],"wp:featuredmedia":[{"embeddable":true,"href":"https:\/\/cyclingceramic.com\/es\/wp-json\/wp\/v2\/media\/55394"}],"wp:attachment":[{"href":"https:\/\/cyclingceramic.com\/es\/wp-json\/wp\/v2\/media?parent=31484"}],"wp:term":[{"taxonomy":"product_brand","embeddable":true,"href":"https:\/\/cyclingceramic.com\/es\/wp-json\/wp\/v2\/product_brand?post=31484"},{"taxonomy":"product_cat","embeddable":true,"href":"https:\/\/cyclingceramic.com\/es\/wp-json\/wp\/v2\/product_cat?post=31484"},{"taxonomy":"product_tag","embeddable":true,"href":"https:\/\/cyclingceramic.com\/es\/wp-json\/wp\/v2\/product_tag?post=31484"}],"curies":[{"name":"wp","href":"https:\/\/api.w.org\/{rel}","templated":true}]}}