{"id":33616,"date":"2021-02-16T17:43:27","date_gmt":"2021-02-16T16:43:27","guid":{"rendered":"https:\/\/cyclingceramic.com\/?post_type=product&#038;p=33616"},"modified":"2026-04-17T11:26:13","modified_gmt":"2026-04-17T09:26:13","slug":"poleas-sobredimensionadas-14-19-dientes-negro","status":"publish","type":"product","link":"https:\/\/cyclingceramic.com\/es\/shop\/oversized-pulley-wheels-14-19-tooth-black\/","title":{"rendered":"Ruedas de polea sobredimensionadas 14\/19 T Negra"},"content":{"rendered":"<p>Las poleas CYCLINCERAMIC est\u00e1n construidas con aluminio 7075 de la m\u00e1s alta calidad. Duran 4-5 veces m\u00e1s que las opciones est\u00e1ndar y reducen dr\u00e1sticamente la fricci\u00f3n, al tiempo que ofrecen un cambio m\u00e1s suave y preciso que las poleas tradicionales. Debido a que la rotaci\u00f3n de las poleas gu\u00eda es 4-5 veces m\u00e1s r\u00e1pida que la de otros rodamientos de la bicicleta, las ganancias en esta \u00e1rea en particular son considerables. Nuestro tratamiento de rodamientos \u00fanico reduce la fricci\u00f3n hasta en un 98%.<\/p>\n<p>Spare pulley wheels for your ODC 14\/19 for SRAM AXS \/ ETAP and Shimano R8000\/9100<\/p>","protected":false},"excerpt":{"rendered":"<p>Las poleas CYCLINCERAMIC est\u00e1n construidas con aluminio 7075 de la m\u00e1s alta calidad. Duran 4-5 veces m\u00e1s que las opciones est\u00e1ndar y reducen dr\u00e1sticamente la fricci\u00f3n, al tiempo que ofrecen un cambio m\u00e1s suave y preciso que las poleas tradicionales. Debido a que la rotaci\u00f3n de las poleas gu\u00eda es 4-5 veces m\u00e1s r\u00e1pida que la de otros rodamientos de la bicicleta, las ganancias en esta \u00e1rea en particular son considerables. Nuestro tratamiento de rodamientos \u00fanico reduce la fricci\u00f3n hasta en un 98%.<\/p>","protected":false},"featured_media":36038,"comment_status":"open","ping_status":"closed","template":"","meta":{"_acf_changed":false,"site-sidebar-layout":"default","site-content-layout":"","ast-site-content-layout":"default","site-content-style":"default","site-sidebar-style":"default","ast-global-header-display":"","ast-banner-title-visibility":"","ast-main-header-display":"","ast-hfb-above-header-display":"","ast-hfb-below-header-display":"","ast-hfb-mobile-header-display":"","site-post-title":"","ast-breadcrumbs-content":"","ast-featured-img":"","footer-sml-layout":"","ast-disable-related-posts":"","theme-transparent-header-meta":"default","adv-header-id-meta":"","stick-header-meta":"","header-above-stick-meta":"","header-main-stick-meta":"","header-below-stick-meta":"","astra-migrate-meta-layouts":"set","ast-page-background-enabled":"default","ast-page-background-meta":{"desktop":{"background-color":"var(--ast-global-color-4)","background-image":"","background-repeat":"repeat","background-position":"center center","background-size":"auto","background-attachment":"scroll","background-type":"","background-media":"","overlay-type":"","overlay-color":"","overlay-opacity":"","overlay-gradient":""},"tablet":{"background-color":"","background-image":"","background-repeat":"repeat","background-position":"center center","background-size":"auto","background-attachment":"scroll","background-type":"","background-media":"","overlay-type":"","overlay-color":"","overlay-opacity":"","overlay-gradient":""},"mobile":{"background-color":"","background-image":"","background-repeat":"repeat","background-position":"center center","background-size":"auto","background-attachment":"scroll","background-type":"","background-media":"","overlay-type":"","overlay-color":"","overlay-opacity":"","overlay-gradient":""}},"ast-content-background-meta":{"desktop":{"background-color":"var(--ast-global-color-5)","background-image":"","background-repeat":"repeat","background-position":"center center","background-size":"auto","background-attachment":"scroll","background-type":"","background-media":"","overlay-type":"","overlay-color":"","overlay-opacity":"","overlay-gradient":""},"tablet":{"background-color":"var(--ast-global-color-5)","background-image":"","background-repeat":"repeat","background-position":"center center","background-size":"auto","background-attachment":"scroll","background-type":"","background-media":"","overlay-type":"","overlay-color":"","overlay-opacity":"","overlay-gradient":""},"mobile":{"background-color":"var(--ast-global-color-5)","background-image":"","background-repeat":"repeat","background-position":"center center","background-size":"auto","background-attachment":"scroll","background-type":"","background-media":"","overlay-type":"","overlay-color":"","overlay-opacity":"","overlay-gradient":""}}},"product_brand":[],"product_cat":[635],"product_tag":[],"class_list":{"0":"post-33616","1":"product","2":"type-product","3":"status-publish","4":"has-post-thumbnail","6":"product_cat-spare-parts","7":"pa_colour-black","8":"pa_colour-blue","9":"pa_colour-gold","10":"pa_colour-red","11":"pa_compatibility-ospw","12":"desktop-align-center","13":"tablet-align-center","14":"mobile-align-left","15":"ast-product-gallery-layout-horizontal-slider","16":"ast-product-gallery-with-no-image","17":"ast-qv-on-image","19":"first","20":"instock","21":"taxable","22":"shipping-taxable","23":"purchasable","24":"product-type-simple"},"acf":[],"_links":{"self":[{"href":"https:\/\/cyclingceramic.com\/es\/wp-json\/wp\/v2\/product\/33616","targetHints":{"allow":["GET"]}}],"collection":[{"href":"https:\/\/cyclingceramic.com\/es\/wp-json\/wp\/v2\/product"}],"about":[{"href":"https:\/\/cyclingceramic.com\/es\/wp-json\/wp\/v2\/types\/product"}],"replies":[{"embeddable":true,"href":"https:\/\/cyclingceramic.com\/es\/wp-json\/wp\/v2\/comments?post=33616"}],"wp:featuredmedia":[{"embeddable":true,"href":"https:\/\/cyclingceramic.com\/es\/wp-json\/wp\/v2\/media\/36038"}],"wp:attachment":[{"href":"https:\/\/cyclingceramic.com\/es\/wp-json\/wp\/v2\/media?parent=33616"}],"wp:term":[{"taxonomy":"product_brand","embeddable":true,"href":"https:\/\/cyclingceramic.com\/es\/wp-json\/wp\/v2\/product_brand?post=33616"},{"taxonomy":"product_cat","embeddable":true,"href":"https:\/\/cyclingceramic.com\/es\/wp-json\/wp\/v2\/product_cat?post=33616"},{"taxonomy":"product_tag","embeddable":true,"href":"https:\/\/cyclingceramic.com\/es\/wp-json\/wp\/v2\/product_tag?post=33616"}],"curies":[{"name":"wp","href":"https:\/\/api.w.org\/{rel}","templated":true}]}}