{"id":3649,"date":"2020-05-25T13:38:31","date_gmt":"2020-05-25T11:38:31","guid":{"rendered":"https:\/\/cyclingceramic.com\/?post_type=product&#038;p=3649"},"modified":"2026-04-14T10:47:33","modified_gmt":"2026-04-14T08:47:33","slug":"kit-de-rodamiento-de-rueda-roval-3","status":"publish","type":"product","link":"https:\/\/cyclingceramic.com\/es\/shop\/wheel-bearing-kit-roval-3\/","title":{"rendered":"Kit de rodamientos de rueda Roval 3"},"content":{"rendered":"<p>Elige el kit de rodamientos para ruedas CyclingCeramic Roval 3 y potencia a\u00fan m\u00e1s tus ruedas Roval 30 y 60 CLX. Los rodamientos cer\u00e1micos reducen las fricciones, aumentan la vida \u00fatil de los rodamientos y mejoran el rendimiento de tus ruedas. Seg\u00fan un estudio realizado sobre nuestros productos, la fricci\u00f3n en nuestro kit de rodamientos para ruedas es pr\u00e1cticamente inexistente, en otras palabras, rodar\u00e1s m\u00e1s r\u00e1pido con el mismo esfuerzo proporcionado. La extrema dureza de las bolas CyclingCeramic se traduce en una vida \u00fatil 4 a 5 veces mayor que la de los rodamientos de acero est\u00e1ndar. Nuestra grasa especial mantiene tus rodamientos ajustados y los protege contra los elementos externos que pueden dificultar su correcto funcionamiento.<\/p>","protected":false},"excerpt":{"rendered":"<p>Elige el kit de rodamientos para ruedas CyclingCeramic Roval 3 y potencia a\u00fan m\u00e1s tus ruedas Roval 30 y 60 CLX. Los rodamientos cer\u00e1micos reducen las fricciones, aumentan la vida \u00fatil de los rodamientos y mejoran el rendimiento de tus ruedas. Seg\u00fan un estudio realizado sobre nuestros productos, la fricci\u00f3n en nuestro kit de rodamientos para ruedas es pr\u00e1cticamente inexistente, en otras palabras, rodar\u00e1s m\u00e1s r\u00e1pido con el mismo esfuerzo proporcionado. La extrema dureza de las bolas CyclingCeramic se traduce en una vida \u00fatil 4 a 5 veces mayor que la de los rodamientos de acero est\u00e1ndar. Nuestra grasa especial mantiene tus rodamientos ajustados y los protege contra los elementos externos que pueden dificultar su correcto funcionamiento.<\/p>","protected":false},"featured_media":29771,"comment_status":"closed","ping_status":"closed","template":"","meta":{"_acf_changed":false,"site-sidebar-layout":"default","site-content-layout":"","ast-site-content-layout":"default","site-content-style":"default","site-sidebar-style":"default","ast-global-header-display":"","ast-banner-title-visibility":"","ast-main-header-display":"","ast-hfb-above-header-display":"","ast-hfb-below-header-display":"","ast-hfb-mobile-header-display":"","site-post-title":"","ast-breadcrumbs-content":"","ast-featured-img":"","footer-sml-layout":"","ast-disable-related-posts":"","theme-transparent-header-meta":"default","adv-header-id-meta":"","stick-header-meta":"default","header-above-stick-meta":"","header-main-stick-meta":"","header-below-stick-meta":"","astra-migrate-meta-layouts":"set","ast-page-background-enabled":"default","ast-page-background-meta":{"desktop":{"background-color":"var(--ast-global-color-4)","background-image":"","background-repeat":"repeat","background-position":"center center","background-size":"auto","background-attachment":"scroll","background-type":"","background-media":"","overlay-type":"","overlay-color":"","overlay-opacity":"","overlay-gradient":""},"tablet":{"background-color":"","background-image":"","background-repeat":"repeat","background-position":"center center","background-size":"auto","background-attachment":"scroll","background-type":"","background-media":"","overlay-type":"","overlay-color":"","overlay-opacity":"","overlay-gradient":""},"mobile":{"background-color":"","background-image":"","background-repeat":"repeat","background-position":"center center","background-size":"auto","background-attachment":"scroll","background-type":"","background-media":"","overlay-type":"","overlay-color":"","overlay-opacity":"","overlay-gradient":""}},"ast-content-background-meta":{"desktop":{"background-color":"var(--ast-global-color-5)","background-image":"","background-repeat":"repeat","background-position":"center center","background-size":"auto","background-attachment":"scroll","background-type":"","background-media":"","overlay-type":"","overlay-color":"","overlay-opacity":"","overlay-gradient":""},"tablet":{"background-color":"var(--ast-global-color-5)","background-image":"","background-repeat":"repeat","background-position":"center center","background-size":"auto","background-attachment":"scroll","background-type":"","background-media":"","overlay-type":"","overlay-color":"","overlay-opacity":"","overlay-gradient":""},"mobile":{"background-color":"var(--ast-global-color-5)","background-image":"","background-repeat":"repeat","background-position":"center center","background-size":"auto","background-attachment":"scroll","background-type":"","background-media":"","overlay-type":"","overlay-color":"","overlay-opacity":"","overlay-gradient":""}}},"product_brand":[],"product_cat":[120],"product_tag":[],"class_list":{"0":"post-3649","1":"product","2":"type-product","3":"status-publish","4":"has-post-thumbnail","6":"product_cat-wheel-bearing-kits","7":"pa_brand-roval","8":"pa_usage-road","9":"desktop-align-center","10":"tablet-align-center","11":"mobile-align-left","12":"ast-product-gallery-layout-horizontal-slider","13":"ast-qv-on-image","15":"first","16":"instock","17":"taxable","18":"shipping-taxable","19":"purchasable","20":"product-type-simple"},"acf":[],"_links":{"self":[{"href":"https:\/\/cyclingceramic.com\/es\/wp-json\/wp\/v2\/product\/3649","targetHints":{"allow":["GET"]}}],"collection":[{"href":"https:\/\/cyclingceramic.com\/es\/wp-json\/wp\/v2\/product"}],"about":[{"href":"https:\/\/cyclingceramic.com\/es\/wp-json\/wp\/v2\/types\/product"}],"replies":[{"embeddable":true,"href":"https:\/\/cyclingceramic.com\/es\/wp-json\/wp\/v2\/comments?post=3649"}],"wp:featuredmedia":[{"embeddable":true,"href":"https:\/\/cyclingceramic.com\/es\/wp-json\/wp\/v2\/media\/29771"}],"wp:attachment":[{"href":"https:\/\/cyclingceramic.com\/es\/wp-json\/wp\/v2\/media?parent=3649"}],"wp:term":[{"taxonomy":"product_brand","embeddable":true,"href":"https:\/\/cyclingceramic.com\/es\/wp-json\/wp\/v2\/product_brand?post=3649"},{"taxonomy":"product_cat","embeddable":true,"href":"https:\/\/cyclingceramic.com\/es\/wp-json\/wp\/v2\/product_cat?post=3649"},{"taxonomy":"product_tag","embeddable":true,"href":"https:\/\/cyclingceramic.com\/es\/wp-json\/wp\/v2\/product_tag?post=3649"}],"curies":[{"name":"wp","href":"https:\/\/api.w.org\/{rel}","templated":true}]}}