{"id":3711,"date":"2020-06-03T08:18:29","date_gmt":"2020-06-03T06:18:29","guid":{"rendered":"https:\/\/cyclingceramic.com\/?post_type=product&#038;p=3711"},"modified":"2026-04-14T10:47:21","modified_gmt":"2026-04-14T08:47:21","slug":"kit-rodamientos-campagnolo-1","status":"publish","type":"product","link":"https:\/\/cyclingceramic.com\/es\/shop\/wheel-bearing-kit-campagnolo-1\/","title":{"rendered":"Kit de rodamientos de rueda Campagnolo 1"},"content":{"rendered":"<p class=\"translation-block\">Elige el kit de rodamientos de cer\u00e1mica CyclingCeramic Campagnolo 1 y haz que tus ruedas Campagnolo sean a\u00fan m\u00e1s potentes. Los rodamientos de cer\u00e1mica reducen las fricciones, mejoran la vida \u00fatil de los rodamientos y optimizan el rendimiento de tus ruedas.<\/p>\n<p class=\"translation-block\">Seg\u00fan un estudio realizado sobre nuestros productos, la fricci\u00f3n es pr\u00e1cticamente inexistente, es decir, avanzas m\u00e1s r\u00e1pido con el mismo esfuerzo que proporcionas. La dureza extrema de las bolas CyclingCeramic resulta en una vida \u00fatil de 4 a 5 veces mayor que los rodamientos de acero est\u00e1ndar. Nuestra grasa especial mantiene tus rodamientos ajustados y los protege contra los elementos externos que pueden dificultar su correcto funcionamiento.\nPara todos los bujes Campagnolo y Fulcrum, tanto delanteros como traseros, utiliza bolas sueltas en un dise\u00f1o de taza y cono. Ten en cuenta que la Fulcrum R5 no es compatible con estos kits.<\/p>","protected":false},"excerpt":{"rendered":"<p class=\"translation-block\">Elige el kit de rodamientos de cer\u00e1mica CyclingCeramic Campagnolo 1 y haz que tus ruedas Campagnolo sean a\u00fan m\u00e1s potentes. Los rodamientos de cer\u00e1mica reducen las fricciones, mejoran la vida \u00fatil de los rodamientos y optimizan el rendimiento de tus ruedas.<\/p>\n<p class=\"translation-block\">Seg\u00fan un estudio realizado sobre nuestros productos, la fricci\u00f3n es pr\u00e1cticamente inexistente, es decir, avanzas m\u00e1s r\u00e1pido con el mismo esfuerzo que proporcionas. La dureza extrema de las bolas CyclingCeramic resulta en una vida \u00fatil de 4 a 5 veces mayor que los rodamientos de acero est\u00e1ndar. Nuestra grasa especial mantiene tus rodamientos ajustados y los protege contra los elementos externos que pueden dificultar su correcto funcionamiento.\nPara todos los bujes Campagnolo y Fulcrum, tanto delanteros como traseros, utiliza bolas sueltas en un dise\u00f1o de taza y cono. Ten en cuenta que la Fulcrum R5 no es compatible con estos kits.<\/p>","protected":false},"featured_media":29739,"comment_status":"closed","ping_status":"closed","template":"","meta":{"_acf_changed":false,"site-sidebar-layout":"default","site-content-layout":"","ast-site-content-layout":"default","site-content-style":"default","site-sidebar-style":"default","ast-global-header-display":"","ast-banner-title-visibility":"","ast-main-header-display":"","ast-hfb-above-header-display":"","ast-hfb-below-header-display":"","ast-hfb-mobile-header-display":"","site-post-title":"","ast-breadcrumbs-content":"","ast-featured-img":"","footer-sml-layout":"","ast-disable-related-posts":"","theme-transparent-header-meta":"default","adv-header-id-meta":"","stick-header-meta":"default","header-above-stick-meta":"","header-main-stick-meta":"","header-below-stick-meta":"","astra-migrate-meta-layouts":"set","ast-page-background-enabled":"default","ast-page-background-meta":{"desktop":{"background-color":"var(--ast-global-color-4)","background-image":"","background-repeat":"repeat","background-position":"center center","background-size":"auto","background-attachment":"scroll","background-type":"","background-media":"","overlay-type":"","overlay-color":"","overlay-opacity":"","overlay-gradient":""},"tablet":{"background-color":"","background-image":"","background-repeat":"repeat","background-position":"center center","background-size":"auto","background-attachment":"scroll","background-type":"","background-media":"","overlay-type":"","overlay-color":"","overlay-opacity":"","overlay-gradient":""},"mobile":{"background-color":"","background-image":"","background-repeat":"repeat","background-position":"center center","background-size":"auto","background-attachment":"scroll","background-type":"","background-media":"","overlay-type":"","overlay-color":"","overlay-opacity":"","overlay-gradient":""}},"ast-content-background-meta":{"desktop":{"background-color":"var(--ast-global-color-5)","background-image":"","background-repeat":"repeat","background-position":"center center","background-size":"auto","background-attachment":"scroll","background-type":"","background-media":"","overlay-type":"","overlay-color":"","overlay-opacity":"","overlay-gradient":""},"tablet":{"background-color":"var(--ast-global-color-5)","background-image":"","background-repeat":"repeat","background-position":"center center","background-size":"auto","background-attachment":"scroll","background-type":"","background-media":"","overlay-type":"","overlay-color":"","overlay-opacity":"","overlay-gradient":""},"mobile":{"background-color":"var(--ast-global-color-5)","background-image":"","background-repeat":"repeat","background-position":"center center","background-size":"auto","background-attachment":"scroll","background-type":"","background-media":"","overlay-type":"","overlay-color":"","overlay-opacity":"","overlay-gradient":""}}},"product_brand":[],"product_cat":[120],"product_tag":[],"class_list":{"0":"post-3711","1":"product","2":"type-product","3":"status-publish","4":"has-post-thumbnail","6":"product_cat-wheel-bearing-kits","7":"pa_brand-campagnolo","8":"pa_usage-road","9":"desktop-align-center","10":"tablet-align-center","11":"mobile-align-left","12":"ast-product-gallery-layout-horizontal-slider","13":"ast-qv-on-image","15":"first","16":"instock","17":"taxable","18":"shipping-taxable","19":"purchasable","20":"product-type-simple"},"acf":[],"_links":{"self":[{"href":"https:\/\/cyclingceramic.com\/es\/wp-json\/wp\/v2\/product\/3711","targetHints":{"allow":["GET"]}}],"collection":[{"href":"https:\/\/cyclingceramic.com\/es\/wp-json\/wp\/v2\/product"}],"about":[{"href":"https:\/\/cyclingceramic.com\/es\/wp-json\/wp\/v2\/types\/product"}],"replies":[{"embeddable":true,"href":"https:\/\/cyclingceramic.com\/es\/wp-json\/wp\/v2\/comments?post=3711"}],"wp:featuredmedia":[{"embeddable":true,"href":"https:\/\/cyclingceramic.com\/es\/wp-json\/wp\/v2\/media\/29739"}],"wp:attachment":[{"href":"https:\/\/cyclingceramic.com\/es\/wp-json\/wp\/v2\/media?parent=3711"}],"wp:term":[{"taxonomy":"product_brand","embeddable":true,"href":"https:\/\/cyclingceramic.com\/es\/wp-json\/wp\/v2\/product_brand?post=3711"},{"taxonomy":"product_cat","embeddable":true,"href":"https:\/\/cyclingceramic.com\/es\/wp-json\/wp\/v2\/product_cat?post=3711"},{"taxonomy":"product_tag","embeddable":true,"href":"https:\/\/cyclingceramic.com\/es\/wp-json\/wp\/v2\/product_tag?post=3711"}],"curies":[{"name":"wp","href":"https:\/\/api.w.org\/{rel}","templated":true}]}}