{"id":49702,"date":"2024-04-14T19:51:26","date_gmt":"2024-04-14T17:51:26","guid":{"rendered":"https:\/\/cyclingceramic.com\/?post_type=product&#038;p=49702"},"modified":"2026-04-28T10:47:06","modified_gmt":"2026-04-28T08:47:06","slug":"jaula-sobredimensionada-de-desviador-aero-shimano-ultegra-dura-ace-14-19t","status":"publish","type":"product","link":"https:\/\/cyclingceramic.com\/es\/shop\/shimano-ultegra-dura-ace-oversized-derailleur-aero-cage-14-19t\/","title":{"rendered":"Shimano Ultegra &amp; Dura-Ace - Jaula de desviador AERO sobredimensionada - 14-19T"},"content":{"rendered":"<ol>\n<li><strong><span dir=\"auto\" style=\"vertical-align: inherit;\"><span dir=\"auto\" style=\"vertical-align: inherit;\">Poulies en aluminium et plateaux en carbone\u00a0:<\/span><\/span><\/strong><span dir=\"auto\" style=\"vertical-align: inherit;\"><span dir=\"auto\" style=\"vertical-align: inherit;\"> Les poulies surdimensionn\u00e9es CyclingCeramic sont \u00e9quip\u00e9es de poulies en aluminium usin\u00e9es avec pr\u00e9cision, associ\u00e9es \u00e0 des plateaux en carbone l\u00e9gers et r\u00e9sistants. Cette combinaison de mat\u00e9riaux permet une r\u00e9duction de poids significative tout en offrant une robustesse sup\u00e9rieure, parfaitement adapt\u00e9e aux exigences de la route. Leur design \u00e9l\u00e9gant et a\u00e9rodynamique am\u00e9liore l\u2019a\u00e9rodynamisme global de votre transmission, contribuant ainsi \u00e0 optimiser votre vitesse et votre rendement.<\/span><\/span><\/li>\n<li><strong><span dir=\"auto\" style=\"vertical-align: inherit;\"><span dir=\"auto\" style=\"vertical-align: inherit;\">Technologie des roulements en c\u00e9ramique\u00a0:<\/span><\/span><\/strong><span dir=\"auto\" style=\"vertical-align: inherit;\"><span dir=\"auto\" style=\"vertical-align: inherit;\"> Les roulements en c\u00e9ramique des galets surdimensionn\u00e9s CyclingCeramic sont sp\u00e9cialement con\u00e7us pour <\/span><\/span><strong><span dir=\"auto\" style=\"vertical-align: inherit;\"><span dir=\"auto\" style=\"vertical-align: inherit;\">les groupes Shimano 11 et 12 vitesses DURA ACE et Ultegra<\/span><\/span><\/strong><span dir=\"auto\" style=\"vertical-align: inherit;\"><span dir=\"auto\" style=\"vertical-align: inherit;\"> DI2. Gr\u00e2ce \u00e0 ces roulements de haute qualit\u00e9, vous b\u00e9n\u00e9ficiez d&#8217;une r\u00e9duction significative des frottements lors des changements de vitesse, pour une transmission plus fluide et des \u00e9conomies d&#8217;\u00e9nergie notables. Profitez d&#8217;un p\u00e9dalage plus efficace et optimisez vos performances en mont\u00e9e comme au sprint.<\/span><\/span><\/li>\n<li><strong><span dir=\"auto\" style=\"vertical-align: inherit;\"><span dir=\"auto\" style=\"vertical-align: inherit;\">Test\u00e9s par Frictions Facts\u00a0:<\/span><\/span><\/strong><span dir=\"auto\" style=\"vertical-align: inherit;\"><span dir=\"auto\" style=\"vertical-align: inherit;\"> les roulements de d\u00e9railleurs CyclingCeramic Pulleys ont subi des tests rigoureux men\u00e9s par Frictions Facts, un laboratoire ind\u00e9pendant sp\u00e9cialis\u00e9 dans l\u2019analyse du frottement et de l\u2019efficacit\u00e9 de la transmission dans le cyclisme. Les r\u00e9sultats ont confirm\u00e9 que les roulements en c\u00e9ramique CyclingCeramic figurent parmi les plus rapides du march\u00e9, avec un frottement mesur\u00e9 de seulement <\/span><\/span><strong><span dir=\"auto\" style=\"vertical-align: inherit;\"><span dir=\"auto\" style=\"vertical-align: inherit;\">0,033\u00a0W.<\/span><\/span><\/strong><span dir=\"auto\" style=\"vertical-align: inherit;\"><span dir=\"auto\" style=\"vertical-align: inherit;\"> Cette performance exceptionnelle garantit une transmission ultra-efficace, vous permettant de gagner en vitesse et en pr\u00e9cision lors de vos sorties.<\/span><\/span><\/li>\n<li><strong><span dir=\"auto\" style=\"vertical-align: inherit;\"><span dir=\"auto\" style=\"vertical-align: inherit;\">R\u00e9duction de la tra\u00een\u00e9e a\u00e9rodynamique pour une vitesse accrue :<\/span><\/span><\/strong><span dir=\"auto\" style=\"vertical-align: inherit;\"><span dir=\"auto\" style=\"vertical-align: inherit;\"> Gagnez jusqu&#8217;\u00e0 7 secondes par rapport \u00e0 OSPW CyclingCeramic et 40 secondes par rapport \u00e0 une cage Shimano standard \u00e0 11 vitesses sur 40 km.<\/span><\/span><strong><br \/>\n<\/strong><\/li>\n<li><strong><span dir=\"auto\" style=\"vertical-align: inherit;\"><span dir=\"auto\" style=\"vertical-align: inherit;\">Construction l\u00e9g\u00e8re pour des performances optimales :<\/span><\/span><\/strong><span dir=\"auto\" style=\"vertical-align: inherit;\"><span dir=\"auto\" style=\"vertical-align: inherit;\"> plaques en carbone et poulies en aluminium.<\/span><\/span><strong><br \/>\n<\/strong><\/li>\n<li><strong><span dir=\"auto\" style=\"vertical-align: inherit;\"><span dir=\"auto\" style=\"vertical-align: inherit;\">Conception sp\u00e9cifique pour une compatibilit\u00e9 parfaite avec Shimano DURA ACE et Ultegra.<\/span><\/span><br \/>\n<\/strong><\/li>\n<li><strong><span dir=\"auto\" style=\"vertical-align: inherit;\"><span dir=\"auto\" style=\"vertical-align: inherit;\">Am\u00e9lioration de la r\u00e9activit\u00e9 et de l&#8217;efficacit\u00e9 lors du changement de vitesse.<\/span><\/span><\/strong><\/li>\n<\/ol>\n<p><strong><span dir=\"auto\" style=\"vertical-align: inherit;\"><span dir=\"auto\" style=\"vertical-align: inherit;\">Compatibilit\u00e9 :<\/span><\/span><\/strong><span dir=\"auto\" style=\"vertical-align: inherit;\"><span dir=\"auto\" style=\"vertical-align: inherit;\"> Les poulies surdimensionn\u00e9es CyclingCeramic sont parfaitement compatibles avec <\/span><\/span><strong><span dir=\"auto\" style=\"vertical-align: inherit;\"><span dir=\"auto\" style=\"vertical-align: inherit;\">les groupes Shimano 11 et 12 vitesses DURA ACE et<\/span><\/span><\/strong><span dir=\"auto\" style=\"vertical-align: inherit;\"><span dir=\"auto\" style=\"vertical-align: inherit;\"> les d\u00e9railleurs Ultegra DI2, vous offrant une solution sur mesure pour am\u00e9liorer les performances de votre transmission.<\/span><\/span><\/p>\n<p><span dir=\"auto\" style=\"vertical-align: inherit;\"><span dir=\"auto\" style=\"vertical-align: inherit;\">Optimisez votre d\u00e9railleur Shimano DI2 avec les galets surdimensionn\u00e9s CyclingCeramic. Profitez d&#8217;une transmission fluide, d&#8217;une r\u00e9activit\u00e9 accrue et d&#8217;une durabilit\u00e9 renforc\u00e9e lors de vos sorties \u00e0 v\u00e9lo. Visez l&#8217;excellence et repoussez vos limites avec CyclingCeramic\u00a0!<\/span><\/span><\/p>\n<p><strong><span dir=\"auto\" style=\"vertical-align: inherit;\"><span dir=\"auto\" style=\"vertical-align: inherit;\">Compatible avec les groupes Shimano DURA ACE et Ultegra<\/span><\/span><br \/>\n<\/strong><\/p>\n<p>&nbsp;<\/p>","protected":false},"excerpt":{"rendered":"<p><strong>La jaula AERO para Shimano DURA-ACE y Ultegra de 11 y 12 velocidades<\/strong> groupsets est\u00e1 dise\u00f1ado espec\u00edficamente para optimizar la aerodin\u00e1mica de tu bicicleta de carretera o triatl\u00f3n. Fabricado con materiales ligeros y duraderos, reduce significativamente la resistencia al avance, lo que te permite ganar velocidad y eficiencia. Su dise\u00f1o optimizado garantiza un funcionamiento suave y preciso, incluso en las condiciones m\u00e1s exigentes.<\/p>","protected":false},"featured_media":56426,"comment_status":"open","ping_status":"closed","template":"","meta":{"_acf_changed":false,"site-sidebar-layout":"default","site-content-layout":"","ast-site-content-layout":"default","site-content-style":"default","site-sidebar-style":"default","ast-global-header-display":"","ast-banner-title-visibility":"","ast-main-header-display":"","ast-hfb-above-header-display":"","ast-hfb-below-header-display":"","ast-hfb-mobile-header-display":"","site-post-title":"","ast-breadcrumbs-content":"","ast-featured-img":"","footer-sml-layout":"","ast-disable-related-posts":"","theme-transparent-header-meta":"default","adv-header-id-meta":"","stick-header-meta":"default","header-above-stick-meta":"","header-main-stick-meta":"","header-below-stick-meta":"","astra-migrate-meta-layouts":"set","ast-page-background-enabled":"default","ast-page-background-meta":{"desktop":{"background-color":"var(--ast-global-color-4)","background-image":"","background-repeat":"repeat","background-position":"center center","background-size":"auto","background-attachment":"scroll","background-type":"","background-media":"","overlay-type":"","overlay-color":"","overlay-opacity":"","overlay-gradient":""},"tablet":{"background-color":"","background-image":"","background-repeat":"repeat","background-position":"center center","background-size":"auto","background-attachment":"scroll","background-type":"","background-media":"","overlay-type":"","overlay-color":"","overlay-opacity":"","overlay-gradient":""},"mobile":{"background-color":"","background-image":"","background-repeat":"repeat","background-position":"center center","background-size":"auto","background-attachment":"scroll","background-type":"","background-media":"","overlay-type":"","overlay-color":"","overlay-opacity":"","overlay-gradient":""}},"ast-content-background-meta":{"desktop":{"background-color":"var(--ast-global-color-5)","background-image":"","background-repeat":"repeat","background-position":"center center","background-size":"auto","background-attachment":"scroll","background-type":"","background-media":"","overlay-type":"","overlay-color":"","overlay-opacity":"","overlay-gradient":""},"tablet":{"background-color":"var(--ast-global-color-5)","background-image":"","background-repeat":"repeat","background-position":"center center","background-size":"auto","background-attachment":"scroll","background-type":"","background-media":"","overlay-type":"","overlay-color":"","overlay-opacity":"","overlay-gradient":""},"mobile":{"background-color":"var(--ast-global-color-5)","background-image":"","background-repeat":"repeat","background-position":"center center","background-size":"auto","background-attachment":"scroll","background-type":"","background-media":"","overlay-type":"","overlay-color":"","overlay-opacity":"","overlay-gradient":""}}},"product_brand":[],"product_cat":[167],"product_tag":[],"class_list":{"0":"post-49702","1":"product","2":"type-product","3":"status-publish","4":"has-post-thumbnail","6":"product_cat-oversized-derailleur-cages","7":"pa_colour-black","8":"pa_compatibility-shimano","9":"pa_speed-1167","10":"pa_speed-1168","11":"pa_usage-aero","12":"desktop-align-center","13":"tablet-align-center","14":"mobile-align-left","15":"ast-product-gallery-layout-horizontal-slider","16":"ast-qv-on-image","18":"first","19":"outofstock","20":"taxable","21":"shipping-taxable","22":"purchasable","23":"product-type-simple"},"acf":[],"_links":{"self":[{"href":"https:\/\/cyclingceramic.com\/es\/wp-json\/wp\/v2\/product\/49702","targetHints":{"allow":["GET"]}}],"collection":[{"href":"https:\/\/cyclingceramic.com\/es\/wp-json\/wp\/v2\/product"}],"about":[{"href":"https:\/\/cyclingceramic.com\/es\/wp-json\/wp\/v2\/types\/product"}],"replies":[{"embeddable":true,"href":"https:\/\/cyclingceramic.com\/es\/wp-json\/wp\/v2\/comments?post=49702"}],"wp:featuredmedia":[{"embeddable":true,"href":"https:\/\/cyclingceramic.com\/es\/wp-json\/wp\/v2\/media\/56426"}],"wp:attachment":[{"href":"https:\/\/cyclingceramic.com\/es\/wp-json\/wp\/v2\/media?parent=49702"}],"wp:term":[{"taxonomy":"product_brand","embeddable":true,"href":"https:\/\/cyclingceramic.com\/es\/wp-json\/wp\/v2\/product_brand?post=49702"},{"taxonomy":"product_cat","embeddable":true,"href":"https:\/\/cyclingceramic.com\/es\/wp-json\/wp\/v2\/product_cat?post=49702"},{"taxonomy":"product_tag","embeddable":true,"href":"https:\/\/cyclingceramic.com\/es\/wp-json\/wp\/v2\/product_tag?post=49702"}],"curies":[{"name":"wp","href":"https:\/\/api.w.org\/{rel}","templated":true}]}}