{"id":55786,"date":"2025-01-09T19:34:06","date_gmt":"2025-01-09T18:34:06","guid":{"rendered":"https:\/\/cyclingceramic.com\/?post_type=product&#038;p=55786"},"modified":"2026-04-17T13:14:08","modified_gmt":"2026-04-17T11:14:08","slug":"ospw-race-4-radios-para-shimano-105","status":"publish","type":"product","link":"https:\/\/cyclingceramic.com\/es\/shop\/ospw-race-4-spoke-for-shimano-105\/","title":{"rendered":"OSPW Race 4-Rayos para Shimano 105"},"content":{"rendered":"<ol>\n<li><strong>Poleas de Aluminio y Placas de Carbono:<\/strong> CyclingCeramic Oversized Pulleys are equipped with precision-machined aluminum pulleys, combined with a lightweight and durable carbon plate at the back and an aluminium plate at the front. This material combination ensures a significant weight reduction while providing superior strength, perfectly suited for road requirements. Their sleek and aerodynamic design enhances the overall aerodynamics of your transmission, helping you gain speed and efficiency.<\/li>\n<li><strong>Tecnolog\u00eda de rodamientos cer\u00e1micos:<\/strong> Los rodamientos cer\u00e1micos de las roldanas sobredimensionadas de CyclingCeramic est\u00e1n espec\u00edficamente dise\u00f1ados para <strong>Shimano 105 R7100 y 7150 DI2<\/strong> cambios. Con estos rodamientos de alta calidad, te beneficias de una notable reducci\u00f3n de la fricci\u00f3n durante los cambios de marcha, lo que se traduce en una transmisi\u00f3n m\u00e1s suave y un ahorro de energ\u00eda perceptible. Disfruta de una experiencia de pedaleo m\u00e1s eficiente, optimizando tu rendimiento en subidas y sprints.<\/li>\n<li><strong>Probado por Frictions Facts:<\/strong> Los desviadores con rodamientos CyclingCeramic Pulleys han sido sometidos a rigurosas pruebas por Frictions Facts, un laboratorio independiente especializado en el an\u00e1lisis de la fricci\u00f3n y la eficiencia de la transmisi\u00f3n en el ciclismo. Los resultados de las pruebas han confirmado que los rodamientos cer\u00e1micos de CyclingCeramic se encuentran entre los m\u00e1s r\u00e1pidos del mercado, con una fricci\u00f3n medida de s\u00f3lo <strong>0,033w<\/strong>. Este rendimiento excepcional garantiza una transmisi\u00f3n ultrarr\u00e1pida, permiti\u00e9ndote ganar velocidad y precisi\u00f3n durante tus salidas.<\/li>\n<\/ol>\n<p><strong>Compatibilidad<\/strong> CyclingCeramic Oversized Pulleys are perfectly compatible with Shimano 105 DI2 derailleurs, providing you with a tailor-made solution to enhance the performance of your transmission. Give your Shimano 105 DI2 derailleur a competitive edge with CyclingCeramic Oversized Pulleys. Experience smooth transmission, improved responsiveness, and increased durability during your bike rides. Choose excellence and push your limits with CyclingCeramic! <strong>Compatible with Shimano 105 R7100 &amp; 7150 DI2<\/strong><\/p>\n<ol>\n<li style=\"list-style-type: none;\"><\/li>\n<\/ol>","protected":false},"excerpt":{"rendered":"<p>Las poleas CyclingCeramic Oversized han sido especialmente dise\u00f1adas para ofrecer una mejora excepcional en el rendimiento y la eficiencia de su <strong>Shimano 105 R7100 y 7150 DI2<\/strong> desviador. Fabricadas con materiales de alta calidad y equipadas con tecnolog\u00eda avanzada, estas poleas son la elecci\u00f3n perfecta para ciclistas exigentes que buscan liberar todo el potencial de su <strong>Shimano 105 R7100 y 7150 DI2<\/strong> transmisi\u00f3n.<\/p>","protected":false},"featured_media":62221,"comment_status":"open","ping_status":"closed","template":"","meta":{"_acf_changed":false,"site-sidebar-layout":"default","site-content-layout":"","ast-site-content-layout":"default","site-content-style":"default","site-sidebar-style":"default","ast-global-header-display":"","ast-banner-title-visibility":"","ast-main-header-display":"","ast-hfb-above-header-display":"","ast-hfb-below-header-display":"","ast-hfb-mobile-header-display":"","site-post-title":"","ast-breadcrumbs-content":"","ast-featured-img":"","footer-sml-layout":"","ast-disable-related-posts":"","theme-transparent-header-meta":"default","adv-header-id-meta":"","stick-header-meta":"default","header-above-stick-meta":"","header-main-stick-meta":"","header-below-stick-meta":"","astra-migrate-meta-layouts":"set","ast-page-background-enabled":"default","ast-page-background-meta":{"desktop":{"background-color":"var(--ast-global-color-4)","background-image":"","background-repeat":"repeat","background-position":"center center","background-size":"auto","background-attachment":"scroll","background-type":"","background-media":"","overlay-type":"","overlay-color":"","overlay-opacity":"","overlay-gradient":""},"tablet":{"background-color":"","background-image":"","background-repeat":"repeat","background-position":"center center","background-size":"auto","background-attachment":"scroll","background-type":"","background-media":"","overlay-type":"","overlay-color":"","overlay-opacity":"","overlay-gradient":""},"mobile":{"background-color":"","background-image":"","background-repeat":"repeat","background-position":"center center","background-size":"auto","background-attachment":"scroll","background-type":"","background-media":"","overlay-type":"","overlay-color":"","overlay-opacity":"","overlay-gradient":""}},"ast-content-background-meta":{"desktop":{"background-color":"var(--ast-global-color-5)","background-image":"","background-repeat":"repeat","background-position":"center center","background-size":"auto","background-attachment":"scroll","background-type":"","background-media":"","overlay-type":"","overlay-color":"","overlay-opacity":"","overlay-gradient":""},"tablet":{"background-color":"var(--ast-global-color-5)","background-image":"","background-repeat":"repeat","background-position":"center center","background-size":"auto","background-attachment":"scroll","background-type":"","background-media":"","overlay-type":"","overlay-color":"","overlay-opacity":"","overlay-gradient":""},"mobile":{"background-color":"var(--ast-global-color-5)","background-image":"","background-repeat":"repeat","background-position":"center center","background-size":"auto","background-attachment":"scroll","background-type":"","background-media":"","overlay-type":"","overlay-color":"","overlay-opacity":"","overlay-gradient":""}}},"product_brand":[],"product_cat":[167],"product_tag":[],"class_list":{"0":"post-55786","1":"product","2":"type-product","3":"status-publish","4":"has-post-thumbnail","6":"product_cat-oversized-derailleur-cages","7":"pa_colour-black","8":"pa_colour-blue","9":"pa_colour-gold","10":"pa_colour-grey-prague-special-edition","11":"pa_colour-pink-meridian","12":"pa_colour-red","13":"pa_compatibility-shimano","14":"pa_speed-1167","15":"pa_speed-1168","16":"pa_usage-road","17":"desktop-align-center","18":"tablet-align-center","19":"mobile-align-left","20":"ast-product-gallery-layout-horizontal-slider","21":"ast-product-single-variable","22":"ast-qv-on-image","24":"first","25":"instock","26":"taxable","27":"shipping-taxable","28":"purchasable","29":"product-type-variable","30":"has-default-attributes"},"acf":[],"_links":{"self":[{"href":"https:\/\/cyclingceramic.com\/es\/wp-json\/wp\/v2\/product\/55786","targetHints":{"allow":["GET"]}}],"collection":[{"href":"https:\/\/cyclingceramic.com\/es\/wp-json\/wp\/v2\/product"}],"about":[{"href":"https:\/\/cyclingceramic.com\/es\/wp-json\/wp\/v2\/types\/product"}],"replies":[{"embeddable":true,"href":"https:\/\/cyclingceramic.com\/es\/wp-json\/wp\/v2\/comments?post=55786"}],"wp:featuredmedia":[{"embeddable":true,"href":"https:\/\/cyclingceramic.com\/es\/wp-json\/wp\/v2\/media\/62221"}],"wp:attachment":[{"href":"https:\/\/cyclingceramic.com\/es\/wp-json\/wp\/v2\/media?parent=55786"}],"wp:term":[{"taxonomy":"product_brand","embeddable":true,"href":"https:\/\/cyclingceramic.com\/es\/wp-json\/wp\/v2\/product_brand?post=55786"},{"taxonomy":"product_cat","embeddable":true,"href":"https:\/\/cyclingceramic.com\/es\/wp-json\/wp\/v2\/product_cat?post=55786"},{"taxonomy":"product_tag","embeddable":true,"href":"https:\/\/cyclingceramic.com\/es\/wp-json\/wp\/v2\/product_tag?post=55786"}],"curies":[{"name":"wp","href":"https:\/\/api.w.org\/{rel}","templated":true}]}}