{"id":57734,"date":"2025-06-06T09:53:19","date_gmt":"2025-06-06T07:53:19","guid":{"rendered":"https:\/\/cyclingceramic.com\/?post_type=product&#038;p=57734"},"modified":"2026-04-21T09:25:21","modified_gmt":"2026-04-21T07:25:21","slug":"caja-de-cambio-delantera-oversized-doble-shimano-grx-rx-11-12v-max-36t-para-gravel-14-19t","status":"publish","type":"product","link":"https:\/\/cyclingceramic.com\/es\/shop\/shimano-grx-rx-11-12sp-max-36t-double-oversized-derailleur-cage-gravel-14-19t\/","title":{"rendered":"Shimano GRX - RX 11 &amp; 12sp - ( Max 36T Doble) - Jaula Desviadora Sobredimensionada Gravel - 14-19T"},"content":{"rendered":"<ol>\n<li><strong>Poleas de Aluminio y Placas de Carbono:<\/strong> Las poleas sobredimensionadas CyclingCeramic est\u00e1n equipadas con poleas de aluminio mecanizadas con precisi\u00f3n, combinadas con placas de carbono y aluminio ligeras y duraderas. Esta combinaci\u00f3n de materiales asegura una reducci\u00f3n significativa de peso al tiempo que proporciona una resistencia superior, perfectamente adaptada a los requisitos de la carretera. Su dise\u00f1o elegante y aerodin\u00e1mico mejora la aerodin\u00e1mica general de su transmisi\u00f3n, ayud\u00e1ndole a ganar velocidad y eficiencia.<\/li>\n<li><strong>Tecnolog\u00eda de rodamientos cer\u00e1micos:<\/strong> Los rodamientos cer\u00e1micos de las roldanas sobredimensionadas de CyclingCeramic est\u00e1n espec\u00edficamente dise\u00f1ados para\u00a0<strong>Shimano GRX RX 11 y 12V <\/strong>cambios. Con estos rodamientos de alta calidad, te beneficias de una notable reducci\u00f3n de la fricci\u00f3n durante los cambios de marcha, lo que se traduce en una transmisi\u00f3n m\u00e1s suave y un ahorro de energ\u00eda perceptible. Disfruta de una experiencia de pedaleo m\u00e1s eficiente, optimizando tu rendimiento en subidas y sprints.<\/li>\n<li><strong>Ventaja de grava: <\/strong>Las poleas sobredimensionadas CyclingCeramic sacan partido de tus aventuras de gravel. Gracias a su ingenioso dise\u00f1o, ofrecen una adaptaci\u00f3n \u00f3ptima a tu transmisi\u00f3n al permitir a\u00f1adir hasta 2 dientes extra en un cassette de gravel. Esta sutil modificaci\u00f3n mejora significativamente la eficiencia de la transmisi\u00f3n, proporcionando mayor potencia en condiciones exigentes. Ya sea que afrontes subidas empinadas o terrenos dif\u00edciles, las poleas sobredimensionadas CyclingCeramic maximizan el rendimiento de tu transmisi\u00f3n, permiti\u00e9ndote conquistar con confianza los desaf\u00edos del gravel. Disfruta de una experiencia de conducci\u00f3n suave y una mejor tracci\u00f3n, impuls\u00e1ndote hacia adelante incluso en las situaciones m\u00e1s dif\u00edciles.<\/li>\n<li><strong>Probado por Frictions Facts:<\/strong> Los desviadores con rodamientos CyclingCeramic Pulleys han sido sometidos a rigurosas pruebas por Frictions Facts, un laboratorio independiente especializado en el an\u00e1lisis de la fricci\u00f3n y la eficiencia de la transmisi\u00f3n en el ciclismo. Los resultados de las pruebas han confirmado que los rodamientos cer\u00e1micos de CyclingCeramic se encuentran entre los m\u00e1s r\u00e1pidos del mercado, con una fricci\u00f3n medida de s\u00f3lo <strong>0,033w<\/strong>. Este rendimiento excepcional garantiza una transmisi\u00f3n ultrarr\u00e1pida, permiti\u00e9ndote ganar velocidad y precisi\u00f3n durante tus salidas.<\/li>\n<\/ol>\n<p><strong>Compatibilidad<\/strong> Las poleas sobredimensionadas CyclingCeramic son perfectamente compatibles con\u00a0<strong>Shimano GRX RX 11 y 12V<\/strong>\u00a0desviadores, ofreci\u00e9ndole una soluci\u00f3n a medida para mejorar el rendimiento de su transmisi\u00f3n.<\/p>\n<p>Dar tu\u00a0<strong>Shimano GRX RX 11 y 12V<\/strong>\u00a0adel\u00e1ntate a la competencia con las Poleas Oversized de CyclingCeramic. Experimenta una transmisi\u00f3n suave, una mejor respuesta y una mayor durabilidad durante tus paseos en bicicleta. \u00a1Elige la excelencia y supera tus l\u00edmites con CyclingCeramic!<\/p>\n<p>&nbsp;<\/p>\n<p><strong>Compatible con Shimano GRX RX 11 y 12 pi\u00f1ones<\/strong><\/p>\n<p>Recomendamos usar una cadena nueva para un mejor ajuste y a\u00f1adir de 2 a 4 eslabones m\u00e1s.<\/p>","protected":false},"excerpt":{"rendered":"<p>Las poleas CyclingCeramic Oversized han sido especialmente dise\u00f1adas para ofrecer una mejora excepcional en el rendimiento y la eficiencia de su <strong>Shimano GRX RX 11 y 12V<\/strong>\u00a0desviador. Fabricadas con materiales de alta calidad y equipadas con tecnolog\u00eda avanzada, estas poleas son la elecci\u00f3n perfecta para ciclistas exigentes que buscan liberar todo el potencial de su <strong>Shimano GRX RX 11 y 12V<\/strong>\u00a0transmisi\u00f3n.<\/p>","protected":false},"featured_media":62271,"comment_status":"open","ping_status":"closed","template":"","meta":{"_acf_changed":false,"site-sidebar-layout":"default","site-content-layout":"","ast-site-content-layout":"default","site-content-style":"default","site-sidebar-style":"default","ast-global-header-display":"","ast-banner-title-visibility":"","ast-main-header-display":"","ast-hfb-above-header-display":"","ast-hfb-below-header-display":"","ast-hfb-mobile-header-display":"","site-post-title":"","ast-breadcrumbs-content":"","ast-featured-img":"","footer-sml-layout":"","ast-disable-related-posts":"","theme-transparent-header-meta":"default","adv-header-id-meta":"","stick-header-meta":"default","header-above-stick-meta":"","header-main-stick-meta":"","header-below-stick-meta":"","astra-migrate-meta-layouts":"set","ast-page-background-enabled":"default","ast-page-background-meta":{"desktop":{"background-color":"var(--ast-global-color-4)","background-image":"","background-repeat":"repeat","background-position":"center center","background-size":"auto","background-attachment":"scroll","background-type":"","background-media":"","overlay-type":"","overlay-color":"","overlay-opacity":"","overlay-gradient":""},"tablet":{"background-color":"","background-image":"","background-repeat":"repeat","background-position":"center center","background-size":"auto","background-attachment":"scroll","background-type":"","background-media":"","overlay-type":"","overlay-color":"","overlay-opacity":"","overlay-gradient":""},"mobile":{"background-color":"","background-image":"","background-repeat":"repeat","background-position":"center center","background-size":"auto","background-attachment":"scroll","background-type":"","background-media":"","overlay-type":"","overlay-color":"","overlay-opacity":"","overlay-gradient":""}},"ast-content-background-meta":{"desktop":{"background-color":"var(--ast-global-color-5)","background-image":"","background-repeat":"repeat","background-position":"center center","background-size":"auto","background-attachment":"scroll","background-type":"","background-media":"","overlay-type":"","overlay-color":"","overlay-opacity":"","overlay-gradient":""},"tablet":{"background-color":"var(--ast-global-color-5)","background-image":"","background-repeat":"repeat","background-position":"center center","background-size":"auto","background-attachment":"scroll","background-type":"","background-media":"","overlay-type":"","overlay-color":"","overlay-opacity":"","overlay-gradient":""},"mobile":{"background-color":"var(--ast-global-color-5)","background-image":"","background-repeat":"repeat","background-position":"center center","background-size":"auto","background-attachment":"scroll","background-type":"","background-media":"","overlay-type":"","overlay-color":"","overlay-opacity":"","overlay-gradient":""}}},"product_brand":[],"product_cat":[167],"product_tag":[],"class_list":{"0":"post-57734","1":"product","2":"type-product","3":"status-publish","4":"has-post-thumbnail","6":"product_cat-oversized-derailleur-cages","7":"pa_colour-black","8":"pa_compatibility-shimano","9":"pa_speed-1167","10":"pa_speed-1168","11":"pa_usage-gravel","12":"desktop-align-center","13":"tablet-align-center","14":"mobile-align-left","15":"ast-product-gallery-layout-horizontal-slider","16":"ast-qv-on-image","18":"first","19":"instock","20":"taxable","21":"shipping-taxable","22":"purchasable","23":"product-type-simple"},"acf":[],"_links":{"self":[{"href":"https:\/\/cyclingceramic.com\/es\/wp-json\/wp\/v2\/product\/57734","targetHints":{"allow":["GET"]}}],"collection":[{"href":"https:\/\/cyclingceramic.com\/es\/wp-json\/wp\/v2\/product"}],"about":[{"href":"https:\/\/cyclingceramic.com\/es\/wp-json\/wp\/v2\/types\/product"}],"replies":[{"embeddable":true,"href":"https:\/\/cyclingceramic.com\/es\/wp-json\/wp\/v2\/comments?post=57734"}],"wp:featuredmedia":[{"embeddable":true,"href":"https:\/\/cyclingceramic.com\/es\/wp-json\/wp\/v2\/media\/62271"}],"wp:attachment":[{"href":"https:\/\/cyclingceramic.com\/es\/wp-json\/wp\/v2\/media?parent=57734"}],"wp:term":[{"taxonomy":"product_brand","embeddable":true,"href":"https:\/\/cyclingceramic.com\/es\/wp-json\/wp\/v2\/product_brand?post=57734"},{"taxonomy":"product_cat","embeddable":true,"href":"https:\/\/cyclingceramic.com\/es\/wp-json\/wp\/v2\/product_cat?post=57734"},{"taxonomy":"product_tag","embeddable":true,"href":"https:\/\/cyclingceramic.com\/es\/wp-json\/wp\/v2\/product_tag?post=57734"}],"curies":[{"name":"wp","href":"https:\/\/api.w.org\/{rel}","templated":true}]}}