{"id":62023,"date":"2026-03-26T12:10:15","date_gmt":"2026-03-26T11:10:15","guid":{"rendered":"https:\/\/cyclingceramic.com\/?post_type=product&#038;p=62023"},"modified":"2026-04-14T10:35:13","modified_gmt":"2026-04-14T08:35:13","slug":"kit-cojinete-de-rueda-hunt-5","status":"publish","type":"product","link":"https:\/\/cyclingceramic.com\/es\/shop\/wheel-bearing-kit-hunt-5\/","title":{"rendered":"Kit de rodamiento de rueda HUNT5"},"content":{"rendered":"<ol>\n<li><strong><span dir=\"auto\" style=\"vertical-align: inherit;\">Material cer\u00e1mico de alta calidad:<\/span><\/strong><span dir=\"auto\" style=\"vertical-align: inherit;\"> Los rodamientos CyclingCeramic est\u00e1n fabricados con bolas de cer\u00e1mica de alta precisi\u00f3n. Este material ofrece una excepcional resistencia al desgaste y reduce significativamente la fricci\u00f3n, para una experiencia de pedaleo m\u00e1s suave y eficiente.<\/span><\/li>\n<li><strong><span dir=\"auto\" style=\"vertical-align: inherit;\">Rendimiento mejorado:<\/span><\/strong><span dir=\"auto\" style=\"vertical-align: inherit;\"> Gracias a su dise\u00f1o cer\u00e1mico, estos rodamientos reducen la fricci\u00f3n en comparaci\u00f3n con los rodamientos de acero tradicionales. Esto se traduce en una menor p\u00e9rdida de energ\u00eda y una transmisi\u00f3n de potencia m\u00e1s directa desde tus pedales. As\u00ed, puedes alcanzar velocidades m\u00e1s altas con menos esfuerzo.<\/span><\/li>\n<li><strong><span dir=\"auto\" style=\"vertical-align: inherit;\">Mayor durabilidad<\/span><\/strong><span dir=\"auto\" style=\"vertical-align: inherit;\"> Los rodamientos cer\u00e1micos son conocidos por su longevidad. Gracias a su mayor resistencia al desgaste, requieren menos mantenimiento y tienen una vida \u00fatil m\u00e1s larga que los rodamientos de acero est\u00e1ndar. Est\u00e1n dise\u00f1ados para soportar las condiciones m\u00e1s exigentes, ya sea en carretera o en bicicleta de monta\u00f1a.<\/span><\/li>\n<li><strong><span dir=\"auto\" style=\"vertical-align: inherit;\">Compatibilidad con las ruedas HUNT 54_58 Aerodynamistic UD Carbon spoke Disc<br \/>\n<\/span><span data-sheets-root=\"1\">\u00a0<\/span><\/strong><strong><span dir=\"auto\" style=\"vertical-align: inherit;\">\u00a0:<\/span><\/strong><span dir=\"auto\" style=\"vertical-align: inherit;\"> Estos rodamientos est\u00e1n especialmente dise\u00f1ados para adaptarse perfectamente a las ruedas HUNT 54_58 Aerodynamistic UD Carbon spoke Disc<\/span><span dir=\"auto\" style=\"vertical-align: inherit;\">. Se integran perfectamente con los bujes y ofrecen una compatibilidad \u00f3ptima para una f\u00e1cil instalaci\u00f3n. De este modo, podr\u00e1s disfrutar de las ventajas de los rodamientos cer\u00e1micos sin comprometer la integridad de tus ruedas HUNT 54_58 Aerodynamistic UD Carbon spoke Disc.<\/span><span dir=\"auto\" style=\"vertical-align: inherit;\">.<\/span><\/li>\n<li><strong><span dir=\"auto\" style=\"vertical-align: inherit;\">Mantenimiento simplificado:<\/span><\/strong><span dir=\"auto\" style=\"vertical-align: inherit;\"> Los rodamientos de cer\u00e1mica para bicicletas est\u00e1n dise\u00f1ados para un f\u00e1cil mantenimiento. Requieren menos lubricaci\u00f3n y son menos susceptibles a la corrosi\u00f3n que los rodamientos de acero tradicionales. Esto reduce el tiempo de mantenimiento y prolonga su vida \u00fatil.<\/span><\/li>\n<\/ol>\n<p><span dir=\"auto\" style=\"vertical-align: inherit;\">Rodamientos de cer\u00e1mica CyclingCeramic para kits de rueda HUNT 54_58 Aerodin\u00e1mico UD Carbono Radiado Disco<\/span><strong>\u00a0<\/strong><span dir=\"auto\" style=\"vertical-align: inherit;\">son una inversi\u00f3n acertada para cualquier ciclista que busque mejorar su rendimiento y la vida \u00fatil de sus rodamientos. Ofreciendo una fricci\u00f3n reducida, una mayor transmisi\u00f3n de potencia y una durabilidad superior, estos rodamientos te permitir\u00e1n superar tus l\u00edmites tanto en carretera como en senderos.<\/span><\/p>\n<p><em><span dir=\"auto\" style=\"vertical-align: inherit;\">Nota: Verifique la compatibilidad exacta con su <\/span><\/em><span dir=\"auto\" style=\"vertical-align: inherit;\"><em>Antes de comprar el kit de ruedas HUNT 54_58 Aerodynamistic UD Carbon spoke Disc, se recomienda seguir las instrucciones del fabricante para la instalaci\u00f3n y el mantenimiento de los rodamientos.<\/em><\/span><strong>\u00a0<\/strong><\/p>","protected":false},"excerpt":{"rendered":"<p class=\"translation-block\">Los rodamientos cer\u00e1micos de CyclingCeramic est\u00e1n especialmente dise\u00f1ados para los kits de ruedas **<span dir=\"auto\" style=\"vertical-align: inherit\">HUNT 54_58 Aerodynamistic UD Carbon spoke Disc<\/span>**, ofreciendo un rendimiento superior y una mayor durabilidad. Ya seas un ciclista profesional que busca mejorar tu velocidad y eficiencia o un aficionado entusiasta que desea mejorar la calidad de tus paseos en bicicleta, estos rodamientos son una opci\u00f3n ideal.<\/p>","protected":false},"featured_media":62024,"comment_status":"open","ping_status":"closed","template":"","meta":{"_acf_changed":false,"site-sidebar-layout":"default","site-content-layout":"","ast-site-content-layout":"default","site-content-style":"default","site-sidebar-style":"default","ast-global-header-display":"","ast-banner-title-visibility":"","ast-main-header-display":"","ast-hfb-above-header-display":"","ast-hfb-below-header-display":"","ast-hfb-mobile-header-display":"","site-post-title":"","ast-breadcrumbs-content":"","ast-featured-img":"","footer-sml-layout":"","ast-disable-related-posts":"","theme-transparent-header-meta":"default","adv-header-id-meta":"","stick-header-meta":"default","header-above-stick-meta":"","header-main-stick-meta":"","header-below-stick-meta":"","astra-migrate-meta-layouts":"set","ast-page-background-enabled":"default","ast-page-background-meta":{"desktop":{"background-color":"var(--ast-global-color-4)","background-image":"","background-repeat":"repeat","background-position":"center center","background-size":"auto","background-attachment":"scroll","background-type":"","background-media":"","overlay-type":"","overlay-color":"","overlay-opacity":"","overlay-gradient":""},"tablet":{"background-color":"","background-image":"","background-repeat":"repeat","background-position":"center center","background-size":"auto","background-attachment":"scroll","background-type":"","background-media":"","overlay-type":"","overlay-color":"","overlay-opacity":"","overlay-gradient":""},"mobile":{"background-color":"","background-image":"","background-repeat":"repeat","background-position":"center center","background-size":"auto","background-attachment":"scroll","background-type":"","background-media":"","overlay-type":"","overlay-color":"","overlay-opacity":"","overlay-gradient":""}},"ast-content-background-meta":{"desktop":{"background-color":"var(--ast-global-color-5)","background-image":"","background-repeat":"repeat","background-position":"center center","background-size":"auto","background-attachment":"scroll","background-type":"","background-media":"","overlay-type":"","overlay-color":"","overlay-opacity":"","overlay-gradient":""},"tablet":{"background-color":"var(--ast-global-color-5)","background-image":"","background-repeat":"repeat","background-position":"center center","background-size":"auto","background-attachment":"scroll","background-type":"","background-media":"","overlay-type":"","overlay-color":"","overlay-opacity":"","overlay-gradient":""},"mobile":{"background-color":"var(--ast-global-color-5)","background-image":"","background-repeat":"repeat","background-position":"center center","background-size":"auto","background-attachment":"scroll","background-type":"","background-media":"","overlay-type":"","overlay-color":"","overlay-opacity":"","overlay-gradient":""}}},"product_brand":[],"product_cat":[120],"product_tag":[],"class_list":{"0":"post-62023","1":"product","2":"type-product","3":"status-publish","4":"has-post-thumbnail","6":"product_cat-wheel-bearing-kits","7":"pa_brand-hunt","8":"desktop-align-center","9":"tablet-align-center","10":"mobile-align-left","11":"ast-product-gallery-layout-horizontal-slider","12":"ast-qv-on-image","14":"first","15":"instock","16":"taxable","17":"shipping-taxable","18":"purchasable","19":"product-type-simple"},"acf":[],"_links":{"self":[{"href":"https:\/\/cyclingceramic.com\/es\/wp-json\/wp\/v2\/product\/62023","targetHints":{"allow":["GET"]}}],"collection":[{"href":"https:\/\/cyclingceramic.com\/es\/wp-json\/wp\/v2\/product"}],"about":[{"href":"https:\/\/cyclingceramic.com\/es\/wp-json\/wp\/v2\/types\/product"}],"replies":[{"embeddable":true,"href":"https:\/\/cyclingceramic.com\/es\/wp-json\/wp\/v2\/comments?post=62023"}],"wp:featuredmedia":[{"embeddable":true,"href":"https:\/\/cyclingceramic.com\/es\/wp-json\/wp\/v2\/media\/62024"}],"wp:attachment":[{"href":"https:\/\/cyclingceramic.com\/es\/wp-json\/wp\/v2\/media?parent=62023"}],"wp:term":[{"taxonomy":"product_brand","embeddable":true,"href":"https:\/\/cyclingceramic.com\/es\/wp-json\/wp\/v2\/product_brand?post=62023"},{"taxonomy":"product_cat","embeddable":true,"href":"https:\/\/cyclingceramic.com\/es\/wp-json\/wp\/v2\/product_cat?post=62023"},{"taxonomy":"product_tag","embeddable":true,"href":"https:\/\/cyclingceramic.com\/es\/wp-json\/wp\/v2\/product_tag?post=62023"}],"curies":[{"name":"wp","href":"https:\/\/api.w.org\/{rel}","templated":true}]}}