{"id":44281,"date":"2023-07-17T18:47:58","date_gmt":"2023-07-17T16:47:58","guid":{"rendered":"https:\/\/cyclingceramic.com\/bottom-brackets\/"},"modified":"2025-11-20T15:09:08","modified_gmt":"2025-11-20T14:09:08","slug":"boitiers-de-pedalier-2","status":"publish","type":"page","link":"https:\/\/cyclingceramic.com\/fr\/bottom-brackets\/","title":{"rendered":"Bo\u00eetiers de p\u00e9dalier"},"content":{"rendered":"<div data-elementor-type=\"wp-page\" data-elementor-id=\"44281\" class=\"elementor elementor-44281\" data-elementor-post-type=\"page\">\n\t\t\t\t<div class=\"elementor-element elementor-element-0e1f8cf e-flex e-con-boxed e-con e-parent\" data-id=\"0e1f8cf\" data-element_type=\"container\" data-e-type=\"container\">\n\t\t\t\t\t<div class=\"e-con-inner\">\n\t\t<div class=\"elementor-element elementor-element-99633c8 e-con-full e-flex e-con e-child\" data-id=\"99633c8\" data-element_type=\"container\" data-e-type=\"container\" data-settings=\"{&quot;background_background&quot;:&quot;classic&quot;}\">\n\t\t\t\t<\/div>\n\t\t\t\t<div class=\"elementor-element elementor-element-b49ffd9 elementor-widget elementor-widget-spacer\" data-id=\"b49ffd9\" data-element_type=\"widget\" data-e-type=\"widget\" data-widget_type=\"spacer.default\">\n\t\t\t\t\t\t\t<div class=\"elementor-spacer\">\n\t\t\t<div class=\"elementor-spacer-inner\"><\/div>\n\t\t<\/div>\n\t\t\t\t\t\t<\/div>\n\t\t\t\t<div class=\"elementor-element elementor-element-1792ba4 elementor-widget elementor-widget-heading\" data-id=\"1792ba4\" data-element_type=\"widget\" data-e-type=\"widget\" data-widget_type=\"heading.default\">\n\t\t\t\t\t<h2 class=\"elementor-heading-title elementor-size-default\">Bo\u00eetiers de p\u00e9dalier CyclingCeramic : la cl\u00e9 de votre performance<\/h2>\t\t\t\t<\/div>\n\t\t\t\t\t<\/div>\n\t\t\t\t<\/div>\n\t\t<div class=\"elementor-element elementor-element-064df3f e-flex e-con-boxed e-con e-parent\" data-id=\"064df3f\" data-element_type=\"container\" data-e-type=\"container\">\n\t\t\t\t\t<div class=\"e-con-inner\">\n\t\t\t\t<div class=\"elementor-element elementor-element-62a6cff elementor-widget elementor-widget-spacer\" data-id=\"62a6cff\" data-element_type=\"widget\" data-e-type=\"widget\" data-widget_type=\"spacer.default\">\n\t\t\t\t\t\t\t<div class=\"elementor-spacer\">\n\t\t\t<div class=\"elementor-spacer-inner\"><\/div>\n\t\t<\/div>\n\t\t\t\t\t\t<\/div>\n\t\t\t\t<div class=\"elementor-element elementor-element-9aa737c elementor-widget elementor-widget-text-editor\" data-id=\"9aa737c\" data-element_type=\"widget\" data-e-type=\"widget\" data-widget_type=\"text-editor.default\">\n\t\t\t\t\t\t\t\t\t<p>Les bo\u00eetiers de p\u00e9dalier sont souvent sous-estim\u00e9s, pourtant ils jouent un r\u00f4le essentiel dans les performances de votre v\u00e9lo. Chez CyclingCeramic, nous comprenons l\u2019importance de ce composant, c\u2019est pourquoi nous avons d\u00e9velopp\u00e9 des bo\u00eetiers de p\u00e9dalier haut de gamme capables de r\u00e9pondre \u00e0 vos exigences.<\/p>\t\t\t\t\t\t\t\t<\/div>\n\t\t\t\t\t<\/div>\n\t\t\t\t<\/div>\n\t\t<div class=\"elementor-element elementor-element-9039454 e-flex e-con-boxed e-con e-parent\" data-id=\"9039454\" data-element_type=\"container\" data-e-type=\"container\">\n\t\t\t\t\t<div class=\"e-con-inner\">\n\t\t\t\t<div class=\"elementor-element elementor-element-c39c98f elementor-widget elementor-widget-heading\" data-id=\"c39c98f\" data-element_type=\"widget\" data-e-type=\"widget\" data-widget_type=\"heading.default\">\n\t\t\t\t\t<h3 class=\"elementor-heading-title elementor-size-default\">Pourquoi choisir les bo\u00eetiers de p\u00e9dalier CyclingCeramic ?<\/h3>\t\t\t\t<\/div>\n\t\t\t\t\t<\/div>\n\t\t\t\t<\/div>\n\t\t<div class=\"elementor-element elementor-element-7579dab e-flex e-con-boxed e-con e-parent\" data-id=\"7579dab\" data-element_type=\"container\" data-e-type=\"container\">\n\t\t\t\t\t<div class=\"e-con-inner\">\n\t\t\t\t<div class=\"elementor-element elementor-element-2c77039 elementor-widget elementor-widget-text-editor\" data-id=\"2c77039\" data-element_type=\"widget\" data-e-type=\"widget\" data-widget_type=\"text-editor.default\">\n\t\t\t\t\t\t\t\t\t<ul><li><p><strong>Performance sup\u00e9rieure :<\/strong>Nos bo\u00eetiers de p\u00e9dalier sont con\u00e7us pour offrir des performances in\u00e9gal\u00e9es gr\u00e2ce \u00e0 nos roulements c\u00e9ramiques de pointe. Ces roulements r\u00e9duisent consid\u00e9rablement la friction, garantissant une transmission de puissance plus efficace et une am\u00e9lioration notable des performances.<\/p><\/li><li><p><strong>Robustesse et durabilit\u00e9<\/strong>: Les bo\u00eetiers de p\u00e9dalier CyclingCeramic sont con\u00e7us pour durer. Fabriqu\u00e9s \u00e0 partir de mat\u00e9riaux de haute qualit\u00e9, ils r\u00e9sistent aux exigences d\u2019un usage quotidien et restent fiables m\u00eame dans des conditions difficiles.<\/p><\/li><li><p><strong>Friction r\u00e9duite<\/strong>La friction est l\u2019ennemie de la performance. Nos bo\u00eetiers de p\u00e9dalier sont con\u00e7us avec le plus grand soin pour minimiser la friction, vous permettant de p\u00e9daler plus efficacement et de gagner en vitesse.\nNous avons soumis nos bo\u00eetiers de p\u00e9dalier \u00e0 des tests rigoureux, notamment le test Friction Facts, qui mesure la friction des roulements dans des conditions r\u00e9elles d\u2019utilisation. Les r\u00e9sultats parlent d\u2019eux-m\u00eames : nos roulements c\u00e9ramiques figurent parmi les meilleurs au monde en mati\u00e8re de r\u00e9duction de friction.<\/p><\/li><\/ul>\t\t\t\t\t\t\t\t<\/div>\n\t\t\t\t\t<\/div>\n\t\t\t\t<\/div>\n\t\t<div class=\"elementor-element elementor-element-a65578f e-flex e-con-boxed e-con e-parent\" data-id=\"a65578f\" data-element_type=\"container\" data-e-type=\"container\">\n\t\t\t\t\t<div class=\"e-con-inner\">\n\t\t\t\t<div class=\"elementor-element elementor-element-ccf8e8d elementor-widget elementor-widget-spacer\" data-id=\"ccf8e8d\" data-element_type=\"widget\" data-e-type=\"widget\" data-widget_type=\"spacer.default\">\n\t\t\t\t\t\t\t<div class=\"elementor-spacer\">\n\t\t\t<div class=\"elementor-spacer-inner\"><\/div>\n\t\t<\/div>\n\t\t\t\t\t\t<\/div>\n\t\t\t\t<div class=\"elementor-element elementor-element-9525cb6 elementor-position-left elementor-vertical-align-top elementor-widget elementor-widget-image-box\" data-id=\"9525cb6\" data-element_type=\"widget\" data-e-type=\"widget\" data-widget_type=\"image-box.default\">\n\t\t\t\t\t<div class=\"elementor-image-box-wrapper\"><figure class=\"elementor-image-box-img\"><img decoding=\"async\" width=\"426\" height=\"292\" src=\"https:\/\/cyclingceramic.com\/wp-content\/uploads\/2023\/09\/Capture-decran-2023-09-18-a-14.18.53.png\" class=\"attachment-full size-full wp-image-46510\" alt=\"\" srcset=\"https:\/\/cyclingceramic.com\/wp-content\/uploads\/2023\/09\/Capture-decran-2023-09-18-a-14.18.53.png 426w, https:\/\/cyclingceramic.com\/wp-content\/uploads\/2023\/09\/Capture-decran-2023-09-18-a-14.18.53-18x12.png 18w, https:\/\/cyclingceramic.com\/wp-content\/uploads\/2023\/09\/Capture-decran-2023-09-18-a-14.18.53-300x206.png 300w\" sizes=\"(max-width: 426px) 100vw, 426px\" \/><\/figure><div class=\"elementor-image-box-content\"><h3 class=\"elementor-image-box-title\">Tests de friction<\/h3><p class=\"elementor-image-box-description\">Nos p\u00e9dales CyclingCeramic sont con\u00e7ues pour offrir des performances in\u00e9gal\u00e9es. Comment y parvenons-nous ? Gr\u00e2ce \u00e0 nos roulements en c\u00e9ramique avanc\u00e9s, qui r\u00e9duisent consid\u00e9rablement les frottements. Ces roulements ont \u00e9t\u00e9 soumis \u00e0 des tests rigoureux, notamment le test de frottement FACTS (Friction Facts), afin de garantir leur qualit\u00e9 exceptionnelle.<\/br><\/br>\n\nLe test de friction FACTS est l\u2019un des tests les plus complets et les plus exigeants de l\u2019industrie du cyclisme. Il mesure la friction des roulements de bo\u00eetiers de p\u00e9dalier dans des conditions r\u00e9elles, en simulant la puissance appliqu\u00e9e lors du p\u00e9dalage.\nLes r\u00e9sultats parlent d\u2019eux-m\u00eames : nos roulements c\u00e9ramiques figurent parmi les meilleurs au monde en mati\u00e8re de r\u00e9duction de friction. <\/br><\/br>\n\nQuand chaque coup de p\u00e9dale compte, notre technologie de pointe vous offre l\u2019avantage dont vous avez besoin. Vous pouvez compter sur CyclingCeramic pour vous fournir des produits de la plus haute qualit\u00e9, soutenus par des tests de performance approfondis.<\/p><\/div><\/div>\t\t\t\t<\/div>\n\t\t\t\t<div class=\"elementor-element elementor-element-e099ea3 elementor-widget elementor-widget-spacer\" data-id=\"e099ea3\" data-element_type=\"widget\" data-e-type=\"widget\" data-widget_type=\"spacer.default\">\n\t\t\t\t\t\t\t<div class=\"elementor-spacer\">\n\t\t\t<div class=\"elementor-spacer-inner\"><\/div>\n\t\t<\/div>\n\t\t\t\t\t\t<\/div>\n\t\t\t\t\t<\/div>\n\t\t\t\t<\/div>\n\t\t<div class=\"elementor-element elementor-element-2138c8b e-flex e-con-boxed e-con e-parent\" data-id=\"2138c8b\" data-element_type=\"container\" data-e-type=\"container\">\n\t\t\t\t\t<div class=\"e-con-inner\">\n\t\t\t\t<div class=\"elementor-element elementor-element-c10355e elementor-widget elementor-widget-heading\" data-id=\"c10355e\" data-element_type=\"widget\" data-e-type=\"widget\" data-widget_type=\"heading.default\">\n\t\t\t\t\t<h3 class=\"elementor-heading-title elementor-size-default\">Notre gamme de bo\u00eetiers de p\u00e9dalier<\/h3>\t\t\t\t<\/div>\n\t\t\t\t\t<\/div>\n\t\t\t\t<\/div>\n\t\t<div class=\"elementor-element elementor-element-4d71d70 e-flex e-con-boxed e-con e-parent\" data-id=\"4d71d70\" data-element_type=\"container\" data-e-type=\"container\">\n\t\t\t\t\t<div class=\"e-con-inner\">\n\t\t\t\t<div class=\"elementor-element elementor-element-0e40a14 elementor-widget elementor-widget-text-editor\" data-id=\"0e40a14\" data-element_type=\"widget\" data-e-type=\"widget\" data-widget_type=\"text-editor.default\">\n\t\t\t\t\t\t\t\t\t<p>Chez CyclingCeramic, nous savons que chaque cycliste a des besoins uniques. C\u2019est pourquoi nous proposons plusieurs gammes de bo\u00eetiers de p\u00e9dalier afin de r\u00e9pondre \u00e0 vos exigences sp\u00e9cifiques :<\/p><ul><li><p><strong>Route<\/strong>Si vous \u00eates passionn\u00e9 de cyclisme sur route, nos bo\u00eetiers Route sont con\u00e7us pour offrir des performances optimales, que vous soyez en comp\u00e9tition ou en sortie loisir.<\/p><\/li><li><p><strong>Triathlon<\/strong>: Les triathl\u00e8tes ont des besoins sp\u00e9cifiques, et nos bo\u00eetiers Triathlon sont d\u00e9velopp\u00e9s pour vous offrir un avantage d\u00e9terminant lors des courses contre-la-montre.<\/p><\/li><li><p><strong>VTT<\/strong>Les amateurs de VTT trouveront des bo\u00eetiers adapt\u00e9s \u00e0 leurs exigences particuli\u00e8res, con\u00e7us pour r\u00e9sister aux terrains difficiles et aux conditions extr\u00eames.<\/p><\/li><\/ul>\t\t\t\t\t\t\t\t<\/div>\n\t\t\t\t\t<\/div>\n\t\t\t\t<\/div>\n\t\t<div class=\"elementor-element elementor-element-ac02953 e-flex e-con-boxed e-con e-parent\" data-id=\"ac02953\" data-element_type=\"container\" data-e-type=\"container\">\n\t\t\t\t\t<div class=\"e-con-inner\">\n\t\t\t\t<div class=\"elementor-element elementor-element-ab7b961 elementor-widget elementor-widget-spacer\" data-id=\"ab7b961\" data-element_type=\"widget\" data-e-type=\"widget\" data-widget_type=\"spacer.default\">\n\t\t\t\t\t\t\t<div class=\"elementor-spacer\">\n\t\t\t<div class=\"elementor-spacer-inner\"><\/div>\n\t\t<\/div>\n\t\t\t\t\t\t<\/div>\n\t\t\t\t<div class=\"elementor-element elementor-element-f224710 elementor-widget elementor-widget-heading\" data-id=\"f224710\" data-element_type=\"widget\" data-e-type=\"widget\" data-widget_type=\"heading.default\">\n\t\t\t\t\t<h3 class=\"elementor-heading-title elementor-size-default\">Faites confiance \u00e0 CyclingCeramic pour votre bo\u00eetier de p\u00e9dalier<\/h3>\t\t\t\t<\/div>\n\t\t\t\t\t<\/div>\n\t\t\t\t<\/div>\n\t\t<div class=\"elementor-element elementor-element-5d50a94 e-flex e-con-boxed e-con e-parent\" data-id=\"5d50a94\" data-element_type=\"container\" data-e-type=\"container\">\n\t\t\t\t\t<div class=\"e-con-inner\">\n\t\t\t\t<div class=\"elementor-element elementor-element-8408e76 elementor-widget elementor-widget-text-editor\" data-id=\"8408e76\" data-element_type=\"widget\" data-e-type=\"widget\" data-widget_type=\"text-editor.default\">\n\t\t\t\t\t\t\t\t\t<p>Quelle que soit votre discipline, vous pouvez compter sur CyclingCeramic pour vous fournir des bo\u00eetiers de p\u00e9dalier de qualit\u00e9 sup\u00e9rieure. Notre engagement envers la performance, la durabilit\u00e9 et la r\u00e9duction de friction fait de nous le choix id\u00e9al pour les cyclistes exigeants.<\/p><p>D\u00e9couvrez comment nos bo\u00eetiers de p\u00e9dalier peuvent am\u00e9liorer votre exp\u00e9rience \u00e0 v\u00e9lo en visitant notre site web ou en nous contactant pour obtenir des conseils d\u2019experts.<\/p>\t\t\t\t\t\t\t\t<\/div>\n\t\t\t\t\t<\/div>\n\t\t\t\t<\/div>\n\t\t<div class=\"elementor-element elementor-element-a2119f4 e-flex e-con-boxed e-con e-parent\" data-id=\"a2119f4\" data-element_type=\"container\" data-e-type=\"container\">\n\t\t\t\t\t<div class=\"e-con-inner\">\n\t\t\t\t<div class=\"elementor-element elementor-element-032499b elementor-widget elementor-widget-image\" data-id=\"032499b\" data-element_type=\"widget\" data-e-type=\"widget\" data-widget_type=\"image.default\">\n\t\t\t\t\t\t\t\t\t\t\t\t\t\t\t<img decoding=\"async\" width=\"2048\" height=\"1152\" src=\"https:\/\/cyclingceramic.com\/wp-content\/uploads\/2023\/08\/1_2.20.2-scaled.jpg\" class=\"attachment-full size-full wp-image-45843\" alt=\"\" srcset=\"https:\/\/cyclingceramic.com\/wp-content\/uploads\/2023\/08\/1_2.20.2-scaled.jpg 2048w, https:\/\/cyclingceramic.com\/wp-content\/uploads\/2023\/08\/1_2.20.2-scaled-600x338.jpg 600w, https:\/\/cyclingceramic.com\/wp-content\/uploads\/2023\/08\/1_2.20.2-scaled-18x10.jpg 18w, https:\/\/cyclingceramic.com\/wp-content\/uploads\/2023\/08\/1_2.20.2-300x169.jpg 300w, https:\/\/cyclingceramic.com\/wp-content\/uploads\/2023\/08\/1_2.20.2-768x432.jpg 768w, https:\/\/cyclingceramic.com\/wp-content\/uploads\/2023\/08\/1_2.20.2-1024x576.jpg 1024w, https:\/\/cyclingceramic.com\/wp-content\/uploads\/2023\/08\/1_2.20.2-1536x864.jpg 1536w\" sizes=\"(max-width: 2048px) 100vw, 2048px\" \/>\t\t\t\t\t\t\t\t\t\t\t\t\t\t\t<\/div>\n\t\t\t\t\t<\/div>\n\t\t\t\t<\/div>\n\t\t\t\t<\/div>","protected":false},"excerpt":{"rendered":"<p>CyclingCeramic Bottom Brackets: The Key to Your Performance Bottom brackets are often overlooked, but they play a crucial role in [&hellip;]<\/p>\n","protected":false},"author":407,"featured_media":0,"parent":0,"menu_order":0,"comment_status":"closed","ping_status":"closed","template":"","meta":{"_acf_changed":false,"site-sidebar-layout":"default","site-content-layout":"","ast-site-content-layout":"default","site-content-style":"default","site-sidebar-style":"default","ast-global-header-display":"","ast-banner-title-visibility":"","ast-main-header-display":"","ast-hfb-above-header-display":"","ast-hfb-below-header-display":"","ast-hfb-mobile-header-display":"","site-post-title":"","ast-breadcrumbs-content":"","ast-featured-img":"","footer-sml-layout":"","ast-disable-related-posts":"","theme-transparent-header-meta":"","adv-header-id-meta":"","stick-header-meta":"","header-above-stick-meta":"","header-main-stick-meta":"","header-below-stick-meta":"","astra-migrate-meta-layouts":"default","ast-page-background-enabled":"default","ast-page-background-meta":{"desktop":{"background-color":"var(--ast-global-color-4)","background-image":"","background-repeat":"repeat","background-position":"center center","background-size":"auto","background-attachment":"scroll","background-type":"","background-media":"","overlay-type":"","overlay-color":"","overlay-opacity":"","overlay-gradient":""},"tablet":{"background-color":"","background-image":"","background-repeat":"repeat","background-position":"center center","background-size":"auto","background-attachment":"scroll","background-type":"","background-media":"","overlay-type":"","overlay-color":"","overlay-opacity":"","overlay-gradient":""},"mobile":{"background-color":"","background-image":"","background-repeat":"repeat","background-position":"center center","background-size":"auto","background-attachment":"scroll","background-type":"","background-media":"","overlay-type":"","overlay-color":"","overlay-opacity":"","overlay-gradient":""}},"ast-content-background-meta":{"desktop":{"background-color":"var(--ast-global-color-5)","background-image":"","background-repeat":"repeat","background-position":"center center","background-size":"auto","background-attachment":"scroll","background-type":"","background-media":"","overlay-type":"","overlay-color":"","overlay-opacity":"","overlay-gradient":""},"tablet":{"background-color":"var(--ast-global-color-5)","background-image":"","background-repeat":"repeat","background-position":"center center","background-size":"auto","background-attachment":"scroll","background-type":"","background-media":"","overlay-type":"","overlay-color":"","overlay-opacity":"","overlay-gradient":""},"mobile":{"background-color":"var(--ast-global-color-5)","background-image":"","background-repeat":"repeat","background-position":"center center","background-size":"auto","background-attachment":"scroll","background-type":"","background-media":"","overlay-type":"","overlay-color":"","overlay-opacity":"","overlay-gradient":""}},"footnotes":""},"class_list":["post-44281","page","type-page","status-publish","hentry"],"acf":[],"_links":{"self":[{"href":"https:\/\/cyclingceramic.com\/fr\/wp-json\/wp\/v2\/pages\/44281","targetHints":{"allow":["GET"]}}],"collection":[{"href":"https:\/\/cyclingceramic.com\/fr\/wp-json\/wp\/v2\/pages"}],"about":[{"href":"https:\/\/cyclingceramic.com\/fr\/wp-json\/wp\/v2\/types\/page"}],"author":[{"embeddable":true,"href":"https:\/\/cyclingceramic.com\/fr\/wp-json\/wp\/v2\/users\/407"}],"replies":[{"embeddable":true,"href":"https:\/\/cyclingceramic.com\/fr\/wp-json\/wp\/v2\/comments?post=44281"}],"version-history":[{"count":0,"href":"https:\/\/cyclingceramic.com\/fr\/wp-json\/wp\/v2\/pages\/44281\/revisions"}],"wp:attachment":[{"href":"https:\/\/cyclingceramic.com\/fr\/wp-json\/wp\/v2\/media?parent=44281"}],"curies":[{"name":"wp","href":"https:\/\/api.w.org\/{rel}","templated":true}]}}