{"id":44284,"date":"2023-07-17T18:47:58","date_gmt":"2023-07-17T16:47:58","guid":{"rendered":"https:\/\/cyclingceramic.com\/about\/"},"modified":"2023-07-17T18:48:44","modified_gmt":"2023-07-17T16:48:44","slug":"a-propos","status":"publish","type":"page","link":"https:\/\/cyclingceramic.com\/fr\/about\/","title":{"rendered":"A propos de"},"content":{"rendered":"<div data-elementor-type=\"wp-page\" data-elementor-id=\"44284\" class=\"elementor elementor-44284\" data-elementor-post-type=\"page\">\n\t\t\t\t<div class=\"elementor-element elementor-element-9fb1caa e-flex e-con-boxed e-con e-parent\" data-id=\"9fb1caa\" data-element_type=\"container\" data-e-type=\"container\">\n\t\t\t\t\t<div class=\"e-con-inner\">\n\t\t<div class=\"elementor-element elementor-element-4c327011 e-con-full e-flex e-con e-child\" data-id=\"4c327011\" data-element_type=\"container\" data-e-type=\"container\">\n\t\t\t\t<div class=\"elementor-element elementor-element-91abbeb elementor-widget elementor-widget-image\" data-id=\"91abbeb\" data-element_type=\"widget\" data-e-type=\"widget\" data-widget_type=\"image.default\">\n\t\t\t\t\t\t\t\t\t\t\t\t\t\t\t<img decoding=\"async\" width=\"1181\" height=\"1181\" src=\"https:\/\/cyclingceramic.com\/wp-content\/uploads\/2023\/07\/Logo_C_Gold-Blue-1.jpg\" class=\"attachment-full size-full wp-image-43343\" alt=\"\" srcset=\"https:\/\/cyclingceramic.com\/wp-content\/uploads\/2023\/07\/Logo_C_Gold-Blue-1.jpg 1181w, https:\/\/cyclingceramic.com\/wp-content\/uploads\/2023\/07\/Logo_C_Gold-Blue-1-300x300.jpg 300w, https:\/\/cyclingceramic.com\/wp-content\/uploads\/2023\/07\/Logo_C_Gold-Blue-1-100x100.jpg 100w, https:\/\/cyclingceramic.com\/wp-content\/uploads\/2023\/07\/Logo_C_Gold-Blue-1-600x600.jpg 600w, https:\/\/cyclingceramic.com\/wp-content\/uploads\/2023\/07\/Logo_C_Gold-Blue-1-12x12.jpg 12w, https:\/\/cyclingceramic.com\/wp-content\/uploads\/2023\/07\/Logo_C_Gold-Blue-1-150x150.jpg 150w, https:\/\/cyclingceramic.com\/wp-content\/uploads\/2023\/07\/Logo_C_Gold-Blue-1-768x768.jpg 768w, https:\/\/cyclingceramic.com\/wp-content\/uploads\/2023\/07\/Logo_C_Gold-Blue-1-1024x1024.jpg 1024w, https:\/\/cyclingceramic.com\/wp-content\/uploads\/2023\/07\/Logo_C_Gold-Blue-1-50x50.jpg 50w\" sizes=\"(max-width: 1181px) 100vw, 1181px\" \/>\t\t\t\t\t\t\t\t\t\t\t\t\t\t\t<\/div>\n\t\t\t\t<\/div>\n\t\t<div class=\"elementor-element elementor-element-1195c12 e-con-full e-flex e-con e-child\" data-id=\"1195c12\" data-element_type=\"container\" data-e-type=\"container\">\n\t\t\t\t<div class=\"elementor-element elementor-element-6986d4b5 elementor-widget elementor-widget-heading\" data-id=\"6986d4b5\" data-element_type=\"widget\" data-e-type=\"widget\" data-widget_type=\"heading.default\">\n\t\t\t\t\t<h3 class=\"elementor-heading-title elementor-size-default\">CHAQUE CYCLISTE A UNE HISTOIRE DIFF\u00c9RENTE<\/h3>\t\t\t\t<\/div>\n\t\t\t\t<div class=\"elementor-element elementor-element-5b87e41c elementor-widget elementor-widget-text-editor\" data-id=\"5b87e41c\" data-element_type=\"widget\" data-e-type=\"widget\" data-widget_type=\"text-editor.default\">\n\t\t\t\t\t\t\t\t\t<p><span class=\"HwtZe\" lang=\"en\"><span class=\"jCAhz ChMk0b\"><span class=\"ryNqvb\">Votre passion est de faire de la moto.<\/span><\/span> <span class=\"jCAhz ChMk0b\"><span class=\"ryNqvb\">Notre r\u00f4le est de nous assurer que chaque watt que vous produisez se transforme en vitesse pure dans l'atelier #FreeSpeed o\u00f9 les normes de qualit\u00e9 sont exceptionnelles.<\/span><\/span> <span class=\"jCAhz ChMk0b\"><span class=\"ryNqvb\">CYCLINGCERAMIC a \u00e9t\u00e9 cr\u00e9\u00e9 en 2012 par H\u00e9lo\u00efse Proust, cycliste de haut niveau et geek technologique dans l'\u00e2me.<\/span><\/span> <span class=\"jCAhz ChMk0b\"><span class=\"ryNqvb\">Son d\u00e9sir constant de trouver le mat\u00e9riel le plus efficace pour aller plus vite et plus loin l'a in\u00e9vitablement men\u00e9 vers les roulements en c\u00e9ramique.<\/span><\/span> <span class=\"jCAhz ChMk0b\"><span class=\"ryNqvb\">Pourtant, le march\u00e9 ne r\u00e9pondait pas \u00e0 ces standards de haute qualit\u00e9 et c'est ainsi qu'est n\u00e9e CYCLINGCERAMIC, dans le but de permettre aux autres cyclistes de tirer le meilleur parti de leur \u00e9quipement et de leur travail acharn\u00e9 \u00e0 l'entra\u00eenement.<\/span><\/span> <span class=\"jCAhz ChMk0b\"><span class=\"ryNqvb\">.<\/span><\/span><\/span><\/p>\t\t\t\t\t\t\t\t<\/div>\n\t\t\t\t<div class=\"elementor-element elementor-element-1494ac2d elementor-tablet-align-center elementor-widget elementor-widget-button\" data-id=\"1494ac2d\" data-element_type=\"widget\" data-e-type=\"widget\" data-widget_type=\"button.default\">\n\t\t\t\t\t\t\t\t\t\t<a class=\"elementor-button elementor-button-link elementor-size-sm\" href=\"https:\/\/www.youtube.com\/watch?v=uLFgiLxWq9M\" target=\"_blank\" rel=\"nofollow noopener\">\n\t\t\t\t\t\t<span class=\"elementor-button-content-wrapper\">\n\t\t\t\t\t\t\t\t\t<span class=\"elementor-button-text\">REGARDEZ MAINTENANT<\/span>\n\t\t\t\t\t<\/span>\n\t\t\t\t\t<\/a>\n\t\t\t\t\t\t\t\t<\/div>\n\t\t\t\t<\/div>\n\t\t\t\t\t<\/div>\n\t\t\t\t<\/div>\n\t\t<div class=\"elementor-element elementor-element-71d16915 e-con-full e-flex e-con e-parent\" data-id=\"71d16915\" data-element_type=\"container\" data-e-type=\"container\" data-settings=\"{&quot;background_background&quot;:&quot;classic&quot;}\">\n\t\t\t\t<\/div>\n\t\t<div class=\"elementor-element elementor-element-68b5ae47 elementor-hidden-mobile e-flex e-con-boxed e-con e-parent\" data-id=\"68b5ae47\" data-element_type=\"container\" data-e-type=\"container\">\n\t\t\t\t\t<div class=\"e-con-inner\">\n\t\t<div class=\"elementor-element elementor-element-6eaf84a e-con-full e-flex e-con e-child\" data-id=\"6eaf84a\" data-element_type=\"container\" data-e-type=\"container\">\n\t\t\t\t<div class=\"elementor-element elementor-element-530092d5 elementor-widget elementor-widget-image\" data-id=\"530092d5\" data-element_type=\"widget\" data-e-type=\"widget\" data-widget_type=\"image.default\">\n\t\t\t\t\t\t\t\t\t\t\t\t\t\t\t<img decoding=\"async\" width=\"800\" height=\"800\" src=\"https:\/\/cyclingceramic.com\/wp-content\/uploads\/2023\/07\/CyclingCeramic_Product-Photography-by-NEVIS-ROAD_2019__1360840.jpg\" class=\"attachment-full size-full wp-image-43347\" alt=\"\" srcset=\"https:\/\/cyclingceramic.com\/wp-content\/uploads\/2023\/07\/CyclingCeramic_Product-Photography-by-NEVIS-ROAD_2019__1360840.jpg 800w, https:\/\/cyclingceramic.com\/wp-content\/uploads\/2023\/07\/CyclingCeramic_Product-Photography-by-NEVIS-ROAD_2019__1360840-300x300.jpg 300w, https:\/\/cyclingceramic.com\/wp-content\/uploads\/2023\/07\/CyclingCeramic_Product-Photography-by-NEVIS-ROAD_2019__1360840-100x100.jpg 100w, https:\/\/cyclingceramic.com\/wp-content\/uploads\/2023\/07\/CyclingCeramic_Product-Photography-by-NEVIS-ROAD_2019__1360840-600x600.jpg 600w, https:\/\/cyclingceramic.com\/wp-content\/uploads\/2023\/07\/CyclingCeramic_Product-Photography-by-NEVIS-ROAD_2019__1360840-12x12.jpg 12w, https:\/\/cyclingceramic.com\/wp-content\/uploads\/2023\/07\/CyclingCeramic_Product-Photography-by-NEVIS-ROAD_2019__1360840-150x150.jpg 150w, https:\/\/cyclingceramic.com\/wp-content\/uploads\/2023\/07\/CyclingCeramic_Product-Photography-by-NEVIS-ROAD_2019__1360840-768x768.jpg 768w, https:\/\/cyclingceramic.com\/wp-content\/uploads\/2023\/07\/CyclingCeramic_Product-Photography-by-NEVIS-ROAD_2019__1360840-50x50.jpg 50w\" sizes=\"(max-width: 800px) 100vw, 800px\" \/>\t\t\t\t\t\t\t\t\t\t\t\t\t\t\t<\/div>\n\t\t\t\t<\/div>\n\t\t<div class=\"elementor-element elementor-element-14efc5ca e-con-full e-flex e-con e-child\" data-id=\"14efc5ca\" data-element_type=\"container\" data-e-type=\"container\">\n\t\t\t\t<div class=\"elementor-element elementor-element-a1cd554 elementor-widget elementor-widget-image\" data-id=\"a1cd554\" data-element_type=\"widget\" data-e-type=\"widget\" data-widget_type=\"image.default\">\n\t\t\t\t\t\t\t\t\t\t\t\t\t\t\t<img decoding=\"async\" width=\"800\" height=\"800\" src=\"https:\/\/cyclingceramic.com\/wp-content\/uploads\/2023\/07\/CyclingCeramic_Product-Photography-by-NEVIS-ROAD_2019__1370267.jpg\" class=\"attachment-full size-full wp-image-43349\" alt=\"\" srcset=\"https:\/\/cyclingceramic.com\/wp-content\/uploads\/2023\/07\/CyclingCeramic_Product-Photography-by-NEVIS-ROAD_2019__1370267.jpg 800w, https:\/\/cyclingceramic.com\/wp-content\/uploads\/2023\/07\/CyclingCeramic_Product-Photography-by-NEVIS-ROAD_2019__1370267-300x300.jpg 300w, https:\/\/cyclingceramic.com\/wp-content\/uploads\/2023\/07\/CyclingCeramic_Product-Photography-by-NEVIS-ROAD_2019__1370267-100x100.jpg 100w, https:\/\/cyclingceramic.com\/wp-content\/uploads\/2023\/07\/CyclingCeramic_Product-Photography-by-NEVIS-ROAD_2019__1370267-600x600.jpg 600w, https:\/\/cyclingceramic.com\/wp-content\/uploads\/2023\/07\/CyclingCeramic_Product-Photography-by-NEVIS-ROAD_2019__1370267-12x12.jpg 12w, https:\/\/cyclingceramic.com\/wp-content\/uploads\/2023\/07\/CyclingCeramic_Product-Photography-by-NEVIS-ROAD_2019__1370267-150x150.jpg 150w, https:\/\/cyclingceramic.com\/wp-content\/uploads\/2023\/07\/CyclingCeramic_Product-Photography-by-NEVIS-ROAD_2019__1370267-768x768.jpg 768w, https:\/\/cyclingceramic.com\/wp-content\/uploads\/2023\/07\/CyclingCeramic_Product-Photography-by-NEVIS-ROAD_2019__1370267-50x50.jpg 50w\" sizes=\"(max-width: 800px) 100vw, 800px\" \/>\t\t\t\t\t\t\t\t\t\t\t\t\t\t\t<\/div>\n\t\t\t\t<\/div>\n\t\t<div class=\"elementor-element elementor-element-25387ef8 e-con-full e-flex e-con e-child\" data-id=\"25387ef8\" data-element_type=\"container\" data-e-type=\"container\">\n\t\t\t\t<div class=\"elementor-element elementor-element-73ed2fe0 elementor-widget elementor-widget-image\" data-id=\"73ed2fe0\" data-element_type=\"widget\" data-e-type=\"widget\" data-widget_type=\"image.default\">\n\t\t\t\t\t\t\t\t\t\t\t\t\t\t\t<img decoding=\"async\" width=\"800\" height=\"800\" src=\"https:\/\/cyclingceramic.com\/wp-content\/uploads\/2023\/07\/CyclingCeramic_Product-Photography-by-NEVIS-ROAD_2019__1370382.jpg\" class=\"attachment-full size-full wp-image-43351\" alt=\"\" srcset=\"https:\/\/cyclingceramic.com\/wp-content\/uploads\/2023\/07\/CyclingCeramic_Product-Photography-by-NEVIS-ROAD_2019__1370382.jpg 800w, https:\/\/cyclingceramic.com\/wp-content\/uploads\/2023\/07\/CyclingCeramic_Product-Photography-by-NEVIS-ROAD_2019__1370382-300x300.jpg 300w, https:\/\/cyclingceramic.com\/wp-content\/uploads\/2023\/07\/CyclingCeramic_Product-Photography-by-NEVIS-ROAD_2019__1370382-100x100.jpg 100w, https:\/\/cyclingceramic.com\/wp-content\/uploads\/2023\/07\/CyclingCeramic_Product-Photography-by-NEVIS-ROAD_2019__1370382-600x600.jpg 600w, https:\/\/cyclingceramic.com\/wp-content\/uploads\/2023\/07\/CyclingCeramic_Product-Photography-by-NEVIS-ROAD_2019__1370382-12x12.jpg 12w, https:\/\/cyclingceramic.com\/wp-content\/uploads\/2023\/07\/CyclingCeramic_Product-Photography-by-NEVIS-ROAD_2019__1370382-150x150.jpg 150w, https:\/\/cyclingceramic.com\/wp-content\/uploads\/2023\/07\/CyclingCeramic_Product-Photography-by-NEVIS-ROAD_2019__1370382-768x768.jpg 768w, https:\/\/cyclingceramic.com\/wp-content\/uploads\/2023\/07\/CyclingCeramic_Product-Photography-by-NEVIS-ROAD_2019__1370382-50x50.jpg 50w\" sizes=\"(max-width: 800px) 100vw, 800px\" \/>\t\t\t\t\t\t\t\t\t\t\t\t\t\t\t<\/div>\n\t\t\t\t<\/div>\n\t\t<div class=\"elementor-element elementor-element-29b2e193 e-con-full e-flex e-con e-child\" data-id=\"29b2e193\" data-element_type=\"container\" data-e-type=\"container\">\n\t\t\t\t<div class=\"elementor-element elementor-element-51b80b59 elementor-widget elementor-widget-image\" data-id=\"51b80b59\" data-element_type=\"widget\" data-e-type=\"widget\" data-widget_type=\"image.default\">\n\t\t\t\t\t\t\t\t\t\t\t\t\t\t\t<img decoding=\"async\" width=\"800\" height=\"800\" src=\"https:\/\/cyclingceramic.com\/wp-content\/uploads\/2023\/07\/CyclingCeramic_Product-Photography-by-NEVIS-ROAD_2019__1370429.jpg\" class=\"attachment-full size-full wp-image-43353\" alt=\"\" srcset=\"https:\/\/cyclingceramic.com\/wp-content\/uploads\/2023\/07\/CyclingCeramic_Product-Photography-by-NEVIS-ROAD_2019__1370429.jpg 800w, https:\/\/cyclingceramic.com\/wp-content\/uploads\/2023\/07\/CyclingCeramic_Product-Photography-by-NEVIS-ROAD_2019__1370429-300x300.jpg 300w, https:\/\/cyclingceramic.com\/wp-content\/uploads\/2023\/07\/CyclingCeramic_Product-Photography-by-NEVIS-ROAD_2019__1370429-100x100.jpg 100w, https:\/\/cyclingceramic.com\/wp-content\/uploads\/2023\/07\/CyclingCeramic_Product-Photography-by-NEVIS-ROAD_2019__1370429-600x600.jpg 600w, https:\/\/cyclingceramic.com\/wp-content\/uploads\/2023\/07\/CyclingCeramic_Product-Photography-by-NEVIS-ROAD_2019__1370429-12x12.jpg 12w, https:\/\/cyclingceramic.com\/wp-content\/uploads\/2023\/07\/CyclingCeramic_Product-Photography-by-NEVIS-ROAD_2019__1370429-150x150.jpg 150w, https:\/\/cyclingceramic.com\/wp-content\/uploads\/2023\/07\/CyclingCeramic_Product-Photography-by-NEVIS-ROAD_2019__1370429-768x768.jpg 768w, https:\/\/cyclingceramic.com\/wp-content\/uploads\/2023\/07\/CyclingCeramic_Product-Photography-by-NEVIS-ROAD_2019__1370429-50x50.jpg 50w\" sizes=\"(max-width: 800px) 100vw, 800px\" \/>\t\t\t\t\t\t\t\t\t\t\t\t\t\t\t<\/div>\n\t\t\t\t<\/div>\n\t\t<div class=\"elementor-element elementor-element-316c9e42 e-con-full e-flex e-con e-child\" data-id=\"316c9e42\" data-element_type=\"container\" data-e-type=\"container\">\n\t\t\t\t<div class=\"elementor-element elementor-element-494db33c elementor-widget elementor-widget-image\" data-id=\"494db33c\" data-element_type=\"widget\" data-e-type=\"widget\" data-widget_type=\"image.default\">\n\t\t\t\t\t\t\t\t\t\t\t\t\t\t\t<img decoding=\"async\" width=\"800\" height=\"800\" src=\"https:\/\/cyclingceramic.com\/wp-content\/uploads\/2023\/07\/CyclingCeramic_Product-Photography-by-NEVIS-ROAD_2019__1370660.jpg\" class=\"attachment-full size-full wp-image-43355\" alt=\"\" srcset=\"https:\/\/cyclingceramic.com\/wp-content\/uploads\/2023\/07\/CyclingCeramic_Product-Photography-by-NEVIS-ROAD_2019__1370660.jpg 800w, https:\/\/cyclingceramic.com\/wp-content\/uploads\/2023\/07\/CyclingCeramic_Product-Photography-by-NEVIS-ROAD_2019__1370660-300x300.jpg 300w, https:\/\/cyclingceramic.com\/wp-content\/uploads\/2023\/07\/CyclingCeramic_Product-Photography-by-NEVIS-ROAD_2019__1370660-100x100.jpg 100w, https:\/\/cyclingceramic.com\/wp-content\/uploads\/2023\/07\/CyclingCeramic_Product-Photography-by-NEVIS-ROAD_2019__1370660-600x600.jpg 600w, https:\/\/cyclingceramic.com\/wp-content\/uploads\/2023\/07\/CyclingCeramic_Product-Photography-by-NEVIS-ROAD_2019__1370660-12x12.jpg 12w, https:\/\/cyclingceramic.com\/wp-content\/uploads\/2023\/07\/CyclingCeramic_Product-Photography-by-NEVIS-ROAD_2019__1370660-150x150.jpg 150w, https:\/\/cyclingceramic.com\/wp-content\/uploads\/2023\/07\/CyclingCeramic_Product-Photography-by-NEVIS-ROAD_2019__1370660-768x768.jpg 768w, https:\/\/cyclingceramic.com\/wp-content\/uploads\/2023\/07\/CyclingCeramic_Product-Photography-by-NEVIS-ROAD_2019__1370660-50x50.jpg 50w\" sizes=\"(max-width: 800px) 100vw, 800px\" \/>\t\t\t\t\t\t\t\t\t\t\t\t\t\t\t<\/div>\n\t\t\t\t<\/div>\n\t\t<div class=\"elementor-element elementor-element-1927cdd2 e-con-full e-flex e-con e-child\" data-id=\"1927cdd2\" data-element_type=\"container\" data-e-type=\"container\">\n\t\t\t\t<div class=\"elementor-element elementor-element-6fbd8aa9 elementor-widget elementor-widget-image\" data-id=\"6fbd8aa9\" data-element_type=\"widget\" data-e-type=\"widget\" data-widget_type=\"image.default\">\n\t\t\t\t\t\t\t\t\t\t\t\t\t\t\t<img decoding=\"async\" width=\"800\" height=\"800\" src=\"https:\/\/cyclingceramic.com\/wp-content\/uploads\/2023\/07\/CyclingCeramic_Product-Photography-by-NEVIS-ROAD_2019_8W1A0757\u00a9E.Sokol_.jpg\" class=\"attachment-full size-full wp-image-43357\" alt=\"\" srcset=\"https:\/\/cyclingceramic.com\/wp-content\/uploads\/2023\/07\/CyclingCeramic_Product-Photography-by-NEVIS-ROAD_2019_8W1A0757\u00a9E.Sokol_.jpg 800w, https:\/\/cyclingceramic.com\/wp-content\/uploads\/2023\/07\/CyclingCeramic_Product-Photography-by-NEVIS-ROAD_2019_8W1A0757\u00a9E.Sokol_-300x300.jpg 300w, https:\/\/cyclingceramic.com\/wp-content\/uploads\/2023\/07\/CyclingCeramic_Product-Photography-by-NEVIS-ROAD_2019_8W1A0757\u00a9E.Sokol_-100x100.jpg 100w, https:\/\/cyclingceramic.com\/wp-content\/uploads\/2023\/07\/CyclingCeramic_Product-Photography-by-NEVIS-ROAD_2019_8W1A0757\u00a9E.Sokol_-600x600.jpg 600w, https:\/\/cyclingceramic.com\/wp-content\/uploads\/2023\/07\/CyclingCeramic_Product-Photography-by-NEVIS-ROAD_2019_8W1A0757\u00a9E.Sokol_-12x12.jpg 12w, https:\/\/cyclingceramic.com\/wp-content\/uploads\/2023\/07\/CyclingCeramic_Product-Photography-by-NEVIS-ROAD_2019_8W1A0757\u00a9E.Sokol_-150x150.jpg 150w, https:\/\/cyclingceramic.com\/wp-content\/uploads\/2023\/07\/CyclingCeramic_Product-Photography-by-NEVIS-ROAD_2019_8W1A0757\u00a9E.Sokol_-768x768.jpg 768w, https:\/\/cyclingceramic.com\/wp-content\/uploads\/2023\/07\/CyclingCeramic_Product-Photography-by-NEVIS-ROAD_2019_8W1A0757\u00a9E.Sokol_-50x50.jpg 50w\" sizes=\"(max-width: 800px) 100vw, 800px\" \/>\t\t\t\t\t\t\t\t\t\t\t\t\t\t\t<\/div>\n\t\t\t\t<\/div>\n\t\t\t\t\t<\/div>\n\t\t\t\t<\/div>\n\t\t\t\t<\/div>","protected":false},"excerpt":{"rendered":"<p>EVERY CYCLIST HAS A DIFFERENT STORY Your passion is to ride. Ours is to make sure that every watt you [&hellip;]<\/p>\n","protected":false},"author":407,"featured_media":0,"parent":0,"menu_order":0,"comment_status":"closed","ping_status":"closed","template":"","meta":{"_acf_changed":false,"site-sidebar-layout":"default","site-content-layout":"","ast-site-content-layout":"default","site-content-style":"default","site-sidebar-style":"default","ast-global-header-display":"","ast-banner-title-visibility":"","ast-main-header-display":"","ast-hfb-above-header-display":"","ast-hfb-below-header-display":"","ast-hfb-mobile-header-display":"","site-post-title":"","ast-breadcrumbs-content":"","ast-featured-img":"","footer-sml-layout":"","ast-disable-related-posts":"","theme-transparent-header-meta":"","adv-header-id-meta":"","stick-header-meta":"","header-above-stick-meta":"","header-main-stick-meta":"","header-below-stick-meta":"","astra-migrate-meta-layouts":"default","ast-page-background-enabled":"default","ast-page-background-meta":{"desktop":{"background-color":"var(--ast-global-color-4)","background-image":"","background-repeat":"repeat","background-position":"center center","background-size":"auto","background-attachment":"scroll","background-type":"","background-media":"","overlay-type":"","overlay-color":"","overlay-opacity":"","overlay-gradient":""},"tablet":{"background-color":"","background-image":"","background-repeat":"repeat","background-position":"center center","background-size":"auto","background-attachment":"scroll","background-type":"","background-media":"","overlay-type":"","overlay-color":"","overlay-opacity":"","overlay-gradient":""},"mobile":{"background-color":"","background-image":"","background-repeat":"repeat","background-position":"center center","background-size":"auto","background-attachment":"scroll","background-type":"","background-media":"","overlay-type":"","overlay-color":"","overlay-opacity":"","overlay-gradient":""}},"ast-content-background-meta":{"desktop":{"background-color":"var(--ast-global-color-5)","background-image":"","background-repeat":"repeat","background-position":"center center","background-size":"auto","background-attachment":"scroll","background-type":"","background-media":"","overlay-type":"","overlay-color":"","overlay-opacity":"","overlay-gradient":""},"tablet":{"background-color":"var(--ast-global-color-5)","background-image":"","background-repeat":"repeat","background-position":"center center","background-size":"auto","background-attachment":"scroll","background-type":"","background-media":"","overlay-type":"","overlay-color":"","overlay-opacity":"","overlay-gradient":""},"mobile":{"background-color":"var(--ast-global-color-5)","background-image":"","background-repeat":"repeat","background-position":"center center","background-size":"auto","background-attachment":"scroll","background-type":"","background-media":"","overlay-type":"","overlay-color":"","overlay-opacity":"","overlay-gradient":""}},"footnotes":""},"class_list":["post-44284","page","type-page","status-publish","hentry"],"acf":[],"_links":{"self":[{"href":"https:\/\/cyclingceramic.com\/fr\/wp-json\/wp\/v2\/pages\/44284","targetHints":{"allow":["GET"]}}],"collection":[{"href":"https:\/\/cyclingceramic.com\/fr\/wp-json\/wp\/v2\/pages"}],"about":[{"href":"https:\/\/cyclingceramic.com\/fr\/wp-json\/wp\/v2\/types\/page"}],"author":[{"embeddable":true,"href":"https:\/\/cyclingceramic.com\/fr\/wp-json\/wp\/v2\/users\/407"}],"replies":[{"embeddable":true,"href":"https:\/\/cyclingceramic.com\/fr\/wp-json\/wp\/v2\/comments?post=44284"}],"version-history":[{"count":0,"href":"https:\/\/cyclingceramic.com\/fr\/wp-json\/wp\/v2\/pages\/44284\/revisions"}],"wp:attachment":[{"href":"https:\/\/cyclingceramic.com\/fr\/wp-json\/wp\/v2\/media?parent=44284"}],"curies":[{"name":"wp","href":"https:\/\/api.w.org\/{rel}","templated":true}]}}