{"id":48787,"date":"2024-02-23T17:40:27","date_gmt":"2024-02-23T16:40:27","guid":{"rendered":"https:\/\/cyclingceramic.com\/?page_id=48787"},"modified":"2024-02-25T22:29:17","modified_gmt":"2024-02-25T21:29:17","slug":"comment-installer-votre-cire","status":"publish","type":"page","link":"https:\/\/cyclingceramic.com\/fr\/support\/how-to-install-your-wax\/","title":{"rendered":"Comment installer votre WAX"},"content":{"rendered":"<div data-elementor-type=\"wp-page\" data-elementor-id=\"48787\" class=\"elementor elementor-48787\" data-elementor-post-type=\"page\">\n\t\t\t\t<div class=\"elementor-element elementor-element-36119a52 e-flex e-con-boxed e-con e-parent\" data-id=\"36119a52\" data-element_type=\"container\" data-e-type=\"container\" data-settings=\"{&quot;background_background&quot;:&quot;classic&quot;}\">\n\t\t\t\t\t<div class=\"e-con-inner\">\n\t\t\t\t<div class=\"elementor-element elementor-element-7ffb0b37 elementor-widget elementor-widget-heading\" data-id=\"7ffb0b37\" data-element_type=\"widget\" data-e-type=\"widget\" data-widget_type=\"heading.default\">\n\t\t\t\t\t<h1 class=\"elementor-heading-title elementor-size-default\">Comment utiliser la cire CyclingCeramic WAX<\/h1>\t\t\t\t<\/div>\n\t\t\t\t<div class=\"elementor-element elementor-element-8f3f22d elementor-widget elementor-widget-woocommerce-breadcrumb\" data-id=\"8f3f22d\" data-element_type=\"widget\" data-e-type=\"widget\" data-widget_type=\"woocommerce-breadcrumb.default\">\n\t\t\t\t\t<nav class=\"woocommerce-breadcrumb\" aria-label=\"Breadcrumb\" data-no-translation=\"\" data-trp-gettext=\"\">Accueil<\/nav>\t\t\t\t<\/div>\n\t\t\t\t\t<\/div>\n\t\t\t\t<\/div>\n\t\t<div class=\"elementor-element elementor-element-38fcc33b e-flex e-con-boxed e-con e-parent\" data-id=\"38fcc33b\" data-element_type=\"container\" data-e-type=\"container\">\n\t\t\t\t\t<div class=\"e-con-inner\">\n\t\t\t\t<div class=\"elementor-element elementor-element-77d028f1 elementor-widget elementor-widget-heading\" data-id=\"77d028f1\" data-element_type=\"widget\" data-e-type=\"widget\" data-widget_type=\"heading.default\">\n\t\t\t\t\t<h2 class=\"elementor-heading-title elementor-size-default\">Ma\u00eetriser l'entretien du v\u00e9lo : Guide d'utilisation de la cire CyclingCeramic pour une performance optimale de la cha\u00eene<\/h2>\t\t\t\t<\/div>\n\t\t\t\t<div class=\"elementor-element elementor-element-7303f16a elementor-widget elementor-widget-text-editor\" data-id=\"7303f16a\" data-element_type=\"widget\" data-e-type=\"widget\" data-widget_type=\"text-editor.default\">\n\t\t\t\t\t\t\t\t\t<p>L'entretien de votre cha\u00eene de v\u00e9lo est essentiel pour garantir une conduite fluide et prolonger la dur\u00e9e de vie de votre bicyclette. Parmi les diff\u00e9rentes m\u00e9thodes d'entretien, l'utilisation de la cire pour lubrifier la cha\u00eene gagne en popularit\u00e9 gr\u00e2ce \u00e0 ses nombreux avantages. Contrairement aux lubrifiants traditionnels \u00e0 base d'huile, la cire offre une solution propre et durable qui repousse la salet\u00e9 et la poussi\u00e8re tout en r\u00e9duisant l'usure et la friction.\n\nDans ce guide, nous allons explorer les \u00e9tapes d'application de la cire sur la cha\u00eene de v\u00e9lo, ses avantages par rapport aux lubrifiants conventionnels et quelques conseils pour maintenir votre cha\u00eene en parfait \u00e9tat de fonctionnement. Pr\u00e9parez-vous \u00e0 d\u00e9couvrir une nouvelle m\u00e9thode efficace pour entretenir votre v\u00e9lo avec la cire !<\/p>\t\t\t\t\t\t\t\t<\/div>\n\t\t\t\t\t<\/div>\n\t\t\t\t<\/div>\n\t\t<div class=\"elementor-element elementor-element-ec4501b e-flex e-con-boxed e-con e-parent\" data-id=\"ec4501b\" data-element_type=\"container\" data-e-type=\"container\">\n\t\t\t\t\t<div class=\"e-con-inner\">\n\t\t\t\t<div class=\"elementor-element elementor-element-b6e14eb e-n-tabs-mobile elementor-widget elementor-widget-n-tabs\" data-id=\"b6e14eb\" data-element_type=\"widget\" data-e-type=\"widget\" data-widget_type=\"nested-tabs.default\">\n\t\t\t\t\t\t\t<div class=\"e-n-tabs\" data-widget-number=\"191763691\" aria-label=\"Onglets. Ouvrez des \u00e9l\u00e9ments avec Entrer ou Espace, fermez-les avec Echape et naviguez \u00e0 l&#039;aide des touches fl\u00e9ch\u00e9es.\" data-no-translation-aria-label=\"\">\n\t\t\t<div class=\"e-n-tabs-heading\" role=\"tablist\">\n\t\t\t\t\t<button id=\"e-n-tab-title-1917636911\" data-tab-title-id=\"e-n-tab-title-1917636911\" class=\"e-n-tab-title\" aria-selected=\"true\" data-tab-index=\"1\" role=\"tab\" tabindex=\"0\" aria-controls=\"e-n-tab-content-1917636911\" style=\"--n-tabs-title-order: 1;\">\n\t\t\t\t\t\t<span class=\"e-n-tab-title-text\">\n\t\t\t\tComment fonctionne le kit de d\u00e9marrage CyclingCeramic Starter Wax\t\t\t<\/span>\n\t\t<\/button>\n\t\t\t\t<button id=\"e-n-tab-title-1917636912\" data-tab-title-id=\"e-n-tab-title-1917636912\" class=\"e-n-tab-title\" aria-selected=\"false\" data-tab-index=\"2\" role=\"tab\" tabindex=\"-1\" aria-controls=\"e-n-tab-content-1917636912\" style=\"--n-tabs-title-order: 2;\">\n\t\t\t\t\t\t<span class=\"e-n-tab-title-text\">\n\t\t\t\tComment re-cirer la cha\u00eene \t\t\t<\/span>\n\t\t<\/button>\n\t\t\t\t\t<\/div>\n\t\t\t<div class=\"e-n-tabs-content\">\n\t\t\t\t<div id=\"e-n-tab-content-1917636911\" role=\"tabpanel\" aria-labelledby=\"e-n-tab-title-1917636911\" data-tab-index=\"1\" style=\"--n-tabs-title-order: 1;\" class=\"e-active elementor-element elementor-element-62f29ac1 e-con-full e-flex e-con e-child\" data-id=\"62f29ac1\" data-element_type=\"container\" data-e-type=\"container\">\n\t\t\t\t<div class=\"elementor-element elementor-element-6d0b7272 elementor-widget elementor-widget-text-editor\" data-id=\"6d0b7272\" data-element_type=\"widget\" data-e-type=\"widget\" data-widget_type=\"text-editor.default\">\n\t\t\t\t\t\t\t\t\t<p><strong>Pr\u00e9paration de la cha\u00eene :<\/strong><\/p><ul><li>Retirez la cha\u00eene du v\u00e9lo ou utilisez une cha\u00eene neuve.<\/li><li>Nettoyez soigneusement la cha\u00eene avec un solvant tel que du White Spirit ou un d\u00e9graissant min\u00e9ral. Immergez compl\u00e8tement la cha\u00eene dans le solvant pendant 20 \u00e0 60 minutes en utilisant le sac plastique fourni avec la cire (veillez \u00e0 porter des gants).<\/li><li>Secouez le sac contenant la cha\u00eene pendant 2 minutes, puis retirez la cha\u00eene et laissez-la s\u00e9cher compl\u00e8tement pendant 10 \u00e0 12 heures. En option, vous pouvez rincer la cha\u00eene avec de l'alcool \u00e0 98 % pour \u00e9liminer les r\u00e9sidus restants.<\/li><li>Ce nettoyage au solvant est uniquement n\u00e9cessaire lors du premier nettoyage pour retirer les huiles.<\/li><\/ul><p><strong>Processus d'application :<\/strong><\/p><p class=\"translation-block\"><br>1. Si la cha\u00eene se salit, nettoyez-la en versant de l'eau chaude dessus et en la laissant s\u00e9cher. Cette m\u00e9thode permet d'\u00e9viter la contamination de la cire dans la mijoteuse, ce qui prolonge son utilit\u00e9.<br>2. Faites fondre la cire CyclingCeramic dans une mijoteuse \u00e0 feu moyen jusqu'\u00e0 ce que la cire soit compl\u00e8tement fondue. La cire fond \u00e0 environ 70\u00b0C (160\u00b0F), mais chauffez-la \u00e0 environ 90\u00b0C (194\u00b0F).<br>3. Immergez compl\u00e8tement la cha\u00eene dans la cire fondue et attendez que la cire accumul\u00e9e sur la cha\u00eene fonde \u00e0 nouveau (minimum 10-15 minutes - IMPORTANT !). Utilisez un c\u00e2ble m\u00e9tallique pour enfiler les deux extr\u00e9mit\u00e9s de la cha\u00eene afin de faciliter l'immersion.<br>4. Secouez doucement la cha\u00eene dans la cire liquide (\u00e0 l'aide du c\u00e2ble m\u00e9tallique) pendant environ 3 \u00e0 5 minutes pour que la cire p\u00e9n\u00e8tre dans les goupilles. Pliez les maillons pour faciliter la p\u00e9n\u00e9tration de la cire.<br>5. Retirez la cha\u00eene, suspendez-la et essuyez d\u00e9licatement l'exc\u00e8s de cire sur le c\u00f4t\u00e9 des maillons. Laissez-la refroidir pendant environ 40 minutes.<br>6. Une fois refroidie \u00e0 temp\u00e9rature ambiante, tenez la cha\u00eene dans une main et passez-la entre les doigts de votre autre main pour vous assurer qu'elle est bien lisse (comme le montre notre vid\u00e9o).<\/p><p><strong>D\u00e9pannage :<\/strong><\/p><ul><li>Si la cha\u00eene grince apr\u00e8s quelques heures de roulage \u00e0 sec, cela signifie un manque de cire d\u00fb \u00e0 une application incorrecte. V\u00e9rifiez que la temp\u00e9rature de la cire est correcte et attendez au moins 10-15 minutes apr\u00e8s l'immersion avant de secouer la cha\u00eene.<\/li><li>Si la cire s\u2019effrite lors des s\u00e9ances sur home trainer, cela indique que la cha\u00eene n\u2019a pas \u00e9t\u00e9 correctement essuy\u00e9e apr\u00e8s suspension. V\u00e9rifiez la temp\u00e9rature de la cire et essuyez l'ext\u00e9rieur de la cha\u00eene avec un essuie-tout avant qu'elle ne refroidisse.<\/li><\/ul><p><strong>Avertissements :<\/strong><\/p><ul><li>Portez toujours des v\u00eatements de protection appropri\u00e9s, des gants et des lunettes de s\u00e9curit\u00e9 lors de la manipulation de la cire chaude.<\/li><li>Ne laissez jamais une mijoteuse allum\u00e9e sans surveillance. Apr\u00e8s utilisation, \u00e9teignez la mijoteuse et assurez-vous que la cire fondue n\u2019est pas accessible aux enfants ou aux personnes non autoris\u00e9es.<\/li><li>Utilisez uniquement une mijoteuse (bain-marie) pour faire fondre la cire. Ne jamais utiliser un four, un micro-ondes ou une cuisini\u00e8re.<\/li><li>Ne d\u00e9passez jamais une temp\u00e9rature de 100\u00b0C (212\u00b0F) et \u00e9vitez d\u2019exposer la cire \u00e0 une flamme nue. Conservez la cire hors de port\u00e9e des enfants et utilisez-la dans un espace bien ventil\u00e9.<\/li><\/ul>\t\t\t\t\t\t\t\t<\/div>\n\t\t\t\t<div class=\"elementor-element elementor-element-687532d6 elementor-widget elementor-widget-video\" data-id=\"687532d6\" data-element_type=\"widget\" data-e-type=\"widget\" data-settings=\"{&quot;youtube_url&quot;:&quot;https:\\\/\\\/youtu.be\\\/WDyBMRfkzf4&quot;,&quot;video_type&quot;:&quot;youtube&quot;,&quot;controls&quot;:&quot;yes&quot;}\" data-widget_type=\"video.default\">\n\t\t\t\t\t\t\t<div class=\"elementor-wrapper elementor-open-inline\">\n\t\t\t<div class=\"elementor-video\"><\/div>\t\t<\/div>\n\t\t\t\t\t\t<\/div>\n\t\t\t\t<\/div>\n\t\t<div id=\"e-n-tab-content-1917636912\" role=\"tabpanel\" aria-labelledby=\"e-n-tab-title-1917636912\" data-tab-index=\"2\" style=\"--n-tabs-title-order: 2;\" class=\"elementor-element elementor-element-228435ce e-con-full e-flex e-con e-child\" data-id=\"228435ce\" data-element_type=\"container\" data-e-type=\"container\">\n\t\t\t\t<div class=\"elementor-element elementor-element-21be8cf5 elementor-widget elementor-widget-text-editor\" data-id=\"21be8cf5\" data-element_type=\"widget\" data-e-type=\"widget\" data-widget_type=\"text-editor.default\">\n\t\t\t\t\t\t\t\t\t<p class=\"cvGsUA direction-ltr align-center para-style-body\"><span class=\"OYPEnA text-decoration-none text-strikethrough-none\">Le rev\u00eatement de cire CyclingCeramic durera environ 600 km (370 mi) dans des conditions routi\u00e8res s\u00e8ches. Sa long\u00e9vit\u00e9 sera r\u00e9duite dans des environnements poussi\u00e9reux ou hors route. <\/span><span class=\"OYPEnA text-decoration-none text-strikethrough-none\">Quand la cha\u00eene commence \u00e0 \u00e9mettre un bruit sec, il est temps de la re-cirer.<\/span><span class=\"OYPEnA text-decoration-none text-strikethrough-none\">. <\/span><strong><span class=\"OYPEnA text-decoration-none text-strikethrough-none\">Lors de sorties sous la pluie ou dans des conditions humides, la cha\u00eene doit \u00eatre re-cir\u00e9e apr\u00e8s chaque sortie.<\/span><\/strong><span class=\"OYPEnA text-decoration-none text-strikethrough-none\"> Cela est inh\u00e9rent \u00e0 toutes les cires \u00e0 fusion chaude, quelle que soit la marque, et ne peut \u00eatre \u00e9vit\u00e9.<\/span><\/p>\t\t\t\t\t\t\t\t<\/div>\n\t\t\t\t<div class=\"elementor-element elementor-element-6e57f3c0 elementor-widget elementor-widget-video\" data-id=\"6e57f3c0\" data-element_type=\"widget\" data-e-type=\"widget\" data-settings=\"{&quot;youtube_url&quot;:&quot;https:\\\/\\\/youtu.be\\\/PvqxuHbnoSE&quot;,&quot;video_type&quot;:&quot;youtube&quot;,&quot;controls&quot;:&quot;yes&quot;}\" data-widget_type=\"video.default\">\n\t\t\t\t\t\t\t<div class=\"elementor-wrapper elementor-open-inline\">\n\t\t\t<div class=\"elementor-video\"><\/div>\t\t<\/div>\n\t\t\t\t\t\t<\/div>\n\t\t\t\t<\/div>\n\t\t\t\t\t<\/div>\n\t\t<\/div>\n\t\t\t\t\t\t<\/div>\n\t\t\t\t\t<\/div>\n\t\t\t\t<\/div>\n\t\t\t\t<\/div>","protected":false},"excerpt":{"rendered":"<p>How to use the CyclingCeramic WAX Mastering Bike Maintenance : A guide to Using CyclingCeramic Wax for Optimal Chain Performance [&hellip;]<\/p>\n","protected":false},"author":76,"featured_media":48611,"parent":44230,"menu_order":0,"comment_status":"closed","ping_status":"closed","template":"","meta":{"_acf_changed":false,"site-sidebar-layout":"default","site-content-layout":"","ast-site-content-layout":"default","site-content-style":"default","site-sidebar-style":"default","ast-global-header-display":"","ast-banner-title-visibility":"","ast-main-header-display":"","ast-hfb-above-header-display":"","ast-hfb-below-header-display":"","ast-hfb-mobile-header-display":"","site-post-title":"","ast-breadcrumbs-content":"","ast-featured-img":"","footer-sml-layout":"","ast-disable-related-posts":"","theme-transparent-header-meta":"","adv-header-id-meta":"","stick-header-meta":"","header-above-stick-meta":"","header-main-stick-meta":"","header-below-stick-meta":"","astra-migrate-meta-layouts":"default","ast-page-background-enabled":"default","ast-page-background-meta":{"desktop":{"background-color":"var(--ast-global-color-4)","background-image":"","background-repeat":"repeat","background-position":"center center","background-size":"auto","background-attachment":"scroll","background-type":"","background-media":"","overlay-type":"","overlay-color":"","overlay-opacity":"","overlay-gradient":""},"tablet":{"background-color":"","background-image":"","background-repeat":"repeat","background-position":"center center","background-size":"auto","background-attachment":"scroll","background-type":"","background-media":"","overlay-type":"","overlay-color":"","overlay-opacity":"","overlay-gradient":""},"mobile":{"background-color":"","background-image":"","background-repeat":"repeat","background-position":"center center","background-size":"auto","background-attachment":"scroll","background-type":"","background-media":"","overlay-type":"","overlay-color":"","overlay-opacity":"","overlay-gradient":""}},"ast-content-background-meta":{"desktop":{"background-color":"var(--ast-global-color-5)","background-image":"","background-repeat":"repeat","background-position":"center center","background-size":"auto","background-attachment":"scroll","background-type":"","background-media":"","overlay-type":"","overlay-color":"","overlay-opacity":"","overlay-gradient":""},"tablet":{"background-color":"var(--ast-global-color-5)","background-image":"","background-repeat":"repeat","background-position":"center center","background-size":"auto","background-attachment":"scroll","background-type":"","background-media":"","overlay-type":"","overlay-color":"","overlay-opacity":"","overlay-gradient":""},"mobile":{"background-color":"var(--ast-global-color-5)","background-image":"","background-repeat":"repeat","background-position":"center center","background-size":"auto","background-attachment":"scroll","background-type":"","background-media":"","overlay-type":"","overlay-color":"","overlay-opacity":"","overlay-gradient":""}},"footnotes":""},"class_list":["post-48787","page","type-page","status-publish","has-post-thumbnail","hentry"],"acf":[],"_links":{"self":[{"href":"https:\/\/cyclingceramic.com\/fr\/wp-json\/wp\/v2\/pages\/48787","targetHints":{"allow":["GET"]}}],"collection":[{"href":"https:\/\/cyclingceramic.com\/fr\/wp-json\/wp\/v2\/pages"}],"about":[{"href":"https:\/\/cyclingceramic.com\/fr\/wp-json\/wp\/v2\/types\/page"}],"author":[{"embeddable":true,"href":"https:\/\/cyclingceramic.com\/fr\/wp-json\/wp\/v2\/users\/76"}],"replies":[{"embeddable":true,"href":"https:\/\/cyclingceramic.com\/fr\/wp-json\/wp\/v2\/comments?post=48787"}],"version-history":[{"count":0,"href":"https:\/\/cyclingceramic.com\/fr\/wp-json\/wp\/v2\/pages\/48787\/revisions"}],"up":[{"embeddable":true,"href":"https:\/\/cyclingceramic.com\/fr\/wp-json\/wp\/v2\/pages\/44230"}],"wp:featuredmedia":[{"embeddable":true,"href":"https:\/\/cyclingceramic.com\/fr\/wp-json\/wp\/v2\/media\/48611"}],"wp:attachment":[{"href":"https:\/\/cyclingceramic.com\/fr\/wp-json\/wp\/v2\/media?parent=48787"}],"curies":[{"name":"wp","href":"https:\/\/api.w.org\/{rel}","templated":true}]}}