{"id":49662,"date":"2024-04-12T13:05:10","date_gmt":"2024-04-12T11:05:10","guid":{"rendered":"https:\/\/cyclingceramic.com\/?page_id=49662"},"modified":"2026-02-08T19:24:45","modified_gmt":"2026-02-08T18:24:45","slug":"conception-de-regle-aerodynamique","status":"publish","type":"page","link":"https:\/\/cyclingceramic.com\/fr\/aerodynamic-screed-design\/","title":{"rendered":"Conception d'une r\u00e8gle vibrante a\u00e9rodynamique"},"content":{"rendered":"<div data-elementor-type=\"wp-page\" data-elementor-id=\"49662\" class=\"elementor elementor-49662\" data-elementor-post-type=\"page\">\n\t\t\t\t<div class=\"elementor-element elementor-element-f5b98d6 e-con-full e-flex e-con e-parent\" data-id=\"f5b98d6\" data-element_type=\"container\" data-e-type=\"container\">\n\t\t\t\t<div class=\"elementor-element elementor-element-f38153e elementor-widget elementor-widget-video\" data-id=\"f38153e\" data-element_type=\"widget\" data-e-type=\"widget\" data-settings=\"{&quot;youtube_url&quot;:&quot;https:\\\/\\\/www.youtube.com\\\/watch?v=giMjUFkWCQA&amp;feature=youtu.be&quot;,&quot;autoplay&quot;:&quot;yes&quot;,&quot;mute&quot;:&quot;yes&quot;,&quot;loop&quot;:&quot;yes&quot;,&quot;video_type&quot;:&quot;youtube&quot;}\" data-widget_type=\"video.default\">\n\t\t\t\t\t\t\t<div class=\"elementor-wrapper elementor-open-inline\">\n\t\t\t<div class=\"elementor-video\"><\/div>\t\t<\/div>\n\t\t\t\t\t\t<\/div>\n\t\t\t\t<\/div>\n\t\t<div class=\"elementor-element elementor-element-36d5bb5 e-flex e-con-boxed e-con e-parent\" data-id=\"36d5bb5\" data-element_type=\"container\" data-e-type=\"container\" data-settings=\"{&quot;background_background&quot;:&quot;classic&quot;}\">\n\t\t\t\t\t<div class=\"e-con-inner\">\n\t\t<div class=\"elementor-element elementor-element-4c0c7e8 e-con-full e-flex e-con e-child\" data-id=\"4c0c7e8\" data-element_type=\"container\" data-e-type=\"container\" data-settings=\"{&quot;background_background&quot;:&quot;classic&quot;}\">\n\t\t\t\t<div class=\"elementor-element elementor-element-85d925f elementor-widget elementor-widget-heading\" data-id=\"85d925f\" data-element_type=\"widget\" data-e-type=\"widget\" data-widget_type=\"heading.default\">\n\t\t\t\t\t<div class=\"elementor-heading-title elementor-size-default\">Conception par CyclingCeramic <\/div>\t\t\t\t<\/div>\n\t\t\t\t<div class=\"elementor-element elementor-element-1b28099 elementor-widget elementor-widget-heading\" data-id=\"1b28099\" data-element_type=\"widget\" data-e-type=\"widget\" data-widget_type=\"heading.default\">\n\t\t\t\t\t<div class=\"elementor-heading-title elementor-size-default\">Chape de d\u00e9railleur a\u00e9rodynamique<\/div>\t\t\t\t<\/div>\n\t\t\t\t<\/div>\n\t\t<div class=\"elementor-element elementor-element-4fa5220 e-con-full e-flex e-con e-child\" data-id=\"4fa5220\" data-element_type=\"container\" data-e-type=\"container\">\n\t\t\t\t<div class=\"elementor-element elementor-element-ed535d7 elementor-widget elementor-widget-text-editor\" data-id=\"ed535d7\" data-element_type=\"widget\" data-e-type=\"widget\" data-widget_type=\"text-editor.default\">\n\t\t\t\t\t\t\t\t\t<p>La cage de d\u00e9railleur a\u00e9rodynamique est un \u00e9l\u00e9ment crucial pour maximiser les performances des v\u00e9los de course modernes. Chez CyclingCeramic, nous avons repouss\u00e9 les limites de l'ing\u00e9nierie pour concevoir une cage de d\u00e9railleur qui offre une efficacit\u00e9 a\u00e9rodynamique exceptionnelle tout en assurant une transmission optimale de la puissance.<\/p>\t\t\t\t\t\t\t\t<\/div>\n\t\t\t\t<\/div>\n\t\t\t\t\t<\/div>\n\t\t\t\t<\/div>\n\t\t<div class=\"elementor-element elementor-element-fb9a39c e-flex e-con-boxed e-con e-parent\" data-id=\"fb9a39c\" data-element_type=\"container\" data-e-type=\"container\" data-settings=\"{&quot;background_background&quot;:&quot;classic&quot;}\">\n\t\t\t\t\t<div class=\"e-con-inner\">\n\t\t<div class=\"elementor-element elementor-element-9ff6a32 e-con-full e-flex e-con e-child\" data-id=\"9ff6a32\" data-element_type=\"container\" data-e-type=\"container\" data-settings=\"{&quot;background_background&quot;:&quot;classic&quot;}\">\n\t\t\t\t<\/div>\n\t\t<div class=\"elementor-element elementor-element-298ef49 e-con-full e-flex e-con e-child\" data-id=\"298ef49\" data-element_type=\"container\" data-e-type=\"container\">\n\t\t\t\t<div class=\"elementor-element elementor-element-fc4b729 elementor-widget elementor-widget-heading\" data-id=\"fc4b729\" data-element_type=\"widget\" data-e-type=\"widget\" data-widget_type=\"heading.default\">\n\t\t\t\t\t<h2 class=\"elementor-heading-title elementor-size-default\">Technologie CyclingCeramic<\/h2>\t\t\t\t<\/div>\n\t\t\t\t<div class=\"elementor-element elementor-element-e5a1546 elementor-widget elementor-widget-text-editor\" data-id=\"e5a1546\" data-element_type=\"widget\" data-e-type=\"widget\" data-widget_type=\"text-editor.default\">\n\t\t\t\t\t\t\t\t\t<p>Notre cage de d\u00e9railleur a\u00e9rodynamique est le r\u00e9sultat de nombreuses heures de recherche et de d\u00e9veloppement. En utilisant des techniques de mod\u00e9lisation avanc\u00e9es et des mat\u00e9riaux de pointe, nous avons con\u00e7u une cage qui r\u00e9duit la tra\u00een\u00e9e et am\u00e9liore la stabilit\u00e9 \u00e0 grande vitesse.<\/p>\t\t\t\t\t\t\t\t<\/div>\n\t\t\t\t<\/div>\n\t\t\t\t\t<\/div>\n\t\t\t\t<\/div>\n\t\t<div class=\"elementor-element elementor-element-bf93a6a e-flex e-con-boxed e-con e-parent\" data-id=\"bf93a6a\" data-element_type=\"container\" data-e-type=\"container\" data-settings=\"{&quot;background_background&quot;:&quot;classic&quot;}\">\n\t\t\t\t\t<div class=\"e-con-inner\">\n\t\t<div class=\"elementor-element elementor-element-8ba94c7 e-con-full e-flex e-con e-child\" data-id=\"8ba94c7\" data-element_type=\"container\" data-e-type=\"container\" data-settings=\"{&quot;background_background&quot;:&quot;classic&quot;}\">\n\t\t\t\t<\/div>\n\t\t<div class=\"elementor-element elementor-element-63f254a e-con-full e-flex e-con e-child\" data-id=\"63f254a\" data-element_type=\"container\" data-e-type=\"container\">\n\t\t\t\t<div class=\"elementor-element elementor-element-2cca838 elementor-widget elementor-widget-heading\" data-id=\"2cca838\" data-element_type=\"widget\" data-e-type=\"widget\" data-widget_type=\"heading.default\">\n\t\t\t\t\t<h2 class=\"elementor-heading-title elementor-size-default\">Avantages de la chape de d\u00e9railleur a\u00e9rodynamique<\/h2>\t\t\t\t<\/div>\n\t\t\t\t<div class=\"elementor-element elementor-element-8448479 elementor-widget elementor-widget-text-editor\" data-id=\"8448479\" data-element_type=\"widget\" data-e-type=\"widget\" data-widget_type=\"text-editor.default\">\n\t\t\t\t\t\t\t\t\t<ol><li>Tra\u00een\u00e9e r\u00e9duite pour une vitesse maximale. <\/li><li>R\u00e9duction de la tra\u00een\u00e9e 30% par rapport \u00e0 une cage standard.<\/li><li>Efficacit\u00e9 \u00e9nerg\u00e9tique am\u00e9lior\u00e9e pour des performances accrues.<\/li><li>Stabilit\u00e9 accrue par vent de travers.<\/li><\/ol>\t\t\t\t\t\t\t\t<\/div>\n\t\t\t\t<\/div>\n\t\t\t\t\t<\/div>\n\t\t\t\t<\/div>\n\t\t<div class=\"elementor-element elementor-element-f524e69 e-flex e-con-boxed e-con e-parent\" data-id=\"f524e69\" data-element_type=\"container\" data-e-type=\"container\" data-settings=\"{&quot;background_background&quot;:&quot;classic&quot;}\">\n\t\t\t\t\t<div class=\"e-con-inner\">\n\t\t<div class=\"elementor-element elementor-element-4ddd3f0 e-con-full e-flex e-con e-child\" data-id=\"4ddd3f0\" data-element_type=\"container\" data-e-type=\"container\" data-settings=\"{&quot;background_background&quot;:&quot;classic&quot;}\">\n\t\t\t\t<\/div>\n\t\t<div class=\"elementor-element elementor-element-28e19d2 e-con-full e-flex e-con e-child\" data-id=\"28e19d2\" data-element_type=\"container\" data-e-type=\"container\">\n\t\t\t\t<div class=\"elementor-element elementor-element-3b4c36b elementor-widget elementor-widget-heading\" data-id=\"3b4c36b\" data-element_type=\"widget\" data-e-type=\"widget\" data-widget_type=\"heading.default\">\n\t\t\t\t\t<h2 class=\"elementor-heading-title elementor-size-default\">Processus de conception<\/h2>\t\t\t\t<\/div>\n\t\t\t\t<div class=\"elementor-element elementor-element-ae3b8b7 elementor-widget elementor-widget-text-editor\" data-id=\"ae3b8b7\" data-element_type=\"widget\" data-e-type=\"widget\" data-widget_type=\"text-editor.default\">\n\t\t\t\t\t\t\t\t\t<p>Notre \u00e9quipe d\u2019ing\u00e9nieurs commence par une phase de recherche approfondie, en analysant les flux d\u2019air et en identifiant les zones de turbulence. Nous passons ensuite \u00e0 la mod\u00e9lisation num\u00e9rique afin d\u2019affiner la forme de la chape et d\u2019optimiser ses performances a\u00e9rodynamiques. Enfin, les tests en soufflerie nous permettent de valider nos simulations et d\u2019ajuster le design si n\u00e9cessaire.\nNos donn\u00e9es ont \u00e9t\u00e9 valid\u00e9es lors d\u2019une s\u00e9ance en soufflerie avec AEROCOACH LTD, d\u00e9montrant que notre Aero Cage est plus rapide que toute autre chape standard.<\/p>\t\t\t\t\t\t\t\t<\/div>\n\t\t\t\t<\/div>\n\t\t\t\t\t<\/div>\n\t\t\t\t<\/div>\n\t\t<div class=\"elementor-element elementor-element-1658e0b e-flex e-con-boxed e-con e-parent\" data-id=\"1658e0b\" data-element_type=\"container\" data-e-type=\"container\" data-settings=\"{&quot;background_background&quot;:&quot;classic&quot;}\">\n\t\t\t\t\t<div class=\"e-con-inner\">\n\t\t<div class=\"elementor-element elementor-element-e7fe002 e-con-full e-flex e-con e-child\" data-id=\"e7fe002\" data-element_type=\"container\" data-e-type=\"container\" data-settings=\"{&quot;background_background&quot;:&quot;classic&quot;}\">\n\t\t\t\t<\/div>\n\t\t<div class=\"elementor-element elementor-element-43da516 e-con-full e-flex e-con e-child\" data-id=\"43da516\" data-element_type=\"container\" data-e-type=\"container\">\n\t\t\t\t<div class=\"elementor-element elementor-element-f251c50 elementor-widget elementor-widget-heading\" data-id=\"f251c50\" data-element_type=\"widget\" data-e-type=\"widget\" data-widget_type=\"heading.default\">\n\t\t\t\t\t<h2 class=\"elementor-heading-title elementor-size-default\">Mat\u00e9riaux et fabrication<\/h2>\t\t\t\t<\/div>\n\t\t\t\t<div class=\"elementor-element elementor-element-fd583a3 elementor-widget elementor-widget-text-editor\" data-id=\"fd583a3\" data-element_type=\"widget\" data-e-type=\"widget\" data-widget_type=\"text-editor.default\">\n\t\t\t\t\t\t\t\t\t<p>Nous utilisons des c\u00e9ramiques de haute qualit\u00e9 pour garantir \u00e0 la fois la l\u00e9g\u00e8ret\u00e9 et la durabilit\u00e9. Nos cages sont fabriqu\u00e9es avec une extr\u00eame pr\u00e9cision pour garantir un ajustement parfait et une transmission maximale de la puissance.<\/p>\t\t\t\t\t\t\t\t<\/div>\n\t\t\t\t<\/div>\n\t\t\t\t\t<\/div>\n\t\t\t\t<\/div>\n\t\t<div class=\"elementor-element elementor-element-642b0f9 e-flex e-con-boxed e-con e-parent\" data-id=\"642b0f9\" data-element_type=\"container\" data-e-type=\"container\" data-settings=\"{&quot;background_background&quot;:&quot;classic&quot;}\">\n\t\t\t\t\t<div class=\"e-con-inner\">\n\t\t<div class=\"elementor-element elementor-element-aea8c33 e-con-full e-flex e-con e-child\" data-id=\"aea8c33\" data-element_type=\"container\" data-e-type=\"container\" data-settings=\"{&quot;background_background&quot;:&quot;classic&quot;}\">\n\t\t\t\t<\/div>\n\t\t<div class=\"elementor-element elementor-element-76bab77 e-con-full e-flex e-con e-child\" data-id=\"76bab77\" data-element_type=\"container\" data-e-type=\"container\">\n\t\t\t\t<div class=\"elementor-element elementor-element-e9d33c6 elementor-widget elementor-widget-heading\" data-id=\"e9d33c6\" data-element_type=\"widget\" data-e-type=\"widget\" data-widget_type=\"heading.default\">\n\t\t\t\t\t<h2 class=\"elementor-heading-title elementor-size-default\">Essais et validation<\/h2>\t\t\t\t<\/div>\n\t\t\t\t<div class=\"elementor-element elementor-element-f8a3bcc elementor-widget elementor-widget-text-editor\" data-id=\"f8a3bcc\" data-element_type=\"widget\" data-e-type=\"widget\" data-widget_type=\"text-editor.default\">\n\t\t\t\t\t\t\t\t\t<p>Avant d'\u00eatre commercialis\u00e9es, toutes nos cages sont soumises \u00e0 des tests rigoureux en soufflerie afin d'\u00e9valuer leurs performances a\u00e9rodynamiques dans diff\u00e9rentes conditions. Nos tests internes ainsi que les commentaires des cyclistes professionnels nous permettent de nous assurer que chaque cage CyclingCeramic r\u00e9pond aux normes les plus \u00e9lev\u00e9es de qualit\u00e9 et de performance.<\/p><p>Gain de 7 secondes par rapport \u00e0 un OSPW sans conception a\u00e9rodynamique sur un TT de 40 km.<\/p>\t\t\t\t\t\t\t\t<\/div>\n\t\t\t\t<\/div>\n\t\t\t\t\t<\/div>\n\t\t\t\t<\/div>\n\t\t<div class=\"elementor-element elementor-element-54f6a43 e-flex e-con-boxed e-con e-parent\" data-id=\"54f6a43\" data-element_type=\"container\" data-e-type=\"container\" data-settings=\"{&quot;background_background&quot;:&quot;classic&quot;}\">\n\t\t\t\t\t<div class=\"e-con-inner\">\n\t\t\t\t<div class=\"elementor-element elementor-element-382027b elementor-widget elementor-widget-heading\" data-id=\"382027b\" data-element_type=\"widget\" data-e-type=\"widget\" data-widget_type=\"heading.default\">\n\t\t\t\t\t<h2 class=\"elementor-heading-title elementor-size-default\">T\u00e9moignages et r\u00e9actions des utilisateurs<\/h2>\t\t\t\t<\/div>\n\t\t\t\t<div class=\"elementor-element elementor-element-daf7456 elementor-widget elementor-widget-testimonial\" data-id=\"daf7456\" data-element_type=\"widget\" data-e-type=\"widget\" data-widget_type=\"testimonial.default\">\n\t\t\t\t\t\t\t<div class=\"elementor-testimonial-wrapper\">\n\t\t\t\t\t\t\t<div class=\"elementor-testimonial-content\">\"Depuis que j'utilise la cage de d\u00e9railleur a\u00e9rodynamique de CyclingCeramic, j'ai remarqu\u00e9 une am\u00e9lioration significative de mes performances en comp\u00e9tition. La r\u00e9duction de la tra\u00een\u00e9e m'a permis de gagner de pr\u00e9cieuses secondes sur mes temps.\"<\/div>\n\t\t\t\n\t\t\t\t\t\t<div class=\"elementor-testimonial-meta elementor-has-image elementor-testimonial-image-position-aside\">\n\t\t\t\t<div class=\"elementor-testimonial-meta-inner\">\n\t\t\t\t\t\t\t\t\t\t\t<div class=\"elementor-testimonial-image\">\n\t\t\t\t\t\t\t<img decoding=\"async\" width=\"1080\" height=\"928\" src=\"https:\/\/cyclingceramic.com\/wp-content\/uploads\/2023\/10\/363835209_1015841526445300_4386164357504152372_n-1.jpg\" class=\"attachment-full size-full wp-image-47043\" alt=\"\" srcset=\"https:\/\/cyclingceramic.com\/wp-content\/uploads\/2023\/10\/363835209_1015841526445300_4386164357504152372_n-1.jpg 1080w, https:\/\/cyclingceramic.com\/wp-content\/uploads\/2023\/10\/363835209_1015841526445300_4386164357504152372_n-1-600x516.jpg 600w, https:\/\/cyclingceramic.com\/wp-content\/uploads\/2023\/10\/363835209_1015841526445300_4386164357504152372_n-1-14x12.jpg 14w, https:\/\/cyclingceramic.com\/wp-content\/uploads\/2023\/10\/363835209_1015841526445300_4386164357504152372_n-1-300x258.jpg 300w, https:\/\/cyclingceramic.com\/wp-content\/uploads\/2023\/10\/363835209_1015841526445300_4386164357504152372_n-1-768x660.jpg 768w, https:\/\/cyclingceramic.com\/wp-content\/uploads\/2023\/10\/363835209_1015841526445300_4386164357504152372_n-1-1024x880.jpg 1024w\" sizes=\"(max-width: 1080px) 100vw, 1080px\" \/>\t\t\t\t\t\t<\/div>\n\t\t\t\t\t\n\t\t\t\t\t\t\t\t\t\t<div class=\"elementor-testimonial-details\">\n\t\t\t\t\t\t\t\t\t\t\t\t\t\t<div class=\"elementor-testimonial-name\">Caroline<\/div>\n\t\t\t\t\t\t\t\t\t\t\t\t\t\t\t\t\t\t\t\t\t\t<div class=\"elementor-testimonial-job\">Cycliste professionnel<\/div>\n\t\t\t\t\t\t\t\t\t\t\t\t\t<\/div>\n\t\t\t\t\t\t\t\t\t<\/div>\n\t\t\t<\/div>\n\t\t\t\t\t<\/div>\n\t\t\t\t\t\t<\/div>\n\t\t\t\t\t<\/div>\n\t\t\t\t<\/div>\n\t\t<div class=\"elementor-element elementor-element-47b3abc e-flex e-con-boxed e-con e-parent\" data-id=\"47b3abc\" data-element_type=\"container\" data-e-type=\"container\" data-settings=\"{&quot;background_background&quot;:&quot;classic&quot;}\">\n\t\t\t\t\t<div class=\"e-con-inner\">\n\t\t<div class=\"elementor-element elementor-element-2f98ac2 e-con-full e-flex e-con e-child\" data-id=\"2f98ac2\" data-element_type=\"container\" data-e-type=\"container\" data-settings=\"{&quot;background_background&quot;:&quot;classic&quot;}\">\n\t\t\t\t<div class=\"elementor-element elementor-element-35563cb elementor-widget elementor-widget-heading\" data-id=\"35563cb\" data-element_type=\"widget\" data-e-type=\"widget\" data-widget_type=\"heading.default\">\n\t\t\t\t\t<div class=\"elementor-heading-title elementor-size-default\">Conclusion<\/div>\t\t\t\t<\/div>\n\t\t\t\t<\/div>\n\t\t<div class=\"elementor-element elementor-element-135f001 e-con-full e-flex e-con e-child\" data-id=\"135f001\" data-element_type=\"container\" data-e-type=\"container\">\n\t\t\t\t<div class=\"elementor-element elementor-element-97d9b76 elementor-widget elementor-widget-text-editor\" data-id=\"97d9b76\" data-element_type=\"widget\" data-e-type=\"widget\" data-widget_type=\"text-editor.default\">\n\t\t\t\t\t\t\t\t\t<p>La cage de d\u00e9railleur a\u00e9rodynamique CyclingCeramic est le choix id\u00e9al pour les cyclistes qui cherchent \u00e0 repousser leurs limites de performance. Avec son design innovant et ses mat\u00e9riaux de haute qualit\u00e9, elle offre une combinaison parfaite de vitesse, d'efficacit\u00e9 et de stabilit\u00e9. D\u00e9couvrez d\u00e8s maintenant notre gamme de d\u00e9railleurs a\u00e9rodynamiques et atteignez de nouveaux sommets sur la route.<\/p>\t\t\t\t\t\t\t\t<\/div>\n\t\t\t\t<div class=\"elementor-element elementor-element-fe57803 elementor-widget elementor-widget-button\" data-id=\"fe57803\" data-element_type=\"widget\" data-e-type=\"widget\" data-widget_type=\"button.default\">\n\t\t\t\t\t\t\t\t\t\t<a class=\"elementor-button elementor-button-link elementor-size-sm\" href=\"https:\/\/cyclingceramic.com\/fr\/categorie-produit\/des-gaines-de-derailleur-surdimensionnees\/\">\n\t\t\t\t\t\t<span class=\"elementor-button-content-wrapper\">\n\t\t\t\t\t\t\t\t\t<span class=\"elementor-button-text\">D\u00e9couvrir<\/span>\n\t\t\t\t\t<\/span>\n\t\t\t\t\t<\/a>\n\t\t\t\t\t\t\t\t<\/div>\n\t\t\t\t<\/div>\n\t\t\t\t\t<\/div>\n\t\t\t\t<\/div>\n\t\t\t\t<\/div>","protected":false},"excerpt":{"rendered":"<p>Designing the CyclingCeramic Aerodynamic Derailleur Cage The aerodynamic derailleur cage is a crucial component for maximizing the performance of modern [&hellip;]<\/p>\n","protected":false},"author":407,"featured_media":0,"parent":0,"menu_order":0,"comment_status":"closed","ping_status":"closed","template":"elementor_header_footer","meta":{"_acf_changed":false,"site-sidebar-layout":"default","site-content-layout":"","ast-site-content-layout":"full-width-container","site-content-style":"default","site-sidebar-style":"default","ast-global-header-display":"","ast-banner-title-visibility":"","ast-main-header-display":"","ast-hfb-above-header-display":"","ast-hfb-below-header-display":"","ast-hfb-mobile-header-display":"","site-post-title":"","ast-breadcrumbs-content":"","ast-featured-img":"","footer-sml-layout":"","ast-disable-related-posts":"","theme-transparent-header-meta":"","adv-header-id-meta":"","stick-header-meta":"","header-above-stick-meta":"","header-main-stick-meta":"","header-below-stick-meta":"","astra-migrate-meta-layouts":"default","ast-page-background-enabled":"default","ast-page-background-meta":{"desktop":{"background-color":"var(--ast-global-color-4)","background-image":"","background-repeat":"repeat","background-position":"center center","background-size":"auto","background-attachment":"scroll","background-type":"","background-media":"","overlay-type":"","overlay-color":"","overlay-opacity":"","overlay-gradient":""},"tablet":{"background-color":"","background-image":"","background-repeat":"repeat","background-position":"center center","background-size":"auto","background-attachment":"scroll","background-type":"","background-media":"","overlay-type":"","overlay-color":"","overlay-opacity":"","overlay-gradient":""},"mobile":{"background-color":"","background-image":"","background-repeat":"repeat","background-position":"center center","background-size":"auto","background-attachment":"scroll","background-type":"","background-media":"","overlay-type":"","overlay-color":"","overlay-opacity":"","overlay-gradient":""}},"ast-content-background-meta":{"desktop":{"background-color":"var(--ast-global-color-5)","background-image":"","background-repeat":"repeat","background-position":"center center","background-size":"auto","background-attachment":"scroll","background-type":"","background-media":"","overlay-type":"","overlay-color":"","overlay-opacity":"","overlay-gradient":""},"tablet":{"background-color":"var(--ast-global-color-5)","background-image":"","background-repeat":"repeat","background-position":"center center","background-size":"auto","background-attachment":"scroll","background-type":"","background-media":"","overlay-type":"","overlay-color":"","overlay-opacity":"","overlay-gradient":""},"mobile":{"background-color":"var(--ast-global-color-5)","background-image":"","background-repeat":"repeat","background-position":"center center","background-size":"auto","background-attachment":"scroll","background-type":"","background-media":"","overlay-type":"","overlay-color":"","overlay-opacity":"","overlay-gradient":""}},"footnotes":""},"class_list":["post-49662","page","type-page","status-publish","hentry"],"acf":[],"_links":{"self":[{"href":"https:\/\/cyclingceramic.com\/fr\/wp-json\/wp\/v2\/pages\/49662","targetHints":{"allow":["GET"]}}],"collection":[{"href":"https:\/\/cyclingceramic.com\/fr\/wp-json\/wp\/v2\/pages"}],"about":[{"href":"https:\/\/cyclingceramic.com\/fr\/wp-json\/wp\/v2\/types\/page"}],"author":[{"embeddable":true,"href":"https:\/\/cyclingceramic.com\/fr\/wp-json\/wp\/v2\/users\/407"}],"replies":[{"embeddable":true,"href":"https:\/\/cyclingceramic.com\/fr\/wp-json\/wp\/v2\/comments?post=49662"}],"version-history":[{"count":0,"href":"https:\/\/cyclingceramic.com\/fr\/wp-json\/wp\/v2\/pages\/49662\/revisions"}],"wp:attachment":[{"href":"https:\/\/cyclingceramic.com\/fr\/wp-json\/wp\/v2\/media?parent=49662"}],"curies":[{"name":"wp","href":"https:\/\/api.w.org\/{rel}","templated":true}]}}