{"id":60438,"date":"2026-01-05T15:50:58","date_gmt":"2026-01-05T14:50:58","guid":{"rendered":"https:\/\/cyclingceramic.com\/?page_id=60438"},"modified":"2026-01-12T12:03:45","modified_gmt":"2026-01-12T11:03:45","slug":"test-de-cire-de-laboratoire","status":"publish","type":"page","link":"https:\/\/cyclingceramic.com\/fr\/lab-test-wax\/","title":{"rendered":"Cire de laboratoire"},"content":{"rendered":"<div data-elementor-type=\"wp-page\" data-elementor-id=\"60438\" class=\"elementor elementor-60438\" data-elementor-post-type=\"page\">\n\t\t\t\t<div class=\"elementor-element elementor-element-639b365 e-flex e-con-boxed e-con e-parent\" data-id=\"639b365\" data-element_type=\"container\" data-e-type=\"container\" data-settings=\"{&quot;background_background&quot;:&quot;classic&quot;}\">\n\t\t\t\t\t<div class=\"e-con-inner\">\n\t\t\t\t<div class=\"elementor-element elementor-element-80d54fa elementor-widget elementor-widget-heading\" data-id=\"80d54fa\" data-element_type=\"widget\" data-e-type=\"widget\" data-widget_type=\"heading.default\">\n\t\t\t\t\t<h1 class=\"elementor-heading-title elementor-size-default\">Test en laboratoires<\/h1>\t\t\t\t<\/div>\n\t\t\t\t\t<\/div>\n\t\t\t\t<\/div>\n\t\t<div class=\"elementor-element elementor-element-ee42e7c e-flex e-con-boxed e-con e-parent\" data-id=\"ee42e7c\" data-element_type=\"container\" data-e-type=\"container\">\n\t\t\t\t\t<div class=\"e-con-inner\">\n\t\t\t\t<div class=\"elementor-element elementor-element-a5c75b4 elementor-widget__width-initial elementor-widget elementor-widget-heading\" data-id=\"a5c75b4\" data-element_type=\"widget\" data-e-type=\"widget\" data-widget_type=\"heading.default\">\n\t\t\t\t\t<h2 class=\"elementor-heading-title elementor-size-default\">Validation des performances<\/h2>\t\t\t\t<\/div>\n\t\t\t\t<div class=\"elementor-element elementor-element-c2ed5b9 elementor-widget__width-initial elementor-widget elementor-widget-text-editor\" data-id=\"c2ed5b9\" data-element_type=\"widget\" data-e-type=\"widget\" data-widget_type=\"text-editor.default\">\n\t\t\t\t\t\t\t\t\t<p data-start=\"265\" data-end=\"597\">Pour valider les normes de performance et de durabilit\u00e9 que nous avons d\u00e9finies, nos lubrifiants \u00e0 base de cire ont \u00e9t\u00e9 soumis \u00e0 des tests approfondis dans notre laboratoire interne. Nos deux <strong data-start=\"422\" data-end=\"443\">Cire Routi\u00e8re (liquide)<\/strong> et <strong data-start=\"448\" data-end=\"464\">Cire thermofusible<\/strong> ont \u00e9t\u00e9 \u00e9valu\u00e9s par rapport \u00e0 un <strong data-start=\"490\" data-end=\"542\">Lubrifiant de cha\u00eene Shimano standard appliqu\u00e9 en usine<\/strong>, en fournissant une r\u00e9f\u00e9rence claire pour la comparaison dans le monde r\u00e9el.<\/p><p data-start=\"599\" data-end=\"1015\">L'environnement de test a \u00e9t\u00e9 con\u00e7u pour r\u00e9pliquer les sorties de v\u00e9lo longue distance dans des conditions exigeantes. Les cha\u00eenes ont \u00e9t\u00e9 mont\u00e9es sur un syst\u00e8me de transmission automatis\u00e9 capable de maintenir une constante <strong data-start=\"775\" data-end=\"788\">250 watts<\/strong> \u00e0 une vitesse de <strong data-start=\"803\" data-end=\"814\">56 km\/h<\/strong>, sans aucune fluctuation de puissance. Pendant tout le test, un m\u00e9lange contr\u00f4l\u00e9 de <strong data-start=\"888\" data-end=\"906\">eau et salet\u00e9<\/strong> a \u00e9t\u00e9 appliqu\u00e9 en continu \u00e0 la transmission, simulant ainsi une utilisation prolong\u00e9e dans des conditions de conduite mixtes et contamin\u00e9es.<\/p><p data-start=\"1017\" data-end=\"1363\">Chaque syst\u00e8me de lubrification a \u00e9t\u00e9 test\u00e9 pendant <strong data-start=\"1057\" data-end=\"1109\">s\u00e9ances r\u00e9p\u00e9t\u00e9es \u00e9quivalant \u00e0 300 km de trajet<\/strong>. \u00c0 la fin de chaque session, la perte de puissance \u00e9tait mesur\u00e9e pour \u00e9valuer la d\u00e9gradation du lubrifiant, la r\u00e9sistance \u00e0 la contamination et le pouvoir de lavage. Cette approche de longue dur\u00e9e nous a permis d'\u00e9valuer non seulement les performances initiales, mais aussi la constance et la durabilit\u00e9 dans le temps.<\/p><p data-start=\"1365\" data-end=\"1828\">Les r\u00e9sultats d\u00e9montrent clairement les avantages de la lubrification \u00e0 base de cire. Alors que le lubrifiant Shimano appliqu\u00e9 en usine montrait une augmentation progressive de la perte de puissance \u00e0 mesure que la contamination s'accumulait, notre cire route et notre cire fondue ont toutes deux maintenu un profil de perte de puissance significativement plus stable sur des sessions de test successives de 300 km. Cela confirme une efficacit\u00e9 de transmission soutenue, une r\u00e9sistance sup\u00e9rieure \u00e0 l'eau et \u00e0 la salet\u00e9, et des performances durables sur de longues distances.<\/p>\t\t\t\t\t\t\t\t<\/div>\n\t\t\t\t<div class=\"elementor-element elementor-element-ea0411c elementor-widget__width-initial elementor-widget elementor-widget-image\" data-id=\"ea0411c\" data-element_type=\"widget\" data-e-type=\"widget\" data-widget_type=\"image.default\">\n\t\t\t\t\t\t\t\t\t\t\t\t\t\t\t<img decoding=\"async\" width=\"900\" height=\"700\" src=\"https:\/\/cyclingceramic.com\/wp-content\/uploads\/2026\/01\/lubricant_longevity_black_700px.png\" class=\"attachment-large size-large wp-image-60357\" alt=\"\" srcset=\"https:\/\/cyclingceramic.com\/wp-content\/uploads\/2026\/01\/lubricant_longevity_black_700px.png 900w, https:\/\/cyclingceramic.com\/wp-content\/uploads\/2026\/01\/lubricant_longevity_black_700px-300x233.png 300w, https:\/\/cyclingceramic.com\/wp-content\/uploads\/2026\/01\/lubricant_longevity_black_700px-768x597.png 768w, https:\/\/cyclingceramic.com\/wp-content\/uploads\/2026\/01\/lubricant_longevity_black_700px-15x12.png 15w, https:\/\/cyclingceramic.com\/wp-content\/uploads\/2026\/01\/lubricant_longevity_black_700px-600x467.png 600w\" sizes=\"(max-width: 900px) 100vw, 900px\" \/>\t\t\t\t\t\t\t\t\t\t\t\t\t\t\t<\/div>\n\t\t\t\t\t<\/div>\n\t\t\t\t<\/div>\n\t\t<div class=\"elementor-element elementor-element-9274e65 e-flex e-con-boxed e-con e-parent\" data-id=\"9274e65\" data-element_type=\"container\" data-e-type=\"container\">\n\t\t\t\t\t<div class=\"e-con-inner\">\n\t\t\t\t<div class=\"elementor-element elementor-element-b19ef64 elementor-widget__width-initial elementor-widget elementor-widget-heading\" data-id=\"b19ef64\" data-element_type=\"widget\" data-e-type=\"widget\" data-widget_type=\"heading.default\">\n\t\t\t\t\t<h2 class=\"elementor-heading-title elementor-size-default\">Comprendre la progression de l'usure de la cha\u00eene<\/h2>\t\t\t\t<\/div>\n\t\t\t\t<div class=\"elementor-element elementor-element-6d570e5 elementor-widget__width-initial elementor-widget elementor-widget-text-editor\" data-id=\"6d570e5\" data-element_type=\"widget\" data-e-type=\"widget\" data-widget_type=\"text-editor.default\">\n\t\t\t\t\t\t\t\t\t<p data-start=\"609\" data-end=\"803\">Ce graphique illustre la <strong data-start=\"636\" data-end=\"679\">la progression de l'usure de la cha\u00eene sur la distance<\/strong> pour diff\u00e9rentes technologies de lubrification, bas\u00e9es sur une seule application et une utilisation continue dans des conditions de conduite exigeantes.<\/p><p data-start=\"805\" data-end=\"1082\">L'usure de la cha\u00eene n'\u00e9volue pas de mani\u00e8re lin\u00e9aire. \u00c0 mesure que le film lubrifiant se d\u00e9grade, le frottement et la contamination augmentent, ce qui entra\u00eene une <strong data-start=\"938\" data-end=\"964\">phase d'usure acc\u00e9l\u00e9r\u00e9e<\/strong>. La courbure de chaque ligne refl\u00e8te la capacit\u00e9 d'un lubrifiant \u00e0 <strong data-start=\"1034\" data-end=\"1081\">maintenir un film protecteur stable dans le temps<\/strong>.<\/p><hr data-start=\"1084\" data-end=\"1087\" \/><h3 data-start=\"1089\" data-end=\"1117\">Cire chaude (CyclingCeramic)<\/h3><p data-start=\"1119\" data-end=\"1332\">La lubrification \u00e0 la cire chaude montre le <strong data-start=\"1149\" data-end=\"1193\">progression d'usure la plus lente et la plus stable<\/strong>.<br data-start=\"1194\" data-end=\"1197\" \/>La cire cr\u00e9e un film sec et solide qui r\u00e9siste \u00e0 la contamination et limite la p\u00e9n\u00e9tration des particules abrasives dans les articulations de la cha\u00eene.<\/p><p data-start=\"1334\" data-end=\"1346\">En cons\u00e9quence :<\/p><ul data-start=\"1347\" data-end=\"1487\"><li data-start=\"1347\" data-end=\"1374\"><p data-start=\"1349\" data-end=\"1374\">l'usure augmente progressivement,<\/p><\/li><li data-start=\"1375\" data-end=\"1411\"><p data-start=\"1377\" data-end=\"1411\">la phase d'acc\u00e9l\u00e9ration est retard\u00e9e,<\/p><\/li><li data-start=\"1412\" data-end=\"1487\"><p data-start=\"1414\" data-end=\"1487\">La cha\u00eene reste sous la limite d'usure recommand\u00e9e pour une plus longue distance.<\/p><\/li><\/ul><p data-start=\"1489\" data-end=\"1563\">Cela fait des syst\u00e8mes de cire chaude la r\u00e9f\u00e9rence pour une long\u00e9vit\u00e9 maximale de la transmission.<\/p><hr data-start=\"1565\" data-end=\"1568\" \/><h3 data-start=\"1570\" data-end=\"1591\">Cire liquide (ROUTE)<\/h3><p data-start=\"1593\" data-end=\"1711\">La cire liquide suit un <strong data-start=\"1614\" data-end=\"1646\">trajectoire d'usure tr\u00e8s similaire<\/strong>, avec une phase d'acc\u00e9l\u00e9ration l\u00e9g\u00e8rement plus pr\u00e9coce que la cire chaude.<\/p><p data-start=\"1713\" data-end=\"1736\">Ce comportement refl\u00e8te :<\/p><ul data-start=\"1737\" data-end=\"1892\"><li data-start=\"1737\" data-end=\"1771\"><p data-start=\"1739\" data-end=\"1771\">bonne p\u00e9n\u00e9tration dans la cha\u00eene,<\/p><\/li><li data-start=\"1772\" data-end=\"1813\"><p data-start=\"1774\" data-end=\"1813\">solidification partielle du film de cire,<\/p><\/li><li data-start=\"1814\" data-end=\"1892\"><p data-start=\"1816\" data-end=\"1892\">une r\u00e9sistance l\u00e9g\u00e8rement plus faible \u00e0 une contamination extr\u00eame sur de tr\u00e8s longues distances.<\/p><\/li><\/ul><p data-start=\"1894\" data-end=\"2035\">En utilisation pratique, la cire liquide offre une <strong data-start=\"1932\" data-end=\"1971\">niveau \u00e9lev\u00e9 de protection de la transmission<\/strong>, tout en \u00e9tant plus facile \u00e0 appliquer et \u00e0 entretenir que les syst\u00e8mes \u00e0 cire chaude.<\/p><hr data-start=\"2037\" data-end=\"2040\" \/><h3 data-start=\"2042\" data-end=\"2076\">Lubrifiant standard (\u00e0 base d'huile)<\/h3><p data-start=\"2078\" data-end=\"2160\">Le lubrifiant standard pr\u00e9sente un <strong data-start=\"2109\" data-end=\"2159\">courbure rapide et acc\u00e9l\u00e9ration pr\u00e9coce de l'usure<\/strong>.<\/p><p data-start=\"2162\" data-end=\"2191\">Les lubrifiants \u00e0 base d'huile ont tendance \u00e0 :<\/p><ul data-start=\"2192\" data-end=\"2348\"><li data-start=\"2192\" data-end=\"2230\"><p data-start=\"2194\" data-end=\"2230\">attirer la poussi\u00e8re et les particules abrasives,<\/p><\/li><li data-start=\"2231\" data-end=\"2271\"><p data-start=\"2233\" data-end=\"2271\">conserver la contamination dans la cha\u00eene,<\/p><\/li><li data-start=\"2272\" data-end=\"2348\"><p data-start=\"2274\" data-end=\"2348\">perdent leurs propri\u00e9t\u00e9s protectrices plus rapidement dans des conditions r\u00e9elles.<\/p><\/li><\/ul><p data-start=\"2350\" data-end=\"2442\">Ceci entra\u00eene un franchissement pr\u00e9coce de la limite d'usure recommand\u00e9e et une usure accrue de la transmission.<\/p><hr data-start=\"2444\" data-end=\"2447\" \/><h3 data-start=\"2449\" data-end=\"2465\">Point cl\u00e9 \u00e0 retenir<\/h3><ul data-start=\"2467\" data-end=\"2671\"><li data-start=\"2467\" data-end=\"2534\"><p data-start=\"2469\" data-end=\"2534\">Les lubrifiants \u00e0 base de cire significantly <strong data-start=\"2504\" data-end=\"2534\">ralentir l'usure<\/strong><\/p><\/li><li data-start=\"2535\" data-end=\"2609\"><p data-start=\"2537\" data-end=\"2609\">Cire liquide fournit <strong data-start=\"2557\" data-end=\"2585\">proche de la performance \u00e0 la cire chaude<\/strong> avec une utilisabilit\u00e9 am\u00e9lior\u00e9e<\/p><\/li><li data-start=\"2610\" data-end=\"2671\"><p data-start=\"2612\" data-end=\"2671\">Les lubrifiants standards atteignent des niveaux d'usure critiques beaucoup plus t\u00f4t<\/p><\/li><\/ul><p data-start=\"2673\" data-end=\"2814\">Cette comparaison met en \u00e9vidence la fa\u00e7on dont la technologie de lubrification impacte directement <strong data-start=\"2744\" data-end=\"2803\">efficacit\u00e9 de la transmission, long\u00e9vit\u00e9 et co\u00fbts d'entretien<\/strong> au fil du temps.<\/p>\t\t\t\t\t\t\t\t<\/div>\n\t\t\t\t<div class=\"elementor-element elementor-element-d86988d elementor-widget__width-initial elementor-widget elementor-widget-image\" data-id=\"d86988d\" data-element_type=\"widget\" data-e-type=\"widget\" data-widget_type=\"image.default\">\n\t\t\t\t\t\t\t\t\t\t\t\t\t\t\t<img decoding=\"async\" width=\"1024\" height=\"796\" src=\"https:\/\/cyclingceramic.com\/wp-content\/uploads\/2026\/01\/wear_progression_curved_black_EN-1024x796.png\" class=\"attachment-large size-large wp-image-60441\" alt=\"\" srcset=\"https:\/\/cyclingceramic.com\/wp-content\/uploads\/2026\/01\/wear_progression_curved_black_EN-1024x796.png 1024w, https:\/\/cyclingceramic.com\/wp-content\/uploads\/2026\/01\/wear_progression_curved_black_EN-300x233.png 300w, https:\/\/cyclingceramic.com\/wp-content\/uploads\/2026\/01\/wear_progression_curved_black_EN-768x597.png 768w, https:\/\/cyclingceramic.com\/wp-content\/uploads\/2026\/01\/wear_progression_curved_black_EN-1536x1195.png 1536w, https:\/\/cyclingceramic.com\/wp-content\/uploads\/2026\/01\/wear_progression_curved_black_EN-2048x1593.png 2048w, https:\/\/cyclingceramic.com\/wp-content\/uploads\/2026\/01\/wear_progression_curved_black_EN-15x12.png 15w, https:\/\/cyclingceramic.com\/wp-content\/uploads\/2026\/01\/wear_progression_curved_black_EN-600x467.png 600w\" sizes=\"(max-width: 1024px) 100vw, 1024px\" \/>\t\t\t\t\t\t\t\t\t\t\t\t\t\t\t<\/div>\n\t\t\t\t\t<\/div>\n\t\t\t\t<\/div>\n\t\t<div class=\"elementor-element elementor-element-84757ca e-flex e-con-boxed e-con e-parent\" data-id=\"84757ca\" data-element_type=\"container\" data-e-type=\"container\">\n\t\t\t\t\t<div class=\"e-con-inner\">\n\t\t\t\t<div class=\"elementor-element elementor-element-8d7e9a9 elementor-widget__width-initial elementor-widget elementor-widget-heading\" data-id=\"8d7e9a9\" data-element_type=\"widget\" data-e-type=\"widget\" data-widget_type=\"heading.default\">\n\t\t\t\t\t<h2 class=\"elementor-heading-title elementor-size-default\">Protocole de Contamination Contr\u00f4l\u00e9e<\/h2>\t\t\t\t<\/div>\n\t\t\t\t<div class=\"elementor-element elementor-element-35fd5f8 elementor-widget__width-initial elementor-widget elementor-widget-text-editor\" data-id=\"35fd5f8\" data-element_type=\"widget\" data-e-type=\"widget\" data-widget_type=\"text-editor.default\">\n\t\t\t\t\t\t\t\t\t<p data-start=\"247\" data-end=\"595\">Pour garantir des tests reproductibles et r\u00e9alistes, la contamination a \u00e9t\u00e9 appliqu\u00e9e \u00e0 l'aide d'un <strong data-start=\"325\" data-end=\"352\">syst\u00e8me de pulv\u00e9risation contr\u00f4l\u00e9e<\/strong> con\u00e7u pour reproduire une exposition dans le monde r\u00e9el plut\u00f4t que des \u00e9v\u00e9nements isol\u00e9s de projection. Un m\u00e9lange calibr\u00e9 de <strong data-start=\"455\" data-end=\"490\">eau et poussi\u00e8re fine <\/strong>a \u00e9t\u00e9 pulv\u00e9ris\u00e9 en continu et uniform\u00e9ment directement sur la cha\u00eene et la transmission tout au long de chaque session de test.<\/p><p data-start=\"597\" data-end=\"965\">La forme de pulv\u00e9risation et le d\u00e9bit ont \u00e9t\u00e9 soigneusement r\u00e9gul\u00e9s pour simuler une utilisation prolong\u00e9e dans des conditions variables telles que les routes mouill\u00e9es, les sections en gravier et les surfaces encombr\u00e9es de d\u00e9bris. Cette approche a permis \u00e0 la contamination d'atteindre non seulement les plaquettes ext\u00e9rieures de la cha\u00eene, mais aussi de p\u00e9n\u00e9trer <strong data-start=\"871\" data-end=\"916\">dans les rouleaux et les interfaces de liaison<\/strong>, o\u00f9 la performance de lubrification est la plus critique.<\/p><p data-start=\"967\" data-end=\"1223\">La contamination a \u00e9t\u00e9 appliqu\u00e9e \u00e0 intervalles et angles constants pour maintenir une exposition uniforme sur toutes les s\u00e9ries de tests. Cela a \u00e9limin\u00e9 la variabilit\u00e9 entre les sessions et a permis une comparaison directe entre diff\u00e9rents syst\u00e8mes de lubrification dans des conditions identiques.<\/p><p data-start=\"1225\" data-end=\"1601\">En utilisant une contamination continue et contr\u00f4l\u00e9e plut\u00f4t qu'une immersion intermittente, le test refl\u00e8te plus fid\u00e8lement les effets cumulatifs de l'eau et de la salet\u00e9 rencontr\u00e9s lors des longues randonn\u00e9es. Cette m\u00e9thodologie fournit une indication fiable de l'efficacit\u00e9 de chaque lubrifiant \u00e0 r\u00e9sister au d\u00e9lavage, \u00e0 maintenir l'int\u00e9grit\u00e9 du film et \u00e0 prot\u00e9ger le groupe motopropulseur sur de longues distances.<\/p>\t\t\t\t\t\t\t\t<\/div>\n\t\t\t\t\t<\/div>\n\t\t\t\t<\/div>\n\t\t\t\t<\/div>","protected":false},"excerpt":{"rendered":"<p>Lab Test Performance Validation To validate the performance and durability standards we set, our wax-based lubricants were subjected to extensive [&hellip;]<\/p>\n","protected":false},"author":76,"featured_media":0,"parent":0,"menu_order":0,"comment_status":"closed","ping_status":"closed","template":"","meta":{"_acf_changed":false,"site-sidebar-layout":"no-sidebar","site-content-layout":"","ast-site-content-layout":"full-width-container","site-content-style":"default","site-sidebar-style":"default","ast-global-header-display":"","ast-banner-title-visibility":"","ast-main-header-display":"","ast-hfb-above-header-display":"","ast-hfb-below-header-display":"","ast-hfb-mobile-header-display":"","site-post-title":"","ast-breadcrumbs-content":"","ast-featured-img":"disabled","footer-sml-layout":"","ast-disable-related-posts":"","theme-transparent-header-meta":"","adv-header-id-meta":"","stick-header-meta":"","header-above-stick-meta":"","header-main-stick-meta":"","header-below-stick-meta":"","astra-migrate-meta-layouts":"default","ast-page-background-enabled":"default","ast-page-background-meta":{"desktop":{"background-color":"var(--ast-global-color-4)","background-image":"","background-repeat":"repeat","background-position":"center center","background-size":"auto","background-attachment":"scroll","background-type":"","background-media":"","overlay-type":"","overlay-color":"","overlay-opacity":"","overlay-gradient":""},"tablet":{"background-color":"","background-image":"","background-repeat":"repeat","background-position":"center center","background-size":"auto","background-attachment":"scroll","background-type":"","background-media":"","overlay-type":"","overlay-color":"","overlay-opacity":"","overlay-gradient":""},"mobile":{"background-color":"","background-image":"","background-repeat":"repeat","background-position":"center center","background-size":"auto","background-attachment":"scroll","background-type":"","background-media":"","overlay-type":"","overlay-color":"","overlay-opacity":"","overlay-gradient":""}},"ast-content-background-meta":{"desktop":{"background-color":"var(--ast-global-color-5)","background-image":"","background-repeat":"repeat","background-position":"center center","background-size":"auto","background-attachment":"scroll","background-type":"","background-media":"","overlay-type":"","overlay-color":"","overlay-opacity":"","overlay-gradient":""},"tablet":{"background-color":"var(--ast-global-color-5)","background-image":"","background-repeat":"repeat","background-position":"center center","background-size":"auto","background-attachment":"scroll","background-type":"","background-media":"","overlay-type":"","overlay-color":"","overlay-opacity":"","overlay-gradient":""},"mobile":{"background-color":"var(--ast-global-color-5)","background-image":"","background-repeat":"repeat","background-position":"center center","background-size":"auto","background-attachment":"scroll","background-type":"","background-media":"","overlay-type":"","overlay-color":"","overlay-opacity":"","overlay-gradient":""}},"footnotes":""},"class_list":["post-60438","page","type-page","status-publish","hentry"],"acf":[],"_links":{"self":[{"href":"https:\/\/cyclingceramic.com\/fr\/wp-json\/wp\/v2\/pages\/60438","targetHints":{"allow":["GET"]}}],"collection":[{"href":"https:\/\/cyclingceramic.com\/fr\/wp-json\/wp\/v2\/pages"}],"about":[{"href":"https:\/\/cyclingceramic.com\/fr\/wp-json\/wp\/v2\/types\/page"}],"author":[{"embeddable":true,"href":"https:\/\/cyclingceramic.com\/fr\/wp-json\/wp\/v2\/users\/76"}],"replies":[{"embeddable":true,"href":"https:\/\/cyclingceramic.com\/fr\/wp-json\/wp\/v2\/comments?post=60438"}],"version-history":[{"count":0,"href":"https:\/\/cyclingceramic.com\/fr\/wp-json\/wp\/v2\/pages\/60438\/revisions"}],"wp:attachment":[{"href":"https:\/\/cyclingceramic.com\/fr\/wp-json\/wp\/v2\/media?parent=60438"}],"curies":[{"name":"wp","href":"https:\/\/api.w.org\/{rel}","templated":true}]}}