{"id":62510,"date":"2026-05-06T10:30:47","date_gmt":"2026-05-06T08:30:47","guid":{"rendered":"https:\/\/cyclingceramic.com\/?page_id=62510"},"modified":"2026-05-06T10:32:30","modified_gmt":"2026-05-06T08:32:30","slug":"conditions-generales-de-vente-entre-entreprises","status":"publish","type":"page","link":"https:\/\/cyclingceramic.com\/fr\/b2b-terms-and-conditions\/","title":{"rendered":"Conditions G\u00e9n\u00e9rales de Vente B2B"},"content":{"rendered":"<div data-elementor-type=\"wp-page\" data-elementor-id=\"62510\" class=\"elementor elementor-62510\" data-elementor-post-type=\"page\">\n\t\t\t\t<div class=\"elementor-element elementor-element-24840c9 e-flex e-con-boxed e-con e-parent\" data-id=\"24840c9\" data-element_type=\"container\" data-e-type=\"container\">\n\t\t\t\t\t<div class=\"e-con-inner\">\n\t\t\t\t<div class=\"elementor-element elementor-element-1c8ff8a elementor-widget elementor-widget-heading\" data-id=\"1c8ff8a\" data-element_type=\"widget\" data-e-type=\"widget\" data-widget_type=\"heading.default\">\n\t\t\t\t\t<h2 class=\"elementor-heading-title elementor-size-default\">Conditions G\u00e9n\u00e9rales B2B\n<\/h2>\t\t\t\t<\/div>\n\t\t\t\t<div class=\"elementor-element elementor-element-a1fb45a elementor-widget elementor-widget-text-editor\" data-id=\"a1fb45a\" data-element_type=\"widget\" data-e-type=\"widget\" data-widget_type=\"text-editor.default\">\n\t\t\t\t\t\t\t\t\t<p data-start=\"0\" data-end=\"109\"><strong data-start=\"39\" data-end=\"109\">Conditions G\u00e9n\u00e9rales de Vente pour les Commandes Pass\u00e9es aupr\u00e8s de CyclingCeramic<\/strong><\/p><p data-start=\"111\" data-end=\"205\">Les pr\u00e9sentes Conditions G\u00e9n\u00e9rales s'appliquent \u00e0 toutes les commandes B2B pass\u00e9es aupr\u00e8s de CyclingCeramic.<\/p><p data-start=\"207\" data-end=\"325\"><strong data-start=\"207\" data-end=\"229\">1. Passage de commande<\/strong><br data-start=\"229\" data-end=\"232\" \/>Aux fins des pr\u00e9sentes Conditions G\u00e9n\u00e9rales, CyclingCeramic est d\u00e9sign\u00e9 par \u201c CC \u201d.<\/p><p data-start=\"327\" data-end=\"528\"><strong data-start=\"327\" data-end=\"352\">2. Engagement de l'acheteur<\/strong><br data-start=\"352\" data-end=\"355\" \/>En passant une commande, l'acheteur soumet \u00e0 CC une offre ferme d'achat de produits. Les commandes peuvent \u00eatre pass\u00e9es par \u00e9crit, verbalement, par t\u00e9l\u00e9phone ou directement aupr\u00e8s des repr\u00e9sentants de CC.<\/p><p data-start=\"530\" data-end=\"775\"><strong data-start=\"530\" data-end=\"555\">3. Confirmation de commande<\/strong><br data-start=\"555\" data-end=\"558\" \/>Toute commande sera soumise \u00e0 une confirmation de commande \u00e9mise par CC. Si des d\u00e9tails indiqu\u00e9s dans la confirmation de commande diff\u00e8rent de la demande initiale de l'acheteur, ce dernier doit en informer CC par \u00e9crit dans un d\u00e9lai de 48 heures ouvrables.<\/p><p data-start=\"777\" data-end=\"872\"><strong data-start=\"777\" data-end=\"816\">4. Modification et r\u00e9duction de commande<\/strong><br data-start=\"816\" data-end=\"819\" \/>Les commandes peuvent \u00eatre r\u00e9duites dans les conditions suivantes\u00a0:<\/p><p data-start=\"874\" data-end=\"983\">Jusqu&#x27;\u00e0 60 jours avant la date d&#x27;exp\u00e9dition convenue : la commande peut \u00eatre r\u00e9duite de 30% de la quantit\u00e9 initiale.<\/p><p data-start=\"985\" data-end=\"1103\">Entre 59 et 30 jours avant la date d&#x27;exp\u00e9dition convenue : la commande peut \u00eatre r\u00e9duite de 15% au maximum par rapport \u00e0 la quantit\u00e9 initiale.<\/p><p data-start=\"1105\" data-end=\"1205\">\u00c0 compter du 29\u00e8me jour pr\u00e9c\u00e9dant la date d'exp\u00e9dition convenue : aucune r\u00e9duction ou annulation ne sera accept\u00e9e.<\/p><p data-start=\"1207\" data-end=\"1382\"><strong data-start=\"1207\" data-end=\"1228\">5. Augmentation des commandes<\/strong><br data-start=\"1228\" data-end=\"1231\" \/>Toute demande d'augmentation de la quantit\u00e9 command\u00e9e doit faire l'objet d'une nouvelle confirmation de commande \u00e9mise par CC, couvrant sp\u00e9cifiquement les quantit\u00e9s suppl\u00e9mentaires.<\/p><p data-start=\"1384\" data-end=\"1750\"><strong data-start=\"1384\" data-end=\"1428\">6. Produits sur mesure ou hors catalogue<\/strong><br data-start=\"1428\" data-end=\"1431\" \/>Les produits personnalis\u00e9s ou fabriqu\u00e9s sur commande, c'est-\u00e0-dire les produits qui ne font pas partie de notre gamme standard, sont strictement exclus des conditions d'annulation ou de r\u00e9duction stipul\u00e9es \u00e0 l'article 4. Les quantit\u00e9s command\u00e9es pour ce type de produit ne peuvent \u00eatre modifi\u00e9es ou annul\u00e9es une fois le bon de commande \u00e9mis.<\/p><p data-start=\"1752\" data-end=\"2019\" data-is-last-node=\"\" data-is-only-node=\"\"><strong data-start=\"1752\" data-end=\"1800\">7. Modification des conditions de livraison ou de paiement<\/strong><br data-start=\"1800\" data-end=\"1803\" \/>Toute demande de modification des calendriers de livraison ou des dates d'\u00e9ch\u00e9ance de paiement sera examin\u00e9e sur demande, \u00e0 condition stricte que cette demande soit soumise par \u00e9crit au moins 30 jours avant la date d'exp\u00e9dition initialement pr\u00e9vue.<\/p>\t\t\t\t\t\t\t\t<\/div>\n\t\t\t\t\t<\/div>\n\t\t\t\t<\/div>\n\t\t\t\t<\/div>","protected":false},"excerpt":{"rendered":"<p>B2B General Terms and Conditions General Terms and Conditions for Orders Placed with CyclingCeramic The following General Terms and Conditions [&hellip;]<\/p>\n","protected":false},"author":1065,"featured_media":0,"parent":0,"menu_order":0,"comment_status":"closed","ping_status":"closed","template":"","meta":{"_acf_changed":false,"site-sidebar-layout":"no-sidebar","site-content-layout":"","ast-site-content-layout":"full-width-container","site-content-style":"default","site-sidebar-style":"default","ast-global-header-display":"","ast-banner-title-visibility":"","ast-main-header-display":"","ast-hfb-above-header-display":"","ast-hfb-below-header-display":"","ast-hfb-mobile-header-display":"","site-post-title":"","ast-breadcrumbs-content":"","ast-featured-img":"disabled","footer-sml-layout":"","ast-disable-related-posts":"","theme-transparent-header-meta":"","adv-header-id-meta":"","stick-header-meta":"","header-above-stick-meta":"","header-main-stick-meta":"","header-below-stick-meta":"","astra-migrate-meta-layouts":"default","ast-page-background-enabled":"default","ast-page-background-meta":{"desktop":{"background-color":"var(--ast-global-color-4)","background-image":"","background-repeat":"repeat","background-position":"center center","background-size":"auto","background-attachment":"scroll","background-type":"","background-media":"","overlay-type":"","overlay-color":"","overlay-opacity":"","overlay-gradient":""},"tablet":{"background-color":"","background-image":"","background-repeat":"repeat","background-position":"center center","background-size":"auto","background-attachment":"scroll","background-type":"","background-media":"","overlay-type":"","overlay-color":"","overlay-opacity":"","overlay-gradient":""},"mobile":{"background-color":"","background-image":"","background-repeat":"repeat","background-position":"center center","background-size":"auto","background-attachment":"scroll","background-type":"","background-media":"","overlay-type":"","overlay-color":"","overlay-opacity":"","overlay-gradient":""}},"ast-content-background-meta":{"desktop":{"background-color":"var(--ast-global-color-5)","background-image":"","background-repeat":"repeat","background-position":"center center","background-size":"auto","background-attachment":"scroll","background-type":"","background-media":"","overlay-type":"","overlay-color":"","overlay-opacity":"","overlay-gradient":""},"tablet":{"background-color":"var(--ast-global-color-5)","background-image":"","background-repeat":"repeat","background-position":"center center","background-size":"auto","background-attachment":"scroll","background-type":"","background-media":"","overlay-type":"","overlay-color":"","overlay-opacity":"","overlay-gradient":""},"mobile":{"background-color":"var(--ast-global-color-5)","background-image":"","background-repeat":"repeat","background-position":"center center","background-size":"auto","background-attachment":"scroll","background-type":"","background-media":"","overlay-type":"","overlay-color":"","overlay-opacity":"","overlay-gradient":""}},"footnotes":""},"class_list":["post-62510","page","type-page","status-publish","hentry"],"acf":[],"_links":{"self":[{"href":"https:\/\/cyclingceramic.com\/fr\/wp-json\/wp\/v2\/pages\/62510","targetHints":{"allow":["GET"]}}],"collection":[{"href":"https:\/\/cyclingceramic.com\/fr\/wp-json\/wp\/v2\/pages"}],"about":[{"href":"https:\/\/cyclingceramic.com\/fr\/wp-json\/wp\/v2\/types\/page"}],"author":[{"embeddable":true,"href":"https:\/\/cyclingceramic.com\/fr\/wp-json\/wp\/v2\/users\/1065"}],"replies":[{"embeddable":true,"href":"https:\/\/cyclingceramic.com\/fr\/wp-json\/wp\/v2\/comments?post=62510"}],"version-history":[{"count":3,"href":"https:\/\/cyclingceramic.com\/fr\/wp-json\/wp\/v2\/pages\/62510\/revisions"}],"predecessor-version":[{"id":62514,"href":"https:\/\/cyclingceramic.com\/fr\/wp-json\/wp\/v2\/pages\/62510\/revisions\/62514"}],"wp:attachment":[{"href":"https:\/\/cyclingceramic.com\/fr\/wp-json\/wp\/v2\/media?parent=62510"}],"curies":[{"name":"wp","href":"https:\/\/api.w.org\/{rel}","templated":true}]}}