{"id":1612,"date":"2020-02-21T21:07:02","date_gmt":"2020-02-21T20:07:02","guid":{"rendered":"https:\/\/cyclingceramic.com\/?post_type=product&#038;p=1612"},"modified":"2026-03-03T13:42:21","modified_gmt":"2026-03-03T12:42:21","slug":"ceramic-bearing-61800","status":"publish","type":"product","link":"https:\/\/cyclingceramic.com\/fr\/shop\/ceramic-bearing-61800\/","title":{"rendered":"Palier c\u00e9ramique 61800"},"content":{"rendered":"<p>Toutes les billes CyclingCeramic sont m\u00e9ticuleusement con\u00e7ues en Allemagne. Chaque bille en nitrure de silicium de grade 3 (Si3n4) de CyclingCeramic est parfaitement adapt\u00e9e (\u00e0 quelques microns pr\u00e8s) aux chemins de roulement en acier tremp\u00e9 avec une rainure parfaitement polie. Chaque composant est soigneusement fabriqu\u00e9 en Suisse.<\/p>\n<p>Ces billes sont maintenues en place par une cage en polyamide renforc\u00e9e. Chaque roulement est optimis\u00e9 avec la possibilit\u00e9 de choisir la graisse en fonction de votre utilisation pour minimiser le frottement et prolonger la dur\u00e9e de vie du roulement. Des joints sans contact assurent une protection compl\u00e8te contre la salet\u00e9 et l'humidit\u00e9. CyclismeLes roulements c\u00e9ramiques sont polyvalents et conviennent \u00e0 diverses disciplines cyclistes : route, gravier, contre-la-montre, triathlon, piste, cyclo-cross et VTT. Ils offrent des avantages tels qu'un frottement remarquablement faible, un transfert de puissance am\u00e9lior\u00e9 et une dur\u00e9e de vie accrue des roulements.<\/p>\n<p>Tout au long du processus d'assemblage, nous inspectons m\u00e9ticuleusement chaque roulement \u00e0 la main afin d'assurer une correspondance parfaite des composants. Les billes CyclingCeramic sont plus performantes que les roulements en acier standard utilis\u00e9s dans l'industrie du v\u00e9lo, car elles sont plus douces, plus dures et plus l\u00e9g\u00e8res. Compar\u00e9es \u00e0 d'autres billes en c\u00e9ramique, les billes CyclingCeramic sont plus dures, supportent des charges plus \u00e9lev\u00e9es et sont plus lisses, d\u00e9passant souvent les billes de fabrication asiatique.<\/p>","protected":false},"excerpt":{"rendered":"<p>Discover the excellence of our 61800 (6800) Ceramic Bike Bearing, designed for enthusiasts seeking top-notch performance. Sold individually, this bearing offers a combination of lightweight design and durability with its high-quality ceramic balls. Elevate your cycling experience by choosing the unparalleled precision and smoothness of our bearing with each revolution.<\/p>","protected":false},"featured_media":61503,"comment_status":"closed","ping_status":"closed","template":"","meta":{"_acf_changed":false,"site-sidebar-layout":"default","site-content-layout":"","ast-site-content-layout":"default","site-content-style":"default","site-sidebar-style":"default","ast-global-header-display":"","ast-banner-title-visibility":"","ast-main-header-display":"","ast-hfb-above-header-display":"","ast-hfb-below-header-display":"","ast-hfb-mobile-header-display":"","site-post-title":"","ast-breadcrumbs-content":"","ast-featured-img":"","footer-sml-layout":"","ast-disable-related-posts":"","theme-transparent-header-meta":"default","adv-header-id-meta":"","stick-header-meta":"default","header-above-stick-meta":"","header-main-stick-meta":"","header-below-stick-meta":"","astra-migrate-meta-layouts":"set","ast-page-background-enabled":"default","ast-page-background-meta":{"desktop":{"background-color":"var(--ast-global-color-4)","background-image":"","background-repeat":"repeat","background-position":"center center","background-size":"auto","background-attachment":"scroll","background-type":"","background-media":"","overlay-type":"","overlay-color":"","overlay-opacity":"","overlay-gradient":""},"tablet":{"background-color":"","background-image":"","background-repeat":"repeat","background-position":"center center","background-size":"auto","background-attachment":"scroll","background-type":"","background-media":"","overlay-type":"","overlay-color":"","overlay-opacity":"","overlay-gradient":""},"mobile":{"background-color":"","background-image":"","background-repeat":"repeat","background-position":"center center","background-size":"auto","background-attachment":"scroll","background-type":"","background-media":"","overlay-type":"","overlay-color":"","overlay-opacity":"","overlay-gradient":""}},"ast-content-background-meta":{"desktop":{"background-color":"var(--ast-global-color-5)","background-image":"","background-repeat":"repeat","background-position":"center center","background-size":"auto","background-attachment":"scroll","background-type":"","background-media":"","overlay-type":"","overlay-color":"","overlay-opacity":"","overlay-gradient":""},"tablet":{"background-color":"var(--ast-global-color-5)","background-image":"","background-repeat":"repeat","background-position":"center center","background-size":"auto","background-attachment":"scroll","background-type":"","background-media":"","overlay-type":"","overlay-color":"","overlay-opacity":"","overlay-gradient":""},"mobile":{"background-color":"var(--ast-global-color-5)","background-image":"","background-repeat":"repeat","background-position":"center center","background-size":"auto","background-attachment":"scroll","background-type":"","background-media":"","overlay-type":"","overlay-color":"","overlay-opacity":"","overlay-gradient":""}}},"product_brand":[],"product_cat":[25],"product_tag":[],"class_list":{"0":"post-1612","1":"product","2":"type-product","3":"status-publish","4":"has-post-thumbnail","6":"product_cat-single-bearings","7":"desktop-align-center","8":"tablet-align-center","9":"mobile-align-left","10":"ast-product-gallery-layout-horizontal-slider","11":"ast-product-gallery-with-no-image","12":"ast-qv-on-image","14":"first","15":"instock","16":"taxable","17":"shipping-taxable","18":"purchasable","19":"product-type-simple"},"acf":[],"_links":{"self":[{"href":"https:\/\/cyclingceramic.com\/fr\/wp-json\/wp\/v2\/product\/1612","targetHints":{"allow":["GET"]}}],"collection":[{"href":"https:\/\/cyclingceramic.com\/fr\/wp-json\/wp\/v2\/product"}],"about":[{"href":"https:\/\/cyclingceramic.com\/fr\/wp-json\/wp\/v2\/types\/product"}],"replies":[{"embeddable":true,"href":"https:\/\/cyclingceramic.com\/fr\/wp-json\/wp\/v2\/comments?post=1612"}],"wp:featuredmedia":[{"embeddable":true,"href":"https:\/\/cyclingceramic.com\/fr\/wp-json\/wp\/v2\/media\/61503"}],"wp:attachment":[{"href":"https:\/\/cyclingceramic.com\/fr\/wp-json\/wp\/v2\/media?parent=1612"}],"wp:term":[{"taxonomy":"product_brand","embeddable":true,"href":"https:\/\/cyclingceramic.com\/fr\/wp-json\/wp\/v2\/product_brand?post=1612"},{"taxonomy":"product_cat","embeddable":true,"href":"https:\/\/cyclingceramic.com\/fr\/wp-json\/wp\/v2\/product_cat?post=1612"},{"taxonomy":"product_tag","embeddable":true,"href":"https:\/\/cyclingceramic.com\/fr\/wp-json\/wp\/v2\/product_tag?post=1612"}],"curies":[{"name":"wp","href":"https:\/\/api.w.org\/{rel}","templated":true}]}}