{"id":1863,"date":"2020-02-22T01:03:36","date_gmt":"2020-02-22T00:03:36","guid":{"rendered":"https:\/\/cyclingceramic.com\/product\/vision-1\/"},"modified":"2026-01-22T11:12:08","modified_gmt":"2026-01-22T10:12:08","slug":"wheel-bearing-kit-vision-1","status":"publish","type":"product","link":"https:\/\/cyclingceramic.com\/fr\/shop\/wheel-bearing-kit-vision-1\/","title":{"rendered":"Wheel bearing kit Vision 1"},"content":{"rendered":"<p>Choisissez le kit de roulements de roue CyclingCeramic Vision 1 et rendez vos roues VISION Metron et Trimax encore plus performantes. Les roulements c\u00e9ramique r\u00e9duisent les frictions, augmentent la dur\u00e9e de vie des roulements et am\u00e9liorent les performances de vos roues.<\/p>\n<p>Selon une \u00e9tude men\u00e9e sur nos produits, le frottement dans notre kit de roulements de roue est pratiquement inexistant, en d'autres termes, vous roulez plus vite pour le m\u00eame effort fourni. L'extr\u00eame duret\u00e9 des billes CyclingCeramic leur conf\u00e8re une dur\u00e9e de vie 4 \u00e0 5 fois sup\u00e9rieure \u00e0 celle des roulements en acier standard. Notre graisse sp\u00e9ciale maintient l'\u00e9tanch\u00e9it\u00e9 de vos roulements et les prot\u00e8ge contre les \u00e9l\u00e9ments ext\u00e9rieurs qui peuvent nuire \u00e0 leur bon fonctionnement.<\/p>","protected":false},"excerpt":{"rendered":"<p>Choisissez le kit de roulements de roue CyclingCeramic Vision 1 et rendez vos roues VISION Metron et Trimax encore plus performantes. Les roulements c\u00e9ramique r\u00e9duisent les frictions, augmentent la dur\u00e9e de vie des roulements et am\u00e9liorent les performances de vos roues.<\/p>\n<p>Selon une \u00e9tude men\u00e9e sur nos produits, le frottement dans notre kit de roulements de roue est pratiquement inexistant, en d'autres termes, vous roulez plus vite pour le m\u00eame effort fourni. L'extr\u00eame duret\u00e9 des billes CyclingCeramic leur conf\u00e8re une dur\u00e9e de vie 4 \u00e0 5 fois sup\u00e9rieure \u00e0 celle des roulements en acier standard. Notre graisse sp\u00e9ciale maintient l'\u00e9tanch\u00e9it\u00e9 de vos roulements et les prot\u00e8ge contre les \u00e9l\u00e9ments ext\u00e9rieurs qui peuvent nuire \u00e0 leur bon fonctionnement.<\/p>","protected":false},"featured_media":29779,"comment_status":"closed","ping_status":"closed","template":"","meta":{"_acf_changed":false,"site-sidebar-layout":"default","site-content-layout":"","ast-site-content-layout":"default","site-content-style":"default","site-sidebar-style":"default","ast-global-header-display":"","ast-banner-title-visibility":"","ast-main-header-display":"","ast-hfb-above-header-display":"","ast-hfb-below-header-display":"","ast-hfb-mobile-header-display":"","site-post-title":"","ast-breadcrumbs-content":"","ast-featured-img":"","footer-sml-layout":"","ast-disable-related-posts":"","theme-transparent-header-meta":"default","adv-header-id-meta":"","stick-header-meta":"default","header-above-stick-meta":"","header-main-stick-meta":"","header-below-stick-meta":"","astra-migrate-meta-layouts":"set","ast-page-background-enabled":"default","ast-page-background-meta":{"desktop":{"background-color":"var(--ast-global-color-4)","background-image":"","background-repeat":"repeat","background-position":"center center","background-size":"auto","background-attachment":"scroll","background-type":"","background-media":"","overlay-type":"","overlay-color":"","overlay-opacity":"","overlay-gradient":""},"tablet":{"background-color":"","background-image":"","background-repeat":"repeat","background-position":"center center","background-size":"auto","background-attachment":"scroll","background-type":"","background-media":"","overlay-type":"","overlay-color":"","overlay-opacity":"","overlay-gradient":""},"mobile":{"background-color":"","background-image":"","background-repeat":"repeat","background-position":"center center","background-size":"auto","background-attachment":"scroll","background-type":"","background-media":"","overlay-type":"","overlay-color":"","overlay-opacity":"","overlay-gradient":""}},"ast-content-background-meta":{"desktop":{"background-color":"var(--ast-global-color-5)","background-image":"","background-repeat":"repeat","background-position":"center center","background-size":"auto","background-attachment":"scroll","background-type":"","background-media":"","overlay-type":"","overlay-color":"","overlay-opacity":"","overlay-gradient":""},"tablet":{"background-color":"var(--ast-global-color-5)","background-image":"","background-repeat":"repeat","background-position":"center center","background-size":"auto","background-attachment":"scroll","background-type":"","background-media":"","overlay-type":"","overlay-color":"","overlay-opacity":"","overlay-gradient":""},"mobile":{"background-color":"var(--ast-global-color-5)","background-image":"","background-repeat":"repeat","background-position":"center center","background-size":"auto","background-attachment":"scroll","background-type":"","background-media":"","overlay-type":"","overlay-color":"","overlay-opacity":"","overlay-gradient":""}}},"product_brand":[],"product_cat":[120],"product_tag":[],"class_list":{"0":"post-1863","1":"product","2":"type-product","3":"status-publish","4":"has-post-thumbnail","6":"product_cat-wheel-bearing-kits","7":"pa_brand-vision","8":"pa_usage-road","9":"desktop-align-center","10":"tablet-align-center","11":"mobile-align-left","12":"ast-product-gallery-layout-horizontal-slider","13":"ast-qv-on-image","15":"first","16":"instock","17":"taxable","18":"shipping-taxable","19":"purchasable","20":"product-type-simple"},"acf":[],"_links":{"self":[{"href":"https:\/\/cyclingceramic.com\/fr\/wp-json\/wp\/v2\/product\/1863","targetHints":{"allow":["GET"]}}],"collection":[{"href":"https:\/\/cyclingceramic.com\/fr\/wp-json\/wp\/v2\/product"}],"about":[{"href":"https:\/\/cyclingceramic.com\/fr\/wp-json\/wp\/v2\/types\/product"}],"replies":[{"embeddable":true,"href":"https:\/\/cyclingceramic.com\/fr\/wp-json\/wp\/v2\/comments?post=1863"}],"wp:featuredmedia":[{"embeddable":true,"href":"https:\/\/cyclingceramic.com\/fr\/wp-json\/wp\/v2\/media\/29779"}],"wp:attachment":[{"href":"https:\/\/cyclingceramic.com\/fr\/wp-json\/wp\/v2\/media?parent=1863"}],"wp:term":[{"taxonomy":"product_brand","embeddable":true,"href":"https:\/\/cyclingceramic.com\/fr\/wp-json\/wp\/v2\/product_brand?post=1863"},{"taxonomy":"product_cat","embeddable":true,"href":"https:\/\/cyclingceramic.com\/fr\/wp-json\/wp\/v2\/product_cat?post=1863"},{"taxonomy":"product_tag","embeddable":true,"href":"https:\/\/cyclingceramic.com\/fr\/wp-json\/wp\/v2\/product_tag?post=1863"}],"curies":[{"name":"wp","href":"https:\/\/api.w.org\/{rel}","templated":true}]}}