{"id":1984,"date":"2020-02-23T13:44:56","date_gmt":"2020-02-23T12:44:56","guid":{"rendered":"https:\/\/cyclingceramic.com\/product\/bb86-shimano\/"},"modified":"2026-04-09T18:04:21","modified_gmt":"2026-04-09T16:04:21","slug":"bottom-bracket-bb86-shimano","status":"publish","type":"product","link":"https:\/\/cyclingceramic.com\/fr\/shop\/bottom-bracket-bb86-shimano\/","title":{"rendered":"BB86 Shimano et autres - (24mm) -Bo\u00eetier de p\u00e9dalier"},"content":{"rendered":"<ol>\n<li><strong>Compatibilit\u00e9 pr\u00e9cise avec<\/strong> La\u00a0<strong>BB86 &#8211; Shimano<\/strong> . Les bo\u00eetiers de p\u00e9dalier sont m\u00e9ticuleusement con\u00e7us pour s'adapter parfaitement au\u00a0<strong>Shimano<\/strong> garantissant un montage pr\u00e9cis et des performances optimales.<\/li>\n<li><strong>Am\u00e9lioration de l'efficacit\u00e9 :<\/strong> Les roulements de haute qualit\u00e9 r\u00e9duisent les frottements et am\u00e9liorent l'efficacit\u00e9 de votre p\u00e9dalier, ce qui vous permet de transf\u00e9rer plus efficacement la puissance aux p\u00e9dales et de maximiser vos performances cyclistes.<\/li>\n<li><strong>Durabilit\u00e9 pour les sorties longues :<\/strong> Con\u00e7us pour r\u00e9sister aux exigences d'un cyclisme intensif, ces roulements utilisent des mat\u00e9riaux de haute qualit\u00e9 et une construction robuste pour offrir une durabilit\u00e9 exceptionnelle sur de longues distances.<\/li>\n<li><strong>Confort am\u00e9lior\u00e9 :<\/strong> En minimisant les vibrations et les frottements avec le\u00a0<strong>BB86 &#8211; Shimano<\/strong> . Les roulements offrent une sensation de p\u00e9dalage plus douce et plus confortable, ce qui vous permet d'appr\u00e9cier vos sorties avec moins de fatigue.<\/li>\n<li><strong>Installation facile :<\/strong> Con\u00e7us pour une installation simple et efficace, ces roulements constituent une mise \u00e0 niveau pratique pour votre syst\u00e8me de p\u00e9dalier\u00a0<strong>BB86 &#8211; Shimano<\/strong> .<\/li>\n<li><strong>\u00c9levez votre p\u00e9dalage :<\/strong> Optimisez vos performances cyclistes avec notre bo\u00eetier de p\u00e9dalier pour\u00a0<strong>Shimano<\/strong> . Profitez d'une meilleure transmission de la puissance, d'une conduite plus souple et d'une durabilit\u00e9 accrue pour repousser vos limites sur les routes et les sentiers.<\/li>\n<\/ol>\n<p>Mettez \u00e0 niveau votre transmission\u00a0<strong>Shimano<\/strong> avec les roulements CyclingCeramic et ouvrez une nouvelle dimension de la performance cycliste.<\/p>\n<p>&nbsp;<\/p>","protected":false},"excerpt":{"rendered":"<p>Le Bo\u00eetier de p\u00e9dalier <strong>BB86 Shimano<\/strong> combin\u00e9 \u00e0 nos roulements en c\u00e9ramique CyclingCeramic garantit un syst\u00e8me fiable \u00e0 faible friction pour des performances \u00e9lev\u00e9es. L'assemblage dans nos ateliers garantit un contr\u00f4le qualit\u00e9 ainsi que l'ad\u00e9quation parfaite entre la boite et les roulements c\u00e9ramiques de haute qualit\u00e9. Le BB86 est compatible avec les p\u00e9daliers Shimano HOLLOWTECH II et autres marques (24mm).<\/p>","protected":false},"featured_media":61866,"comment_status":"open","ping_status":"closed","template":"","meta":{"_acf_changed":false,"site-sidebar-layout":"default","site-content-layout":"","ast-site-content-layout":"default","site-content-style":"default","site-sidebar-style":"default","ast-global-header-display":"","ast-banner-title-visibility":"","ast-main-header-display":"","ast-hfb-above-header-display":"","ast-hfb-below-header-display":"","ast-hfb-mobile-header-display":"","site-post-title":"","ast-breadcrumbs-content":"","ast-featured-img":"","footer-sml-layout":"","ast-disable-related-posts":"","theme-transparent-header-meta":"default","adv-header-id-meta":"","stick-header-meta":"default","header-above-stick-meta":"","header-main-stick-meta":"","header-below-stick-meta":"","astra-migrate-meta-layouts":"set","ast-page-background-enabled":"default","ast-page-background-meta":{"desktop":{"background-color":"var(--ast-global-color-4)","background-image":"","background-repeat":"repeat","background-position":"center center","background-size":"auto","background-attachment":"scroll","background-type":"","background-media":"","overlay-type":"","overlay-color":"","overlay-opacity":"","overlay-gradient":""},"tablet":{"background-color":"","background-image":"","background-repeat":"repeat","background-position":"center center","background-size":"auto","background-attachment":"scroll","background-type":"","background-media":"","overlay-type":"","overlay-color":"","overlay-opacity":"","overlay-gradient":""},"mobile":{"background-color":"","background-image":"","background-repeat":"repeat","background-position":"center center","background-size":"auto","background-attachment":"scroll","background-type":"","background-media":"","overlay-type":"","overlay-color":"","overlay-opacity":"","overlay-gradient":""}},"ast-content-background-meta":{"desktop":{"background-color":"var(--ast-global-color-5)","background-image":"","background-repeat":"repeat","background-position":"center center","background-size":"auto","background-attachment":"scroll","background-type":"","background-media":"","overlay-type":"","overlay-color":"","overlay-opacity":"","overlay-gradient":""},"tablet":{"background-color":"var(--ast-global-color-5)","background-image":"","background-repeat":"repeat","background-position":"center center","background-size":"auto","background-attachment":"scroll","background-type":"","background-media":"","overlay-type":"","overlay-color":"","overlay-opacity":"","overlay-gradient":""},"mobile":{"background-color":"var(--ast-global-color-5)","background-image":"","background-repeat":"repeat","background-position":"center center","background-size":"auto","background-attachment":"scroll","background-type":"","background-media":"","overlay-type":"","overlay-color":"","overlay-opacity":"","overlay-gradient":""}}},"product_brand":[],"product_cat":[192],"product_tag":[],"class_list":{"0":"post-1984","1":"product","2":"type-product","3":"status-publish","4":"has-post-thumbnail","6":"product_cat-bottom-brackets","7":"pa_colour-black","8":"pa_colour-red","9":"pa_compatibility-shimano","10":"desktop-align-center","11":"tablet-align-center","12":"mobile-align-left","13":"ast-product-gallery-layout-horizontal-slider","14":"ast-product-gallery-with-no-image","15":"ast-product-single-variable","16":"ast-qv-on-image","18":"first","19":"instock","20":"taxable","21":"shipping-taxable","22":"purchasable","23":"product-type-variable","24":"has-default-attributes"},"acf":[],"_links":{"self":[{"href":"https:\/\/cyclingceramic.com\/fr\/wp-json\/wp\/v2\/product\/1984","targetHints":{"allow":["GET"]}}],"collection":[{"href":"https:\/\/cyclingceramic.com\/fr\/wp-json\/wp\/v2\/product"}],"about":[{"href":"https:\/\/cyclingceramic.com\/fr\/wp-json\/wp\/v2\/types\/product"}],"replies":[{"embeddable":true,"href":"https:\/\/cyclingceramic.com\/fr\/wp-json\/wp\/v2\/comments?post=1984"}],"wp:featuredmedia":[{"embeddable":true,"href":"https:\/\/cyclingceramic.com\/fr\/wp-json\/wp\/v2\/media\/61866"}],"wp:attachment":[{"href":"https:\/\/cyclingceramic.com\/fr\/wp-json\/wp\/v2\/media?parent=1984"}],"wp:term":[{"taxonomy":"product_brand","embeddable":true,"href":"https:\/\/cyclingceramic.com\/fr\/wp-json\/wp\/v2\/product_brand?post=1984"},{"taxonomy":"product_cat","embeddable":true,"href":"https:\/\/cyclingceramic.com\/fr\/wp-json\/wp\/v2\/product_cat?post=1984"},{"taxonomy":"product_tag","embeddable":true,"href":"https:\/\/cyclingceramic.com\/fr\/wp-json\/wp\/v2\/product_tag?post=1984"}],"curies":[{"name":"wp","href":"https:\/\/api.w.org\/{rel}","templated":true}]}}