{"id":2002,"date":"2020-02-23T13:45:05","date_gmt":"2020-02-23T12:45:05","guid":{"rendered":"https:\/\/cyclingceramic.com\/product\/evo386-30\/"},"modified":"2026-04-14T10:47:52","modified_gmt":"2026-04-14T08:47:52","slug":"evo386-30","status":"publish","type":"product","link":"https:\/\/cyclingceramic.com\/fr\/shop\/evo386-30\/","title":{"rendered":"386Evo 30 - (30mm) - Bo\u00eetier de p\u00e9dalier"},"content":{"rendered":"<ol>\n<li><strong>Compatibilit\u00e9 pr\u00e9cise avec<\/strong> La <strong>BB 386 EVO \u2013 PF30<\/strong> . Les bo\u00eetiers de p\u00e9dalier sont m\u00e9ticuleusement con\u00e7us pour s'adapter parfaitement au <strong>BB30<\/strong> garantissant un montage pr\u00e9cis et des performances optimales.<\/li>\n<li><strong>Am\u00e9lioration de l'efficacit\u00e9 :<\/strong> Les roulements de haute qualit\u00e9 r\u00e9duisent les frottements et am\u00e9liorent l'efficacit\u00e9 de votre p\u00e9dalier, ce qui vous permet de transf\u00e9rer plus efficacement la puissance aux p\u00e9dales et de maximiser vos performances cyclistes.<\/li>\n<li><strong>Durabilit\u00e9 pour les sorties longues :<\/strong> Con\u00e7us pour r\u00e9sister aux exigences d'un cyclisme intensif, ces roulements utilisent des mat\u00e9riaux de haute qualit\u00e9 et une construction robuste pour offrir une durabilit\u00e9 exceptionnelle sur de longues distances.<\/li>\n<li><strong>Confort am\u00e9lior\u00e9 :<\/strong> En minimisant les vibrations et les frottements avec le <strong>BB 386 EVO \u2013 PF30<\/strong> . Les roulements offrent une sensation de p\u00e9dalage plus douce et plus confortable, ce qui vous permet d'appr\u00e9cier vos sorties avec moins de fatigue.<\/li>\n<li><strong>Installation facile :<\/strong> Con\u00e7us pour une installation simple et efficace, ces roulements constituent une mise \u00e0 niveau pratique pour votre syst\u00e8me de p\u00e9dalier <strong>BB 386 EVO \u2013 PF30<\/strong> .<\/li>\n<li><strong>\u00c9levez votre p\u00e9dalage :<\/strong> Optimisez vos performances cyclistes avec notre bo\u00eetier de p\u00e9dalier pour <strong>BB30<\/strong> . Profitez d'une meilleure transmission de la puissance, d'une conduite plus souple et d'une durabilit\u00e9 accrue pour repousser vos limites sur les routes et les sentiers.<\/li>\n<\/ol>\n<p>Mettez \u00e0 niveau votre transmission <strong>BB30<\/strong> avec les roulements CyclingCeramic et ouvrez une nouvelle dimension de la performance cycliste.<\/p>\n<p><span style=\"font-family: -apple-system, BlinkMacSystemFont, 'Segoe UI', Roboto, 'Helvetica Neue', Arial, sans-serif, 'Apple Color Emoji', 'Segoe UI Emoji', 'Segoe UI Symbol'; font-size: 1rem;\">\u00a0<\/span><\/p>","protected":false},"excerpt":{"rendered":"<p>Am\u00e9liorez les performances de votre syst\u00e8me de p\u00e9dalier avec le Bo\u00eetier de p\u00e9dalier <strong>BB386 EVO <\/strong>le bo\u00eetier de p\u00e9dalier sp\u00e9cifiquement con\u00e7u pour s'adapter au <strong>BB30<\/strong> . Ces roulements de haute qualit\u00e9 sont con\u00e7us pour am\u00e9liorer l'efficacit\u00e9 et la durabilit\u00e9, vous offrant ainsi une exp\u00e9rience de cyclisme plus fluide et plus puissante.<\/p>\n<p><span style=\"font-family: -apple-system, BlinkMacSystemFont, 'Segoe UI', Roboto, 'Helvetica Neue', Arial, sans-serif, 'Apple Color Emoji', 'Segoe UI Emoji', 'Segoe UI Symbol'; font-size: 1rem;\">\u00a0<\/span><\/p>","protected":false},"featured_media":55232,"comment_status":"open","ping_status":"closed","template":"","meta":{"_acf_changed":false,"site-sidebar-layout":"default","site-content-layout":"","ast-site-content-layout":"default","site-content-style":"default","site-sidebar-style":"default","ast-global-header-display":"","ast-banner-title-visibility":"","ast-main-header-display":"","ast-hfb-above-header-display":"","ast-hfb-below-header-display":"","ast-hfb-mobile-header-display":"","site-post-title":"","ast-breadcrumbs-content":"","ast-featured-img":"","footer-sml-layout":"","ast-disable-related-posts":"","theme-transparent-header-meta":"default","adv-header-id-meta":"","stick-header-meta":"default","header-above-stick-meta":"","header-main-stick-meta":"","header-below-stick-meta":"","astra-migrate-meta-layouts":"set","ast-page-background-enabled":"default","ast-page-background-meta":{"desktop":{"background-color":"var(--ast-global-color-4)","background-image":"","background-repeat":"repeat","background-position":"center center","background-size":"auto","background-attachment":"scroll","background-type":"","background-media":"","overlay-type":"","overlay-color":"","overlay-opacity":"","overlay-gradient":""},"tablet":{"background-color":"","background-image":"","background-repeat":"repeat","background-position":"center center","background-size":"auto","background-attachment":"scroll","background-type":"","background-media":"","overlay-type":"","overlay-color":"","overlay-opacity":"","overlay-gradient":""},"mobile":{"background-color":"","background-image":"","background-repeat":"repeat","background-position":"center center","background-size":"auto","background-attachment":"scroll","background-type":"","background-media":"","overlay-type":"","overlay-color":"","overlay-opacity":"","overlay-gradient":""}},"ast-content-background-meta":{"desktop":{"background-color":"var(--ast-global-color-5)","background-image":"","background-repeat":"repeat","background-position":"center center","background-size":"auto","background-attachment":"scroll","background-type":"","background-media":"","overlay-type":"","overlay-color":"","overlay-opacity":"","overlay-gradient":""},"tablet":{"background-color":"var(--ast-global-color-5)","background-image":"","background-repeat":"repeat","background-position":"center center","background-size":"auto","background-attachment":"scroll","background-type":"","background-media":"","overlay-type":"","overlay-color":"","overlay-opacity":"","overlay-gradient":""},"mobile":{"background-color":"var(--ast-global-color-5)","background-image":"","background-repeat":"repeat","background-position":"center center","background-size":"auto","background-attachment":"scroll","background-type":"","background-media":"","overlay-type":"","overlay-color":"","overlay-opacity":"","overlay-gradient":""}}},"product_brand":[],"product_cat":[192],"product_tag":[],"class_list":{"0":"post-2002","1":"product","2":"type-product","3":"status-publish","4":"has-post-thumbnail","6":"product_cat-bottom-brackets","7":"pa_colour-black","8":"pa_colour-red","9":"pa_compatibility-bb30","10":"desktop-align-center","11":"tablet-align-center","12":"mobile-align-left","13":"ast-product-gallery-layout-horizontal-slider","14":"ast-product-gallery-with-no-image","15":"ast-product-single-variable","16":"ast-qv-on-image","18":"first","19":"instock","20":"taxable","21":"shipping-taxable","22":"purchasable","23":"product-type-variable"},"acf":[],"_links":{"self":[{"href":"https:\/\/cyclingceramic.com\/fr\/wp-json\/wp\/v2\/product\/2002","targetHints":{"allow":["GET"]}}],"collection":[{"href":"https:\/\/cyclingceramic.com\/fr\/wp-json\/wp\/v2\/product"}],"about":[{"href":"https:\/\/cyclingceramic.com\/fr\/wp-json\/wp\/v2\/types\/product"}],"replies":[{"embeddable":true,"href":"https:\/\/cyclingceramic.com\/fr\/wp-json\/wp\/v2\/comments?post=2002"}],"wp:featuredmedia":[{"embeddable":true,"href":"https:\/\/cyclingceramic.com\/fr\/wp-json\/wp\/v2\/media\/55232"}],"wp:attachment":[{"href":"https:\/\/cyclingceramic.com\/fr\/wp-json\/wp\/v2\/media?parent=2002"}],"wp:term":[{"taxonomy":"product_brand","embeddable":true,"href":"https:\/\/cyclingceramic.com\/fr\/wp-json\/wp\/v2\/product_brand?post=2002"},{"taxonomy":"product_cat","embeddable":true,"href":"https:\/\/cyclingceramic.com\/fr\/wp-json\/wp\/v2\/product_cat?post=2002"},{"taxonomy":"product_tag","embeddable":true,"href":"https:\/\/cyclingceramic.com\/fr\/wp-json\/wp\/v2\/product_tag?post=2002"}],"curies":[{"name":"wp","href":"https:\/\/api.w.org\/{rel}","templated":true}]}}