{"id":31658,"date":"2020-09-24T08:47:55","date_gmt":"2020-09-24T06:47:55","guid":{"rendered":"https:\/\/cyclingceramic.com\/?post_type=product&#038;p=31658"},"modified":"2025-05-09T14:42:05","modified_gmt":"2025-05-09T12:42:05","slug":"oversized-pulley-wheels-16-tooth-gold","status":"publish","type":"product","link":"https:\/\/cyclingceramic.com\/fr\/shop\/oversized-pulley-wheels-16-tooth-gold\/","title":{"rendered":"Galets oversize 16 dents Or"},"content":{"rendered":"<p>Les galets CyclingCeramic sont fabriqu\u00e9s en aluminium 7075 de la plus haute qualit\u00e9. Ils durent 4 \u00e0 5 fois plus longtemps que les options standard et r\u00e9duisent consid\u00e9rablement les frictions, tout en offrant un passage de vitesses plus fluide et plus pr\u00e9cis que les galets traditionnels. Comme la rotation des galets est 4 \u00e0 5 fois plus rapide que celle des autres roulements du v\u00e9lo, les gains dans cette zone sp\u00e9cifique sont particuli\u00e8rement importants. Notre traitement exclusif des roulements permet de r\u00e9duire les frictions jusqu\u2019\u00e0 98 %.<\/p>","protected":false},"excerpt":{"rendered":"<h5>Les galets CyclingCeramic sont fabriqu\u00e9s en aluminium 7075 de la plus haute qualit\u00e9. Ils durent 4 \u00e0 5 fois plus longtemps que les options standard et r\u00e9duisent consid\u00e9rablement les frictions, tout en offrant un passage de vitesses plus fluide et plus pr\u00e9cis que les galets traditionnels. Comme la rotation des galets est 4 \u00e0 5 fois plus rapide que celle des autres roulements du v\u00e9lo, les gains dans cette zone sp\u00e9cifique sont particuli\u00e8rement importants. Notre traitement exclusif des roulements permet de r\u00e9duire les frictions jusqu\u2019\u00e0 98 %.<\/h5>","protected":false},"featured_media":36028,"comment_status":"open","ping_status":"closed","template":"","meta":{"_acf_changed":false,"site-sidebar-layout":"default","site-content-layout":"","ast-site-content-layout":"default","site-content-style":"default","site-sidebar-style":"default","ast-global-header-display":"","ast-banner-title-visibility":"","ast-main-header-display":"","ast-hfb-above-header-display":"","ast-hfb-below-header-display":"","ast-hfb-mobile-header-display":"","site-post-title":"","ast-breadcrumbs-content":"","ast-featured-img":"","footer-sml-layout":"","ast-disable-related-posts":"","theme-transparent-header-meta":"default","adv-header-id-meta":"","stick-header-meta":"","header-above-stick-meta":"","header-main-stick-meta":"","header-below-stick-meta":"","astra-migrate-meta-layouts":"set","ast-page-background-enabled":"default","ast-page-background-meta":{"desktop":{"background-color":"var(--ast-global-color-4)","background-image":"","background-repeat":"repeat","background-position":"center center","background-size":"auto","background-attachment":"scroll","background-type":"","background-media":"","overlay-type":"","overlay-color":"","overlay-opacity":"","overlay-gradient":""},"tablet":{"background-color":"","background-image":"","background-repeat":"repeat","background-position":"center center","background-size":"auto","background-attachment":"scroll","background-type":"","background-media":"","overlay-type":"","overlay-color":"","overlay-opacity":"","overlay-gradient":""},"mobile":{"background-color":"","background-image":"","background-repeat":"repeat","background-position":"center center","background-size":"auto","background-attachment":"scroll","background-type":"","background-media":"","overlay-type":"","overlay-color":"","overlay-opacity":"","overlay-gradient":""}},"ast-content-background-meta":{"desktop":{"background-color":"var(--ast-global-color-5)","background-image":"","background-repeat":"repeat","background-position":"center center","background-size":"auto","background-attachment":"scroll","background-type":"","background-media":"","overlay-type":"","overlay-color":"","overlay-opacity":"","overlay-gradient":""},"tablet":{"background-color":"var(--ast-global-color-5)","background-image":"","background-repeat":"repeat","background-position":"center center","background-size":"auto","background-attachment":"scroll","background-type":"","background-media":"","overlay-type":"","overlay-color":"","overlay-opacity":"","overlay-gradient":""},"mobile":{"background-color":"var(--ast-global-color-5)","background-image":"","background-repeat":"repeat","background-position":"center center","background-size":"auto","background-attachment":"scroll","background-type":"","background-media":"","overlay-type":"","overlay-color":"","overlay-opacity":"","overlay-gradient":""}}},"product_brand":[],"product_cat":[635],"product_tag":[],"class_list":{"0":"post-31658","1":"product","2":"type-product","3":"status-publish","4":"has-post-thumbnail","6":"product_cat-spare-parts","7":"pa_compatibility-ospw","8":"desktop-align-center","9":"tablet-align-center","10":"mobile-align-left","11":"ast-product-gallery-layout-horizontal-slider","12":"ast-product-gallery-with-no-image","13":"ast-qv-on-image","15":"first","16":"instock","17":"taxable","18":"shipping-taxable","19":"purchasable","20":"product-type-simple"},"acf":[],"_links":{"self":[{"href":"https:\/\/cyclingceramic.com\/fr\/wp-json\/wp\/v2\/product\/31658","targetHints":{"allow":["GET"]}}],"collection":[{"href":"https:\/\/cyclingceramic.com\/fr\/wp-json\/wp\/v2\/product"}],"about":[{"href":"https:\/\/cyclingceramic.com\/fr\/wp-json\/wp\/v2\/types\/product"}],"replies":[{"embeddable":true,"href":"https:\/\/cyclingceramic.com\/fr\/wp-json\/wp\/v2\/comments?post=31658"}],"wp:featuredmedia":[{"embeddable":true,"href":"https:\/\/cyclingceramic.com\/fr\/wp-json\/wp\/v2\/media\/36028"}],"wp:attachment":[{"href":"https:\/\/cyclingceramic.com\/fr\/wp-json\/wp\/v2\/media?parent=31658"}],"wp:term":[{"taxonomy":"product_brand","embeddable":true,"href":"https:\/\/cyclingceramic.com\/fr\/wp-json\/wp\/v2\/product_brand?post=31658"},{"taxonomy":"product_cat","embeddable":true,"href":"https:\/\/cyclingceramic.com\/fr\/wp-json\/wp\/v2\/product_cat?post=31658"},{"taxonomy":"product_tag","embeddable":true,"href":"https:\/\/cyclingceramic.com\/fr\/wp-json\/wp\/v2\/product_tag?post=31658"}],"curies":[{"name":"wp","href":"https:\/\/api.w.org\/{rel}","templated":true}]}}