{"id":36063,"date":"2022-01-14T18:33:45","date_gmt":"2022-01-14T17:33:45","guid":{"rendered":"https:\/\/cyclingceramic.com\/?post_type=product&#038;p=36063"},"modified":"2026-04-14T10:22:27","modified_gmt":"2026-04-14T08:22:27","slug":"poulies-surdimensionnees-14-19-t-vert","status":"publish","type":"product","link":"https:\/\/cyclingceramic.com\/fr\/shop\/oversized-pulley-wheels-14-19-t-green\/","title":{"rendered":"Galets oversize 14\/19 dents vert"},"content":{"rendered":"<p>Les galets CYCLINCERAMIC sont construits avec de l'aluminium 7075 de la plus haute qualit\u00e9. Ils durent 4 \u00e0 5 fois plus longtemps que les options standard et r\u00e9duisent consid\u00e9rablement la friction tout en offrant un changement de vitesse plus doux et plus pr\u00e9cis que les galets traditionnels. La rotation des galets \u00e9tant 4 \u00e0 5 fois plus rapide que celle des autres roulements du v\u00e9lo, les gains dans ce domaine particulier sont consid\u00e9rables. Notre traitement de roulement unique r\u00e9duit la friction jusqu'\u00e0 98%.<\/p>\n<p>Poulies de d\u00e9railleur de remplacement pour ODC 14\/19 pour SRAM AXS \/ ETAP et Shimano R8000\/9100<\/p>","protected":false},"excerpt":{"rendered":"<h5>Les galets CYCLINCERAMIC sont construits avec de l'aluminium 7075 de la plus haute qualit\u00e9. Ils durent 4 \u00e0 5 fois plus longtemps que les options standard et r\u00e9duisent consid\u00e9rablement la friction tout en offrant un changement de vitesse plus doux et plus pr\u00e9cis que les galets traditionnels. La rotation des galets \u00e9tant 4 \u00e0 5 fois plus rapide que celle des autres roulements du v\u00e9lo, les gains dans ce domaine particulier sont consid\u00e9rables. Notre traitement de roulement unique r\u00e9duit la friction jusqu'\u00e0 98%.<\/h5>","protected":false},"featured_media":36053,"comment_status":"open","ping_status":"closed","template":"","meta":{"_acf_changed":false,"site-sidebar-layout":"default","site-content-layout":"","ast-site-content-layout":"default","site-content-style":"default","site-sidebar-style":"default","ast-global-header-display":"","ast-banner-title-visibility":"","ast-main-header-display":"","ast-hfb-above-header-display":"","ast-hfb-below-header-display":"","ast-hfb-mobile-header-display":"","site-post-title":"","ast-breadcrumbs-content":"","ast-featured-img":"","footer-sml-layout":"","ast-disable-related-posts":"","theme-transparent-header-meta":"default","adv-header-id-meta":"","stick-header-meta":"","header-above-stick-meta":"","header-main-stick-meta":"","header-below-stick-meta":"","astra-migrate-meta-layouts":"set","ast-page-background-enabled":"default","ast-page-background-meta":{"desktop":{"background-color":"var(--ast-global-color-4)","background-image":"","background-repeat":"repeat","background-position":"center center","background-size":"auto","background-attachment":"scroll","background-type":"","background-media":"","overlay-type":"","overlay-color":"","overlay-opacity":"","overlay-gradient":""},"tablet":{"background-color":"","background-image":"","background-repeat":"repeat","background-position":"center center","background-size":"auto","background-attachment":"scroll","background-type":"","background-media":"","overlay-type":"","overlay-color":"","overlay-opacity":"","overlay-gradient":""},"mobile":{"background-color":"","background-image":"","background-repeat":"repeat","background-position":"center center","background-size":"auto","background-attachment":"scroll","background-type":"","background-media":"","overlay-type":"","overlay-color":"","overlay-opacity":"","overlay-gradient":""}},"ast-content-background-meta":{"desktop":{"background-color":"var(--ast-global-color-5)","background-image":"","background-repeat":"repeat","background-position":"center center","background-size":"auto","background-attachment":"scroll","background-type":"","background-media":"","overlay-type":"","overlay-color":"","overlay-opacity":"","overlay-gradient":""},"tablet":{"background-color":"var(--ast-global-color-5)","background-image":"","background-repeat":"repeat","background-position":"center center","background-size":"auto","background-attachment":"scroll","background-type":"","background-media":"","overlay-type":"","overlay-color":"","overlay-opacity":"","overlay-gradient":""},"mobile":{"background-color":"var(--ast-global-color-5)","background-image":"","background-repeat":"repeat","background-position":"center center","background-size":"auto","background-attachment":"scroll","background-type":"","background-media":"","overlay-type":"","overlay-color":"","overlay-opacity":"","overlay-gradient":""}}},"product_brand":[],"product_cat":[635],"product_tag":[],"class_list":{"0":"post-36063","1":"product","2":"type-product","3":"status-publish","4":"has-post-thumbnail","6":"product_cat-spare-parts","7":"pa_colour-black","8":"pa_colour-blue","9":"pa_colour-gold","10":"pa_colour-red","11":"pa_compatibility-ospw","12":"desktop-align-center","13":"tablet-align-center","14":"mobile-align-left","15":"ast-product-gallery-layout-horizontal-slider","16":"ast-product-gallery-with-no-image","17":"ast-qv-on-image","19":"first","20":"outofstock","21":"taxable","22":"shipping-taxable","23":"purchasable","24":"product-type-simple"},"acf":[],"_links":{"self":[{"href":"https:\/\/cyclingceramic.com\/fr\/wp-json\/wp\/v2\/product\/36063","targetHints":{"allow":["GET"]}}],"collection":[{"href":"https:\/\/cyclingceramic.com\/fr\/wp-json\/wp\/v2\/product"}],"about":[{"href":"https:\/\/cyclingceramic.com\/fr\/wp-json\/wp\/v2\/types\/product"}],"replies":[{"embeddable":true,"href":"https:\/\/cyclingceramic.com\/fr\/wp-json\/wp\/v2\/comments?post=36063"}],"wp:featuredmedia":[{"embeddable":true,"href":"https:\/\/cyclingceramic.com\/fr\/wp-json\/wp\/v2\/media\/36053"}],"wp:attachment":[{"href":"https:\/\/cyclingceramic.com\/fr\/wp-json\/wp\/v2\/media?parent=36063"}],"wp:term":[{"taxonomy":"product_brand","embeddable":true,"href":"https:\/\/cyclingceramic.com\/fr\/wp-json\/wp\/v2\/product_brand?post=36063"},{"taxonomy":"product_cat","embeddable":true,"href":"https:\/\/cyclingceramic.com\/fr\/wp-json\/wp\/v2\/product_cat?post=36063"},{"taxonomy":"product_tag","embeddable":true,"href":"https:\/\/cyclingceramic.com\/fr\/wp-json\/wp\/v2\/product_tag?post=36063"}],"curies":[{"name":"wp","href":"https:\/\/api.w.org\/{rel}","templated":true}]}}