{"id":3711,"date":"2020-06-03T08:18:29","date_gmt":"2020-06-03T06:18:29","guid":{"rendered":"https:\/\/cyclingceramic.com\/?post_type=product&#038;p=3711"},"modified":"2026-02-17T08:11:35","modified_gmt":"2026-02-17T07:11:35","slug":"wheel-bearing-kit-campagnolo-1","status":"publish","type":"product","link":"https:\/\/cyclingceramic.com\/fr\/shop\/wheel-bearing-kit-campagnolo-1\/","title":{"rendered":"Kit de roulements de roue Campagnolo 1"},"content":{"rendered":"<p class=\"translation-block\">Choisissez le kit de roulements de roue CyclingCeramic Campagnolo 1 et rendez vos roues Campagnolo encore plus performantes. Les roulements c\u00e9ramique r\u00e9duisent les frictions, augmentent la dur\u00e9e de vie des roulements et am\u00e9liorent les performances de vos roues.<\/p>\n<p class=\"translation-block\">D\u2019apr\u00e8s une \u00e9tude men\u00e9e sur nos produits, les frictions sont quasiment inexistantes ; autrement dit, vous roulez plus vite pour un m\u00eame effort fourni. L\u2019extr\u00eame duret\u00e9 des billes CyclingCeramic leur conf\u00e8re une dur\u00e9e de vie 4 \u00e0 5 fois sup\u00e9rieure \u00e0 celle des billes en acier standard. Notre graisse sp\u00e9ciale maintient vos roulements parfaitement prot\u00e9g\u00e9s et les pr\u00e9serve des \u00e9l\u00e9ments ext\u00e9rieurs susceptibles de nuire \u00e0 leur bon fonctionnement.<br>\nPour tous les moyeux Campagnolo et Fulcrum, avant comme arri\u00e8re, utilisez des billes libres dans un syst\u00e8me \u00e0 c\u00f4nes et cuvettes. Veuillez noter que le Fulcrum R5 n\u2019est pas compatible avec ces kits.<\/p>","protected":false},"excerpt":{"rendered":"<p class=\"translation-block\">Choisissez le kit de roulements de roue CyclingCeramic Campagnolo 1 et rendez vos roues Campagnolo encore plus performantes. Les roulements c\u00e9ramique r\u00e9duisent les frictions, augmentent la dur\u00e9e de vie des roulements et am\u00e9liorent les performances de vos roues.<\/p>\n<p class=\"translation-block\">D\u2019apr\u00e8s une \u00e9tude men\u00e9e sur nos produits, les frictions sont quasiment inexistantes ; autrement dit, vous roulez plus vite pour un m\u00eame effort fourni. L\u2019extr\u00eame duret\u00e9 des billes CyclingCeramic leur conf\u00e8re une dur\u00e9e de vie 4 \u00e0 5 fois sup\u00e9rieure \u00e0 celle des billes en acier standard. Notre graisse sp\u00e9ciale maintient vos roulements parfaitement prot\u00e9g\u00e9s et les pr\u00e9serve des \u00e9l\u00e9ments ext\u00e9rieurs susceptibles de nuire \u00e0 leur bon fonctionnement.<br>\nPour tous les moyeux Campagnolo et Fulcrum, avant comme arri\u00e8re, utilisez des billes libres dans un syst\u00e8me \u00e0 c\u00f4nes et cuvettes. Veuillez noter que le Fulcrum R5 n\u2019est pas compatible avec ces kits.<\/p>","protected":false},"featured_media":29739,"comment_status":"closed","ping_status":"closed","template":"","meta":{"_acf_changed":false,"site-sidebar-layout":"default","site-content-layout":"","ast-site-content-layout":"default","site-content-style":"default","site-sidebar-style":"default","ast-global-header-display":"","ast-banner-title-visibility":"","ast-main-header-display":"","ast-hfb-above-header-display":"","ast-hfb-below-header-display":"","ast-hfb-mobile-header-display":"","site-post-title":"","ast-breadcrumbs-content":"","ast-featured-img":"","footer-sml-layout":"","ast-disable-related-posts":"","theme-transparent-header-meta":"default","adv-header-id-meta":"","stick-header-meta":"default","header-above-stick-meta":"","header-main-stick-meta":"","header-below-stick-meta":"","astra-migrate-meta-layouts":"set","ast-page-background-enabled":"default","ast-page-background-meta":{"desktop":{"background-color":"var(--ast-global-color-4)","background-image":"","background-repeat":"repeat","background-position":"center center","background-size":"auto","background-attachment":"scroll","background-type":"","background-media":"","overlay-type":"","overlay-color":"","overlay-opacity":"","overlay-gradient":""},"tablet":{"background-color":"","background-image":"","background-repeat":"repeat","background-position":"center center","background-size":"auto","background-attachment":"scroll","background-type":"","background-media":"","overlay-type":"","overlay-color":"","overlay-opacity":"","overlay-gradient":""},"mobile":{"background-color":"","background-image":"","background-repeat":"repeat","background-position":"center center","background-size":"auto","background-attachment":"scroll","background-type":"","background-media":"","overlay-type":"","overlay-color":"","overlay-opacity":"","overlay-gradient":""}},"ast-content-background-meta":{"desktop":{"background-color":"var(--ast-global-color-5)","background-image":"","background-repeat":"repeat","background-position":"center center","background-size":"auto","background-attachment":"scroll","background-type":"","background-media":"","overlay-type":"","overlay-color":"","overlay-opacity":"","overlay-gradient":""},"tablet":{"background-color":"var(--ast-global-color-5)","background-image":"","background-repeat":"repeat","background-position":"center center","background-size":"auto","background-attachment":"scroll","background-type":"","background-media":"","overlay-type":"","overlay-color":"","overlay-opacity":"","overlay-gradient":""},"mobile":{"background-color":"var(--ast-global-color-5)","background-image":"","background-repeat":"repeat","background-position":"center center","background-size":"auto","background-attachment":"scroll","background-type":"","background-media":"","overlay-type":"","overlay-color":"","overlay-opacity":"","overlay-gradient":""}}},"product_brand":[],"product_cat":[120],"product_tag":[],"class_list":{"0":"post-3711","1":"product","2":"type-product","3":"status-publish","4":"has-post-thumbnail","6":"product_cat-wheel-bearing-kits","7":"pa_brand-campagnolo","8":"pa_usage-road","9":"desktop-align-center","10":"tablet-align-center","11":"mobile-align-left","12":"ast-product-gallery-layout-horizontal-slider","13":"ast-qv-on-image","15":"first","16":"instock","17":"taxable","18":"shipping-taxable","19":"purchasable","20":"product-type-simple"},"acf":[],"_links":{"self":[{"href":"https:\/\/cyclingceramic.com\/fr\/wp-json\/wp\/v2\/product\/3711","targetHints":{"allow":["GET"]}}],"collection":[{"href":"https:\/\/cyclingceramic.com\/fr\/wp-json\/wp\/v2\/product"}],"about":[{"href":"https:\/\/cyclingceramic.com\/fr\/wp-json\/wp\/v2\/types\/product"}],"replies":[{"embeddable":true,"href":"https:\/\/cyclingceramic.com\/fr\/wp-json\/wp\/v2\/comments?post=3711"}],"wp:featuredmedia":[{"embeddable":true,"href":"https:\/\/cyclingceramic.com\/fr\/wp-json\/wp\/v2\/media\/29739"}],"wp:attachment":[{"href":"https:\/\/cyclingceramic.com\/fr\/wp-json\/wp\/v2\/media?parent=3711"}],"wp:term":[{"taxonomy":"product_brand","embeddable":true,"href":"https:\/\/cyclingceramic.com\/fr\/wp-json\/wp\/v2\/product_brand?post=3711"},{"taxonomy":"product_cat","embeddable":true,"href":"https:\/\/cyclingceramic.com\/fr\/wp-json\/wp\/v2\/product_cat?post=3711"},{"taxonomy":"product_tag","embeddable":true,"href":"https:\/\/cyclingceramic.com\/fr\/wp-json\/wp\/v2\/product_tag?post=3711"}],"curies":[{"name":"wp","href":"https:\/\/api.w.org\/{rel}","templated":true}]}}