{"id":40326,"date":"2022-11-08T07:44:29","date_gmt":"2022-11-08T06:44:29","guid":{"rendered":"https:\/\/cyclingceramic.com\/?post_type=product&#038;p=40326"},"modified":"2026-04-05T22:44:07","modified_gmt":"2026-04-05T20:44:07","slug":"odc-for-sram-etap-11-speed","status":"publish","type":"product","link":"https:\/\/cyclingceramic.com\/fr\/shop\/odc-for-sram-etap-11-speed\/","title":{"rendered":"Sram eTap Series 11v - Chape Oversize - 14\/19T"},"content":{"rendered":"<ol>\n<li><strong>Optimisation des performances routi\u00e8res :<\/strong> Les chapes surdimensionn\u00e9es de CyclingCeramic ont \u00e9t\u00e9 con\u00e7ues pour \u00eatre utilis\u00e9es en cyclisme sur route sur les groupes <strong>SRAM eTap 11 Vitesses<\/strong> . Les d\u00e9railleurs de route permettent d'ajuster votre transmission pour am\u00e9liorer les performances, en assurant des changements de vitesse pr\u00e9cis et un transfert de puissance efficace.<\/li>\n<li><strong>Des performances prouv\u00e9es :<\/strong> Nos chapes ont \u00e9t\u00e9 soumises \u00e0 des tests rigoureux par Frictions Facts, un laboratoire ind\u00e9pendant sp\u00e9cialis\u00e9 dans l'analyse des frottements. Les r\u00e9sultats de ces tests r\u00e9v\u00e8lent que les poulies CyclingCeramic sont parmi les plus rapides du march\u00e9, avec une friction mesur\u00e9e de seulement 0,033w. Cette performance exceptionnelle se traduit par une transmission ultra efficace, vous assurant un gain de vitesse et de pr\u00e9cision lors de vos sorties sur route.<\/li>\n<li><strong>Ing\u00e9nierie de pr\u00e9cision :<\/strong> M\u00e9ticuleusement fabriqu\u00e9s, ces galets surdimensionn\u00e9s comportent des composants usin\u00e9s avec pr\u00e9cision pour des transitions de vitesse en douceur, garantissant un changement de vitesse sans heurts lors de vos sorties sur route, pour des performances constantes et fiables.<\/li>\n<li><strong>Durable pour les longs trajets :<\/strong> Con\u00e7ues pour r\u00e9sister aux difficult\u00e9es des sorties longues, ces chapes surdimensionn\u00e9es utilisent des mat\u00e9riaux de haute qualit\u00e9 et une technologie avanc\u00e9e de roulement en c\u00e9ramique pour minimiser les frottements et maximiser la durabilit\u00e9, contribuant ainsi \u00e0 une transmission fiable et efficace sur un nombre incalculable de kilom\u00e8tres.<\/li>\n<li><strong>Installation facile :<\/strong> Les chapes surdimensionn\u00e9es CyclingCeramic pour <strong>SRAM eTap 11 Vitesses<\/strong> sont con\u00e7ues pour une installation facile, ce qui permet d'am\u00e9liorer sans probl\u00e8me les d\u00e9railleurs existants <strong>SRAM eTap 11 Vitesses<\/strong> .<\/li>\n<li><strong>Am\u00e9liorez votre exp\u00e9rience de la route :<\/strong> avec la chape surdimensionn\u00e9e de CyclingCeramic pour le cyclisme sur route faite pour <strong>SRAM eTap 11 Vitesses<\/strong> . D\u00e9couvrez des changements de vitesse plus fluides, une meilleure r\u00e9activit\u00e9 et une long\u00e9vit\u00e9 accrue, et partez \u00e0 la conqu\u00eate de la route en toute confiance.<\/li>\n<\/ol>\n<p>Mettez \u00e0 niveau votre transmission <strong>SRAM eTap 11 Vitesses<\/strong> avec les chapes surdimensionn\u00e9es de CyclingCeramic, con\u00e7ues avec pr\u00e9cision, et vous \u00e9l\u00e8verez vos efforts de cyclisme sur route \u00e0 de nouveaux sommets.<\/p>\n<p><strong>Compatible avec Sram ETAP 11 vitesses<\/strong><\/p>\n<p><strong>Attention! Il existe deux versions du d\u00e9railleur Sram ETAP 11 vitesses. Pour les diff\u00e9rencier, si votre mod\u00e8le poss\u00e8de 11 dents, vous aurez besoin de cette chape. S'il a 12 dents,<\/strong><strong>si vous disposez du d\u00e9railleur SRAM eTap 11 vitesses mis \u00e0 jour avec la nouvelle version Orbit Clutch D2, vous aurez besoin du syst\u00e8me CyclingCeramic pour les d\u00e9railleurs SRAM eTap AXS. <a href=\"https:\/\/cyclingceramic.com\/fr\/shop\/odc-for-sram-red-force-rival-axs\/#product-tab-section\">Cliquez ici<\/a>.<\/strong><\/p>\n<p>Nous recommandons d'utiliser une nouvelle cha\u00eene pour un meilleur r\u00e9glage et d'ajouter 2 \u00e0 4 maillons suppl\u00e9mentaires.<\/p>","protected":false},"excerpt":{"rendered":"<p>Les chapes surdimensionn\u00e9es CyclingCeramic ont \u00e9t\u00e9 sp\u00e9cialement con\u00e7ues pour offrir une am\u00e9lioration exceptionnelle de la performance et de l'efficacit\u00e9 de votre groupe <strong>SRAM eTap 11 Vitesses<\/strong> . Fabriqu\u00e9es \u00e0 partir de mat\u00e9riaux de haute qualit\u00e9 et dot\u00e9es d'une technologie avanc\u00e9e, ces chapes sont le choix id\u00e9al pour les cyclistes exigeants qui cherchent \u00e0 lib\u00e9rer tout le potentiel de leur d\u00e9railleur route <strong>SRAM eTap 11 Vitesses<\/strong> .<\/p>","protected":false},"featured_media":55392,"comment_status":"open","ping_status":"closed","template":"","meta":{"_acf_changed":false,"site-sidebar-layout":"default","site-content-layout":"","ast-site-content-layout":"default","site-content-style":"default","site-sidebar-style":"default","ast-global-header-display":"","ast-banner-title-visibility":"","ast-main-header-display":"","ast-hfb-above-header-display":"","ast-hfb-below-header-display":"","ast-hfb-mobile-header-display":"","site-post-title":"","ast-breadcrumbs-content":"","ast-featured-img":"","footer-sml-layout":"","ast-disable-related-posts":"","theme-transparent-header-meta":"default","adv-header-id-meta":"","stick-header-meta":"default","header-above-stick-meta":"","header-main-stick-meta":"","header-below-stick-meta":"","astra-migrate-meta-layouts":"set","ast-page-background-enabled":"default","ast-page-background-meta":{"desktop":{"background-color":"var(--ast-global-color-4)","background-image":"","background-repeat":"repeat","background-position":"center center","background-size":"auto","background-attachment":"scroll","background-type":"","background-media":"","overlay-type":"","overlay-color":"","overlay-opacity":"","overlay-gradient":""},"tablet":{"background-color":"","background-image":"","background-repeat":"repeat","background-position":"center center","background-size":"auto","background-attachment":"scroll","background-type":"","background-media":"","overlay-type":"","overlay-color":"","overlay-opacity":"","overlay-gradient":""},"mobile":{"background-color":"","background-image":"","background-repeat":"repeat","background-position":"center center","background-size":"auto","background-attachment":"scroll","background-type":"","background-media":"","overlay-type":"","overlay-color":"","overlay-opacity":"","overlay-gradient":""}},"ast-content-background-meta":{"desktop":{"background-color":"var(--ast-global-color-5)","background-image":"","background-repeat":"repeat","background-position":"center center","background-size":"auto","background-attachment":"scroll","background-type":"","background-media":"","overlay-type":"","overlay-color":"","overlay-opacity":"","overlay-gradient":""},"tablet":{"background-color":"var(--ast-global-color-5)","background-image":"","background-repeat":"repeat","background-position":"center center","background-size":"auto","background-attachment":"scroll","background-type":"","background-media":"","overlay-type":"","overlay-color":"","overlay-opacity":"","overlay-gradient":""},"mobile":{"background-color":"var(--ast-global-color-5)","background-image":"","background-repeat":"repeat","background-position":"center center","background-size":"auto","background-attachment":"scroll","background-type":"","background-media":"","overlay-type":"","overlay-color":"","overlay-opacity":"","overlay-gradient":""}}},"product_brand":[],"product_cat":[167],"product_tag":[],"class_list":{"0":"post-40326","1":"product","2":"type-product","3":"status-publish","4":"has-post-thumbnail","6":"product_cat-oversized-derailleur-cages","7":"pa_colour-black","8":"pa_colour-blue","9":"pa_colour-gold","10":"pa_colour-red","11":"pa_compatibility-sram","12":"pa_speed-1167","13":"pa_usage-road","14":"desktop-align-center","15":"tablet-align-center","16":"mobile-align-left","17":"ast-product-gallery-layout-horizontal-slider","18":"ast-product-gallery-with-no-image","19":"ast-product-single-variable","20":"ast-qv-on-image","22":"first","23":"instock","24":"taxable","25":"shipping-taxable","26":"purchasable","27":"product-type-variable","28":"has-default-attributes"},"acf":[],"_links":{"self":[{"href":"https:\/\/cyclingceramic.com\/fr\/wp-json\/wp\/v2\/product\/40326","targetHints":{"allow":["GET"]}}],"collection":[{"href":"https:\/\/cyclingceramic.com\/fr\/wp-json\/wp\/v2\/product"}],"about":[{"href":"https:\/\/cyclingceramic.com\/fr\/wp-json\/wp\/v2\/types\/product"}],"replies":[{"embeddable":true,"href":"https:\/\/cyclingceramic.com\/fr\/wp-json\/wp\/v2\/comments?post=40326"}],"wp:featuredmedia":[{"embeddable":true,"href":"https:\/\/cyclingceramic.com\/fr\/wp-json\/wp\/v2\/media\/55392"}],"wp:attachment":[{"href":"https:\/\/cyclingceramic.com\/fr\/wp-json\/wp\/v2\/media?parent=40326"}],"wp:term":[{"taxonomy":"product_brand","embeddable":true,"href":"https:\/\/cyclingceramic.com\/fr\/wp-json\/wp\/v2\/product_brand?post=40326"},{"taxonomy":"product_cat","embeddable":true,"href":"https:\/\/cyclingceramic.com\/fr\/wp-json\/wp\/v2\/product_cat?post=40326"},{"taxonomy":"product_tag","embeddable":true,"href":"https:\/\/cyclingceramic.com\/fr\/wp-json\/wp\/v2\/product_tag?post=40326"}],"curies":[{"name":"wp","href":"https:\/\/api.w.org\/{rel}","templated":true}]}}