{"id":40349,"date":"2022-11-08T08:33:09","date_gmt":"2022-11-08T07:33:09","guid":{"rendered":"https:\/\/cyclingceramic.com\/?post_type=product&#038;p=40349"},"modified":"2026-01-20T09:51:11","modified_gmt":"2026-01-20T08:51:11","slug":"odc-for-sram-apex-1","status":"publish","type":"product","link":"https:\/\/cyclingceramic.com\/fr\/shop\/odc-for-sram-apex-1\/","title":{"rendered":"Sram Apex 1 - (Max 42T) - Chape de d\u00e9railleur Oversize Gravel - 14\/19T"},"content":{"rendered":"<ol>\n<li><strong>Am\u00e9lioration des performances Gravel :<\/strong> Con\u00e7ue pour exceller sur les chemins accident\u00e9s, la chape CyclingCeramic <strong>SRAM APEX 1<\/strong> optimise votre transmission pour de meilleures performances, que vous montiez des pentes raides ou que vous naviguiez sur des surfaces difficiles.<\/li>\n<li><strong>Fabrication de pr\u00e9cision :<\/strong> Fabriqu\u00e9es avec une attention m\u00e9ticuleuse aux d\u00e9tails, ces chapes comportent des composants usin\u00e9s avec pr\u00e9cision pour une exp\u00e9rience de changement de vitesse fluide et fiable, garantissant des performances constantes tout au long de vos randonn\u00e9es sur terrain difficile.<\/li>\n<li><strong>Durabilit\u00e9 pour les aventures exigeantes :<\/strong> Construites pour r\u00e9sister aux conditions les plus difficiles, ces chapes utilisent des mat\u00e9riaux de haute qualit\u00e9 et une technologie avanc\u00e9e de roulement en c\u00e9ramique pour garantir la long\u00e9vit\u00e9 et la r\u00e9duction des frottements, contribuant ainsi \u00e0 une transmission fiable et efficace, m\u00eame dans les environnements les plus difficiles.<\/li>\n<li><strong>Installation facile :<\/strong> La chape surdimensionn\u00e9e CyclingC\u00e9ramic <strong>SRAM APEX 1<\/strong> a \u00e9t\u00e9 r\u00e9alis\u00e9e pour \u00eatre install\u00e9e facilement, ce qui permet d'am\u00e9liorer sans probl\u00e8me les galets de d\u00e9railleur existants. <strong>SRAM APEX 1<\/strong> de l'installation.<\/li>\n<li><strong>Lib\u00e9rez votre potentiel Gravel :<\/strong> Am\u00e9liorez votre jeu sur le gravier avec la chape CyclingCeramic <strong>SRAM APEX 1<\/strong> . D\u00e9couvrez des changements de vitesse plus fluides, une meilleure r\u00e9activit\u00e9 et une durabilit\u00e9 accrue lorsque vous vous attaquez \u00e0 des aventures sur le gravier en toute confiance.<\/li>\n<\/ol>\n<p><strong>Compatibilit\u00e9 :<\/strong> Les chapes surdimensionn\u00e9es de CyclingCeramic sont parfaitement compatibles avec\u00a0<strong>Sram Apex 1<\/strong> . Vous disposez ainsi d'une solution sur mesure pour am\u00e9liorer les performances de votre transmission.<\/p>\n<p>Mettez \u00e0 niveau votre transmission <strong>SRAM APEX 1<\/strong> avec les poulies de pr\u00e9cision CyclingCeramic et explorez tout le potentiel de votre v\u00e9lo de montagne.<\/p>\n<p><strong>Compatible avec Sram Apex 1 type 3<\/strong><\/p>\n<p>Nous recommandons d'utiliser une nouvelle cha\u00eene pour un meilleur r\u00e9glage et d'ajouter 2 \u00e0 4 maillons suppl\u00e9mentaires.<\/p>","protected":false},"excerpt":{"rendered":"<p>Am\u00e9liorez votre exp\u00e9rience Gravel avec CyclingCeramic <strong>SRAM APEX 1<\/strong> , syst\u00e8me de chape de d\u00e9railleur surdimensionn\u00e9e.  Sp\u00e9cialement con\u00e7ues pour r\u00e9pondre aux exigences des terrains de Gravel aventureux, ces chapes ont \u00e9t\u00e9 cr\u00e9\u00e9es pour am\u00e9liorer les performances et la durabilit\u00e9 de votre d\u00e9railleur <strong>SRAM APEX 1<\/strong> .<\/p>","protected":false},"featured_media":55385,"comment_status":"open","ping_status":"closed","template":"","meta":{"_acf_changed":false,"site-sidebar-layout":"default","site-content-layout":"","ast-site-content-layout":"default","site-content-style":"default","site-sidebar-style":"default","ast-global-header-display":"","ast-banner-title-visibility":"","ast-main-header-display":"","ast-hfb-above-header-display":"","ast-hfb-below-header-display":"","ast-hfb-mobile-header-display":"","site-post-title":"","ast-breadcrumbs-content":"","ast-featured-img":"","footer-sml-layout":"","ast-disable-related-posts":"","theme-transparent-header-meta":"default","adv-header-id-meta":"","stick-header-meta":"default","header-above-stick-meta":"","header-main-stick-meta":"","header-below-stick-meta":"","astra-migrate-meta-layouts":"set","ast-page-background-enabled":"default","ast-page-background-meta":{"desktop":{"background-color":"var(--ast-global-color-4)","background-image":"","background-repeat":"repeat","background-position":"center center","background-size":"auto","background-attachment":"scroll","background-type":"","background-media":"","overlay-type":"","overlay-color":"","overlay-opacity":"","overlay-gradient":""},"tablet":{"background-color":"","background-image":"","background-repeat":"repeat","background-position":"center center","background-size":"auto","background-attachment":"scroll","background-type":"","background-media":"","overlay-type":"","overlay-color":"","overlay-opacity":"","overlay-gradient":""},"mobile":{"background-color":"","background-image":"","background-repeat":"repeat","background-position":"center center","background-size":"auto","background-attachment":"scroll","background-type":"","background-media":"","overlay-type":"","overlay-color":"","overlay-opacity":"","overlay-gradient":""}},"ast-content-background-meta":{"desktop":{"background-color":"var(--ast-global-color-5)","background-image":"","background-repeat":"repeat","background-position":"center center","background-size":"auto","background-attachment":"scroll","background-type":"","background-media":"","overlay-type":"","overlay-color":"","overlay-opacity":"","overlay-gradient":""},"tablet":{"background-color":"var(--ast-global-color-5)","background-image":"","background-repeat":"repeat","background-position":"center center","background-size":"auto","background-attachment":"scroll","background-type":"","background-media":"","overlay-type":"","overlay-color":"","overlay-opacity":"","overlay-gradient":""},"mobile":{"background-color":"var(--ast-global-color-5)","background-image":"","background-repeat":"repeat","background-position":"center center","background-size":"auto","background-attachment":"scroll","background-type":"","background-media":"","overlay-type":"","overlay-color":"","overlay-opacity":"","overlay-gradient":""}}},"product_brand":[],"product_cat":[167],"product_tag":[],"class_list":{"0":"post-40349","1":"product","2":"type-product","3":"status-publish","4":"has-post-thumbnail","6":"product_cat-oversized-derailleur-cages","7":"pa_colour-black","8":"pa_colour-blue","9":"pa_colour-gold","10":"pa_colour-red","11":"pa_compatibility-sram","12":"pa_speed-1167","13":"pa_usage-gravel","14":"desktop-align-center","15":"tablet-align-center","16":"mobile-align-left","17":"ast-product-gallery-layout-horizontal-slider","18":"ast-product-gallery-with-no-image","19":"ast-product-single-variable","20":"ast-qv-on-image","22":"first","23":"instock","24":"taxable","25":"shipping-taxable","26":"purchasable","27":"product-type-variable","28":"has-default-attributes"},"acf":[],"_links":{"self":[{"href":"https:\/\/cyclingceramic.com\/fr\/wp-json\/wp\/v2\/product\/40349","targetHints":{"allow":["GET"]}}],"collection":[{"href":"https:\/\/cyclingceramic.com\/fr\/wp-json\/wp\/v2\/product"}],"about":[{"href":"https:\/\/cyclingceramic.com\/fr\/wp-json\/wp\/v2\/types\/product"}],"replies":[{"embeddable":true,"href":"https:\/\/cyclingceramic.com\/fr\/wp-json\/wp\/v2\/comments?post=40349"}],"wp:featuredmedia":[{"embeddable":true,"href":"https:\/\/cyclingceramic.com\/fr\/wp-json\/wp\/v2\/media\/55385"}],"wp:attachment":[{"href":"https:\/\/cyclingceramic.com\/fr\/wp-json\/wp\/v2\/media?parent=40349"}],"wp:term":[{"taxonomy":"product_brand","embeddable":true,"href":"https:\/\/cyclingceramic.com\/fr\/wp-json\/wp\/v2\/product_brand?post=40349"},{"taxonomy":"product_cat","embeddable":true,"href":"https:\/\/cyclingceramic.com\/fr\/wp-json\/wp\/v2\/product_cat?post=40349"},{"taxonomy":"product_tag","embeddable":true,"href":"https:\/\/cyclingceramic.com\/fr\/wp-json\/wp\/v2\/product_tag?post=40349"}],"curies":[{"name":"wp","href":"https:\/\/api.w.org\/{rel}","templated":true}]}}