{"id":40430,"date":"2022-11-08T13:42:49","date_gmt":"2022-11-08T12:42:49","guid":{"rendered":"https:\/\/cyclingceramic.com\/?post_type=product&#038;p=40430"},"modified":"2026-04-14T10:43:42","modified_gmt":"2026-04-14T08:43:42","slug":"narrow-14t-sram-12s-mtb-12s-pulley-wheels-14t-p-set","status":"publish","type":"product","link":"https:\/\/cyclingceramic.com\/fr\/shop\/narrow-14t-sram-12s-mtb-12s-pulley-wheels-14t-p-set\/","title":{"rendered":"Shimano 11,12s XTR,GRX \/ Sram XPLR,MTB - Roues \u00e0 poulies 14T Set"},"content":{"rendered":"<ul>\n<li><strong>Performance optimis\u00e9e :<\/strong> Les Galets de d\u00e9railleur \u00e0 14 dents Narrow avec roulements CyclingCeramic sont fabriqu\u00e9s avec pr\u00e9cision pour affiner les performances de votre transmission <strong>Shimano 11,12s XTR,GRX \/ Sram XPLR,MTB<\/strong>\u00a0. Les roulements de haute qualit\u00e9 minimisent les frottements, ce qui am\u00e9liore l'efficacit\u00e9 du p\u00e9dalage et la vitesse.<\/li>\n<li><strong>Roulements CyclingCeramic :<\/strong> Fabriqu\u00e9s avec soin, les roulements CyclingCeramic dans ces galets am\u00e9liorent la douceur et la durabilit\u00e9. Tirant parti d'une technologie avanc\u00e9e, ces roulements offrent une exp\u00e9rience de p\u00e9dalage exceptionnellement douce et un transfert de puissance sup\u00e9rieur.<\/li>\n<li><strong>Faits relatifs \u00e0 la friction test\u00e9s :<\/strong> Nos produits ont subi des tests rigoureux par Friction Facts, un laboratoire ind\u00e9pendant sp\u00e9cialis\u00e9 dans l'analyse du frottement. Les r\u00e9sultats des tests r\u00e9v\u00e8lent que nos galets \u00e0 14 dents Narrow avec roulements CyclingCeramic pr\u00e9sentent une consommation minimale de <strong>0.033 W<\/strong>, une r\u00e9alisation exceptionnelle. Ces performances exceptionnelles garantissent une transmission de puissance ultra-efficace, ce qui vous permet de repousser vos limites.<\/li>\n<li><strong>Compatibilit\u00e9 pr\u00e9cise avec<\/strong> Les Galets de d\u00e9railleur \u00e0 14 dents Narrow avec roulements CyclingCeramic sont m\u00e9ticuleusement con\u00e7us pour s'adapter parfaitement \u00e0 la transmission <strong>Shimano 11,12s XTR,GRX \/ Sram XPLR,MTB<\/strong>\u00a0et offrent une am\u00e9lioration sur mesure de votre exp\u00e9rience cycliste.<\/li>\n<li><strong>Installation facile :<\/strong> L'installation de ces galets CyclingCeramic est simple et pratique, offrant une mise \u00e0 niveau rapide de votre transmission sans complications.<\/li>\n<li><strong>Durabilit\u00e9 pour les randonn\u00e9es aventureuses :<\/strong> Construits \u00e0 partir de mat\u00e9riaux de premi\u00e8re qualit\u00e9 et \u00e9quip\u00e9s de roulements de qualit\u00e9 sup\u00e9rieure, ces galets sont con\u00e7us pour r\u00e9sister aux terrains accident\u00e9s et aux conditions exigeantes du VTT, garantissant ainsi une durabilit\u00e9 exceptionnelle pour d'innombrables sorties.<\/li>\n<li><strong>Am\u00e9liorez votre exploration :<\/strong> Am\u00e9liorez vos sorties tout-terrain avec lesGalets de d\u00e9railleur Narrow \u00e0 14 dents \u00e9quip\u00e9s de roulements CyclingCeramic. Profitez de changements de vitesse fluides, d'un transfert de puissance efficace et d'une durabilit\u00e9 accrue qui vous permettent de relever de nouveaux d\u00e9fis sur les sentiers.<\/li>\n<\/ul>\n<p>Mettez \u00e0 niveau votre transmission <strong>SRAM MTB 12 vitesses<\/strong> transmission avec les galets de d\u00e9railleur Narrow \u00e0 14 dents et d\u00e9couvrez une nouvelle dimension de performances tout-terrain.<\/p>","protected":false},"excerpt":{"rendered":"<p><span class=\"Y2IQFc\" lang=\"en\">Optimisez votre transmission <strong>Shimano 11,12s XTR,GRX \/ Sram XPLR,MTB<\/strong>\u00a0avec les Galets de d\u00e9railleur \u00e0 14 dents Narrow \u00e9quip\u00e9s de roulements CyclingCeramic. Ces galets m\u00e9ticuleusement con\u00e7us visent \u00e0 am\u00e9liorer consid\u00e9rablement les performances de votre transmission, offrant des changements de vitesse en douceur et une efficacit\u00e9 accrue lors de vos aventures hors route.<\/span><\/p>","protected":false},"featured_media":54790,"comment_status":"open","ping_status":"closed","template":"","meta":{"_acf_changed":false,"site-sidebar-layout":"default","site-content-layout":"","ast-site-content-layout":"default","site-content-style":"default","site-sidebar-style":"default","ast-global-header-display":"","ast-banner-title-visibility":"","ast-main-header-display":"","ast-hfb-above-header-display":"","ast-hfb-below-header-display":"","ast-hfb-mobile-header-display":"","site-post-title":"","ast-breadcrumbs-content":"","ast-featured-img":"","footer-sml-layout":"","ast-disable-related-posts":"","theme-transparent-header-meta":"default","adv-header-id-meta":"","stick-header-meta":"default","header-above-stick-meta":"","header-main-stick-meta":"","header-below-stick-meta":"","astra-migrate-meta-layouts":"set","ast-page-background-enabled":"default","ast-page-background-meta":{"desktop":{"background-color":"var(--ast-global-color-4)","background-image":"","background-repeat":"repeat","background-position":"center center","background-size":"auto","background-attachment":"scroll","background-type":"","background-media":"","overlay-type":"","overlay-color":"","overlay-opacity":"","overlay-gradient":""},"tablet":{"background-color":"","background-image":"","background-repeat":"repeat","background-position":"center center","background-size":"auto","background-attachment":"scroll","background-type":"","background-media":"","overlay-type":"","overlay-color":"","overlay-opacity":"","overlay-gradient":""},"mobile":{"background-color":"","background-image":"","background-repeat":"repeat","background-position":"center center","background-size":"auto","background-attachment":"scroll","background-type":"","background-media":"","overlay-type":"","overlay-color":"","overlay-opacity":"","overlay-gradient":""}},"ast-content-background-meta":{"desktop":{"background-color":"var(--ast-global-color-5)","background-image":"","background-repeat":"repeat","background-position":"center center","background-size":"auto","background-attachment":"scroll","background-type":"","background-media":"","overlay-type":"","overlay-color":"","overlay-opacity":"","overlay-gradient":""},"tablet":{"background-color":"var(--ast-global-color-5)","background-image":"","background-repeat":"repeat","background-position":"center center","background-size":"auto","background-attachment":"scroll","background-type":"","background-media":"","overlay-type":"","overlay-color":"","overlay-opacity":"","overlay-gradient":""},"mobile":{"background-color":"var(--ast-global-color-5)","background-image":"","background-repeat":"repeat","background-position":"center center","background-size":"auto","background-attachment":"scroll","background-type":"","background-media":"","overlay-type":"","overlay-color":"","overlay-opacity":"","overlay-gradient":""}}},"product_brand":[],"product_cat":[133],"product_tag":[],"class_list":{"0":"post-40430","1":"product","2":"type-product","3":"status-publish","4":"has-post-thumbnail","6":"product_cat-pulley-wheels","7":"pa_brand-shimano","8":"pa_brand-sram","9":"pa_colour-black","10":"pa_colour-blue","11":"pa_colour-gold","12":"pa_colour-green","13":"pa_colour-orange","14":"pa_colour-red","15":"pa_speed-1167","16":"pa_speed-1168","17":"pa_usage-gravel","18":"pa_usage-off-road","19":"desktop-align-center","20":"tablet-align-center","21":"mobile-align-left","22":"ast-product-gallery-layout-horizontal-slider","23":"ast-product-single-variable","24":"ast-qv-on-image","26":"first","27":"instock","28":"taxable","29":"shipping-taxable","30":"purchasable","31":"product-type-variable","32":"has-default-attributes"},"acf":[],"_links":{"self":[{"href":"https:\/\/cyclingceramic.com\/fr\/wp-json\/wp\/v2\/product\/40430","targetHints":{"allow":["GET"]}}],"collection":[{"href":"https:\/\/cyclingceramic.com\/fr\/wp-json\/wp\/v2\/product"}],"about":[{"href":"https:\/\/cyclingceramic.com\/fr\/wp-json\/wp\/v2\/types\/product"}],"replies":[{"embeddable":true,"href":"https:\/\/cyclingceramic.com\/fr\/wp-json\/wp\/v2\/comments?post=40430"}],"wp:featuredmedia":[{"embeddable":true,"href":"https:\/\/cyclingceramic.com\/fr\/wp-json\/wp\/v2\/media\/54790"}],"wp:attachment":[{"href":"https:\/\/cyclingceramic.com\/fr\/wp-json\/wp\/v2\/media?parent=40430"}],"wp:term":[{"taxonomy":"product_brand","embeddable":true,"href":"https:\/\/cyclingceramic.com\/fr\/wp-json\/wp\/v2\/product_brand?post=40430"},{"taxonomy":"product_cat","embeddable":true,"href":"https:\/\/cyclingceramic.com\/fr\/wp-json\/wp\/v2\/product_cat?post=40430"},{"taxonomy":"product_tag","embeddable":true,"href":"https:\/\/cyclingceramic.com\/fr\/wp-json\/wp\/v2\/product_tag?post=40430"}],"curies":[{"name":"wp","href":"https:\/\/api.w.org\/{rel}","templated":true}]}}