{"id":40815,"date":"2022-11-14T21:29:06","date_gmt":"2022-11-14T20:29:06","guid":{"rendered":"https:\/\/cyclingceramic.com\/?post_type=product&#038;p=40815"},"modified":"2026-04-14T10:43:41","modified_gmt":"2026-04-14T08:43:41","slug":"kit-de-roulement-de-roue-mavic-11","status":"publish","type":"product","link":"https:\/\/cyclingceramic.com\/fr\/shop\/wheel-bearing-kit-mavic-11\/","title":{"rendered":"Kit de roulement de roue Mavic 11"},"content":{"rendered":"<p>Choisissez le kit de roulements de roue c\u00e9ramique Mavic 11 et rendez vos roues Mavic 2022 Cosmic Pro Carbon SL T Disc, Allroad Pro Carbon SL encore plus performantes ! Les roulements c\u00e9ramiques r\u00e9duisent les frictions, am\u00e9liorent la dur\u00e9e de vie des roulements et les performances de vos roues. Selon une \u00e9tude men\u00e9e sur nos produits, les frottements sont quasiment inexistants, autrement dit, vous roulez plus vite pour le m\u00eame effort fourni. L'extr\u00eame duret\u00e9 des billes CyclingCeramic leur conf\u00e8re une dur\u00e9e de vie 4 \u00e0 5 fois sup\u00e9rieure \u00e0 celle des roulements en acier standard. Notre graisse sp\u00e9ciale maintient l'\u00e9tanch\u00e9it\u00e9 de vos roulements et les prot\u00e8ge contre les \u00e9l\u00e9ments ext\u00e9rieurs qui peuvent nuire \u00e0 leur bon fonctionnement.<\/p>","protected":false},"excerpt":{"rendered":"<p>Choisissez le kit de roulement de roue CyclingCeramic Mavic 11 et rendez vos roues Mavic 2022 Cosmic Pro Carbon SL T Disc, Allroad Pro Carbon SL encore plus performantes !<\/p>","protected":false},"featured_media":29792,"comment_status":"closed","ping_status":"closed","template":"","meta":{"_acf_changed":false,"site-sidebar-layout":"default","site-content-layout":"","ast-site-content-layout":"default","site-content-style":"default","site-sidebar-style":"default","ast-global-header-display":"","ast-banner-title-visibility":"","ast-main-header-display":"","ast-hfb-above-header-display":"","ast-hfb-below-header-display":"","ast-hfb-mobile-header-display":"","site-post-title":"","ast-breadcrumbs-content":"","ast-featured-img":"","footer-sml-layout":"","ast-disable-related-posts":"","theme-transparent-header-meta":"default","adv-header-id-meta":"","stick-header-meta":"default","header-above-stick-meta":"","header-main-stick-meta":"","header-below-stick-meta":"","astra-migrate-meta-layouts":"set","ast-page-background-enabled":"default","ast-page-background-meta":{"desktop":{"background-color":"var(--ast-global-color-4)","background-image":"","background-repeat":"repeat","background-position":"center center","background-size":"auto","background-attachment":"scroll","background-type":"","background-media":"","overlay-type":"","overlay-color":"","overlay-opacity":"","overlay-gradient":""},"tablet":{"background-color":"","background-image":"","background-repeat":"repeat","background-position":"center center","background-size":"auto","background-attachment":"scroll","background-type":"","background-media":"","overlay-type":"","overlay-color":"","overlay-opacity":"","overlay-gradient":""},"mobile":{"background-color":"","background-image":"","background-repeat":"repeat","background-position":"center center","background-size":"auto","background-attachment":"scroll","background-type":"","background-media":"","overlay-type":"","overlay-color":"","overlay-opacity":"","overlay-gradient":""}},"ast-content-background-meta":{"desktop":{"background-color":"var(--ast-global-color-5)","background-image":"","background-repeat":"repeat","background-position":"center center","background-size":"auto","background-attachment":"scroll","background-type":"","background-media":"","overlay-type":"","overlay-color":"","overlay-opacity":"","overlay-gradient":""},"tablet":{"background-color":"var(--ast-global-color-5)","background-image":"","background-repeat":"repeat","background-position":"center center","background-size":"auto","background-attachment":"scroll","background-type":"","background-media":"","overlay-type":"","overlay-color":"","overlay-opacity":"","overlay-gradient":""},"mobile":{"background-color":"var(--ast-global-color-5)","background-image":"","background-repeat":"repeat","background-position":"center center","background-size":"auto","background-attachment":"scroll","background-type":"","background-media":"","overlay-type":"","overlay-color":"","overlay-opacity":"","overlay-gradient":""}}},"product_brand":[],"product_cat":[120],"product_tag":[],"class_list":{"0":"post-40815","1":"product","2":"type-product","3":"status-publish","4":"has-post-thumbnail","6":"product_cat-wheel-bearing-kits","7":"pa_brand-mavic","8":"pa_usage-road","9":"desktop-align-center","10":"tablet-align-center","11":"mobile-align-left","12":"ast-product-gallery-layout-horizontal-slider","13":"ast-qv-on-image","15":"first","16":"instock","17":"taxable","18":"shipping-taxable","19":"purchasable","20":"product-type-simple"},"acf":[],"_links":{"self":[{"href":"https:\/\/cyclingceramic.com\/fr\/wp-json\/wp\/v2\/product\/40815","targetHints":{"allow":["GET"]}}],"collection":[{"href":"https:\/\/cyclingceramic.com\/fr\/wp-json\/wp\/v2\/product"}],"about":[{"href":"https:\/\/cyclingceramic.com\/fr\/wp-json\/wp\/v2\/types\/product"}],"replies":[{"embeddable":true,"href":"https:\/\/cyclingceramic.com\/fr\/wp-json\/wp\/v2\/comments?post=40815"}],"wp:featuredmedia":[{"embeddable":true,"href":"https:\/\/cyclingceramic.com\/fr\/wp-json\/wp\/v2\/media\/29792"}],"wp:attachment":[{"href":"https:\/\/cyclingceramic.com\/fr\/wp-json\/wp\/v2\/media?parent=40815"}],"wp:term":[{"taxonomy":"product_brand","embeddable":true,"href":"https:\/\/cyclingceramic.com\/fr\/wp-json\/wp\/v2\/product_brand?post=40815"},{"taxonomy":"product_cat","embeddable":true,"href":"https:\/\/cyclingceramic.com\/fr\/wp-json\/wp\/v2\/product_cat?post=40815"},{"taxonomy":"product_tag","embeddable":true,"href":"https:\/\/cyclingceramic.com\/fr\/wp-json\/wp\/v2\/product_tag?post=40815"}],"curies":[{"name":"wp","href":"https:\/\/api.w.org\/{rel}","templated":true}]}}