{"id":48806,"date":"2024-02-23T19:14:56","date_gmt":"2024-02-23T18:14:56","guid":{"rendered":"https:\/\/cyclingceramic.com\/?post_type=product&#038;p=48806"},"modified":"2026-04-14T10:41:28","modified_gmt":"2026-04-14T08:41:28","slug":"wax-tablets-lube-bike-chain","status":"publish","type":"product","link":"https:\/\/cyclingceramic.com\/fr\/shop\/wax-tablets-lube-bike-chain\/","title":{"rendered":"WAX 1pcs - 85 gr"},"content":{"rendered":"<ul>\n<li>Formule avanc\u00e9e pour une protection optimale contre l'usure et la corrosion<\/li>\n<li>R\u00e9duit l'accumulation de salet\u00e9s et de poussi\u00e8res sur la cha\u00eene<\/li>\n<li>Am\u00e9liore la fluidit\u00e9 de la transmission de puissance et permet d'\u00e9conomiser jusqu'\u00e0 8 watts par rapport \u00e0 une cha\u00eene huil\u00e9e.<\/li>\n<li>Prolonge la dur\u00e9e de vie de la cha\u00eene<\/li>\n<li>Convient \u00e0 une utilisation dans des conditions vari\u00e9es Gravier, Route, Triathlon, VTT, Piste<\/li>\n<li>Roulez vert avec la cire biod\u00e9gradable<\/li>\n<li>Fabriqu\u00e9 en France<\/li>\n<\/ul>","protected":false},"excerpt":{"rendered":"<p>La cire pour cha\u00eene CyclingCeramic est le choix ultime pour les cyclistes passionn\u00e9s soucieux de la performance et de la durabilit\u00e9 de leur transmission. Formul\u00e9e avec des ingr\u00e9dients de premi\u00e8re qualit\u00e9, cette cire offre une protection exceptionnelle contre l'usure, la corrosion et l'accumulation de salet\u00e9s, tout en assurant une transmission fluide et efficace de la puissance. Con\u00e7ue pour les conditions les plus exigeantes, cette cire prolonge la dur\u00e9e de vie de votre cha\u00eene et r\u00e9duit les besoins d'entretien, vous permettant de vous concentrer pleinement sur votre exp\u00e9rience de conduite. Avec la cire pour cha\u00eene de v\u00e9lo CyclingCeramic, vous atteindrez de nouveaux sommets de performance et de fiabilit\u00e9 \u00e0 chaque sortie \u00e0 v\u00e9lo.<\/p>","protected":false},"featured_media":55168,"comment_status":"closed","ping_status":"closed","template":"","meta":{"_acf_changed":false,"site-sidebar-layout":"default","site-content-layout":"","ast-site-content-layout":"default","site-content-style":"default","site-sidebar-style":"default","ast-global-header-display":"","ast-banner-title-visibility":"","ast-main-header-display":"","ast-hfb-above-header-display":"","ast-hfb-below-header-display":"","ast-hfb-mobile-header-display":"","site-post-title":"","ast-breadcrumbs-content":"","ast-featured-img":"","footer-sml-layout":"","ast-disable-related-posts":"","theme-transparent-header-meta":"default","adv-header-id-meta":"","stick-header-meta":"default","header-above-stick-meta":"","header-main-stick-meta":"","header-below-stick-meta":"","astra-migrate-meta-layouts":"set","ast-page-background-enabled":"default","ast-page-background-meta":{"desktop":{"background-color":"var(--ast-global-color-4)","background-image":"","background-repeat":"repeat","background-position":"center center","background-size":"auto","background-attachment":"scroll","background-type":"","background-media":"","overlay-type":"","overlay-color":"","overlay-opacity":"","overlay-gradient":""},"tablet":{"background-color":"","background-image":"","background-repeat":"repeat","background-position":"center center","background-size":"auto","background-attachment":"scroll","background-type":"","background-media":"","overlay-type":"","overlay-color":"","overlay-opacity":"","overlay-gradient":""},"mobile":{"background-color":"","background-image":"","background-repeat":"repeat","background-position":"center center","background-size":"auto","background-attachment":"scroll","background-type":"","background-media":"","overlay-type":"","overlay-color":"","overlay-opacity":"","overlay-gradient":""}},"ast-content-background-meta":{"desktop":{"background-color":"var(--ast-global-color-5)","background-image":"","background-repeat":"repeat","background-position":"center center","background-size":"auto","background-attachment":"scroll","background-type":"","background-media":"","overlay-type":"","overlay-color":"","overlay-opacity":"","overlay-gradient":""},"tablet":{"background-color":"var(--ast-global-color-5)","background-image":"","background-repeat":"repeat","background-position":"center center","background-size":"auto","background-attachment":"scroll","background-type":"","background-media":"","overlay-type":"","overlay-color":"","overlay-opacity":"","overlay-gradient":""},"mobile":{"background-color":"var(--ast-global-color-5)","background-image":"","background-repeat":"repeat","background-position":"center center","background-size":"auto","background-attachment":"scroll","background-type":"","background-media":"","overlay-type":"","overlay-color":"","overlay-opacity":"","overlay-gradient":""}}},"product_brand":[],"product_cat":[1152],"product_tag":[],"class_list":{"0":"post-48806","1":"product","2":"type-product","3":"status-publish","4":"has-post-thumbnail","6":"product_cat-wax","7":"desktop-align-center","8":"tablet-align-center","9":"mobile-align-left","10":"ast-product-gallery-layout-horizontal-slider","11":"ast-product-gallery-with-no-image","12":"ast-qv-on-image","14":"first","15":"instock","16":"taxable","17":"shipping-taxable","18":"purchasable","19":"product-type-simple"},"acf":[],"_links":{"self":[{"href":"https:\/\/cyclingceramic.com\/fr\/wp-json\/wp\/v2\/product\/48806","targetHints":{"allow":["GET"]}}],"collection":[{"href":"https:\/\/cyclingceramic.com\/fr\/wp-json\/wp\/v2\/product"}],"about":[{"href":"https:\/\/cyclingceramic.com\/fr\/wp-json\/wp\/v2\/types\/product"}],"replies":[{"embeddable":true,"href":"https:\/\/cyclingceramic.com\/fr\/wp-json\/wp\/v2\/comments?post=48806"}],"wp:featuredmedia":[{"embeddable":true,"href":"https:\/\/cyclingceramic.com\/fr\/wp-json\/wp\/v2\/media\/55168"}],"wp:attachment":[{"href":"https:\/\/cyclingceramic.com\/fr\/wp-json\/wp\/v2\/media?parent=48806"}],"wp:term":[{"taxonomy":"product_brand","embeddable":true,"href":"https:\/\/cyclingceramic.com\/fr\/wp-json\/wp\/v2\/product_brand?post=48806"},{"taxonomy":"product_cat","embeddable":true,"href":"https:\/\/cyclingceramic.com\/fr\/wp-json\/wp\/v2\/product_cat?post=48806"},{"taxonomy":"product_tag","embeddable":true,"href":"https:\/\/cyclingceramic.com\/fr\/wp-json\/wp\/v2\/product_tag?post=48806"}],"curies":[{"name":"wp","href":"https:\/\/api.w.org\/{rel}","templated":true}]}}