{"id":57727,"date":"2025-06-03T16:59:59","date_gmt":"2025-06-03T14:59:59","guid":{"rendered":"https:\/\/cyclingceramic.com\/?post_type=product&#038;p=57727"},"modified":"2026-04-21T16:10:12","modified_gmt":"2026-04-21T14:10:12","slug":"sram-axs-xplr-12v-rival-force-red","status":"publish","type":"product","link":"https:\/\/cyclingceramic.com\/fr\/shop\/sram-axs-xplr-12s-rival-force-red\/","title":{"rendered":"Sram AXS XPLR 12s - RIVAL - FORCE - RED"},"content":{"rendered":"<ol>\n<li><strong>Performances tout-terrain optimis\u00e9es :<\/strong> Con\u00e7ues pour exceller sur les terrains difficiles du cyclisme tout-terrain, les roues de poulie surdimensionn\u00e9es CyclingCeramic pour <strong>Sram Red \/ Force \/ Rival AXS 12v <\/strong>Les d\u00e9railleurs tout terrain affinent votre transmission pour am\u00e9liorer les performances, offrant des changements de vitesse pr\u00e9cis et un transfert de puissance efficace.<\/li>\n<li><strong>Des performances prouv\u00e9es :<\/strong> Nos roues de poulie ont subi des tests rigoureux par Frictions Facts, un laboratoire ind\u00e9pendant sp\u00e9cialis\u00e9 dans l'analyse des frictions. Les r\u00e9sultats des tests r\u00e9v\u00e8lent que les roues de poulie CyclingCeramic font partie des plus rapides du march\u00e9, avec une friction mesur\u00e9e de seulement 0,033w. Cette performance exceptionnelle se traduit par une transmission ultra-efficace, vous assurant gain de vitesse et pr\u00e9cision lors de vos sorties tout-terrain.<\/li>\n<li><strong>Ing\u00e9nierie de pr\u00e9cision :<\/strong> Soigneusement fabriqu\u00e9es, ces poulies surdimensionn\u00e9es comportent des composants usin\u00e9s avec pr\u00e9cision pour des changements de vitesse fluides, garantissant un passage de vitesse impeccable pendant vos sorties tout-terrain pour des performances constantes et fiables.<\/li>\n<li><strong>Durable pour les longs trajets hors route :<\/strong> Con\u00e7ues pour r\u00e9sister aux rigueurs des longues sorties sur gravier, ces galets de d\u00e9railleur surdimensionn\u00e9s utilisent des mat\u00e9riaux de haute qualit\u00e9 et une technologie de roulement c\u00e9ramique avanc\u00e9e pour minimiser la friction et maximiser la durabilit\u00e9, contribuant ainsi \u00e0 une transmission fiable et efficace sur d'innombrables kilom\u00e8tres.<\/li>\n<li><strong>Installation facile :<\/strong> Les chapes surdimensionn\u00e9es CyclingCeramic pour\u00a0<strong>Sram Red \/ Force \/ Rival AXS 12v<\/strong>\u00a0Les d\u00e9railleurs tout-terrain sont con\u00e7us pour une installation facile, offrant une mise \u00e0 niveau sans tracas de votre syst\u00e8me existant <strong>Sram Red \/ Force \/ Rival AXS 12v<\/strong>\u00a0configuration de d\u00e9railleur tout-terrain.<\/li>\n<li><strong>Am\u00e9liorez votre exp\u00e9rience tout-terrain :<\/strong> avec la chape surdimensionn\u00e9e de CyclingCeramic pour le cyclisme sur route faite pour\u00a0<strong>Sram Red \/ Force \/ Rival AXS 12v<\/strong>\u00a0D\u00e9railleurs tout-terrain. B\u00e9n\u00e9ficiez de changements de vitesse plus fluides, d'une meilleure r\u00e9activit\u00e9 et d'une dur\u00e9e de vie accrue pour conqu\u00e9rir le gravier en toute confiance.<\/li>\n<\/ol>\n<p>Mettez \u00e0 niveau votre transmission\u00a0<strong>Sram Red \/ Force \/ Rival AXS 12v<\/strong>\u00a0d\u00e9railleur tout-terrain avec les roues de poulie surdimensionn\u00e9es con\u00e7ues avec pr\u00e9cision de CyclingCeramic et \u00e9levez vos exp\u00e9riences de cyclisme gravel vers de nouveaux sommets.<\/p>\n<p><strong>Compatible avec Sram Red \/ Force \/ Rival AXS 12v<\/strong><\/p>\n<p>Nous recommandons d'utiliser une nouvelle cha\u00eene pour un meilleur r\u00e9glage et d'ajouter 2 \u00e0 4 maillons suppl\u00e9mentaires.<\/p>","protected":false},"excerpt":{"rendered":"<p>Les chapes surdimensionn\u00e9es CyclingCeramic ont \u00e9t\u00e9 sp\u00e9cialement con\u00e7ues pour offrir une am\u00e9lioration exceptionnelle de la performance et de l'efficacit\u00e9 de votre groupe\u00a0<strong>Sram Red \/ Force \/ Rival AXS 12v<\/strong>\u00a0D\u00e9railleurs tout-terrain. Con\u00e7us pour optimiser l'efficacit\u00e9 et la durabilit\u00e9 de votre <strong>Sram Red \/ Force \/ Rival AXS 12v<\/strong>\u00a0d\u00e9railleur tout-terrain, ces galets surdimensionn\u00e9s sont con\u00e7us pour am\u00e9liorer votre exp\u00e9rience de cyclisme tout-terrain.<\/p>","protected":false},"featured_media":62273,"comment_status":"open","ping_status":"closed","template":"","meta":{"_acf_changed":false,"site-sidebar-layout":"default","site-content-layout":"","ast-site-content-layout":"default","site-content-style":"default","site-sidebar-style":"default","ast-global-header-display":"","ast-banner-title-visibility":"","ast-main-header-display":"","ast-hfb-above-header-display":"","ast-hfb-below-header-display":"","ast-hfb-mobile-header-display":"","site-post-title":"","ast-breadcrumbs-content":"","ast-featured-img":"","footer-sml-layout":"","ast-disable-related-posts":"","theme-transparent-header-meta":"default","adv-header-id-meta":"","stick-header-meta":"default","header-above-stick-meta":"","header-main-stick-meta":"","header-below-stick-meta":"","astra-migrate-meta-layouts":"set","ast-page-background-enabled":"default","ast-page-background-meta":{"desktop":{"background-color":"var(--ast-global-color-4)","background-image":"","background-repeat":"repeat","background-position":"center center","background-size":"auto","background-attachment":"scroll","background-type":"","background-media":"","overlay-type":"","overlay-color":"","overlay-opacity":"","overlay-gradient":""},"tablet":{"background-color":"","background-image":"","background-repeat":"repeat","background-position":"center center","background-size":"auto","background-attachment":"scroll","background-type":"","background-media":"","overlay-type":"","overlay-color":"","overlay-opacity":"","overlay-gradient":""},"mobile":{"background-color":"","background-image":"","background-repeat":"repeat","background-position":"center center","background-size":"auto","background-attachment":"scroll","background-type":"","background-media":"","overlay-type":"","overlay-color":"","overlay-opacity":"","overlay-gradient":""}},"ast-content-background-meta":{"desktop":{"background-color":"var(--ast-global-color-5)","background-image":"","background-repeat":"repeat","background-position":"center center","background-size":"auto","background-attachment":"scroll","background-type":"","background-media":"","overlay-type":"","overlay-color":"","overlay-opacity":"","overlay-gradient":""},"tablet":{"background-color":"var(--ast-global-color-5)","background-image":"","background-repeat":"repeat","background-position":"center center","background-size":"auto","background-attachment":"scroll","background-type":"","background-media":"","overlay-type":"","overlay-color":"","overlay-opacity":"","overlay-gradient":""},"mobile":{"background-color":"var(--ast-global-color-5)","background-image":"","background-repeat":"repeat","background-position":"center center","background-size":"auto","background-attachment":"scroll","background-type":"","background-media":"","overlay-type":"","overlay-color":"","overlay-opacity":"","overlay-gradient":""}}},"product_brand":[],"product_cat":[167],"product_tag":[],"class_list":{"0":"post-57727","1":"product","2":"type-product","3":"status-publish","4":"has-post-thumbnail","6":"product_cat-oversized-derailleur-cages","7":"pa_colour-black","8":"pa_compatibility-sram","9":"pa_speed-1168","10":"pa_usage-gravel","11":"desktop-align-center","12":"tablet-align-center","13":"mobile-align-left","14":"ast-product-gallery-layout-horizontal-slider","15":"ast-product-single-variable","16":"ast-qv-on-image","18":"first","19":"instock","20":"taxable","21":"shipping-taxable","22":"purchasable","23":"product-type-variable","24":"has-default-attributes"},"acf":[],"_links":{"self":[{"href":"https:\/\/cyclingceramic.com\/fr\/wp-json\/wp\/v2\/product\/57727","targetHints":{"allow":["GET"]}}],"collection":[{"href":"https:\/\/cyclingceramic.com\/fr\/wp-json\/wp\/v2\/product"}],"about":[{"href":"https:\/\/cyclingceramic.com\/fr\/wp-json\/wp\/v2\/types\/product"}],"replies":[{"embeddable":true,"href":"https:\/\/cyclingceramic.com\/fr\/wp-json\/wp\/v2\/comments?post=57727"}],"wp:featuredmedia":[{"embeddable":true,"href":"https:\/\/cyclingceramic.com\/fr\/wp-json\/wp\/v2\/media\/62273"}],"wp:attachment":[{"href":"https:\/\/cyclingceramic.com\/fr\/wp-json\/wp\/v2\/media?parent=57727"}],"wp:term":[{"taxonomy":"product_brand","embeddable":true,"href":"https:\/\/cyclingceramic.com\/fr\/wp-json\/wp\/v2\/product_brand?post=57727"},{"taxonomy":"product_cat","embeddable":true,"href":"https:\/\/cyclingceramic.com\/fr\/wp-json\/wp\/v2\/product_cat?post=57727"},{"taxonomy":"product_tag","embeddable":true,"href":"https:\/\/cyclingceramic.com\/fr\/wp-json\/wp\/v2\/product_tag?post=57727"}],"curies":[{"name":"wp","href":"https:\/\/api.w.org\/{rel}","templated":true}]}}