{"id":57734,"date":"2025-06-06T09:53:19","date_gmt":"2025-06-06T07:53:19","guid":{"rendered":"https:\/\/cyclingceramic.com\/?post_type=product&#038;p=57734"},"modified":"2026-04-21T09:25:21","modified_gmt":"2026-04-21T07:25:21","slug":"cage-de-derailleur-shimano-grx-rx-11-12-vitesses-double-oversize-pour-cassette-36t-gravel-14-19t","status":"publish","type":"product","link":"https:\/\/cyclingceramic.com\/fr\/shop\/shimano-grx-rx-11-12sp-max-36t-double-oversized-derailleur-cage-gravel-14-19t\/","title":{"rendered":"Shimano GRX - RX 11 &amp; 12sp - ( Max 36T Double) - Chape Oversize Gravel - 14-19T"},"content":{"rendered":"<ol>\n<li><strong>Galets en aluminium et plaques en carbone :<\/strong> Les poulies surdimensionn\u00e9es CyclingCeramic sont \u00e9quip\u00e9es de poulies en aluminium usin\u00e9 avec pr\u00e9cision, combin\u00e9es \u00e0 des plaques l\u00e9g\u00e8res et durables en carbone et aluminium m\u00e9lang\u00e9s. Cette combinaison de mat\u00e9riaux assure une r\u00e9duction de poids significative tout en offrant une r\u00e9sistance sup\u00e9rieure, parfaitement adapt\u00e9e aux exigences de la route. Leur design \u00e9pur\u00e9 et a\u00e9rodynamique am\u00e9liore l'a\u00e9rodynamisme global de votre transmission, vous aidant \u00e0 gagner en vitesse et en efficacit\u00e9.<\/li>\n<li><strong>Technologie des roulements c\u00e9ramiques :<\/strong> Les galets CyclingCeramic sont sp\u00e9cialement con\u00e7us pour\u00a0<strong>Shimano GRX RX 11 &amp; 12s <\/strong>. Gr\u00e2ce \u00e0 ces roulements de haute qualit\u00e9, vous b\u00e9n\u00e9ficiez d'une r\u00e9duction notable des frottements lors des changements de vitesse, ce qui se traduit par une transmission plus fluide et des \u00e9conomies d'\u00e9nergie notables. Le p\u00e9dalage est plus efficace, ce qui optimise vos performances lors des mont\u00e9es et des sprints.<\/li>\n<li><strong>Avantage du Gravel : <\/strong>Les chapes surdimensionn\u00e9es de CyclingCeramic prennent tout leur sens lors de vos escapades sur le gravier. Gr\u00e2ce \u00e0 leur conception ing\u00e9nieuse, elles offrent une adaptation optimale \u00e0 votre transmission en permettant d'ajouter jusqu'\u00e0 2 dents suppl\u00e9mentaires sur une cassette gravel. Cette modification subtile am\u00e9liore consid\u00e9rablement l'efficacit\u00e9 de la transmission, offrant ainsi une puissance accrue dans des conditions exigeantes. Que vous vous attaquiez \u00e0 des mont\u00e9es raides ou \u00e0 des terrains difficiles, les galets surdimensionn\u00e9s de CyclingCeramic maximisent les performances de votre transmission, vous permettant de conqu\u00e9rir en toute confiance les d\u00e9fis du gravier. Profitez d'une exp\u00e9rience de conduite en douceur et d'une traction am\u00e9lior\u00e9e, vous propulsant vers l'avant m\u00eame dans les situations les plus difficiles.<\/li>\n<li><strong>Test\u00e9 par Frictions Facts :<\/strong> Les chapes de d\u00e9railleur CyclingCeramic ont \u00e9t\u00e9 soumises \u00e0 des tests rigoureux par Frictions Facts, un laboratoire ind\u00e9pendant sp\u00e9cialis\u00e9 dans l'analyse des frottements et de l'efficacit\u00e9 de la transmission dans le cyclisme. Les r\u00e9sultats des tests ont confirm\u00e9 que les roulements c\u00e9ramiques de CyclingCeramic sont parmi les plus rapides du march\u00e9, avec un frottement mesur\u00e9 de seulement <strong>0.033w<\/strong>. Cette performance exceptionnelle assure une transmission ultra efficace, vous permettant de gagner en vitesse et en pr\u00e9cision lors de vos d\u00e9placements.<\/li>\n<\/ol>\n<p><strong>Compatibilit\u00e9 :<\/strong> Les chapes surdimensionn\u00e9es de CyclingCeramic sont parfaitement compatibles avec\u00a0<strong>Shimano GRX RX 11 &amp; 12s<\/strong>\u00a0. Vous disposez ainsi d'une solution sur mesure pour am\u00e9liorer les performances de votre transmission.<\/p>\n<p>Avec les chapes surdimensionn\u00e9es CyclingCeramic, votre d\u00e9railleur\u00a0<strong>Shimano GRX RX 11 &amp; 12s<\/strong>\u00a0prend une longueur d'avance sur ses concurrents. Profitez d'une transmission en douceur, d'une meilleure r\u00e9activit\u00e9 et d'une durabilit\u00e9 accrue lors de vos sorties \u00e0 v\u00e9lo. Choisissez l'excellence et repoussez vos limites avec CyclingCeramic !<\/p>\n<p>&nbsp;<\/p>\n<p><strong>Compatible avec Shimano GRX RX 11 &amp; 12v<\/strong><\/p>\n<p>Nous recommandons d'utiliser une nouvelle cha\u00eene pour un meilleur r\u00e9glage et d'ajouter 2 \u00e0 4 maillons suppl\u00e9mentaires.<\/p>","protected":false},"excerpt":{"rendered":"<p>Les chapes surdimensionn\u00e9es de CyclingCeramic ont \u00e9t\u00e9 sp\u00e9cialement con\u00e7ues pour offrir une am\u00e9lioration exceptionnelle de la performance et de l'efficacit\u00e9 de votre groupe <strong>Shimano GRX RX 11 &amp; 12s<\/strong>\u00a0. Fabriqu\u00e9es \u00e0 partir de mat\u00e9riaux de haute qualit\u00e9 et dot\u00e9es d'une technologie avanc\u00e9e, ces chapes sont le choix id\u00e9al pour les cyclistes exigeants qui cherchent \u00e0 lib\u00e9rer tout le potentiel de leur d\u00e9railleur <strong>Shimano GRX RX 11 &amp; 12s<\/strong>\u00a0.<\/p>","protected":false},"featured_media":62271,"comment_status":"open","ping_status":"closed","template":"","meta":{"_acf_changed":false,"site-sidebar-layout":"default","site-content-layout":"","ast-site-content-layout":"default","site-content-style":"default","site-sidebar-style":"default","ast-global-header-display":"","ast-banner-title-visibility":"","ast-main-header-display":"","ast-hfb-above-header-display":"","ast-hfb-below-header-display":"","ast-hfb-mobile-header-display":"","site-post-title":"","ast-breadcrumbs-content":"","ast-featured-img":"","footer-sml-layout":"","ast-disable-related-posts":"","theme-transparent-header-meta":"default","adv-header-id-meta":"","stick-header-meta":"default","header-above-stick-meta":"","header-main-stick-meta":"","header-below-stick-meta":"","astra-migrate-meta-layouts":"set","ast-page-background-enabled":"default","ast-page-background-meta":{"desktop":{"background-color":"var(--ast-global-color-4)","background-image":"","background-repeat":"repeat","background-position":"center center","background-size":"auto","background-attachment":"scroll","background-type":"","background-media":"","overlay-type":"","overlay-color":"","overlay-opacity":"","overlay-gradient":""},"tablet":{"background-color":"","background-image":"","background-repeat":"repeat","background-position":"center center","background-size":"auto","background-attachment":"scroll","background-type":"","background-media":"","overlay-type":"","overlay-color":"","overlay-opacity":"","overlay-gradient":""},"mobile":{"background-color":"","background-image":"","background-repeat":"repeat","background-position":"center center","background-size":"auto","background-attachment":"scroll","background-type":"","background-media":"","overlay-type":"","overlay-color":"","overlay-opacity":"","overlay-gradient":""}},"ast-content-background-meta":{"desktop":{"background-color":"var(--ast-global-color-5)","background-image":"","background-repeat":"repeat","background-position":"center center","background-size":"auto","background-attachment":"scroll","background-type":"","background-media":"","overlay-type":"","overlay-color":"","overlay-opacity":"","overlay-gradient":""},"tablet":{"background-color":"var(--ast-global-color-5)","background-image":"","background-repeat":"repeat","background-position":"center center","background-size":"auto","background-attachment":"scroll","background-type":"","background-media":"","overlay-type":"","overlay-color":"","overlay-opacity":"","overlay-gradient":""},"mobile":{"background-color":"var(--ast-global-color-5)","background-image":"","background-repeat":"repeat","background-position":"center center","background-size":"auto","background-attachment":"scroll","background-type":"","background-media":"","overlay-type":"","overlay-color":"","overlay-opacity":"","overlay-gradient":""}}},"product_brand":[],"product_cat":[167],"product_tag":[],"class_list":{"0":"post-57734","1":"product","2":"type-product","3":"status-publish","4":"has-post-thumbnail","6":"product_cat-oversized-derailleur-cages","7":"pa_colour-black","8":"pa_compatibility-shimano","9":"pa_speed-1167","10":"pa_speed-1168","11":"pa_usage-gravel","12":"desktop-align-center","13":"tablet-align-center","14":"mobile-align-left","15":"ast-product-gallery-layout-horizontal-slider","16":"ast-qv-on-image","18":"first","19":"instock","20":"taxable","21":"shipping-taxable","22":"purchasable","23":"product-type-simple"},"acf":[],"_links":{"self":[{"href":"https:\/\/cyclingceramic.com\/fr\/wp-json\/wp\/v2\/product\/57734","targetHints":{"allow":["GET"]}}],"collection":[{"href":"https:\/\/cyclingceramic.com\/fr\/wp-json\/wp\/v2\/product"}],"about":[{"href":"https:\/\/cyclingceramic.com\/fr\/wp-json\/wp\/v2\/types\/product"}],"replies":[{"embeddable":true,"href":"https:\/\/cyclingceramic.com\/fr\/wp-json\/wp\/v2\/comments?post=57734"}],"wp:featuredmedia":[{"embeddable":true,"href":"https:\/\/cyclingceramic.com\/fr\/wp-json\/wp\/v2\/media\/62271"}],"wp:attachment":[{"href":"https:\/\/cyclingceramic.com\/fr\/wp-json\/wp\/v2\/media?parent=57734"}],"wp:term":[{"taxonomy":"product_brand","embeddable":true,"href":"https:\/\/cyclingceramic.com\/fr\/wp-json\/wp\/v2\/product_brand?post=57734"},{"taxonomy":"product_cat","embeddable":true,"href":"https:\/\/cyclingceramic.com\/fr\/wp-json\/wp\/v2\/product_cat?post=57734"},{"taxonomy":"product_tag","embeddable":true,"href":"https:\/\/cyclingceramic.com\/fr\/wp-json\/wp\/v2\/product_tag?post=57734"}],"curies":[{"name":"wp","href":"https:\/\/api.w.org\/{rel}","templated":true}]}}