{"id":59910,"date":"2026-01-06T13:29:09","date_gmt":"2026-01-06T12:29:09","guid":{"rendered":"https:\/\/cyclingceramic.com\/?post_type=product&#038;p=59910"},"modified":"2026-04-15T10:58:27","modified_gmt":"2026-04-15T08:58:27","slug":"offroad-wax-100ml","status":"publish","type":"product","link":"https:\/\/cyclingceramic.com\/fr\/shop\/offroad-wax-100ml\/","title":{"rendered":"Offroad WAX - 100ML"},"content":{"rendered":"<p>&nbsp;<\/p>\n<p data-start=\"172\" data-end=\"430\">Our <strong data-start=\"176\" data-end=\"187\">Off-Road Wax<\/strong> is a high-performance chain lubricant specially formulated for <strong data-start=\"251\" data-end=\"294\">wet, muddy, and harsh riding conditions<\/strong>. Its advanced wax-based formula offers excellent lubrication while providing long-lasting protection against water, mud, and corrosion.<\/p>\n<p data-start=\"432\" data-end=\"624\">","protected":false},"excerpt":{"rendered":"<p data-start=\"172\" data-end=\"430\" class=\"translation-block\">Notre <strong data-start=\"176\" data-end=\"187\">Off-Road Wax<\/strong> est un lubrifiant haute performance pour cha\u00eene, sp\u00e9cialement formul\u00e9 pour les <strong data-start=\"251\" data-end=\"294\">conditions de roulage humides, boueuses et exigeantes<\/strong>. Sa formule avanc\u00e9e \u00e0 base de cire offre une excellente lubrification tout en assurant une protection durable contre l\u2019eau, la boue et la corrosion.<\/p>\n<p data-start=\"432\" data-end=\"624\">","protected":false},"featured_media":60783,"comment_status":"open","ping_status":"closed","template":"","meta":{"_acf_changed":false,"site-sidebar-layout":"default","site-content-layout":"","ast-site-content-layout":"default","site-content-style":"default","site-sidebar-style":"default","ast-global-header-display":"","ast-banner-title-visibility":"","ast-main-header-display":"","ast-hfb-above-header-display":"","ast-hfb-below-header-display":"","ast-hfb-mobile-header-display":"","site-post-title":"","ast-breadcrumbs-content":"","ast-featured-img":"","footer-sml-layout":"","ast-disable-related-posts":"","theme-transparent-header-meta":"default","adv-header-id-meta":"","stick-header-meta":"default","header-above-stick-meta":"","header-main-stick-meta":"","header-below-stick-meta":"","astra-migrate-meta-layouts":"set","ast-page-background-enabled":"default","ast-page-background-meta":{"desktop":{"background-color":"var(--ast-global-color-4)","background-image":"","background-repeat":"repeat","background-position":"center center","background-size":"auto","background-attachment":"scroll","background-type":"","background-media":"","overlay-type":"","overlay-color":"","overlay-opacity":"","overlay-gradient":""},"tablet":{"background-color":"","background-image":"","background-repeat":"repeat","background-position":"center center","background-size":"auto","background-attachment":"scroll","background-type":"","background-media":"","overlay-type":"","overlay-color":"","overlay-opacity":"","overlay-gradient":""},"mobile":{"background-color":"","background-image":"","background-repeat":"repeat","background-position":"center center","background-size":"auto","background-attachment":"scroll","background-type":"","background-media":"","overlay-type":"","overlay-color":"","overlay-opacity":"","overlay-gradient":""}},"ast-content-background-meta":{"desktop":{"background-color":"var(--ast-global-color-5)","background-image":"","background-repeat":"repeat","background-position":"center center","background-size":"auto","background-attachment":"scroll","background-type":"","background-media":"","overlay-type":"","overlay-color":"","overlay-opacity":"","overlay-gradient":""},"tablet":{"background-color":"var(--ast-global-color-5)","background-image":"","background-repeat":"repeat","background-position":"center center","background-size":"auto","background-attachment":"scroll","background-type":"","background-media":"","overlay-type":"","overlay-color":"","overlay-opacity":"","overlay-gradient":""},"mobile":{"background-color":"var(--ast-global-color-5)","background-image":"","background-repeat":"repeat","background-position":"center center","background-size":"auto","background-attachment":"scroll","background-type":"","background-media":"","overlay-type":"","overlay-color":"","overlay-opacity":"","overlay-gradient":""}}},"product_brand":[],"product_cat":[1152],"product_tag":[],"class_list":{"0":"post-59910","1":"product","2":"type-product","3":"status-publish","4":"has-post-thumbnail","6":"product_cat-wax","7":"desktop-align-center","8":"tablet-align-center","9":"mobile-align-left","10":"ast-product-gallery-layout-horizontal-slider","11":"ast-qv-on-image","13":"first","14":"instock","15":"taxable","16":"shipping-taxable","17":"purchasable","18":"product-type-simple"},"acf":[],"_links":{"self":[{"href":"https:\/\/cyclingceramic.com\/fr\/wp-json\/wp\/v2\/product\/59910","targetHints":{"allow":["GET"]}}],"collection":[{"href":"https:\/\/cyclingceramic.com\/fr\/wp-json\/wp\/v2\/product"}],"about":[{"href":"https:\/\/cyclingceramic.com\/fr\/wp-json\/wp\/v2\/types\/product"}],"replies":[{"embeddable":true,"href":"https:\/\/cyclingceramic.com\/fr\/wp-json\/wp\/v2\/comments?post=59910"}],"wp:featuredmedia":[{"embeddable":true,"href":"https:\/\/cyclingceramic.com\/fr\/wp-json\/wp\/v2\/media\/60783"}],"wp:attachment":[{"href":"https:\/\/cyclingceramic.com\/fr\/wp-json\/wp\/v2\/media?parent=59910"}],"wp:term":[{"taxonomy":"product_brand","embeddable":true,"href":"https:\/\/cyclingceramic.com\/fr\/wp-json\/wp\/v2\/product_brand?post=59910"},{"taxonomy":"product_cat","embeddable":true,"href":"https:\/\/cyclingceramic.com\/fr\/wp-json\/wp\/v2\/product_cat?post=59910"},{"taxonomy":"product_tag","embeddable":true,"href":"https:\/\/cyclingceramic.com\/fr\/wp-json\/wp\/v2\/product_tag?post=59910"}],"curies":[{"name":"wp","href":"https:\/\/api.w.org\/{rel}","templated":true}]}}