{"id":61370,"date":"2026-02-17T08:44:49","date_gmt":"2026-02-17T07:44:49","guid":{"rendered":"https:\/\/cyclingceramic.com\/?post_type=product&#038;p=61370"},"modified":"2026-02-17T09:08:13","modified_gmt":"2026-02-17T08:08:13","slug":"cyclingceramic-socket-tool-all-bottom-bracket-2026-version","status":"publish","type":"product","link":"https:\/\/cyclingceramic.com\/fr\/shop\/cyclingceramic-socket-tool-all-bottom-bracket-2026-version\/","title":{"rendered":"Outil \u00e0 douille CyclingCeramic pour tous les bo\u00eetiers de p\u00e9dalier (version 2026)"},"content":{"rendered":"<p>Side A, 16 notch, with a 52,2mm cup diameter and 48,12mm notch diameter for T47X86 for Shimano\/SRAM GXP\/Campagnolo UT\/30mm\/SRAM DUB.<\/p>\n<p>Side B, 16 notch, with a 53mm cup diameter, and 50,3mm notch diameter for T45 (Colnago Threadfit 82.5) Shimano\/SRAM GXP\/Campagnolo UT\/30mm\/SRAM DUB.<\/p>\n<p>About the tool: Magnetic center guide for 22.2, 24, 28, 29 and 30mm bearing bore. Stable engagement with cups for easy installation and extraction. Standard 3\/8&#8243;socket fitment. Precision machined for scratch-free use.<\/p>\n<p>Developed and designed in France.<\/p>","protected":false},"excerpt":{"rendered":"<p data-start=\"0\" data-end=\"40\"><strong data-start=\"0\" data-end=\"40\">Outil pour bo\u00eetier de p\u00e9dalier \u2013 Double interface<\/strong><\/p>\n<ul data-start=\"42\" data-end=\"347\">\n<li data-start=\"42\" data-end=\"184\">\n<p data-start=\"44\" data-end=\"184\" class=\"translation-block\"><strong data-start=\"44\" data-end=\"55\">C\u00f4t\u00e9 A :<\/strong> 16 encoches \u2013 diam\u00e8tre de cuvette 52,2 mm \/ diam\u00e8tre aux encoches 48,12 mm<br data-start=\"101\" data-end=\"104\">Compatible avec <strong data-start=\"122\" data-end=\"132\">T47x86<\/strong> (Shimano, SRAM GXP, Campagnolo UT, 30 mm, SRAM DUB)<\/p>\n<\/li>\n<li data-start=\"186\" data-end=\"347\">\n<p data-start=\"188\" data-end=\"347\" class=\"translation-block\"><strong data-start=\"188\" data-end=\"199\">C\u00f4t\u00e9 B :<\/strong> 16 encoches \u2013 diam\u00e8tre de cuvette 53 mm \/ diam\u00e8tre aux encoches 50,3 mm<br data-start=\"242\" data-end=\"245\">Compatible avec <strong data-start=\"263\" data-end=\"295\">T45 \/ Colnago ThreadFit 82.5<\/strong> (Shimano, SRAM GXP, Campagnolo UT, 30 mm, SRAM DUB)<\/p>\n<\/li>\n<\/ul>","protected":false},"featured_media":61377,"comment_status":"open","ping_status":"closed","template":"","meta":{"_acf_changed":false,"site-sidebar-layout":"default","site-content-layout":"","ast-site-content-layout":"default","site-content-style":"default","site-sidebar-style":"default","ast-global-header-display":"","ast-banner-title-visibility":"","ast-main-header-display":"","ast-hfb-above-header-display":"","ast-hfb-below-header-display":"","ast-hfb-mobile-header-display":"","site-post-title":"","ast-breadcrumbs-content":"","ast-featured-img":"","footer-sml-layout":"","ast-disable-related-posts":"","theme-transparent-header-meta":"default","adv-header-id-meta":"","stick-header-meta":"default","header-above-stick-meta":"","header-main-stick-meta":"","header-below-stick-meta":"","astra-migrate-meta-layouts":"set","ast-page-background-enabled":"default","ast-page-background-meta":{"desktop":{"background-color":"var(--ast-global-color-4)","background-image":"","background-repeat":"repeat","background-position":"center center","background-size":"auto","background-attachment":"scroll","background-type":"","background-media":"","overlay-type":"","overlay-color":"","overlay-opacity":"","overlay-gradient":""},"tablet":{"background-color":"","background-image":"","background-repeat":"repeat","background-position":"center center","background-size":"auto","background-attachment":"scroll","background-type":"","background-media":"","overlay-type":"","overlay-color":"","overlay-opacity":"","overlay-gradient":""},"mobile":{"background-color":"","background-image":"","background-repeat":"repeat","background-position":"center center","background-size":"auto","background-attachment":"scroll","background-type":"","background-media":"","overlay-type":"","overlay-color":"","overlay-opacity":"","overlay-gradient":""}},"ast-content-background-meta":{"desktop":{"background-color":"var(--ast-global-color-5)","background-image":"","background-repeat":"repeat","background-position":"center center","background-size":"auto","background-attachment":"scroll","background-type":"","background-media":"","overlay-type":"","overlay-color":"","overlay-opacity":"","overlay-gradient":""},"tablet":{"background-color":"var(--ast-global-color-5)","background-image":"","background-repeat":"repeat","background-position":"center center","background-size":"auto","background-attachment":"scroll","background-type":"","background-media":"","overlay-type":"","overlay-color":"","overlay-opacity":"","overlay-gradient":""},"mobile":{"background-color":"var(--ast-global-color-5)","background-image":"","background-repeat":"repeat","background-position":"center center","background-size":"auto","background-attachment":"scroll","background-type":"","background-media":"","overlay-type":"","overlay-color":"","overlay-opacity":"","overlay-gradient":""}}},"product_brand":[],"product_cat":[635],"product_tag":[],"class_list":{"0":"post-61370","1":"product","2":"type-product","3":"status-publish","4":"has-post-thumbnail","6":"product_cat-spare-parts","7":"desktop-align-center","8":"tablet-align-center","9":"mobile-align-left","10":"ast-product-gallery-layout-horizontal-slider","11":"ast-qv-on-image","13":"first","14":"instock","15":"taxable","16":"shipping-taxable","17":"purchasable","18":"product-type-simple"},"acf":[],"_links":{"self":[{"href":"https:\/\/cyclingceramic.com\/fr\/wp-json\/wp\/v2\/product\/61370","targetHints":{"allow":["GET"]}}],"collection":[{"href":"https:\/\/cyclingceramic.com\/fr\/wp-json\/wp\/v2\/product"}],"about":[{"href":"https:\/\/cyclingceramic.com\/fr\/wp-json\/wp\/v2\/types\/product"}],"replies":[{"embeddable":true,"href":"https:\/\/cyclingceramic.com\/fr\/wp-json\/wp\/v2\/comments?post=61370"}],"wp:featuredmedia":[{"embeddable":true,"href":"https:\/\/cyclingceramic.com\/fr\/wp-json\/wp\/v2\/media\/61377"}],"wp:attachment":[{"href":"https:\/\/cyclingceramic.com\/fr\/wp-json\/wp\/v2\/media?parent=61370"}],"wp:term":[{"taxonomy":"product_brand","embeddable":true,"href":"https:\/\/cyclingceramic.com\/fr\/wp-json\/wp\/v2\/product_brand?post=61370"},{"taxonomy":"product_cat","embeddable":true,"href":"https:\/\/cyclingceramic.com\/fr\/wp-json\/wp\/v2\/product_cat?post=61370"},{"taxonomy":"product_tag","embeddable":true,"href":"https:\/\/cyclingceramic.com\/fr\/wp-json\/wp\/v2\/product_tag?post=61370"}],"curies":[{"name":"wp","href":"https:\/\/api.w.org\/{rel}","templated":true}]}}