{"id":61380,"date":"2026-02-17T11:57:05","date_gmt":"2026-02-17T10:57:05","guid":{"rendered":"https:\/\/cyclingceramic.com\/?post_type=product&#038;p=61380"},"modified":"2026-03-26T09:30:30","modified_gmt":"2026-03-26T08:30:30","slug":"ceramic-ball-kit-shimano-3","status":"publish","type":"product","link":"https:\/\/cyclingceramic.com\/fr\/shop\/ceramic-ball-kit-shimano-3\/","title":{"rendered":"Kit de billes c\u00e9ramiques Shimano 3"},"content":{"rendered":"<p>Choisissez le kit de billes c\u00e9ramique CyclingCeramic Shimano 3 et rendez vos roues Shimano C36, C50, C60 Ultegra et Dura-Ace 12 vitesses encore plus performantes.\n\nLes roulements c\u00e9ramique r\u00e9duisent les frictions, augmentent la dur\u00e9e de vie des roulements et am\u00e9liorent les performances de vos roues. D\u2019apr\u00e8s une \u00e9tude men\u00e9e sur nos produits, les frictions sont quasiment inexistantes ; autrement dit, vous roulez plus vite pour un m\u00eame effort fourni.\n\nL\u2019extr\u00eame duret\u00e9 des billes CyclingCeramic leur conf\u00e8re une dur\u00e9e de vie 4 \u00e0 5 fois sup\u00e9rieure \u00e0 celle de billes en acier standard. Notre graisse sp\u00e9ciale maintient vos roulements parfaitement prot\u00e9g\u00e9s et les pr\u00e9serve des \u00e9l\u00e9ments ext\u00e9rieurs susceptibles de nuire \u00e0 leur bon fonctionnement.<\/p>","protected":false},"excerpt":{"rendered":"<p>Choisissez le kit de billes c\u00e9ramique CyclingCeramic Shimano 3 et rendez vos roues Shimano C36, C50, C60 Ultegra et Dura-Ace 12 vitesses encore plus performantes.\n\nLes roulements c\u00e9ramique r\u00e9duisent les frictions, augmentent la dur\u00e9e de vie des roulements et am\u00e9liorent les performances de vos roues. D\u2019apr\u00e8s une \u00e9tude men\u00e9e sur nos produits, les frictions sont quasiment inexistantes ; autrement dit, vous roulez plus vite pour un m\u00eame effort fourni.\n\nL\u2019extr\u00eame duret\u00e9 des billes CyclingCeramic leur conf\u00e8re une dur\u00e9e de vie 4 \u00e0 5 fois sup\u00e9rieure \u00e0 celle de billes en acier standard. Notre graisse sp\u00e9ciale maintient vos roulements parfaitement prot\u00e9g\u00e9s et les pr\u00e9serve des \u00e9l\u00e9ments ext\u00e9rieurs susceptibles de nuire \u00e0 leur bon fonctionnement.<\/p>","protected":false},"featured_media":61381,"comment_status":"open","ping_status":"closed","template":"","meta":{"_acf_changed":false,"site-sidebar-layout":"default","site-content-layout":"","ast-site-content-layout":"default","site-content-style":"default","site-sidebar-style":"default","ast-global-header-display":"","ast-banner-title-visibility":"","ast-main-header-display":"","ast-hfb-above-header-display":"","ast-hfb-below-header-display":"","ast-hfb-mobile-header-display":"","site-post-title":"","ast-breadcrumbs-content":"","ast-featured-img":"","footer-sml-layout":"","ast-disable-related-posts":"","theme-transparent-header-meta":"default","adv-header-id-meta":"","stick-header-meta":"default","header-above-stick-meta":"","header-main-stick-meta":"","header-below-stick-meta":"","astra-migrate-meta-layouts":"set","ast-page-background-enabled":"default","ast-page-background-meta":{"desktop":{"background-color":"var(--ast-global-color-4)","background-image":"","background-repeat":"repeat","background-position":"center center","background-size":"auto","background-attachment":"scroll","background-type":"","background-media":"","overlay-type":"","overlay-color":"","overlay-opacity":"","overlay-gradient":""},"tablet":{"background-color":"","background-image":"","background-repeat":"repeat","background-position":"center center","background-size":"auto","background-attachment":"scroll","background-type":"","background-media":"","overlay-type":"","overlay-color":"","overlay-opacity":"","overlay-gradient":""},"mobile":{"background-color":"","background-image":"","background-repeat":"repeat","background-position":"center center","background-size":"auto","background-attachment":"scroll","background-type":"","background-media":"","overlay-type":"","overlay-color":"","overlay-opacity":"","overlay-gradient":""}},"ast-content-background-meta":{"desktop":{"background-color":"var(--ast-global-color-5)","background-image":"","background-repeat":"repeat","background-position":"center center","background-size":"auto","background-attachment":"scroll","background-type":"","background-media":"","overlay-type":"","overlay-color":"","overlay-opacity":"","overlay-gradient":""},"tablet":{"background-color":"var(--ast-global-color-5)","background-image":"","background-repeat":"repeat","background-position":"center center","background-size":"auto","background-attachment":"scroll","background-type":"","background-media":"","overlay-type":"","overlay-color":"","overlay-opacity":"","overlay-gradient":""},"mobile":{"background-color":"var(--ast-global-color-5)","background-image":"","background-repeat":"repeat","background-position":"center center","background-size":"auto","background-attachment":"scroll","background-type":"","background-media":"","overlay-type":"","overlay-color":"","overlay-opacity":"","overlay-gradient":""}}},"product_brand":[],"product_cat":[120],"product_tag":[],"class_list":{"0":"post-61380","1":"product","2":"type-product","3":"status-publish","4":"has-post-thumbnail","6":"product_cat-wheel-bearing-kits","7":"desktop-align-center","8":"tablet-align-center","9":"mobile-align-left","10":"ast-product-gallery-layout-horizontal-slider","11":"ast-qv-on-image","13":"first","14":"instock","15":"taxable","16":"shipping-taxable","17":"purchasable","18":"product-type-simple"},"acf":[],"_links":{"self":[{"href":"https:\/\/cyclingceramic.com\/fr\/wp-json\/wp\/v2\/product\/61380","targetHints":{"allow":["GET"]}}],"collection":[{"href":"https:\/\/cyclingceramic.com\/fr\/wp-json\/wp\/v2\/product"}],"about":[{"href":"https:\/\/cyclingceramic.com\/fr\/wp-json\/wp\/v2\/types\/product"}],"replies":[{"embeddable":true,"href":"https:\/\/cyclingceramic.com\/fr\/wp-json\/wp\/v2\/comments?post=61380"}],"wp:featuredmedia":[{"embeddable":true,"href":"https:\/\/cyclingceramic.com\/fr\/wp-json\/wp\/v2\/media\/61381"}],"wp:attachment":[{"href":"https:\/\/cyclingceramic.com\/fr\/wp-json\/wp\/v2\/media?parent=61380"}],"wp:term":[{"taxonomy":"product_brand","embeddable":true,"href":"https:\/\/cyclingceramic.com\/fr\/wp-json\/wp\/v2\/product_brand?post=61380"},{"taxonomy":"product_cat","embeddable":true,"href":"https:\/\/cyclingceramic.com\/fr\/wp-json\/wp\/v2\/product_cat?post=61380"},{"taxonomy":"product_tag","embeddable":true,"href":"https:\/\/cyclingceramic.com\/fr\/wp-json\/wp\/v2\/product_tag?post=61380"}],"curies":[{"name":"wp","href":"https:\/\/api.w.org\/{rel}","templated":true}]}}