{"id":62018,"date":"2026-03-26T11:41:37","date_gmt":"2026-03-26T10:41:37","guid":{"rendered":"https:\/\/cyclingceramic.com\/?post_type=product&#038;p=62018"},"modified":"2026-04-14T10:35:16","modified_gmt":"2026-04-14T08:35:16","slug":"kit-roulement-de-roue-hunt-3","status":"publish","type":"product","link":"https:\/\/cyclingceramic.com\/fr\/shop\/wheel-bearing-kit-hunt-3\/","title":{"rendered":"Kit roulement HUNT 3"},"content":{"rendered":"<ol>\n<li><strong><span dir=\"auto\" style=\"vertical-align: inherit;\">Mat\u00e9riau c\u00e9ramique de haute qualit\u00e9 :<\/span><\/strong><span dir=\"auto\" style=\"vertical-align: inherit;\"> Les roulements CyclingCeramic sont fabriqu\u00e9s \u00e0 partir de billes en c\u00e9ramique de haute pr\u00e9cision. Ce mat\u00e9riau offre une r\u00e9sistance exceptionnelle \u00e0 l\u2019usure et r\u00e9duit consid\u00e9rablement la friction, pour une exp\u00e9rience de p\u00e9dalage plus fluide et plus efficace.<\/span><\/li>\n<li><strong><span dir=\"auto\" style=\"vertical-align: inherit;\">Am\u00e9lioration des performances :<\/span><\/strong><span dir=\"auto\" style=\"vertical-align: inherit;\"> Gr\u00e2ce \u00e0 leur conception en c\u00e9ramique, ces roulements r\u00e9duisent la friction par rapport aux roulements en acier traditionnels. Il en r\u00e9sulte une moindre perte d\u2019\u00e9nergie et une transmission de puissance plus directe depuis vos p\u00e9dales. Vous pouvez ainsi atteindre des vitesses plus \u00e9lev\u00e9es avec moins d\u2019effort.<\/span><\/li>\n<li><strong><span dir=\"auto\" style=\"vertical-align: inherit;\">Durabilit\u00e9 accrue\u00a0:<\/span><\/strong><span dir=\"auto\" style=\"vertical-align: inherit;\"> Les roulements en c\u00e9ramique sont r\u00e9put\u00e9s pour leur long\u00e9vit\u00e9. Gr\u00e2ce \u00e0 leur r\u00e9sistance sup\u00e9rieure \u00e0 l'usure, ils n\u00e9cessitent moins d'entretien et ont une dur\u00e9e de vie plus longue que les roulements en acier standard. Ils sont con\u00e7us pour r\u00e9sister aux conditions les plus exigeantes, que ce soit sur route ou en VTT.<\/span><\/li>\n<li><strong><span dir=\"auto\" style=\"vertical-align: inherit;\">Compatibilit\u00e9 avec les roues HUNT QVIST 40 Limitless Gravel<br \/>\n<\/span><span data-sheets-root=\"1\">\u00a0<\/span><\/strong><strong><span dir=\"auto\" style=\"vertical-align: inherit;\">\u00a0:<\/span><\/strong><span dir=\"auto\" style=\"vertical-align: inherit;\"> Ces roulements sont sp\u00e9cialement con\u00e7us pour s'adapter parfaitement aux roues HUNT QVIST 40 Limitless Gravel.<\/span><span dir=\"auto\" style=\"vertical-align: inherit;\">. Ils s'int\u00e8grent parfaitement aux moyeux et offrent une compatibilit\u00e9 optimale pour une installation facile. Vous b\u00e9n\u00e9ficiez ainsi des avantages des roulements en c\u00e9ramique sans compromettre l'int\u00e9grit\u00e9 de vos roues HUNT QVIST 40 Limitless Gravel.<\/span><span dir=\"auto\" style=\"vertical-align: inherit;\">.<\/span><\/li>\n<li><strong><span dir=\"auto\" style=\"vertical-align: inherit;\">Maintenance simplifi\u00e9e :<\/span><\/strong><span dir=\"auto\" style=\"vertical-align: inherit;\"> Les roulements en c\u00e9ramique pour v\u00e9lo sont con\u00e7us pour un entretien facile. Ils n\u00e9cessitent moins de lubrification et sont moins sensibles \u00e0 la corrosion que les roulements en acier traditionnels. Cela r\u00e9duit le temps d'entretien et prolonge leur dur\u00e9e de vie.<\/span><\/li>\n<\/ol>\n<p><span dir=\"auto\" style=\"vertical-align: inherit;\">Roulements en c\u00e9ramique CyclingCeramic pour kits de roues HUNT QVIST 40 Limitless Gravel<br \/>\n<\/span><strong>\u00a0<\/strong><span dir=\"auto\" style=\"vertical-align: inherit;\">sont un investissement judicieux pour tout cycliste souhaitant am\u00e9liorer ses performances et la dur\u00e9e de vie de ses roulements. Offrant une friction r\u00e9duite, une transmission de puissance accrue et une durabilit\u00e9 sup\u00e9rieure, ces roulements vous permettront de repousser vos limites sur route comme en sentier.<\/span><\/p>\n<p><em><span dir=\"auto\" style=\"vertical-align: inherit;\">Veuillez noter : Veuillez v\u00e9rifier la compatibilit\u00e9 exacte avec votre <\/span><\/em><span dir=\"auto\" style=\"vertical-align: inherit;\"><em>kit de roues HUNT QVIST 40 Limitless Gravel<br \/>\nAvant l'achat. Il est recommand\u00e9 de suivre les instructions du fabricant pour l'installation et l'entretien des roulements.<\/em><\/span><strong>\u00a0<\/strong><\/p>","protected":false},"excerpt":{"rendered":"<p class=\"translation-block\">Les roulements c\u00e9ramique CyclingCeramic <strong>HUNT3<\/strong> sont sp\u00e9cialement con\u00e7us pour les <strong>HUNT QVIST 40 Limitless Gravel<\/strong>, offrant des performances sup\u00e9rieures et une durabilit\u00e9 accrue. Que vous soyez un cycliste professionnel cherchant \u00e0 am\u00e9liorer votre vitesse et votre rendement, ou un passionn\u00e9 souhaitant am\u00e9liorer la qualit\u00e9 de ses sorties, ces roulements constituent un choix id\u00e9al.<\/p>","protected":false},"featured_media":62019,"comment_status":"open","ping_status":"closed","template":"","meta":{"_acf_changed":false,"site-sidebar-layout":"default","site-content-layout":"","ast-site-content-layout":"default","site-content-style":"default","site-sidebar-style":"default","ast-global-header-display":"","ast-banner-title-visibility":"","ast-main-header-display":"","ast-hfb-above-header-display":"","ast-hfb-below-header-display":"","ast-hfb-mobile-header-display":"","site-post-title":"","ast-breadcrumbs-content":"","ast-featured-img":"","footer-sml-layout":"","ast-disable-related-posts":"","theme-transparent-header-meta":"default","adv-header-id-meta":"","stick-header-meta":"default","header-above-stick-meta":"","header-main-stick-meta":"","header-below-stick-meta":"","astra-migrate-meta-layouts":"set","ast-page-background-enabled":"default","ast-page-background-meta":{"desktop":{"background-color":"var(--ast-global-color-4)","background-image":"","background-repeat":"repeat","background-position":"center center","background-size":"auto","background-attachment":"scroll","background-type":"","background-media":"","overlay-type":"","overlay-color":"","overlay-opacity":"","overlay-gradient":""},"tablet":{"background-color":"","background-image":"","background-repeat":"repeat","background-position":"center center","background-size":"auto","background-attachment":"scroll","background-type":"","background-media":"","overlay-type":"","overlay-color":"","overlay-opacity":"","overlay-gradient":""},"mobile":{"background-color":"","background-image":"","background-repeat":"repeat","background-position":"center center","background-size":"auto","background-attachment":"scroll","background-type":"","background-media":"","overlay-type":"","overlay-color":"","overlay-opacity":"","overlay-gradient":""}},"ast-content-background-meta":{"desktop":{"background-color":"var(--ast-global-color-5)","background-image":"","background-repeat":"repeat","background-position":"center center","background-size":"auto","background-attachment":"scroll","background-type":"","background-media":"","overlay-type":"","overlay-color":"","overlay-opacity":"","overlay-gradient":""},"tablet":{"background-color":"var(--ast-global-color-5)","background-image":"","background-repeat":"repeat","background-position":"center center","background-size":"auto","background-attachment":"scroll","background-type":"","background-media":"","overlay-type":"","overlay-color":"","overlay-opacity":"","overlay-gradient":""},"mobile":{"background-color":"var(--ast-global-color-5)","background-image":"","background-repeat":"repeat","background-position":"center center","background-size":"auto","background-attachment":"scroll","background-type":"","background-media":"","overlay-type":"","overlay-color":"","overlay-opacity":"","overlay-gradient":""}}},"product_brand":[],"product_cat":[120],"product_tag":[],"class_list":{"0":"post-62018","1":"product","2":"type-product","3":"status-publish","4":"has-post-thumbnail","6":"product_cat-wheel-bearing-kits","7":"pa_brand-hunt","8":"desktop-align-center","9":"tablet-align-center","10":"mobile-align-left","11":"ast-product-gallery-layout-horizontal-slider","12":"ast-qv-on-image","14":"first","15":"instock","16":"taxable","17":"shipping-taxable","18":"purchasable","19":"product-type-simple"},"acf":[],"_links":{"self":[{"href":"https:\/\/cyclingceramic.com\/fr\/wp-json\/wp\/v2\/product\/62018","targetHints":{"allow":["GET"]}}],"collection":[{"href":"https:\/\/cyclingceramic.com\/fr\/wp-json\/wp\/v2\/product"}],"about":[{"href":"https:\/\/cyclingceramic.com\/fr\/wp-json\/wp\/v2\/types\/product"}],"replies":[{"embeddable":true,"href":"https:\/\/cyclingceramic.com\/fr\/wp-json\/wp\/v2\/comments?post=62018"}],"wp:featuredmedia":[{"embeddable":true,"href":"https:\/\/cyclingceramic.com\/fr\/wp-json\/wp\/v2\/media\/62019"}],"wp:attachment":[{"href":"https:\/\/cyclingceramic.com\/fr\/wp-json\/wp\/v2\/media?parent=62018"}],"wp:term":[{"taxonomy":"product_brand","embeddable":true,"href":"https:\/\/cyclingceramic.com\/fr\/wp-json\/wp\/v2\/product_brand?post=62018"},{"taxonomy":"product_cat","embeddable":true,"href":"https:\/\/cyclingceramic.com\/fr\/wp-json\/wp\/v2\/product_cat?post=62018"},{"taxonomy":"product_tag","embeddable":true,"href":"https:\/\/cyclingceramic.com\/fr\/wp-json\/wp\/v2\/product_tag?post=62018"}],"curies":[{"name":"wp","href":"https:\/\/api.w.org\/{rel}","templated":true}]}}